{"id":5925,"date":"2021-12-14T10:53:29","date_gmt":"2021-12-14T08:53:29","guid":{"rendered":"https:\/\/anber.es\/producto\/sirena-optica-acustica-convencional-modelo-bf433c-cc-sr\/"},"modified":"2025-03-14T13:57:41","modified_gmt":"2025-03-14T11:57:41","slug":"sirena-optica-acustica-convencional-modelo-bf433c-cc-sr","status":"publish","type":"product","link":"https:\/\/anber.es\/web\/producto\/sirena-optica-acustica-convencional-modelo-bf433c-cc-sr\/","title":{"rendered":"Sirena \u00f3ptica-ac\u00fastica convencional modelo BF433C-CC-SR"},"content":{"rendered":"<p>La<strong> sirena \u00f3ptica-ac\u00fastica convencional modelo BF433C-CC-SR <\/strong>es una sirena convencional fabricada en el Reino Unido por C-TEC con certificado <b>EN54-3<\/b> y <b>EN54-23<\/b> y aprobada por <b>LPCB<\/b>.<\/p>\n<p>Clasificaci\u00f3n<b> IP21C<\/b>.<\/p>\n<p>Proporciona distribuci\u00f3n de luz <b>\u2018W-2.75-9\u2019<\/b> (m\u00ednimo 0.4 luz sobre un \u00e1rea c\u00fabica de 2.75 x 9 m). Tambi\u00e9n clasificada como <b>VAD de W-4-4<\/b>.<\/p>\n<p>Corriente de alarma a <b>30Vdc: 12,2mA (0,5Hz) o 19,5mA (1Hz).<\/b><br \/>\nCorriente de alarma a <b>18Vdc: 14,5mA (0,5Hz) o 25mA (1Hz).<\/b><\/p>\n<p>Dimensiones: \u00d8108 mm x 99 mm.<\/p>\n<p>Referencia: DSBF433CCCSR.<\/p>\n<p><a href=\"\/web\/wp-content\/uploads\/2025\/03\/Ficha_tecnica-sirena_opt-acus_BF433C-CC-SR.pdf\" target=\"_blank\" rel=\"noopener noreferrer\"><button>Descarga ficha<\/button><\/a><br \/>\n<a class=\"insta-link\" href=\"https:\/\/www.instagram.com\/aqlproteccion\/?hl=es\" target=\"_blank\" rel=\"noopener noreferrer\">Instagram<\/a><\/p>\n","protected":false},"excerpt":{"rendered":"<p>La sirena \u00f3ptica-ac\u00fastica convencional modelo BF433C-CC-SR es una sirena convencional con certificado EN54-3 y EN54-23 y aprobada por LPCB.<\/p>\n","protected":false},"featured_media":9948,"template":"","meta":[],"product_cat":[49,229,227,23],"product_tag":[],"yoast_head":"<!-- This site is optimized with the Yoast SEO plugin v22.1 - https:\/\/yoast.com\/wordpress\/plugins\/seo\/ -->\n<title>Sirena \u00f3ptica-ac\u00fastica convencional modelo BF433C-CC-SR - Anber<\/title>\n<meta name=\"description\" content=\"La sirena \u00f3ptica-ac\u00fastica convencional modelo BF433C-CC-SR es una sirena convencional con certificado EN54-3 y EN54-23 y aprobada por LPCB.\" \/>\n<meta name=\"robots\" content=\"index, follow, max-snippet:-1, max-image-preview:large, max-video-preview:-1\" \/>\n<link rel=\"canonical\" href=\"https:\/\/anber.es\/web\/producto\/sirena-optica-acustica-convencional-modelo-bf433c-cc-sr\/\" \/>\n<meta property=\"og:locale\" content=\"es_ES\" \/>\n<meta property=\"og:type\" content=\"article\" \/>\n<meta property=\"og:title\" content=\"Sirena \u00f3ptica-ac\u00fastica convencional modelo BF433C-CC-SR - Anber\" \/>\n<meta property=\"og:description\" content=\"La sirena \u00f3ptica-ac\u00fastica convencional modelo BF433C-CC-SR es una sirena convencional con certificado EN54-3 y EN54-23 y aprobada por LPCB.\" \/>\n<meta property=\"og:url\" content=\"https:\/\/anber.es\/web\/producto\/sirena-optica-acustica-convencional-modelo-bf433c-cc-sr\/\" \/>\n<meta property=\"og:site_name\" content=\"Anber\" \/>\n<meta property=\"article:modified_time\" content=\"2025-03-14T11:57:41+00:00\" \/>\n<meta property=\"og:image\" content=\"https:\/\/anber.es\/web\/wp-content\/uploads\/2025\/03\/sirena_opt-acus_BF433C-CC-SR.webp\" \/>\n\t<meta property=\"og:image:width\" content=\"1000\" \/>\n\t<meta property=\"og:image:height\" content=\"1000\" \/>\n\t<meta property=\"og:image:type\" content=\"image\/webp\" \/>\n<meta name=\"twitter:card\" content=\"summary_large_image\" \/>\n<meta name=\"twitter:label1\" content=\"Tiempo de lectura\" \/>\n\t<meta name=\"twitter:data1\" content=\"1 minuto\" \/>\n<script type=\"application\/ld+json\" class=\"yoast-schema-graph\">{\"@context\":\"https:\/\/schema.org\",\"@graph\":[{\"@type\":\"WebPage\",\"@id\":\"https:\/\/anber.es\/web\/producto\/sirena-optica-acustica-convencional-modelo-bf433c-cc-sr\/\",\"url\":\"https:\/\/anber.es\/web\/producto\/sirena-optica-acustica-convencional-modelo-bf433c-cc-sr\/\",\"name\":\"Sirena \u00f3ptica-ac\u00fastica convencional modelo BF433C-CC-SR - Anber\",\"isPartOf\":{\"@id\":\"https:\/\/anber.es\/web\/#website\"},\"datePublished\":\"2021-12-14T08:53:29+00:00\",\"dateModified\":\"2025-03-14T11:57:41+00:00\",\"description\":\"La sirena \u00f3ptica-ac\u00fastica convencional modelo BF433C-CC-SR es una sirena convencional con certificado EN54-3 y EN54-23 y aprobada por LPCB.\",\"breadcrumb\":{\"@id\":\"https:\/\/anber.es\/web\/producto\/sirena-optica-acustica-convencional-modelo-bf433c-cc-sr\/#breadcrumb\"},\"inLanguage\":\"es\",\"potentialAction\":[{\"@type\":\"ReadAction\",\"target\":[\"https:\/\/anber.es\/web\/producto\/sirena-optica-acustica-convencional-modelo-bf433c-cc-sr\/\"]}]},{\"@type\":\"BreadcrumbList\",\"@id\":\"https:\/\/anber.es\/web\/producto\/sirena-optica-acustica-convencional-modelo-bf433c-cc-sr\/#breadcrumb\",\"itemListElement\":[{\"@type\":\"ListItem\",\"position\":1,\"name\":\"Portada\",\"item\":\"https:\/\/anber.es\/web\/\"},{\"@type\":\"ListItem\",\"position\":2,\"name\":\"Productos\",\"item\":\"https:\/\/anber.es\/web\/productos\/\"},{\"@type\":\"ListItem\",\"position\":3,\"name\":\"Sirena \u00f3ptica-ac\u00fastica convencional modelo BF433C-CC-SR\"}]},{\"@type\":\"WebSite\",\"@id\":\"https:\/\/anber.es\/web\/#website\",\"url\":\"https:\/\/anber.es\/web\/\",\"name\":\"Anber\",\"description\":\"Sistemas de protecci\u00f3n contra incendios\",\"publisher\":{\"@id\":\"https:\/\/anber.es\/web\/#organization\"},\"potentialAction\":[{\"@type\":\"SearchAction\",\"target\":{\"@type\":\"EntryPoint\",\"urlTemplate\":\"https:\/\/anber.es\/web\/?s={search_term_string}\"},\"query-input\":\"required name=search_term_string\"}],\"inLanguage\":\"es\"},{\"@type\":\"Organization\",\"@id\":\"https:\/\/anber.es\/web\/#organization\",\"name\":\"Anber\",\"url\":\"https:\/\/anber.es\/web\/\",\"logo\":{\"@type\":\"ImageObject\",\"inLanguage\":\"es\",\"@id\":\"https:\/\/anber.es\/web\/#\/schema\/logo\/image\/\",\"url\":\"https:\/\/anber.es\/web\/wp-content\/uploads\/2021\/03\/logo-anber.png\",\"contentUrl\":\"https:\/\/anber.es\/web\/wp-content\/uploads\/2021\/03\/logo-anber.png\",\"width\":2208,\"height\":500,\"caption\":\"Anber\"},\"image\":{\"@id\":\"https:\/\/anber.es\/web\/#\/schema\/logo\/image\/\"}}]}<\/script>\n<!-- \/ Yoast SEO plugin. -->","yoast_head_json":{"title":"Sirena \u00f3ptica-ac\u00fastica convencional modelo BF433C-CC-SR - Anber","description":"La sirena \u00f3ptica-ac\u00fastica convencional modelo BF433C-CC-SR es una sirena convencional con certificado EN54-3 y EN54-23 y aprobada por LPCB.","robots":{"index":"index","follow":"follow","max-snippet":"max-snippet:-1","max-image-preview":"max-image-preview:large","max-video-preview":"max-video-preview:-1"},"canonical":"https:\/\/anber.es\/web\/producto\/sirena-optica-acustica-convencional-modelo-bf433c-cc-sr\/","og_locale":"es_ES","og_type":"article","og_title":"Sirena \u00f3ptica-ac\u00fastica convencional modelo BF433C-CC-SR - Anber","og_description":"La sirena \u00f3ptica-ac\u00fastica convencional modelo BF433C-CC-SR es una sirena convencional con certificado EN54-3 y EN54-23 y aprobada por LPCB.","og_url":"https:\/\/anber.es\/web\/producto\/sirena-optica-acustica-convencional-modelo-bf433c-cc-sr\/","og_site_name":"Anber","article_modified_time":"2025-03-14T11:57:41+00:00","og_image":[{"width":1000,"height":1000,"url":"https:\/\/anber.es\/web\/wp-content\/uploads\/2025\/03\/sirena_opt-acus_BF433C-CC-SR.webp","type":"image\/webp"}],"twitter_card":"summary_large_image","twitter_misc":{"Tiempo de lectura":"1 minuto"},"schema":{"@context":"https:\/\/schema.org","@graph":[{"@type":"WebPage","@id":"https:\/\/anber.es\/web\/producto\/sirena-optica-acustica-convencional-modelo-bf433c-cc-sr\/","url":"https:\/\/anber.es\/web\/producto\/sirena-optica-acustica-convencional-modelo-bf433c-cc-sr\/","name":"Sirena \u00f3ptica-ac\u00fastica convencional modelo BF433C-CC-SR - Anber","isPartOf":{"@id":"https:\/\/anber.es\/web\/#website"},"datePublished":"2021-12-14T08:53:29+00:00","dateModified":"2025-03-14T11:57:41+00:00","description":"La sirena \u00f3ptica-ac\u00fastica convencional modelo BF433C-CC-SR es una sirena convencional con certificado EN54-3 y EN54-23 y aprobada por LPCB.","breadcrumb":{"@id":"https:\/\/anber.es\/web\/producto\/sirena-optica-acustica-convencional-modelo-bf433c-cc-sr\/#breadcrumb"},"inLanguage":"es","potentialAction":[{"@type":"ReadAction","target":["https:\/\/anber.es\/web\/producto\/sirena-optica-acustica-convencional-modelo-bf433c-cc-sr\/"]}]},{"@type":"BreadcrumbList","@id":"https:\/\/anber.es\/web\/producto\/sirena-optica-acustica-convencional-modelo-bf433c-cc-sr\/#breadcrumb","itemListElement":[{"@type":"ListItem","position":1,"name":"Portada","item":"https:\/\/anber.es\/web\/"},{"@type":"ListItem","position":2,"name":"Productos","item":"https:\/\/anber.es\/web\/productos\/"},{"@type":"ListItem","position":3,"name":"Sirena \u00f3ptica-ac\u00fastica convencional modelo BF433C-CC-SR"}]},{"@type":"WebSite","@id":"https:\/\/anber.es\/web\/#website","url":"https:\/\/anber.es\/web\/","name":"Anber","description":"Sistemas de protecci\u00f3n contra incendios","publisher":{"@id":"https:\/\/anber.es\/web\/#organization"},"potentialAction":[{"@type":"SearchAction","target":{"@type":"EntryPoint","urlTemplate":"https:\/\/anber.es\/web\/?s={search_term_string}"},"query-input":"required name=search_term_string"}],"inLanguage":"es"},{"@type":"Organization","@id":"https:\/\/anber.es\/web\/#organization","name":"Anber","url":"https:\/\/anber.es\/web\/","logo":{"@type":"ImageObject","inLanguage":"es","@id":"https:\/\/anber.es\/web\/#\/schema\/logo\/image\/","url":"https:\/\/anber.es\/web\/wp-content\/uploads\/2021\/03\/logo-anber.png","contentUrl":"https:\/\/anber.es\/web\/wp-content\/uploads\/2021\/03\/logo-anber.png","width":2208,"height":500,"caption":"Anber"},"image":{"@id":"https:\/\/anber.es\/web\/#\/schema\/logo\/image\/"}}]}},"_links":{"self":[{"href":"https:\/\/anber.es\/web\/wp-json\/wp\/v2\/product\/5925"}],"collection":[{"href":"https:\/\/anber.es\/web\/wp-json\/wp\/v2\/product"}],"about":[{"href":"https:\/\/anber.es\/web\/wp-json\/wp\/v2\/types\/product"}],"wp:featuredmedia":[{"embeddable":true,"href":"https:\/\/anber.es\/web\/wp-json\/wp\/v2\/media\/9948"}],"wp:attachment":[{"href":"https:\/\/anber.es\/web\/wp-json\/wp\/v2\/media?parent=5925"}],"wp:term":[{"taxonomy":"product_cat","embeddable":true,"href":"https:\/\/anber.es\/web\/wp-json\/wp\/v2\/product_cat?post=5925"},{"taxonomy":"product_tag","embeddable":true,"href":"https:\/\/anber.es\/web\/wp-json\/wp\/v2\/product_tag?post=5925"}],"curies":[{"name":"wp","href":"https:\/\/api.w.org\/{rel}","templated":true}]}}