{"id":5962,"date":"2021-12-17T08:59:09","date_gmt":"2021-12-17T06:59:09","guid":{"rendered":"https:\/\/anber.es\/producto\/modulo-de-comunicacion-tcp-ip\/"},"modified":"2021-12-20T09:20:11","modified_gmt":"2021-12-20T07:20:11","slug":"modulo-de-comunicacion-tcp-ip","status":"publish","type":"product","link":"https:\/\/anber.es\/web\/producto\/modulo-de-comunicacion-tcp-ip\/","title":{"rendered":"M\u00f3dulo de comunicaci\u00f3n TCP-IP"},"content":{"rendered":"<p>El<strong> m\u00f3dulo de comunicaci\u00f3n TCP-IP<\/strong> se conecta directamente con la placa principal de la central (conector \u201cTO TCP\/IP BOARD\u201c). <\/p>\n<p>El m\u00f3dulo de comunicaci\u00f3n TCP-IP brinda la capacidad de <b>programar la central<\/b> de alarma contra incendios <b>a trav\u00e9s de Ethernet\/Internet (TCP\/IP) en tiempo real con el uso del software SmartView <\/b>especialmente dise\u00f1ado. <\/p>\n<p>Tambi\u00e9n proporciona conectividad local a trav\u00e9s del<b> puerto RS232<\/b> para su configuraci\u00f3n.<\/p>\n<p>La programaci\u00f3n de los par\u00e1metros de comunicaci\u00f3n del m\u00f3dulo SRTCP-IP se realiza a trav\u00e9s del <b>teclado de la central<\/b>.<\/p>\n<p>Referencia: DCPHNETCPIP0.<\/p>\n<p><a href=\"\/web\/wp-content\/uploads\/2021\/12\/Ficha_tecnica-modulo_de_comunicacion_TCP-IP.pdf\" target=\"_blank\" rel=\"noopener noreferrer\"><button>Descarga ficha<\/button><\/a><br \/>\n<a class=\"insta-link\" href=\"https:\/\/www.instagram.com\/aqlproteccion\/?hl=es\" target=\"_blank\" rel=\"noopener noreferrer\">Instagram<\/a><\/p>\n","protected":false},"excerpt":{"rendered":"<p>El m\u00f3dulo de comunicaci\u00f3n TCP-IP brinda la capacidad de programar la central de alarma contra incendios a trav\u00e9s de TCP\/IP en tiempo real.<\/p>\n","protected":false},"featured_media":5961,"template":"","meta":[],"product_cat":[49,151,23],"product_tag":[],"yoast_head":"<!-- This site is optimized with the Yoast SEO plugin v22.1 - https:\/\/yoast.com\/wordpress\/plugins\/seo\/ -->\n<title>M\u00f3dulo de comunicaci\u00f3n TCP-IP - Anber<\/title>\n<meta name=\"description\" content=\"El m\u00f3dulo de comunicaci\u00f3n TCP-IP brinda la capacidad de programar la central de alarma contra incendios a trav\u00e9s de TCP\/IP en tiempo real.\" \/>\n<meta name=\"robots\" content=\"index, follow, max-snippet:-1, max-image-preview:large, max-video-preview:-1\" \/>\n<link rel=\"canonical\" href=\"https:\/\/anber.es\/web\/producto\/modulo-de-comunicacion-tcp-ip\/\" \/>\n<meta property=\"og:locale\" content=\"es_ES\" \/>\n<meta property=\"og:type\" content=\"article\" \/>\n<meta property=\"og:title\" content=\"M\u00f3dulo de comunicaci\u00f3n TCP-IP - Anber\" \/>\n<meta property=\"og:description\" content=\"El m\u00f3dulo de comunicaci\u00f3n TCP-IP brinda la capacidad de programar la central de alarma contra incendios a trav\u00e9s de TCP\/IP en tiempo real.\" \/>\n<meta property=\"og:url\" content=\"https:\/\/anber.es\/web\/producto\/modulo-de-comunicacion-tcp-ip\/\" \/>\n<meta property=\"og:site_name\" content=\"Anber\" \/>\n<meta property=\"article:modified_time\" content=\"2021-12-20T07:20:11+00:00\" \/>\n<meta property=\"og:image\" content=\"https:\/\/anber.es\/web\/wp-content\/uploads\/2021\/12\/modulo_de_comunicacion_TCP-IP.jpg\" \/>\n\t<meta property=\"og:image:width\" content=\"1000\" \/>\n\t<meta property=\"og:image:height\" content=\"1000\" \/>\n\t<meta property=\"og:image:type\" content=\"image\/jpeg\" \/>\n<meta name=\"twitter:card\" content=\"summary_large_image\" \/>\n<meta name=\"twitter:label1\" content=\"Tiempo de lectura\" \/>\n\t<meta name=\"twitter:data1\" content=\"1 minuto\" \/>\n<script type=\"application\/ld+json\" class=\"yoast-schema-graph\">{\"@context\":\"https:\/\/schema.org\",\"@graph\":[{\"@type\":\"WebPage\",\"@id\":\"https:\/\/anber.es\/web\/producto\/modulo-de-comunicacion-tcp-ip\/\",\"url\":\"https:\/\/anber.es\/web\/producto\/modulo-de-comunicacion-tcp-ip\/\",\"name\":\"M\u00f3dulo de comunicaci\u00f3n TCP-IP - Anber\",\"isPartOf\":{\"@id\":\"https:\/\/anber.es\/web\/#website\"},\"datePublished\":\"2021-12-17T06:59:09+00:00\",\"dateModified\":\"2021-12-20T07:20:11+00:00\",\"description\":\"El m\u00f3dulo de comunicaci\u00f3n TCP-IP brinda la capacidad de programar la central de alarma contra incendios a trav\u00e9s de TCP\/IP en tiempo real.\",\"breadcrumb\":{\"@id\":\"https:\/\/anber.es\/web\/producto\/modulo-de-comunicacion-tcp-ip\/#breadcrumb\"},\"inLanguage\":\"es\",\"potentialAction\":[{\"@type\":\"ReadAction\",\"target\":[\"https:\/\/anber.es\/web\/producto\/modulo-de-comunicacion-tcp-ip\/\"]}]},{\"@type\":\"BreadcrumbList\",\"@id\":\"https:\/\/anber.es\/web\/producto\/modulo-de-comunicacion-tcp-ip\/#breadcrumb\",\"itemListElement\":[{\"@type\":\"ListItem\",\"position\":1,\"name\":\"Portada\",\"item\":\"https:\/\/anber.es\/web\/\"},{\"@type\":\"ListItem\",\"position\":2,\"name\":\"Productos\",\"item\":\"https:\/\/anber.es\/web\/productos\/\"},{\"@type\":\"ListItem\",\"position\":3,\"name\":\"M\u00f3dulo de comunicaci\u00f3n TCP-IP\"}]},{\"@type\":\"WebSite\",\"@id\":\"https:\/\/anber.es\/web\/#website\",\"url\":\"https:\/\/anber.es\/web\/\",\"name\":\"Anber\",\"description\":\"Sistemas de protecci\u00f3n contra incendios\",\"publisher\":{\"@id\":\"https:\/\/anber.es\/web\/#organization\"},\"potentialAction\":[{\"@type\":\"SearchAction\",\"target\":{\"@type\":\"EntryPoint\",\"urlTemplate\":\"https:\/\/anber.es\/web\/?s={search_term_string}\"},\"query-input\":\"required name=search_term_string\"}],\"inLanguage\":\"es\"},{\"@type\":\"Organization\",\"@id\":\"https:\/\/anber.es\/web\/#organization\",\"name\":\"Anber\",\"url\":\"https:\/\/anber.es\/web\/\",\"logo\":{\"@type\":\"ImageObject\",\"inLanguage\":\"es\",\"@id\":\"https:\/\/anber.es\/web\/#\/schema\/logo\/image\/\",\"url\":\"https:\/\/anber.es\/web\/wp-content\/uploads\/2021\/03\/logo-anber.png\",\"contentUrl\":\"https:\/\/anber.es\/web\/wp-content\/uploads\/2021\/03\/logo-anber.png\",\"width\":2208,\"height\":500,\"caption\":\"Anber\"},\"image\":{\"@id\":\"https:\/\/anber.es\/web\/#\/schema\/logo\/image\/\"}}]}<\/script>\n<!-- \/ Yoast SEO plugin. -->","yoast_head_json":{"title":"M\u00f3dulo de comunicaci\u00f3n TCP-IP - Anber","description":"El m\u00f3dulo de comunicaci\u00f3n TCP-IP brinda la capacidad de programar la central de alarma contra incendios a trav\u00e9s de TCP\/IP en tiempo real.","robots":{"index":"index","follow":"follow","max-snippet":"max-snippet:-1","max-image-preview":"max-image-preview:large","max-video-preview":"max-video-preview:-1"},"canonical":"https:\/\/anber.es\/web\/producto\/modulo-de-comunicacion-tcp-ip\/","og_locale":"es_ES","og_type":"article","og_title":"M\u00f3dulo de comunicaci\u00f3n TCP-IP - Anber","og_description":"El m\u00f3dulo de comunicaci\u00f3n TCP-IP brinda la capacidad de programar la central de alarma contra incendios a trav\u00e9s de TCP\/IP en tiempo real.","og_url":"https:\/\/anber.es\/web\/producto\/modulo-de-comunicacion-tcp-ip\/","og_site_name":"Anber","article_modified_time":"2021-12-20T07:20:11+00:00","og_image":[{"width":1000,"height":1000,"url":"https:\/\/anber.es\/web\/wp-content\/uploads\/2021\/12\/modulo_de_comunicacion_TCP-IP.jpg","type":"image\/jpeg"}],"twitter_card":"summary_large_image","twitter_misc":{"Tiempo de lectura":"1 minuto"},"schema":{"@context":"https:\/\/schema.org","@graph":[{"@type":"WebPage","@id":"https:\/\/anber.es\/web\/producto\/modulo-de-comunicacion-tcp-ip\/","url":"https:\/\/anber.es\/web\/producto\/modulo-de-comunicacion-tcp-ip\/","name":"M\u00f3dulo de comunicaci\u00f3n TCP-IP - Anber","isPartOf":{"@id":"https:\/\/anber.es\/web\/#website"},"datePublished":"2021-12-17T06:59:09+00:00","dateModified":"2021-12-20T07:20:11+00:00","description":"El m\u00f3dulo de comunicaci\u00f3n TCP-IP brinda la capacidad de programar la central de alarma contra incendios a trav\u00e9s de TCP\/IP en tiempo real.","breadcrumb":{"@id":"https:\/\/anber.es\/web\/producto\/modulo-de-comunicacion-tcp-ip\/#breadcrumb"},"inLanguage":"es","potentialAction":[{"@type":"ReadAction","target":["https:\/\/anber.es\/web\/producto\/modulo-de-comunicacion-tcp-ip\/"]}]},{"@type":"BreadcrumbList","@id":"https:\/\/anber.es\/web\/producto\/modulo-de-comunicacion-tcp-ip\/#breadcrumb","itemListElement":[{"@type":"ListItem","position":1,"name":"Portada","item":"https:\/\/anber.es\/web\/"},{"@type":"ListItem","position":2,"name":"Productos","item":"https:\/\/anber.es\/web\/productos\/"},{"@type":"ListItem","position":3,"name":"M\u00f3dulo de comunicaci\u00f3n TCP-IP"}]},{"@type":"WebSite","@id":"https:\/\/anber.es\/web\/#website","url":"https:\/\/anber.es\/web\/","name":"Anber","description":"Sistemas de protecci\u00f3n contra incendios","publisher":{"@id":"https:\/\/anber.es\/web\/#organization"},"potentialAction":[{"@type":"SearchAction","target":{"@type":"EntryPoint","urlTemplate":"https:\/\/anber.es\/web\/?s={search_term_string}"},"query-input":"required name=search_term_string"}],"inLanguage":"es"},{"@type":"Organization","@id":"https:\/\/anber.es\/web\/#organization","name":"Anber","url":"https:\/\/anber.es\/web\/","logo":{"@type":"ImageObject","inLanguage":"es","@id":"https:\/\/anber.es\/web\/#\/schema\/logo\/image\/","url":"https:\/\/anber.es\/web\/wp-content\/uploads\/2021\/03\/logo-anber.png","contentUrl":"https:\/\/anber.es\/web\/wp-content\/uploads\/2021\/03\/logo-anber.png","width":2208,"height":500,"caption":"Anber"},"image":{"@id":"https:\/\/anber.es\/web\/#\/schema\/logo\/image\/"}}]}},"_links":{"self":[{"href":"https:\/\/anber.es\/web\/wp-json\/wp\/v2\/product\/5962"}],"collection":[{"href":"https:\/\/anber.es\/web\/wp-json\/wp\/v2\/product"}],"about":[{"href":"https:\/\/anber.es\/web\/wp-json\/wp\/v2\/types\/product"}],"wp:featuredmedia":[{"embeddable":true,"href":"https:\/\/anber.es\/web\/wp-json\/wp\/v2\/media\/5961"}],"wp:attachment":[{"href":"https:\/\/anber.es\/web\/wp-json\/wp\/v2\/media?parent=5962"}],"wp:term":[{"taxonomy":"product_cat","embeddable":true,"href":"https:\/\/anber.es\/web\/wp-json\/wp\/v2\/product_cat?post=5962"},{"taxonomy":"product_tag","embeddable":true,"href":"https:\/\/anber.es\/web\/wp-json\/wp\/v2\/product_tag?post=5962"}],"curies":[{"name":"wp","href":"https:\/\/api.w.org\/{rel}","templated":true}]}}