{"id":6010,"date":"2021-12-20T10:23:42","date_gmt":"2021-12-20T08:23:42","guid":{"rendered":"https:\/\/anber.es\/producto\/detector-analogico-aln-enm-para-marina\/"},"modified":"2025-07-07T11:33:39","modified_gmt":"2025-07-07T09:33:39","slug":"detector-analogico-aln-enm","status":"publish","type":"product","link":"https:\/\/anber.es\/web\/producto\/detector-analogico-aln-enm\/","title":{"rendered":"Detector \u00f3ptico de humo ALN-ENM"},"content":{"rendered":"<p>El<strong> detector \u00f3ptico de humo ALN-ENM <\/strong>es un sensor de humo fotoel\u00e9ctrico aprobado para uso marino, totalmente compatible con el protocolo direccionable anal\u00f3gico ESP de Hochiki.<\/p>\n<p>Este detector incorpora una <b>c\u00e1mara de alto rendimiento <\/b>que mejora el umbral de detecci\u00f3n del sensor, reduciendo la susceptibilidad a falsas alarmas. <\/p>\n<p>La c\u00e1mara de humo se reemplaza f\u00e1cilmente para su limpieza y utiliza un<b> dise\u00f1o de deflector mejorado<\/b> que permite que el humo ingrese al c\u00e1mara mientras mantiene la luz ambiental.<\/p>\n<p>Se suministra en color blanco. Tambi\u00e9n disponible en marfil.<\/p>\n<p>Referencia: DADOALNENMW0.<\/p>\n<p><a href=\"\/web\/wp-content\/uploads\/2025\/07\/Ficha_tecnica-detector_optico_de_humo_ALN-ENM_marina.pdf\" target=\"_blank\" rel=\"noopener noreferrer\"><button>Descarga ficha<\/button><\/a><br \/>\n<a class=\"insta-link\" href=\"https:\/\/www.instagram.com\/aqlproteccion\/?hl=es\" target=\"_blank\" rel=\"noopener noreferrer\">Instagram<\/a><\/p>\n","protected":false},"excerpt":{"rendered":"<p>El detector \u00f3ptico de humo ALN-ENM es un sensor de humo fotoel\u00e9ctrico aprobado para uso marino, totalmente compatible con el protocolo direccionable anal\u00f3gico ESP de Hochiki. Este detector incorpora una c\u00e1mara de alto rendimiento que mejora el umbral de detecci\u00f3n del sensor, reduciendo la susceptibilidad a falsas alarmas. <\/p>\n","protected":false},"featured_media":10120,"template":"","meta":[],"product_cat":[155,51,23],"product_tag":[215],"yoast_head":"<!-- This site is optimized with the Yoast SEO plugin v22.1 - https:\/\/yoast.com\/wordpress\/plugins\/seo\/ -->\n<title>Detector \u00f3ptico de humo ALN-ENM - Anber<\/title>\n<meta name=\"description\" content=\"El detector \u00f3ptico de humo ALN-ENM es un sensor de humo fotoel\u00e9ctrico aprobado para uso marino, compatible con el protocolo anal\u00f3gico ESP de Hochiki.\" \/>\n<meta name=\"robots\" content=\"index, follow, max-snippet:-1, max-image-preview:large, max-video-preview:-1\" \/>\n<link rel=\"canonical\" href=\"https:\/\/anber.es\/web\/producto\/detector-analogico-aln-enm\/\" \/>\n<meta property=\"og:locale\" content=\"es_ES\" \/>\n<meta property=\"og:type\" content=\"article\" \/>\n<meta property=\"og:title\" content=\"Detector \u00f3ptico de humo ALN-ENM - Anber\" \/>\n<meta property=\"og:description\" content=\"El detector \u00f3ptico de humo ALN-ENM es un sensor de humo fotoel\u00e9ctrico aprobado para uso marino, compatible con el protocolo anal\u00f3gico ESP de Hochiki.\" \/>\n<meta property=\"og:url\" content=\"https:\/\/anber.es\/web\/producto\/detector-analogico-aln-enm\/\" \/>\n<meta property=\"og:site_name\" content=\"Anber\" \/>\n<meta property=\"article:modified_time\" content=\"2025-07-07T09:33:39+00:00\" \/>\n<meta property=\"og:image\" content=\"https:\/\/anber.es\/web\/wp-content\/uploads\/2025\/07\/detector_optico_humo_ALN-ENM.webp\" \/>\n\t<meta property=\"og:image:width\" content=\"1000\" \/>\n\t<meta property=\"og:image:height\" content=\"1000\" \/>\n\t<meta property=\"og:image:type\" content=\"image\/webp\" \/>\n<meta name=\"twitter:card\" content=\"summary_large_image\" \/>\n<meta name=\"twitter:label1\" content=\"Tiempo de lectura\" \/>\n\t<meta name=\"twitter:data1\" content=\"1 minuto\" \/>\n<script type=\"application\/ld+json\" class=\"yoast-schema-graph\">{\"@context\":\"https:\/\/schema.org\",\"@graph\":[{\"@type\":\"WebPage\",\"@id\":\"https:\/\/anber.es\/web\/producto\/detector-analogico-aln-enm\/\",\"url\":\"https:\/\/anber.es\/web\/producto\/detector-analogico-aln-enm\/\",\"name\":\"Detector \u00f3ptico de humo ALN-ENM - Anber\",\"isPartOf\":{\"@id\":\"https:\/\/anber.es\/web\/#website\"},\"datePublished\":\"2021-12-20T08:23:42+00:00\",\"dateModified\":\"2025-07-07T09:33:39+00:00\",\"description\":\"El detector \u00f3ptico de humo ALN-ENM es un sensor de humo fotoel\u00e9ctrico aprobado para uso marino, compatible con el protocolo anal\u00f3gico ESP de Hochiki.\",\"breadcrumb\":{\"@id\":\"https:\/\/anber.es\/web\/producto\/detector-analogico-aln-enm\/#breadcrumb\"},\"inLanguage\":\"es\",\"potentialAction\":[{\"@type\":\"ReadAction\",\"target\":[\"https:\/\/anber.es\/web\/producto\/detector-analogico-aln-enm\/\"]}]},{\"@type\":\"BreadcrumbList\",\"@id\":\"https:\/\/anber.es\/web\/producto\/detector-analogico-aln-enm\/#breadcrumb\",\"itemListElement\":[{\"@type\":\"ListItem\",\"position\":1,\"name\":\"Portada\",\"item\":\"https:\/\/anber.es\/web\/\"},{\"@type\":\"ListItem\",\"position\":2,\"name\":\"Productos\",\"item\":\"https:\/\/anber.es\/web\/productos\/\"},{\"@type\":\"ListItem\",\"position\":3,\"name\":\"Detector \u00f3ptico de humo ALN-ENM\"}]},{\"@type\":\"WebSite\",\"@id\":\"https:\/\/anber.es\/web\/#website\",\"url\":\"https:\/\/anber.es\/web\/\",\"name\":\"Anber\",\"description\":\"Sistemas de protecci\u00f3n contra incendios\",\"publisher\":{\"@id\":\"https:\/\/anber.es\/web\/#organization\"},\"potentialAction\":[{\"@type\":\"SearchAction\",\"target\":{\"@type\":\"EntryPoint\",\"urlTemplate\":\"https:\/\/anber.es\/web\/?s={search_term_string}\"},\"query-input\":\"required name=search_term_string\"}],\"inLanguage\":\"es\"},{\"@type\":\"Organization\",\"@id\":\"https:\/\/anber.es\/web\/#organization\",\"name\":\"Anber\",\"url\":\"https:\/\/anber.es\/web\/\",\"logo\":{\"@type\":\"ImageObject\",\"inLanguage\":\"es\",\"@id\":\"https:\/\/anber.es\/web\/#\/schema\/logo\/image\/\",\"url\":\"https:\/\/anber.es\/web\/wp-content\/uploads\/2021\/03\/logo-anber.png\",\"contentUrl\":\"https:\/\/anber.es\/web\/wp-content\/uploads\/2021\/03\/logo-anber.png\",\"width\":2208,\"height\":500,\"caption\":\"Anber\"},\"image\":{\"@id\":\"https:\/\/anber.es\/web\/#\/schema\/logo\/image\/\"}}]}<\/script>\n<!-- \/ Yoast SEO plugin. -->","yoast_head_json":{"title":"Detector \u00f3ptico de humo ALN-ENM - Anber","description":"El detector \u00f3ptico de humo ALN-ENM es un sensor de humo fotoel\u00e9ctrico aprobado para uso marino, compatible con el protocolo anal\u00f3gico ESP de Hochiki.","robots":{"index":"index","follow":"follow","max-snippet":"max-snippet:-1","max-image-preview":"max-image-preview:large","max-video-preview":"max-video-preview:-1"},"canonical":"https:\/\/anber.es\/web\/producto\/detector-analogico-aln-enm\/","og_locale":"es_ES","og_type":"article","og_title":"Detector \u00f3ptico de humo ALN-ENM - Anber","og_description":"El detector \u00f3ptico de humo ALN-ENM es un sensor de humo fotoel\u00e9ctrico aprobado para uso marino, compatible con el protocolo anal\u00f3gico ESP de Hochiki.","og_url":"https:\/\/anber.es\/web\/producto\/detector-analogico-aln-enm\/","og_site_name":"Anber","article_modified_time":"2025-07-07T09:33:39+00:00","og_image":[{"width":1000,"height":1000,"url":"https:\/\/anber.es\/web\/wp-content\/uploads\/2025\/07\/detector_optico_humo_ALN-ENM.webp","type":"image\/webp"}],"twitter_card":"summary_large_image","twitter_misc":{"Tiempo de lectura":"1 minuto"},"schema":{"@context":"https:\/\/schema.org","@graph":[{"@type":"WebPage","@id":"https:\/\/anber.es\/web\/producto\/detector-analogico-aln-enm\/","url":"https:\/\/anber.es\/web\/producto\/detector-analogico-aln-enm\/","name":"Detector \u00f3ptico de humo ALN-ENM - Anber","isPartOf":{"@id":"https:\/\/anber.es\/web\/#website"},"datePublished":"2021-12-20T08:23:42+00:00","dateModified":"2025-07-07T09:33:39+00:00","description":"El detector \u00f3ptico de humo ALN-ENM es un sensor de humo fotoel\u00e9ctrico aprobado para uso marino, compatible con el protocolo anal\u00f3gico ESP de Hochiki.","breadcrumb":{"@id":"https:\/\/anber.es\/web\/producto\/detector-analogico-aln-enm\/#breadcrumb"},"inLanguage":"es","potentialAction":[{"@type":"ReadAction","target":["https:\/\/anber.es\/web\/producto\/detector-analogico-aln-enm\/"]}]},{"@type":"BreadcrumbList","@id":"https:\/\/anber.es\/web\/producto\/detector-analogico-aln-enm\/#breadcrumb","itemListElement":[{"@type":"ListItem","position":1,"name":"Portada","item":"https:\/\/anber.es\/web\/"},{"@type":"ListItem","position":2,"name":"Productos","item":"https:\/\/anber.es\/web\/productos\/"},{"@type":"ListItem","position":3,"name":"Detector \u00f3ptico de humo ALN-ENM"}]},{"@type":"WebSite","@id":"https:\/\/anber.es\/web\/#website","url":"https:\/\/anber.es\/web\/","name":"Anber","description":"Sistemas de protecci\u00f3n contra incendios","publisher":{"@id":"https:\/\/anber.es\/web\/#organization"},"potentialAction":[{"@type":"SearchAction","target":{"@type":"EntryPoint","urlTemplate":"https:\/\/anber.es\/web\/?s={search_term_string}"},"query-input":"required name=search_term_string"}],"inLanguage":"es"},{"@type":"Organization","@id":"https:\/\/anber.es\/web\/#organization","name":"Anber","url":"https:\/\/anber.es\/web\/","logo":{"@type":"ImageObject","inLanguage":"es","@id":"https:\/\/anber.es\/web\/#\/schema\/logo\/image\/","url":"https:\/\/anber.es\/web\/wp-content\/uploads\/2021\/03\/logo-anber.png","contentUrl":"https:\/\/anber.es\/web\/wp-content\/uploads\/2021\/03\/logo-anber.png","width":2208,"height":500,"caption":"Anber"},"image":{"@id":"https:\/\/anber.es\/web\/#\/schema\/logo\/image\/"}}]}},"_links":{"self":[{"href":"https:\/\/anber.es\/web\/wp-json\/wp\/v2\/product\/6010"}],"collection":[{"href":"https:\/\/anber.es\/web\/wp-json\/wp\/v2\/product"}],"about":[{"href":"https:\/\/anber.es\/web\/wp-json\/wp\/v2\/types\/product"}],"wp:featuredmedia":[{"embeddable":true,"href":"https:\/\/anber.es\/web\/wp-json\/wp\/v2\/media\/10120"}],"wp:attachment":[{"href":"https:\/\/anber.es\/web\/wp-json\/wp\/v2\/media?parent=6010"}],"wp:term":[{"taxonomy":"product_cat","embeddable":true,"href":"https:\/\/anber.es\/web\/wp-json\/wp\/v2\/product_cat?post=6010"},{"taxonomy":"product_tag","embeddable":true,"href":"https:\/\/anber.es\/web\/wp-json\/wp\/v2\/product_tag?post=6010"}],"curies":[{"name":"wp","href":"https:\/\/api.w.org\/{rel}","templated":true}]}}