{"id":6085,"date":"2021-12-23T13:13:46","date_gmt":"2021-12-23T11:13:46","guid":{"rendered":"https:\/\/anber.es\/producto\/modulo-controlador-chq-szm2-msci-para-marina\/"},"modified":"2025-07-08T13:29:22","modified_gmt":"2025-07-08T11:29:22","slug":"modulo-controlador-chq-szm2-msci-para-marina","status":"publish","type":"product","link":"https:\/\/anber.es\/web\/producto\/modulo-controlador-chq-szm2-msci-para-marina\/","title":{"rendered":"M\u00f3dulo controlador de zona CHQ-DZM\/M(SCI)-IS para marina"},"content":{"rendered":"<p>El<strong> m\u00f3dulo controlador CHQ-DZM\/M(SCI)-IS para marina <\/strong>es un monitor de zona de circuito dual, dise\u00f1ado para permitir la interconexi\u00f3n de<b> hasta 40 detectores convencionales IS (20 en cada zona)<\/b> con el sistema direccionable anal\u00f3gico ESP Marina de Hochiki. <\/p>\n<p>Dispone de <b>aislador de cortocircuito<\/b> integrado.<\/p>\n<p><b>Requiere alimentaci\u00f3n auxiliar de 24 Vdc<\/b>.<\/p>\n<p>Referencia: DAMCHQDZMMIS.<\/p>\n<p><a href=\"\/web\/wp-content\/uploads\/2025\/07\/Ficha_tecnica-modulo_controlador_zona_CHQ-DZMM-SCI-IS.pdf\" target=\"_blank\" rel=\"noopener noreferrer\"><button>Descarga ficha<\/button><\/a><br \/>\n<a class=\"insta-link\" href=\"https:\/\/www.instagram.com\/aqlproteccion\/?hl=es\" target=\"_blank\" rel=\"noopener noreferrer\">Instagram<\/a><\/p>\n","protected":false},"excerpt":{"rendered":"<p>El m\u00f3dulo controlador CHQ-DZM\/M(SCI)-IS para marina es un monitor de zona de circuito dual, dise\u00f1ado para permitir la interconexi\u00f3n de hasta 40 detectores convencionales IS (20 en cada zona) con el sistema direccionable anal\u00f3gico ESP Marina de Hochiki. <\/p>\n","protected":false},"featured_media":10154,"template":"","meta":[],"product_cat":[156,51,23],"product_tag":[215],"yoast_head":"<!-- This site is optimized with the Yoast SEO plugin v22.1 - https:\/\/yoast.com\/wordpress\/plugins\/seo\/ -->\n<title>M\u00f3dulo controlador de zona CHQ-DZM\/M(SCI)-IS para marina - Anber<\/title>\n<meta name=\"description\" content=\"El m\u00f3dulo controlador CHQ-DZM\/M(SCI)-IS para marina es un monitor de zona de circuito dual, dise\u00f1ado para permitir la interconexi\u00f3n de hasta 40 detectores\" \/>\n<meta name=\"robots\" content=\"index, follow, max-snippet:-1, max-image-preview:large, max-video-preview:-1\" \/>\n<link rel=\"canonical\" href=\"https:\/\/anber.es\/web\/producto\/modulo-controlador-chq-szm2-msci-para-marina\/\" \/>\n<meta property=\"og:locale\" content=\"es_ES\" \/>\n<meta property=\"og:type\" content=\"article\" \/>\n<meta property=\"og:title\" content=\"M\u00f3dulo controlador de zona CHQ-DZM\/M(SCI)-IS para marina - Anber\" \/>\n<meta property=\"og:description\" content=\"El m\u00f3dulo controlador CHQ-DZM\/M(SCI)-IS para marina es un monitor de zona de circuito dual, dise\u00f1ado para permitir la interconexi\u00f3n de hasta 40 detectores\" \/>\n<meta property=\"og:url\" content=\"https:\/\/anber.es\/web\/producto\/modulo-controlador-chq-szm2-msci-para-marina\/\" \/>\n<meta property=\"og:site_name\" content=\"Anber\" \/>\n<meta property=\"article:modified_time\" content=\"2025-07-08T11:29:22+00:00\" \/>\n<meta property=\"og:image\" content=\"https:\/\/anber.es\/web\/wp-content\/uploads\/2025\/07\/modulo_controlador_de_zona_CHQ-DZMMSCI-IS.webp\" \/>\n\t<meta property=\"og:image:width\" content=\"1000\" \/>\n\t<meta property=\"og:image:height\" content=\"1000\" \/>\n\t<meta property=\"og:image:type\" content=\"image\/webp\" \/>\n<meta name=\"twitter:card\" content=\"summary_large_image\" \/>\n<meta name=\"twitter:label1\" content=\"Tiempo de lectura\" \/>\n\t<meta name=\"twitter:data1\" content=\"1 minuto\" \/>\n<script type=\"application\/ld+json\" class=\"yoast-schema-graph\">{\"@context\":\"https:\/\/schema.org\",\"@graph\":[{\"@type\":\"WebPage\",\"@id\":\"https:\/\/anber.es\/web\/producto\/modulo-controlador-chq-szm2-msci-para-marina\/\",\"url\":\"https:\/\/anber.es\/web\/producto\/modulo-controlador-chq-szm2-msci-para-marina\/\",\"name\":\"M\u00f3dulo controlador de zona CHQ-DZM\/M(SCI)-IS para marina - Anber\",\"isPartOf\":{\"@id\":\"https:\/\/anber.es\/web\/#website\"},\"datePublished\":\"2021-12-23T11:13:46+00:00\",\"dateModified\":\"2025-07-08T11:29:22+00:00\",\"description\":\"El m\u00f3dulo controlador CHQ-DZM\/M(SCI)-IS para marina es un monitor de zona de circuito dual, dise\u00f1ado para permitir la interconexi\u00f3n de hasta 40 detectores\",\"breadcrumb\":{\"@id\":\"https:\/\/anber.es\/web\/producto\/modulo-controlador-chq-szm2-msci-para-marina\/#breadcrumb\"},\"inLanguage\":\"es\",\"potentialAction\":[{\"@type\":\"ReadAction\",\"target\":[\"https:\/\/anber.es\/web\/producto\/modulo-controlador-chq-szm2-msci-para-marina\/\"]}]},{\"@type\":\"BreadcrumbList\",\"@id\":\"https:\/\/anber.es\/web\/producto\/modulo-controlador-chq-szm2-msci-para-marina\/#breadcrumb\",\"itemListElement\":[{\"@type\":\"ListItem\",\"position\":1,\"name\":\"Portada\",\"item\":\"https:\/\/anber.es\/web\/\"},{\"@type\":\"ListItem\",\"position\":2,\"name\":\"Productos\",\"item\":\"https:\/\/anber.es\/web\/productos\/\"},{\"@type\":\"ListItem\",\"position\":3,\"name\":\"M\u00f3dulo controlador de zona CHQ-DZM\/M(SCI)-IS para marina\"}]},{\"@type\":\"WebSite\",\"@id\":\"https:\/\/anber.es\/web\/#website\",\"url\":\"https:\/\/anber.es\/web\/\",\"name\":\"Anber\",\"description\":\"Sistemas de protecci\u00f3n contra incendios\",\"publisher\":{\"@id\":\"https:\/\/anber.es\/web\/#organization\"},\"potentialAction\":[{\"@type\":\"SearchAction\",\"target\":{\"@type\":\"EntryPoint\",\"urlTemplate\":\"https:\/\/anber.es\/web\/?s={search_term_string}\"},\"query-input\":\"required name=search_term_string\"}],\"inLanguage\":\"es\"},{\"@type\":\"Organization\",\"@id\":\"https:\/\/anber.es\/web\/#organization\",\"name\":\"Anber\",\"url\":\"https:\/\/anber.es\/web\/\",\"logo\":{\"@type\":\"ImageObject\",\"inLanguage\":\"es\",\"@id\":\"https:\/\/anber.es\/web\/#\/schema\/logo\/image\/\",\"url\":\"https:\/\/anber.es\/web\/wp-content\/uploads\/2021\/03\/logo-anber.png\",\"contentUrl\":\"https:\/\/anber.es\/web\/wp-content\/uploads\/2021\/03\/logo-anber.png\",\"width\":2208,\"height\":500,\"caption\":\"Anber\"},\"image\":{\"@id\":\"https:\/\/anber.es\/web\/#\/schema\/logo\/image\/\"}}]}<\/script>\n<!-- \/ Yoast SEO plugin. -->","yoast_head_json":{"title":"M\u00f3dulo controlador de zona CHQ-DZM\/M(SCI)-IS para marina - Anber","description":"El m\u00f3dulo controlador CHQ-DZM\/M(SCI)-IS para marina es un monitor de zona de circuito dual, dise\u00f1ado para permitir la interconexi\u00f3n de hasta 40 detectores","robots":{"index":"index","follow":"follow","max-snippet":"max-snippet:-1","max-image-preview":"max-image-preview:large","max-video-preview":"max-video-preview:-1"},"canonical":"https:\/\/anber.es\/web\/producto\/modulo-controlador-chq-szm2-msci-para-marina\/","og_locale":"es_ES","og_type":"article","og_title":"M\u00f3dulo controlador de zona CHQ-DZM\/M(SCI)-IS para marina - Anber","og_description":"El m\u00f3dulo controlador CHQ-DZM\/M(SCI)-IS para marina es un monitor de zona de circuito dual, dise\u00f1ado para permitir la interconexi\u00f3n de hasta 40 detectores","og_url":"https:\/\/anber.es\/web\/producto\/modulo-controlador-chq-szm2-msci-para-marina\/","og_site_name":"Anber","article_modified_time":"2025-07-08T11:29:22+00:00","og_image":[{"width":1000,"height":1000,"url":"https:\/\/anber.es\/web\/wp-content\/uploads\/2025\/07\/modulo_controlador_de_zona_CHQ-DZMMSCI-IS.webp","type":"image\/webp"}],"twitter_card":"summary_large_image","twitter_misc":{"Tiempo de lectura":"1 minuto"},"schema":{"@context":"https:\/\/schema.org","@graph":[{"@type":"WebPage","@id":"https:\/\/anber.es\/web\/producto\/modulo-controlador-chq-szm2-msci-para-marina\/","url":"https:\/\/anber.es\/web\/producto\/modulo-controlador-chq-szm2-msci-para-marina\/","name":"M\u00f3dulo controlador de zona CHQ-DZM\/M(SCI)-IS para marina - Anber","isPartOf":{"@id":"https:\/\/anber.es\/web\/#website"},"datePublished":"2021-12-23T11:13:46+00:00","dateModified":"2025-07-08T11:29:22+00:00","description":"El m\u00f3dulo controlador CHQ-DZM\/M(SCI)-IS para marina es un monitor de zona de circuito dual, dise\u00f1ado para permitir la interconexi\u00f3n de hasta 40 detectores","breadcrumb":{"@id":"https:\/\/anber.es\/web\/producto\/modulo-controlador-chq-szm2-msci-para-marina\/#breadcrumb"},"inLanguage":"es","potentialAction":[{"@type":"ReadAction","target":["https:\/\/anber.es\/web\/producto\/modulo-controlador-chq-szm2-msci-para-marina\/"]}]},{"@type":"BreadcrumbList","@id":"https:\/\/anber.es\/web\/producto\/modulo-controlador-chq-szm2-msci-para-marina\/#breadcrumb","itemListElement":[{"@type":"ListItem","position":1,"name":"Portada","item":"https:\/\/anber.es\/web\/"},{"@type":"ListItem","position":2,"name":"Productos","item":"https:\/\/anber.es\/web\/productos\/"},{"@type":"ListItem","position":3,"name":"M\u00f3dulo controlador de zona CHQ-DZM\/M(SCI)-IS para marina"}]},{"@type":"WebSite","@id":"https:\/\/anber.es\/web\/#website","url":"https:\/\/anber.es\/web\/","name":"Anber","description":"Sistemas de protecci\u00f3n contra incendios","publisher":{"@id":"https:\/\/anber.es\/web\/#organization"},"potentialAction":[{"@type":"SearchAction","target":{"@type":"EntryPoint","urlTemplate":"https:\/\/anber.es\/web\/?s={search_term_string}"},"query-input":"required name=search_term_string"}],"inLanguage":"es"},{"@type":"Organization","@id":"https:\/\/anber.es\/web\/#organization","name":"Anber","url":"https:\/\/anber.es\/web\/","logo":{"@type":"ImageObject","inLanguage":"es","@id":"https:\/\/anber.es\/web\/#\/schema\/logo\/image\/","url":"https:\/\/anber.es\/web\/wp-content\/uploads\/2021\/03\/logo-anber.png","contentUrl":"https:\/\/anber.es\/web\/wp-content\/uploads\/2021\/03\/logo-anber.png","width":2208,"height":500,"caption":"Anber"},"image":{"@id":"https:\/\/anber.es\/web\/#\/schema\/logo\/image\/"}}]}},"_links":{"self":[{"href":"https:\/\/anber.es\/web\/wp-json\/wp\/v2\/product\/6085"}],"collection":[{"href":"https:\/\/anber.es\/web\/wp-json\/wp\/v2\/product"}],"about":[{"href":"https:\/\/anber.es\/web\/wp-json\/wp\/v2\/types\/product"}],"wp:featuredmedia":[{"embeddable":true,"href":"https:\/\/anber.es\/web\/wp-json\/wp\/v2\/media\/10154"}],"wp:attachment":[{"href":"https:\/\/anber.es\/web\/wp-json\/wp\/v2\/media?parent=6085"}],"wp:term":[{"taxonomy":"product_cat","embeddable":true,"href":"https:\/\/anber.es\/web\/wp-json\/wp\/v2\/product_cat?post=6085"},{"taxonomy":"product_tag","embeddable":true,"href":"https:\/\/anber.es\/web\/wp-json\/wp\/v2\/product_tag?post=6085"}],"curies":[{"name":"wp","href":"https:\/\/api.w.org\/{rel}","templated":true}]}}