{"id":6172,"date":"2021-12-27T13:39:39","date_gmt":"2021-12-27T11:39:39","guid":{"rendered":"https:\/\/anber.es\/producto\/modulo-controlador-para-sirenas-chq-ism\/"},"modified":"2025-07-14T10:34:33","modified_gmt":"2025-07-14T08:34:33","slug":"modulo-controlador-para-sirenas-chq-ism","status":"publish","type":"product","link":"https:\/\/anber.es\/web\/producto\/modulo-controlador-para-sirenas-chq-ism\/","title":{"rendered":"M\u00f3dulo controlador para sirenas CHQ-ISM"},"content":{"rendered":"<p>El <strong>m\u00f3dulo controlador para sirenas CHQ-ISM <\/strong>interact\u00faa entre el sistema anal\u00f3gico Hochiki a trav\u00e9s de un<b> CHQ-DSC<\/b> o <b>sirena convencional y las sirenas intr\u00ednsecamente seguras<\/b> a trav\u00e9s de una barrera intr\u00ednsecamente segura. <\/p>\n<p>El m\u00f3dulo proporciona supervisi\u00f3n de la l\u00ednea frente a circuitos abiertos o cortocircuitos del cableado conectado tanto en <b>zonas seguras como en zonas peligrosas<\/b>.<\/p>\n<p>Requiere una alimentaci\u00f3n auxiliar de 24 Vdc.<\/p>\n<p>Disponible en versi\u00f3n instalable en carril DIN (CHQ-ISM \/DIN).<\/p>\n<p>Referencia: DAMCHQISMEX.<\/p>\n<p><a href=\"\/web\/wp-content\/uploads\/2025\/07\/Ficha_tecnica-modulo_controlador_sirenas_CHQ-ISM.pdf\" target=\"_blank\" rel=\"noopener noreferrer\"><button>Descarga ficha<\/button><\/a><br \/>\n<a class=\"insta-link\" href=\"https:\/\/www.instagram.com\/aqlproteccion\/?hl=es\" target=\"_blank\" rel=\"noopener noreferrer\">Instagram<\/a><\/p>\n","protected":false},"excerpt":{"rendered":"<p>El m\u00f3dulo controlador para sirenas CHQ-ISM interact\u00faa entre el sistema anal\u00f3gico Hochiki a trav\u00e9s de un CHQ-DSC o sirena convencional y las sirenas intr\u00ednsecamente seguras a trav\u00e9s de una barrera intr\u00ednsecamente segura.<\/p>\n","protected":false},"featured_media":10227,"template":"","meta":[],"product_cat":[161,158,23],"product_tag":[215],"yoast_head":"<!-- This site is optimized with the Yoast SEO plugin v22.1 - https:\/\/yoast.com\/wordpress\/plugins\/seo\/ -->\n<title>M\u00f3dulo controlador para sirenas CHQ-ISM - Anber<\/title>\n<meta name=\"description\" content=\"El m\u00f3dulo controlador para sirenas CHQ-ISM interact\u00faa entre un CHQ-DSC o sirena convencional y las sirenas intr\u00ednsecamente seguras.\" \/>\n<meta name=\"robots\" content=\"index, follow, max-snippet:-1, max-image-preview:large, max-video-preview:-1\" \/>\n<link rel=\"canonical\" href=\"https:\/\/anber.es\/web\/producto\/modulo-controlador-para-sirenas-chq-ism\/\" \/>\n<meta property=\"og:locale\" content=\"es_ES\" \/>\n<meta property=\"og:type\" content=\"article\" \/>\n<meta property=\"og:title\" content=\"M\u00f3dulo controlador para sirenas CHQ-ISM - Anber\" \/>\n<meta property=\"og:description\" content=\"El m\u00f3dulo controlador para sirenas CHQ-ISM interact\u00faa entre un CHQ-DSC o sirena convencional y las sirenas intr\u00ednsecamente seguras.\" \/>\n<meta property=\"og:url\" content=\"https:\/\/anber.es\/web\/producto\/modulo-controlador-para-sirenas-chq-ism\/\" \/>\n<meta property=\"og:site_name\" content=\"Anber\" \/>\n<meta property=\"article:modified_time\" content=\"2025-07-14T08:34:33+00:00\" \/>\n<meta property=\"og:image\" content=\"https:\/\/anber.es\/web\/wp-content\/uploads\/2025\/07\/modulo_controlador_sirenas_CHQ-ISM.webp\" \/>\n\t<meta property=\"og:image:width\" content=\"1000\" \/>\n\t<meta property=\"og:image:height\" content=\"1000\" \/>\n\t<meta property=\"og:image:type\" content=\"image\/webp\" \/>\n<meta name=\"twitter:card\" content=\"summary_large_image\" \/>\n<meta name=\"twitter:label1\" content=\"Tiempo de lectura\" \/>\n\t<meta name=\"twitter:data1\" content=\"1 minuto\" \/>\n<script type=\"application\/ld+json\" class=\"yoast-schema-graph\">{\"@context\":\"https:\/\/schema.org\",\"@graph\":[{\"@type\":\"WebPage\",\"@id\":\"https:\/\/anber.es\/web\/producto\/modulo-controlador-para-sirenas-chq-ism\/\",\"url\":\"https:\/\/anber.es\/web\/producto\/modulo-controlador-para-sirenas-chq-ism\/\",\"name\":\"M\u00f3dulo controlador para sirenas CHQ-ISM - Anber\",\"isPartOf\":{\"@id\":\"https:\/\/anber.es\/web\/#website\"},\"datePublished\":\"2021-12-27T11:39:39+00:00\",\"dateModified\":\"2025-07-14T08:34:33+00:00\",\"description\":\"El m\u00f3dulo controlador para sirenas CHQ-ISM interact\u00faa entre un CHQ-DSC o sirena convencional y las sirenas intr\u00ednsecamente seguras.\",\"breadcrumb\":{\"@id\":\"https:\/\/anber.es\/web\/producto\/modulo-controlador-para-sirenas-chq-ism\/#breadcrumb\"},\"inLanguage\":\"es\",\"potentialAction\":[{\"@type\":\"ReadAction\",\"target\":[\"https:\/\/anber.es\/web\/producto\/modulo-controlador-para-sirenas-chq-ism\/\"]}]},{\"@type\":\"BreadcrumbList\",\"@id\":\"https:\/\/anber.es\/web\/producto\/modulo-controlador-para-sirenas-chq-ism\/#breadcrumb\",\"itemListElement\":[{\"@type\":\"ListItem\",\"position\":1,\"name\":\"Portada\",\"item\":\"https:\/\/anber.es\/web\/\"},{\"@type\":\"ListItem\",\"position\":2,\"name\":\"Productos\",\"item\":\"https:\/\/anber.es\/web\/productos\/\"},{\"@type\":\"ListItem\",\"position\":3,\"name\":\"M\u00f3dulo controlador para sirenas CHQ-ISM\"}]},{\"@type\":\"WebSite\",\"@id\":\"https:\/\/anber.es\/web\/#website\",\"url\":\"https:\/\/anber.es\/web\/\",\"name\":\"Anber\",\"description\":\"Sistemas de protecci\u00f3n contra incendios\",\"publisher\":{\"@id\":\"https:\/\/anber.es\/web\/#organization\"},\"potentialAction\":[{\"@type\":\"SearchAction\",\"target\":{\"@type\":\"EntryPoint\",\"urlTemplate\":\"https:\/\/anber.es\/web\/?s={search_term_string}\"},\"query-input\":\"required name=search_term_string\"}],\"inLanguage\":\"es\"},{\"@type\":\"Organization\",\"@id\":\"https:\/\/anber.es\/web\/#organization\",\"name\":\"Anber\",\"url\":\"https:\/\/anber.es\/web\/\",\"logo\":{\"@type\":\"ImageObject\",\"inLanguage\":\"es\",\"@id\":\"https:\/\/anber.es\/web\/#\/schema\/logo\/image\/\",\"url\":\"https:\/\/anber.es\/web\/wp-content\/uploads\/2021\/03\/logo-anber.png\",\"contentUrl\":\"https:\/\/anber.es\/web\/wp-content\/uploads\/2021\/03\/logo-anber.png\",\"width\":2208,\"height\":500,\"caption\":\"Anber\"},\"image\":{\"@id\":\"https:\/\/anber.es\/web\/#\/schema\/logo\/image\/\"}}]}<\/script>\n<!-- \/ Yoast SEO plugin. -->","yoast_head_json":{"title":"M\u00f3dulo controlador para sirenas CHQ-ISM - Anber","description":"El m\u00f3dulo controlador para sirenas CHQ-ISM interact\u00faa entre un CHQ-DSC o sirena convencional y las sirenas intr\u00ednsecamente seguras.","robots":{"index":"index","follow":"follow","max-snippet":"max-snippet:-1","max-image-preview":"max-image-preview:large","max-video-preview":"max-video-preview:-1"},"canonical":"https:\/\/anber.es\/web\/producto\/modulo-controlador-para-sirenas-chq-ism\/","og_locale":"es_ES","og_type":"article","og_title":"M\u00f3dulo controlador para sirenas CHQ-ISM - Anber","og_description":"El m\u00f3dulo controlador para sirenas CHQ-ISM interact\u00faa entre un CHQ-DSC o sirena convencional y las sirenas intr\u00ednsecamente seguras.","og_url":"https:\/\/anber.es\/web\/producto\/modulo-controlador-para-sirenas-chq-ism\/","og_site_name":"Anber","article_modified_time":"2025-07-14T08:34:33+00:00","og_image":[{"width":1000,"height":1000,"url":"https:\/\/anber.es\/web\/wp-content\/uploads\/2025\/07\/modulo_controlador_sirenas_CHQ-ISM.webp","type":"image\/webp"}],"twitter_card":"summary_large_image","twitter_misc":{"Tiempo de lectura":"1 minuto"},"schema":{"@context":"https:\/\/schema.org","@graph":[{"@type":"WebPage","@id":"https:\/\/anber.es\/web\/producto\/modulo-controlador-para-sirenas-chq-ism\/","url":"https:\/\/anber.es\/web\/producto\/modulo-controlador-para-sirenas-chq-ism\/","name":"M\u00f3dulo controlador para sirenas CHQ-ISM - Anber","isPartOf":{"@id":"https:\/\/anber.es\/web\/#website"},"datePublished":"2021-12-27T11:39:39+00:00","dateModified":"2025-07-14T08:34:33+00:00","description":"El m\u00f3dulo controlador para sirenas CHQ-ISM interact\u00faa entre un CHQ-DSC o sirena convencional y las sirenas intr\u00ednsecamente seguras.","breadcrumb":{"@id":"https:\/\/anber.es\/web\/producto\/modulo-controlador-para-sirenas-chq-ism\/#breadcrumb"},"inLanguage":"es","potentialAction":[{"@type":"ReadAction","target":["https:\/\/anber.es\/web\/producto\/modulo-controlador-para-sirenas-chq-ism\/"]}]},{"@type":"BreadcrumbList","@id":"https:\/\/anber.es\/web\/producto\/modulo-controlador-para-sirenas-chq-ism\/#breadcrumb","itemListElement":[{"@type":"ListItem","position":1,"name":"Portada","item":"https:\/\/anber.es\/web\/"},{"@type":"ListItem","position":2,"name":"Productos","item":"https:\/\/anber.es\/web\/productos\/"},{"@type":"ListItem","position":3,"name":"M\u00f3dulo controlador para sirenas CHQ-ISM"}]},{"@type":"WebSite","@id":"https:\/\/anber.es\/web\/#website","url":"https:\/\/anber.es\/web\/","name":"Anber","description":"Sistemas de protecci\u00f3n contra incendios","publisher":{"@id":"https:\/\/anber.es\/web\/#organization"},"potentialAction":[{"@type":"SearchAction","target":{"@type":"EntryPoint","urlTemplate":"https:\/\/anber.es\/web\/?s={search_term_string}"},"query-input":"required name=search_term_string"}],"inLanguage":"es"},{"@type":"Organization","@id":"https:\/\/anber.es\/web\/#organization","name":"Anber","url":"https:\/\/anber.es\/web\/","logo":{"@type":"ImageObject","inLanguage":"es","@id":"https:\/\/anber.es\/web\/#\/schema\/logo\/image\/","url":"https:\/\/anber.es\/web\/wp-content\/uploads\/2021\/03\/logo-anber.png","contentUrl":"https:\/\/anber.es\/web\/wp-content\/uploads\/2021\/03\/logo-anber.png","width":2208,"height":500,"caption":"Anber"},"image":{"@id":"https:\/\/anber.es\/web\/#\/schema\/logo\/image\/"}}]}},"_links":{"self":[{"href":"https:\/\/anber.es\/web\/wp-json\/wp\/v2\/product\/6172"}],"collection":[{"href":"https:\/\/anber.es\/web\/wp-json\/wp\/v2\/product"}],"about":[{"href":"https:\/\/anber.es\/web\/wp-json\/wp\/v2\/types\/product"}],"wp:featuredmedia":[{"embeddable":true,"href":"https:\/\/anber.es\/web\/wp-json\/wp\/v2\/media\/10227"}],"wp:attachment":[{"href":"https:\/\/anber.es\/web\/wp-json\/wp\/v2\/media?parent=6172"}],"wp:term":[{"taxonomy":"product_cat","embeddable":true,"href":"https:\/\/anber.es\/web\/wp-json\/wp\/v2\/product_cat?post=6172"},{"taxonomy":"product_tag","embeddable":true,"href":"https:\/\/anber.es\/web\/wp-json\/wp\/v2\/product_tag?post=6172"}],"curies":[{"name":"wp","href":"https:\/\/api.w.org\/{rel}","templated":true}]}}