{"id":6201,"date":"2021-12-30T09:17:51","date_gmt":"2021-12-30T07:17:51","guid":{"rendered":"https:\/\/anber.es\/producto\/bote-comprobador-de-humo-smokecheck\/"},"modified":"2025-01-13T14:07:29","modified_gmt":"2025-01-13T12:07:29","slug":"bote-comprobador-de-humo-smokecheck","status":"publish","type":"product","link":"https:\/\/anber.es\/web\/producto\/bote-comprobador-de-humo-smokecheck\/","title":{"rendered":"Bote comprobador de humo SmokeCheck\u00ae"},"content":{"rendered":"<p>El <STRONG>bote comprobador de humo SmokeCheck\u00ae <\/STRONG>prueba los detectores de humo fotoel\u00e9ctricos y de ionizaci\u00f3n para garantizar que los circuitos, la alarma y la energ\u00eda est\u00e9n funcionando y que est\u00e9n muestreando activamente el aire para detectar cualquier indicio de fuego. <\/p>\n<p>Este comprobador de detectores de humo es <B>100% compatible con EPA<\/B>, incluso con nuevos c\u00f3digos y respetuoso con el medio ambiente, <B>sin HFC ni CFC<\/B> y con poco olor.<\/p>\n<p>El bote comprobador de humo SmokeCheck\u00ae est\u00e1 dise\u00f1ado y adecuado para probar la funci\u00f3n del detector de humo seg\u00fan <B>NFPA 72 Cap\u00edtulo 14 <\/B>y cuando se usa seg\u00fan las instrucciones, su f\u00f3rmula simula toda la gama de condiciones de incendio, lo que le brinda la confianza de saber que su sistema de alarma contra incendios responder\u00e1 r\u00e1pidamente a todas las condiciones de incendio.<\/p>\n<p>Referencia: DVHO25S.<\/p>\n<p><a href=\"\/web\/wp-content\/uploads\/2025\/01\/Ficha_tecnica-bote_comprobador_de_humo_SmokeCheck.pdf\" target=\"_blank\" rel=\"noopener noreferrer\"><button>Descarga ficha<\/button><\/a><br \/>\n<a class=\"insta-link\" href=\"https:\/\/www.instagram.com\/aqlproteccion\/?hl=es\" target=\"_blank\" rel=\"noopener noreferrer\">Instagram<\/a><\/p>\n","protected":false},"excerpt":{"rendered":"<p>El bote comprobador de humo SmokeCheck\u00ae prueba los detectores de humo fotoel\u00e9ctricos y de ionizaci\u00f3n para garantizar su funcionamiento.<\/p>\n","protected":false},"featured_media":6200,"template":"","meta":[],"product_cat":[23,55],"product_tag":[],"yoast_head":"<!-- This site is optimized with the Yoast SEO plugin v22.1 - https:\/\/yoast.com\/wordpress\/plugins\/seo\/ -->\n<title>Bote comprobador de humo SmokeCheck\u00ae - Anber<\/title>\n<meta name=\"description\" content=\"El bote comprobador de humo SmokeCheck\u00ae prueba los detectores de humo fotoel\u00e9ctricos y de ionizaci\u00f3n para garantizar su funcionamiento.\" \/>\n<meta name=\"robots\" content=\"index, follow, max-snippet:-1, max-image-preview:large, max-video-preview:-1\" \/>\n<link rel=\"canonical\" href=\"https:\/\/anber.es\/web\/producto\/bote-comprobador-de-humo-smokecheck\/\" \/>\n<meta property=\"og:locale\" content=\"es_ES\" \/>\n<meta property=\"og:type\" content=\"article\" \/>\n<meta property=\"og:title\" content=\"Bote comprobador de humo SmokeCheck\u00ae - Anber\" \/>\n<meta property=\"og:description\" content=\"El bote comprobador de humo SmokeCheck\u00ae prueba los detectores de humo fotoel\u00e9ctricos y de ionizaci\u00f3n para garantizar su funcionamiento.\" \/>\n<meta property=\"og:url\" content=\"https:\/\/anber.es\/web\/producto\/bote-comprobador-de-humo-smokecheck\/\" \/>\n<meta property=\"og:site_name\" content=\"Anber\" \/>\n<meta property=\"article:modified_time\" content=\"2025-01-13T12:07:29+00:00\" \/>\n<meta property=\"og:image\" content=\"https:\/\/anber.es\/web\/wp-content\/uploads\/2021\/12\/bote_comprobador_de_humo_SmokeCheck.jpg\" \/>\n\t<meta property=\"og:image:width\" content=\"1000\" \/>\n\t<meta property=\"og:image:height\" content=\"1000\" \/>\n\t<meta property=\"og:image:type\" content=\"image\/jpeg\" \/>\n<meta name=\"twitter:card\" content=\"summary_large_image\" \/>\n<meta name=\"twitter:label1\" content=\"Tiempo de lectura\" \/>\n\t<meta name=\"twitter:data1\" content=\"1 minuto\" \/>\n<script type=\"application\/ld+json\" class=\"yoast-schema-graph\">{\"@context\":\"https:\/\/schema.org\",\"@graph\":[{\"@type\":\"WebPage\",\"@id\":\"https:\/\/anber.es\/web\/producto\/bote-comprobador-de-humo-smokecheck\/\",\"url\":\"https:\/\/anber.es\/web\/producto\/bote-comprobador-de-humo-smokecheck\/\",\"name\":\"Bote comprobador de humo SmokeCheck\u00ae - Anber\",\"isPartOf\":{\"@id\":\"https:\/\/anber.es\/web\/#website\"},\"datePublished\":\"2021-12-30T07:17:51+00:00\",\"dateModified\":\"2025-01-13T12:07:29+00:00\",\"description\":\"El bote comprobador de humo SmokeCheck\u00ae prueba los detectores de humo fotoel\u00e9ctricos y de ionizaci\u00f3n para garantizar su funcionamiento.\",\"breadcrumb\":{\"@id\":\"https:\/\/anber.es\/web\/producto\/bote-comprobador-de-humo-smokecheck\/#breadcrumb\"},\"inLanguage\":\"es\",\"potentialAction\":[{\"@type\":\"ReadAction\",\"target\":[\"https:\/\/anber.es\/web\/producto\/bote-comprobador-de-humo-smokecheck\/\"]}]},{\"@type\":\"BreadcrumbList\",\"@id\":\"https:\/\/anber.es\/web\/producto\/bote-comprobador-de-humo-smokecheck\/#breadcrumb\",\"itemListElement\":[{\"@type\":\"ListItem\",\"position\":1,\"name\":\"Portada\",\"item\":\"https:\/\/anber.es\/web\/\"},{\"@type\":\"ListItem\",\"position\":2,\"name\":\"Productos\",\"item\":\"https:\/\/anber.es\/web\/productos\/\"},{\"@type\":\"ListItem\",\"position\":3,\"name\":\"Bote comprobador de humo SmokeCheck\u00ae\"}]},{\"@type\":\"WebSite\",\"@id\":\"https:\/\/anber.es\/web\/#website\",\"url\":\"https:\/\/anber.es\/web\/\",\"name\":\"Anber\",\"description\":\"Sistemas de protecci\u00f3n contra incendios\",\"publisher\":{\"@id\":\"https:\/\/anber.es\/web\/#organization\"},\"potentialAction\":[{\"@type\":\"SearchAction\",\"target\":{\"@type\":\"EntryPoint\",\"urlTemplate\":\"https:\/\/anber.es\/web\/?s={search_term_string}\"},\"query-input\":\"required name=search_term_string\"}],\"inLanguage\":\"es\"},{\"@type\":\"Organization\",\"@id\":\"https:\/\/anber.es\/web\/#organization\",\"name\":\"Anber\",\"url\":\"https:\/\/anber.es\/web\/\",\"logo\":{\"@type\":\"ImageObject\",\"inLanguage\":\"es\",\"@id\":\"https:\/\/anber.es\/web\/#\/schema\/logo\/image\/\",\"url\":\"https:\/\/anber.es\/web\/wp-content\/uploads\/2021\/03\/logo-anber.png\",\"contentUrl\":\"https:\/\/anber.es\/web\/wp-content\/uploads\/2021\/03\/logo-anber.png\",\"width\":2208,\"height\":500,\"caption\":\"Anber\"},\"image\":{\"@id\":\"https:\/\/anber.es\/web\/#\/schema\/logo\/image\/\"}}]}<\/script>\n<!-- \/ Yoast SEO plugin. -->","yoast_head_json":{"title":"Bote comprobador de humo SmokeCheck\u00ae - Anber","description":"El bote comprobador de humo SmokeCheck\u00ae prueba los detectores de humo fotoel\u00e9ctricos y de ionizaci\u00f3n para garantizar su funcionamiento.","robots":{"index":"index","follow":"follow","max-snippet":"max-snippet:-1","max-image-preview":"max-image-preview:large","max-video-preview":"max-video-preview:-1"},"canonical":"https:\/\/anber.es\/web\/producto\/bote-comprobador-de-humo-smokecheck\/","og_locale":"es_ES","og_type":"article","og_title":"Bote comprobador de humo SmokeCheck\u00ae - Anber","og_description":"El bote comprobador de humo SmokeCheck\u00ae prueba los detectores de humo fotoel\u00e9ctricos y de ionizaci\u00f3n para garantizar su funcionamiento.","og_url":"https:\/\/anber.es\/web\/producto\/bote-comprobador-de-humo-smokecheck\/","og_site_name":"Anber","article_modified_time":"2025-01-13T12:07:29+00:00","og_image":[{"width":1000,"height":1000,"url":"https:\/\/anber.es\/web\/wp-content\/uploads\/2021\/12\/bote_comprobador_de_humo_SmokeCheck.jpg","type":"image\/jpeg"}],"twitter_card":"summary_large_image","twitter_misc":{"Tiempo de lectura":"1 minuto"},"schema":{"@context":"https:\/\/schema.org","@graph":[{"@type":"WebPage","@id":"https:\/\/anber.es\/web\/producto\/bote-comprobador-de-humo-smokecheck\/","url":"https:\/\/anber.es\/web\/producto\/bote-comprobador-de-humo-smokecheck\/","name":"Bote comprobador de humo SmokeCheck\u00ae - Anber","isPartOf":{"@id":"https:\/\/anber.es\/web\/#website"},"datePublished":"2021-12-30T07:17:51+00:00","dateModified":"2025-01-13T12:07:29+00:00","description":"El bote comprobador de humo SmokeCheck\u00ae prueba los detectores de humo fotoel\u00e9ctricos y de ionizaci\u00f3n para garantizar su funcionamiento.","breadcrumb":{"@id":"https:\/\/anber.es\/web\/producto\/bote-comprobador-de-humo-smokecheck\/#breadcrumb"},"inLanguage":"es","potentialAction":[{"@type":"ReadAction","target":["https:\/\/anber.es\/web\/producto\/bote-comprobador-de-humo-smokecheck\/"]}]},{"@type":"BreadcrumbList","@id":"https:\/\/anber.es\/web\/producto\/bote-comprobador-de-humo-smokecheck\/#breadcrumb","itemListElement":[{"@type":"ListItem","position":1,"name":"Portada","item":"https:\/\/anber.es\/web\/"},{"@type":"ListItem","position":2,"name":"Productos","item":"https:\/\/anber.es\/web\/productos\/"},{"@type":"ListItem","position":3,"name":"Bote comprobador de humo SmokeCheck\u00ae"}]},{"@type":"WebSite","@id":"https:\/\/anber.es\/web\/#website","url":"https:\/\/anber.es\/web\/","name":"Anber","description":"Sistemas de protecci\u00f3n contra incendios","publisher":{"@id":"https:\/\/anber.es\/web\/#organization"},"potentialAction":[{"@type":"SearchAction","target":{"@type":"EntryPoint","urlTemplate":"https:\/\/anber.es\/web\/?s={search_term_string}"},"query-input":"required name=search_term_string"}],"inLanguage":"es"},{"@type":"Organization","@id":"https:\/\/anber.es\/web\/#organization","name":"Anber","url":"https:\/\/anber.es\/web\/","logo":{"@type":"ImageObject","inLanguage":"es","@id":"https:\/\/anber.es\/web\/#\/schema\/logo\/image\/","url":"https:\/\/anber.es\/web\/wp-content\/uploads\/2021\/03\/logo-anber.png","contentUrl":"https:\/\/anber.es\/web\/wp-content\/uploads\/2021\/03\/logo-anber.png","width":2208,"height":500,"caption":"Anber"},"image":{"@id":"https:\/\/anber.es\/web\/#\/schema\/logo\/image\/"}}]}},"_links":{"self":[{"href":"https:\/\/anber.es\/web\/wp-json\/wp\/v2\/product\/6201"}],"collection":[{"href":"https:\/\/anber.es\/web\/wp-json\/wp\/v2\/product"}],"about":[{"href":"https:\/\/anber.es\/web\/wp-json\/wp\/v2\/types\/product"}],"wp:featuredmedia":[{"embeddable":true,"href":"https:\/\/anber.es\/web\/wp-json\/wp\/v2\/media\/6200"}],"wp:attachment":[{"href":"https:\/\/anber.es\/web\/wp-json\/wp\/v2\/media?parent=6201"}],"wp:term":[{"taxonomy":"product_cat","embeddable":true,"href":"https:\/\/anber.es\/web\/wp-json\/wp\/v2\/product_cat?post=6201"},{"taxonomy":"product_tag","embeddable":true,"href":"https:\/\/anber.es\/web\/wp-json\/wp\/v2\/product_tag?post=6201"}],"curies":[{"name":"wp","href":"https:\/\/api.w.org\/{rel}","templated":true}]}}