{"id":6359,"date":"2022-01-04T17:26:54","date_gmt":"2022-01-04T15:26:54","guid":{"rendered":"https:\/\/anber.es\/producto\/bifurcacion-en-te-para-tubos-de-10mm-2\/"},"modified":"2022-01-10T16:29:58","modified_gmt":"2022-01-10T14:29:58","slug":"bifurcacion-en-te-para-tubos-de-10mm-2","status":"publish","type":"product","link":"https:\/\/anber.es\/web\/producto\/bifurcacion-en-te-para-tubos-de-10mm-2\/","title":{"rendered":"Bifurcaci\u00f3n en TE para tubos de 10mm"},"content":{"rendered":"<p>La<STRONG> bifurcaci\u00f3n en TE para tubos de 10mm <\/STRONG>est\u00e1 fabricada en ABS, un robusto pol\u00edmero, que re\u00fane las caracter\u00edsticas f\u00edsicas para una \u00f3ptima fuerza a la expansi\u00f3n e impacto, resistencia superficial y una larga longevidad, as\u00ed como una gran estabilidad a temperaturas por debajo de 0\u00baC.<\/p>\n<p>El ABS es un termopl\u00e1stico libre de hal\u00f3genos.<\/p>\n<p>Temperaturas de uso:<B> -35\u00baC a 60\u00baC<\/B>.<\/p>\n<p>Di\u00e1metro interior de los dos lados iguales: 25mm (para tubos de 25mm).<br \/>\nDi\u00e1metro interior del lados diferente: 10mm (para tubos capilares de 10mm).<\/p>\n<p>Referencia: DFTE2510.<\/p>\n<p><a href=\"\/web\/wp-content\/uploads\/2022\/01\/Ficha_tecnica-bifurcacion_en_TE_para_tubo_capilar_10mm.pdf\" target=\"_blank\" rel=\"noopener noreferrer\"><button>Descarga ficha<\/button><\/a><br \/>\n<a class=\"insta-link\" href=\"https:\/\/www.instagram.com\/aqlproteccion\/?hl=es\" target=\"_blank\" rel=\"noopener noreferrer\">Instagram<\/a><\/p>\n","protected":false},"excerpt":{"rendered":"<p>La bifurcaci\u00f3n en TE para tubos de 10mm est\u00e1 fabricada en ABS, un robusto pol\u00edmero, que re\u00fane da fuerza a la expansi\u00f3n e impacto, etc.<\/p>\n","protected":false},"featured_media":6361,"template":"","meta":[],"product_cat":[163,52,23],"product_tag":[],"yoast_head":"<!-- This site is optimized with the Yoast SEO plugin v22.1 - https:\/\/yoast.com\/wordpress\/plugins\/seo\/ -->\n<title>Bifurcaci\u00f3n en TE para tubos de 10mm - Anber<\/title>\n<meta name=\"description\" content=\"La bifurcaci\u00f3n en TE para tubos de 10mm est\u00e1 fabricada en ABS, un robusto pol\u00edmero, que re\u00fane da fuerza a la expansi\u00f3n e impacto, etc.\" \/>\n<meta name=\"robots\" content=\"index, follow, max-snippet:-1, max-image-preview:large, max-video-preview:-1\" \/>\n<link rel=\"canonical\" href=\"https:\/\/anber.es\/web\/producto\/bifurcacion-en-te-para-tubos-de-10mm-2\/\" \/>\n<meta property=\"og:locale\" content=\"es_ES\" \/>\n<meta property=\"og:type\" content=\"article\" \/>\n<meta property=\"og:title\" content=\"Bifurcaci\u00f3n en TE para tubos de 10mm - Anber\" \/>\n<meta property=\"og:description\" content=\"La bifurcaci\u00f3n en TE para tubos de 10mm est\u00e1 fabricada en ABS, un robusto pol\u00edmero, que re\u00fane da fuerza a la expansi\u00f3n e impacto, etc.\" \/>\n<meta property=\"og:url\" content=\"https:\/\/anber.es\/web\/producto\/bifurcacion-en-te-para-tubos-de-10mm-2\/\" \/>\n<meta property=\"og:site_name\" content=\"Anber\" \/>\n<meta property=\"article:modified_time\" content=\"2022-01-10T14:29:58+00:00\" \/>\n<meta property=\"og:image\" content=\"https:\/\/anber.es\/web\/wp-content\/uploads\/2022\/01\/bifurcacion_en_TE_para_tubo_capilar_10mm.jpg\" \/>\n\t<meta property=\"og:image:width\" content=\"1000\" \/>\n\t<meta property=\"og:image:height\" content=\"1000\" \/>\n\t<meta property=\"og:image:type\" content=\"image\/jpeg\" \/>\n<meta name=\"twitter:card\" content=\"summary_large_image\" \/>\n<script type=\"application\/ld+json\" class=\"yoast-schema-graph\">{\"@context\":\"https:\/\/schema.org\",\"@graph\":[{\"@type\":\"WebPage\",\"@id\":\"https:\/\/anber.es\/web\/producto\/bifurcacion-en-te-para-tubos-de-10mm-2\/\",\"url\":\"https:\/\/anber.es\/web\/producto\/bifurcacion-en-te-para-tubos-de-10mm-2\/\",\"name\":\"Bifurcaci\u00f3n en TE para tubos de 10mm - Anber\",\"isPartOf\":{\"@id\":\"https:\/\/anber.es\/web\/#website\"},\"datePublished\":\"2022-01-04T15:26:54+00:00\",\"dateModified\":\"2022-01-10T14:29:58+00:00\",\"description\":\"La bifurcaci\u00f3n en TE para tubos de 10mm est\u00e1 fabricada en ABS, un robusto pol\u00edmero, que re\u00fane da fuerza a la expansi\u00f3n e impacto, etc.\",\"breadcrumb\":{\"@id\":\"https:\/\/anber.es\/web\/producto\/bifurcacion-en-te-para-tubos-de-10mm-2\/#breadcrumb\"},\"inLanguage\":\"es\",\"potentialAction\":[{\"@type\":\"ReadAction\",\"target\":[\"https:\/\/anber.es\/web\/producto\/bifurcacion-en-te-para-tubos-de-10mm-2\/\"]}]},{\"@type\":\"BreadcrumbList\",\"@id\":\"https:\/\/anber.es\/web\/producto\/bifurcacion-en-te-para-tubos-de-10mm-2\/#breadcrumb\",\"itemListElement\":[{\"@type\":\"ListItem\",\"position\":1,\"name\":\"Portada\",\"item\":\"https:\/\/anber.es\/web\/\"},{\"@type\":\"ListItem\",\"position\":2,\"name\":\"Productos\",\"item\":\"https:\/\/anber.es\/web\/productos\/\"},{\"@type\":\"ListItem\",\"position\":3,\"name\":\"Bifurcaci\u00f3n en TE para tubos de 10mm\"}]},{\"@type\":\"WebSite\",\"@id\":\"https:\/\/anber.es\/web\/#website\",\"url\":\"https:\/\/anber.es\/web\/\",\"name\":\"Anber\",\"description\":\"Sistemas de protecci\u00f3n contra incendios\",\"publisher\":{\"@id\":\"https:\/\/anber.es\/web\/#organization\"},\"potentialAction\":[{\"@type\":\"SearchAction\",\"target\":{\"@type\":\"EntryPoint\",\"urlTemplate\":\"https:\/\/anber.es\/web\/?s={search_term_string}\"},\"query-input\":\"required name=search_term_string\"}],\"inLanguage\":\"es\"},{\"@type\":\"Organization\",\"@id\":\"https:\/\/anber.es\/web\/#organization\",\"name\":\"Anber\",\"url\":\"https:\/\/anber.es\/web\/\",\"logo\":{\"@type\":\"ImageObject\",\"inLanguage\":\"es\",\"@id\":\"https:\/\/anber.es\/web\/#\/schema\/logo\/image\/\",\"url\":\"https:\/\/anber.es\/web\/wp-content\/uploads\/2021\/03\/logo-anber.png\",\"contentUrl\":\"https:\/\/anber.es\/web\/wp-content\/uploads\/2021\/03\/logo-anber.png\",\"width\":2208,\"height\":500,\"caption\":\"Anber\"},\"image\":{\"@id\":\"https:\/\/anber.es\/web\/#\/schema\/logo\/image\/\"}}]}<\/script>\n<!-- \/ Yoast SEO plugin. -->","yoast_head_json":{"title":"Bifurcaci\u00f3n en TE para tubos de 10mm - Anber","description":"La bifurcaci\u00f3n en TE para tubos de 10mm est\u00e1 fabricada en ABS, un robusto pol\u00edmero, que re\u00fane da fuerza a la expansi\u00f3n e impacto, etc.","robots":{"index":"index","follow":"follow","max-snippet":"max-snippet:-1","max-image-preview":"max-image-preview:large","max-video-preview":"max-video-preview:-1"},"canonical":"https:\/\/anber.es\/web\/producto\/bifurcacion-en-te-para-tubos-de-10mm-2\/","og_locale":"es_ES","og_type":"article","og_title":"Bifurcaci\u00f3n en TE para tubos de 10mm - Anber","og_description":"La bifurcaci\u00f3n en TE para tubos de 10mm est\u00e1 fabricada en ABS, un robusto pol\u00edmero, que re\u00fane da fuerza a la expansi\u00f3n e impacto, etc.","og_url":"https:\/\/anber.es\/web\/producto\/bifurcacion-en-te-para-tubos-de-10mm-2\/","og_site_name":"Anber","article_modified_time":"2022-01-10T14:29:58+00:00","og_image":[{"width":1000,"height":1000,"url":"https:\/\/anber.es\/web\/wp-content\/uploads\/2022\/01\/bifurcacion_en_TE_para_tubo_capilar_10mm.jpg","type":"image\/jpeg"}],"twitter_card":"summary_large_image","schema":{"@context":"https:\/\/schema.org","@graph":[{"@type":"WebPage","@id":"https:\/\/anber.es\/web\/producto\/bifurcacion-en-te-para-tubos-de-10mm-2\/","url":"https:\/\/anber.es\/web\/producto\/bifurcacion-en-te-para-tubos-de-10mm-2\/","name":"Bifurcaci\u00f3n en TE para tubos de 10mm - Anber","isPartOf":{"@id":"https:\/\/anber.es\/web\/#website"},"datePublished":"2022-01-04T15:26:54+00:00","dateModified":"2022-01-10T14:29:58+00:00","description":"La bifurcaci\u00f3n en TE para tubos de 10mm est\u00e1 fabricada en ABS, un robusto pol\u00edmero, que re\u00fane da fuerza a la expansi\u00f3n e impacto, etc.","breadcrumb":{"@id":"https:\/\/anber.es\/web\/producto\/bifurcacion-en-te-para-tubos-de-10mm-2\/#breadcrumb"},"inLanguage":"es","potentialAction":[{"@type":"ReadAction","target":["https:\/\/anber.es\/web\/producto\/bifurcacion-en-te-para-tubos-de-10mm-2\/"]}]},{"@type":"BreadcrumbList","@id":"https:\/\/anber.es\/web\/producto\/bifurcacion-en-te-para-tubos-de-10mm-2\/#breadcrumb","itemListElement":[{"@type":"ListItem","position":1,"name":"Portada","item":"https:\/\/anber.es\/web\/"},{"@type":"ListItem","position":2,"name":"Productos","item":"https:\/\/anber.es\/web\/productos\/"},{"@type":"ListItem","position":3,"name":"Bifurcaci\u00f3n en TE para tubos de 10mm"}]},{"@type":"WebSite","@id":"https:\/\/anber.es\/web\/#website","url":"https:\/\/anber.es\/web\/","name":"Anber","description":"Sistemas de protecci\u00f3n contra incendios","publisher":{"@id":"https:\/\/anber.es\/web\/#organization"},"potentialAction":[{"@type":"SearchAction","target":{"@type":"EntryPoint","urlTemplate":"https:\/\/anber.es\/web\/?s={search_term_string}"},"query-input":"required name=search_term_string"}],"inLanguage":"es"},{"@type":"Organization","@id":"https:\/\/anber.es\/web\/#organization","name":"Anber","url":"https:\/\/anber.es\/web\/","logo":{"@type":"ImageObject","inLanguage":"es","@id":"https:\/\/anber.es\/web\/#\/schema\/logo\/image\/","url":"https:\/\/anber.es\/web\/wp-content\/uploads\/2021\/03\/logo-anber.png","contentUrl":"https:\/\/anber.es\/web\/wp-content\/uploads\/2021\/03\/logo-anber.png","width":2208,"height":500,"caption":"Anber"},"image":{"@id":"https:\/\/anber.es\/web\/#\/schema\/logo\/image\/"}}]}},"_links":{"self":[{"href":"https:\/\/anber.es\/web\/wp-json\/wp\/v2\/product\/6359"}],"collection":[{"href":"https:\/\/anber.es\/web\/wp-json\/wp\/v2\/product"}],"about":[{"href":"https:\/\/anber.es\/web\/wp-json\/wp\/v2\/types\/product"}],"wp:featuredmedia":[{"embeddable":true,"href":"https:\/\/anber.es\/web\/wp-json\/wp\/v2\/media\/6361"}],"wp:attachment":[{"href":"https:\/\/anber.es\/web\/wp-json\/wp\/v2\/media?parent=6359"}],"wp:term":[{"taxonomy":"product_cat","embeddable":true,"href":"https:\/\/anber.es\/web\/wp-json\/wp\/v2\/product_cat?post=6359"},{"taxonomy":"product_tag","embeddable":true,"href":"https:\/\/anber.es\/web\/wp-json\/wp\/v2\/product_tag?post=6359"}],"curies":[{"name":"wp","href":"https:\/\/api.w.org\/{rel}","templated":true}]}}