{"id":6428,"date":"2022-01-05T13:27:31","date_gmt":"2022-01-05T11:27:31","guid":{"rendered":"https:\/\/anber.es\/producto\/punto-de-muestreo-plano-con-tuerca\/"},"modified":"2025-02-07T11:28:39","modified_gmt":"2025-02-07T09:28:39","slug":"punto-de-muestreo-plano-con-tuerca","status":"publish","type":"product","link":"https:\/\/anber.es\/web\/producto\/punto-de-muestreo-plano-con-tuerca\/","title":{"rendered":"Punto de muestreo plano con tuerca"},"content":{"rendered":"<p>El <STRONG>punto de muestreo plano <\/STRONG> est\u00e1 fabricado en ABS Blanco, un robusto pol\u00edmero que re\u00fane las caracter\u00edsticas f\u00edsicas para una \u00f3ptima fuerza a la expansi\u00f3n e impacto, resistencia superficial y una larga longevidad, as\u00ed como una gran estabilidad a temperaturas por debajo de 0\u00baC.<\/p>\n<p>Tiene un di\u00e1metro de <b>60mm<\/b>.<\/p>\n<p>El ABS es un termopl\u00e1stico libre de hal\u00f3genos.<\/p>\n<p>Incluye:<br \/>\n<b>Tuerca<\/b> para su sujeci\u00f3n en falsos techos.<br \/>\n<b>6 puntos calibrados<\/b> de 2 \/ 2,5 \/ 3 \/ 3,5 \/ 4 \/ 4,5mm en ABS Rojo.<\/p>\n<p>Referencia: DFPMPT.<\/p>\n<p><a href=\"\/web\/wp-content\/uploads\/2025\/02\/Ficha_tecnica-punto_de_muestreo_plano_con_tuerca_ABS.pdf\" target=\"_blank\" rel=\"noopener noreferrer\"><button>Descarga ficha<\/button><\/a><br \/>\n<a class=\"insta-link\" href=\"https:\/\/www.instagram.com\/aqlproteccion\/?hl=es\" target=\"_blank\" rel=\"noopener noreferrer\">Instagram<\/a><\/p>\n","protected":false},"excerpt":{"rendered":"<p>El punto de muestreo plano con tuerca est\u00e1 fabricado en ABS, un robusto pol\u00edmero, que re\u00fane da fuerza a la expansi\u00f3n e impacto, resistencia &#8230;<\/p>\n","protected":false},"featured_media":9797,"template":"","meta":[],"product_cat":[163,52,23],"product_tag":[],"yoast_head":"<!-- This site is optimized with the Yoast SEO plugin v22.1 - https:\/\/yoast.com\/wordpress\/plugins\/seo\/ -->\n<title>Punto de muestreo plano con tuerca - Anber<\/title>\n<meta name=\"description\" content=\"El punto de muestreo plano con tuerca est\u00e1 fabricado en ABS, un robusto pol\u00edmero, que re\u00fane da fuerza a la expansi\u00f3n e impacto, resistencia ...\" \/>\n<meta name=\"robots\" content=\"index, follow, max-snippet:-1, max-image-preview:large, max-video-preview:-1\" \/>\n<link rel=\"canonical\" href=\"https:\/\/anber.es\/web\/producto\/punto-de-muestreo-plano-con-tuerca\/\" \/>\n<meta property=\"og:locale\" content=\"es_ES\" \/>\n<meta property=\"og:type\" content=\"article\" \/>\n<meta property=\"og:title\" content=\"Punto de muestreo plano con tuerca - Anber\" \/>\n<meta property=\"og:description\" content=\"El punto de muestreo plano con tuerca est\u00e1 fabricado en ABS, un robusto pol\u00edmero, que re\u00fane da fuerza a la expansi\u00f3n e impacto, resistencia ...\" \/>\n<meta property=\"og:url\" content=\"https:\/\/anber.es\/web\/producto\/punto-de-muestreo-plano-con-tuerca\/\" \/>\n<meta property=\"og:site_name\" content=\"Anber\" \/>\n<meta property=\"article:modified_time\" content=\"2025-02-07T09:28:39+00:00\" \/>\n<meta property=\"og:image\" content=\"https:\/\/anber.es\/web\/wp-content\/uploads\/2025\/02\/punto_de_muestreo_plano_con_tuerca.webp\" \/>\n\t<meta property=\"og:image:width\" content=\"1000\" \/>\n\t<meta property=\"og:image:height\" content=\"1000\" \/>\n\t<meta property=\"og:image:type\" content=\"image\/webp\" \/>\n<meta name=\"twitter:card\" content=\"summary_large_image\" \/>\n<meta name=\"twitter:label1\" content=\"Tiempo de lectura\" \/>\n\t<meta name=\"twitter:data1\" content=\"1 minuto\" \/>\n<script type=\"application\/ld+json\" class=\"yoast-schema-graph\">{\"@context\":\"https:\/\/schema.org\",\"@graph\":[{\"@type\":\"WebPage\",\"@id\":\"https:\/\/anber.es\/web\/producto\/punto-de-muestreo-plano-con-tuerca\/\",\"url\":\"https:\/\/anber.es\/web\/producto\/punto-de-muestreo-plano-con-tuerca\/\",\"name\":\"Punto de muestreo plano con tuerca - Anber\",\"isPartOf\":{\"@id\":\"https:\/\/anber.es\/web\/#website\"},\"datePublished\":\"2022-01-05T11:27:31+00:00\",\"dateModified\":\"2025-02-07T09:28:39+00:00\",\"description\":\"El punto de muestreo plano con tuerca est\u00e1 fabricado en ABS, un robusto pol\u00edmero, que re\u00fane da fuerza a la expansi\u00f3n e impacto, resistencia ...\",\"breadcrumb\":{\"@id\":\"https:\/\/anber.es\/web\/producto\/punto-de-muestreo-plano-con-tuerca\/#breadcrumb\"},\"inLanguage\":\"es\",\"potentialAction\":[{\"@type\":\"ReadAction\",\"target\":[\"https:\/\/anber.es\/web\/producto\/punto-de-muestreo-plano-con-tuerca\/\"]}]},{\"@type\":\"BreadcrumbList\",\"@id\":\"https:\/\/anber.es\/web\/producto\/punto-de-muestreo-plano-con-tuerca\/#breadcrumb\",\"itemListElement\":[{\"@type\":\"ListItem\",\"position\":1,\"name\":\"Portada\",\"item\":\"https:\/\/anber.es\/web\/\"},{\"@type\":\"ListItem\",\"position\":2,\"name\":\"Productos\",\"item\":\"https:\/\/anber.es\/web\/productos\/\"},{\"@type\":\"ListItem\",\"position\":3,\"name\":\"Punto de muestreo plano con tuerca\"}]},{\"@type\":\"WebSite\",\"@id\":\"https:\/\/anber.es\/web\/#website\",\"url\":\"https:\/\/anber.es\/web\/\",\"name\":\"Anber\",\"description\":\"Sistemas de protecci\u00f3n contra incendios\",\"publisher\":{\"@id\":\"https:\/\/anber.es\/web\/#organization\"},\"potentialAction\":[{\"@type\":\"SearchAction\",\"target\":{\"@type\":\"EntryPoint\",\"urlTemplate\":\"https:\/\/anber.es\/web\/?s={search_term_string}\"},\"query-input\":\"required name=search_term_string\"}],\"inLanguage\":\"es\"},{\"@type\":\"Organization\",\"@id\":\"https:\/\/anber.es\/web\/#organization\",\"name\":\"Anber\",\"url\":\"https:\/\/anber.es\/web\/\",\"logo\":{\"@type\":\"ImageObject\",\"inLanguage\":\"es\",\"@id\":\"https:\/\/anber.es\/web\/#\/schema\/logo\/image\/\",\"url\":\"https:\/\/anber.es\/web\/wp-content\/uploads\/2021\/03\/logo-anber.png\",\"contentUrl\":\"https:\/\/anber.es\/web\/wp-content\/uploads\/2021\/03\/logo-anber.png\",\"width\":2208,\"height\":500,\"caption\":\"Anber\"},\"image\":{\"@id\":\"https:\/\/anber.es\/web\/#\/schema\/logo\/image\/\"}}]}<\/script>\n<!-- \/ Yoast SEO plugin. -->","yoast_head_json":{"title":"Punto de muestreo plano con tuerca - Anber","description":"El punto de muestreo plano con tuerca est\u00e1 fabricado en ABS, un robusto pol\u00edmero, que re\u00fane da fuerza a la expansi\u00f3n e impacto, resistencia ...","robots":{"index":"index","follow":"follow","max-snippet":"max-snippet:-1","max-image-preview":"max-image-preview:large","max-video-preview":"max-video-preview:-1"},"canonical":"https:\/\/anber.es\/web\/producto\/punto-de-muestreo-plano-con-tuerca\/","og_locale":"es_ES","og_type":"article","og_title":"Punto de muestreo plano con tuerca - Anber","og_description":"El punto de muestreo plano con tuerca est\u00e1 fabricado en ABS, un robusto pol\u00edmero, que re\u00fane da fuerza a la expansi\u00f3n e impacto, resistencia ...","og_url":"https:\/\/anber.es\/web\/producto\/punto-de-muestreo-plano-con-tuerca\/","og_site_name":"Anber","article_modified_time":"2025-02-07T09:28:39+00:00","og_image":[{"width":1000,"height":1000,"url":"https:\/\/anber.es\/web\/wp-content\/uploads\/2025\/02\/punto_de_muestreo_plano_con_tuerca.webp","type":"image\/webp"}],"twitter_card":"summary_large_image","twitter_misc":{"Tiempo de lectura":"1 minuto"},"schema":{"@context":"https:\/\/schema.org","@graph":[{"@type":"WebPage","@id":"https:\/\/anber.es\/web\/producto\/punto-de-muestreo-plano-con-tuerca\/","url":"https:\/\/anber.es\/web\/producto\/punto-de-muestreo-plano-con-tuerca\/","name":"Punto de muestreo plano con tuerca - Anber","isPartOf":{"@id":"https:\/\/anber.es\/web\/#website"},"datePublished":"2022-01-05T11:27:31+00:00","dateModified":"2025-02-07T09:28:39+00:00","description":"El punto de muestreo plano con tuerca est\u00e1 fabricado en ABS, un robusto pol\u00edmero, que re\u00fane da fuerza a la expansi\u00f3n e impacto, resistencia ...","breadcrumb":{"@id":"https:\/\/anber.es\/web\/producto\/punto-de-muestreo-plano-con-tuerca\/#breadcrumb"},"inLanguage":"es","potentialAction":[{"@type":"ReadAction","target":["https:\/\/anber.es\/web\/producto\/punto-de-muestreo-plano-con-tuerca\/"]}]},{"@type":"BreadcrumbList","@id":"https:\/\/anber.es\/web\/producto\/punto-de-muestreo-plano-con-tuerca\/#breadcrumb","itemListElement":[{"@type":"ListItem","position":1,"name":"Portada","item":"https:\/\/anber.es\/web\/"},{"@type":"ListItem","position":2,"name":"Productos","item":"https:\/\/anber.es\/web\/productos\/"},{"@type":"ListItem","position":3,"name":"Punto de muestreo plano con tuerca"}]},{"@type":"WebSite","@id":"https:\/\/anber.es\/web\/#website","url":"https:\/\/anber.es\/web\/","name":"Anber","description":"Sistemas de protecci\u00f3n contra incendios","publisher":{"@id":"https:\/\/anber.es\/web\/#organization"},"potentialAction":[{"@type":"SearchAction","target":{"@type":"EntryPoint","urlTemplate":"https:\/\/anber.es\/web\/?s={search_term_string}"},"query-input":"required name=search_term_string"}],"inLanguage":"es"},{"@type":"Organization","@id":"https:\/\/anber.es\/web\/#organization","name":"Anber","url":"https:\/\/anber.es\/web\/","logo":{"@type":"ImageObject","inLanguage":"es","@id":"https:\/\/anber.es\/web\/#\/schema\/logo\/image\/","url":"https:\/\/anber.es\/web\/wp-content\/uploads\/2021\/03\/logo-anber.png","contentUrl":"https:\/\/anber.es\/web\/wp-content\/uploads\/2021\/03\/logo-anber.png","width":2208,"height":500,"caption":"Anber"},"image":{"@id":"https:\/\/anber.es\/web\/#\/schema\/logo\/image\/"}}]}},"_links":{"self":[{"href":"https:\/\/anber.es\/web\/wp-json\/wp\/v2\/product\/6428"}],"collection":[{"href":"https:\/\/anber.es\/web\/wp-json\/wp\/v2\/product"}],"about":[{"href":"https:\/\/anber.es\/web\/wp-json\/wp\/v2\/types\/product"}],"wp:featuredmedia":[{"embeddable":true,"href":"https:\/\/anber.es\/web\/wp-json\/wp\/v2\/media\/9797"}],"wp:attachment":[{"href":"https:\/\/anber.es\/web\/wp-json\/wp\/v2\/media?parent=6428"}],"wp:term":[{"taxonomy":"product_cat","embeddable":true,"href":"https:\/\/anber.es\/web\/wp-json\/wp\/v2\/product_cat?post=6428"},{"taxonomy":"product_tag","embeddable":true,"href":"https:\/\/anber.es\/web\/wp-json\/wp\/v2\/product_tag?post=6428"}],"curies":[{"name":"wp","href":"https:\/\/api.w.org\/{rel}","templated":true}]}}