{"id":6486,"date":"2022-01-10T18:11:04","date_gmt":"2022-01-10T16:11:04","guid":{"rendered":"https:\/\/anber.es\/producto\/valvula-reducida\/"},"modified":"2025-02-05T12:11:52","modified_gmt":"2025-02-05T10:11:52","slug":"valvula-reducida","status":"publish","type":"product","link":"https:\/\/anber.es\/web\/producto\/valvula-reducida\/","title":{"rendered":"V\u00e1lvula reducida"},"content":{"rendered":"<p>La<strong> v\u00e1lvula reducida <\/strong>es una v\u00e1lvula de bola de tama\u00f1o reducido, ideal para montajes en tuber\u00eda de 25 mm de di\u00e1metro. <\/p>\n<p>Debido a sus dimensiones<b> se instala f\u00e1cilmente con los clips o abrazaderas est\u00e1ndar<\/b> sin necesidad de suplementar ni tener que levantar las l\u00edneas de tuber\u00eda sobre la pared.<\/p>\n<p>Tiene un <b>avance de 90mm<\/b>.<\/p>\n<p>Referencia: DFVALRE.<\/p>\n<p><a href=\"\/web\/wp-content\/uploads\/2025\/02\/Ficha_tecnica-valvula_reducida_ABS.pdf\" target=\"_blank\" rel=\"noopener noreferrer\"><button>Descarga ficha<\/button><\/a><br \/>\n<a class=\"insta-link\" href=\"https:\/\/www.instagram.com\/aqlproteccion\/?hl=es\" target=\"_blank\" rel=\"noopener noreferrer\">Instagram<\/a><\/p>\n","protected":false},"excerpt":{"rendered":"<p>La v\u00e1lvula reducida es una v\u00e1lvula de bola de tama\u00f1o reducido ideal para montajes en tuber\u00eda de 25 mm de di\u00e1metro. Avance 90mm.<\/p>\n","protected":false},"featured_media":9743,"template":"","meta":[],"product_cat":[163,52,23],"product_tag":[],"yoast_head":"<!-- This site is optimized with the Yoast SEO plugin v22.1 - https:\/\/yoast.com\/wordpress\/plugins\/seo\/ -->\n<title>V\u00e1lvula reducida - Anber<\/title>\n<meta name=\"description\" content=\"La v\u00e1lvula reducida es una v\u00e1lvula de bola de tama\u00f1o reducido ideal para montajes en tuber\u00eda de 25 mm de di\u00e1metro. Avance de 90mm.\" \/>\n<meta name=\"robots\" content=\"index, follow, max-snippet:-1, max-image-preview:large, max-video-preview:-1\" \/>\n<link rel=\"canonical\" href=\"https:\/\/anber.es\/web\/producto\/valvula-reducida\/\" \/>\n<meta property=\"og:locale\" content=\"es_ES\" \/>\n<meta property=\"og:type\" content=\"article\" \/>\n<meta property=\"og:title\" content=\"V\u00e1lvula reducida - Anber\" \/>\n<meta property=\"og:description\" content=\"La v\u00e1lvula reducida es una v\u00e1lvula de bola de tama\u00f1o reducido ideal para montajes en tuber\u00eda de 25 mm de di\u00e1metro. Avance de 90mm.\" \/>\n<meta property=\"og:url\" content=\"https:\/\/anber.es\/web\/producto\/valvula-reducida\/\" \/>\n<meta property=\"og:site_name\" content=\"Anber\" \/>\n<meta property=\"article:modified_time\" content=\"2025-02-05T10:11:52+00:00\" \/>\n<meta property=\"og:image\" content=\"https:\/\/anber.es\/web\/wp-content\/uploads\/2025\/02\/valvula_reducida_ABS.webp\" \/>\n\t<meta property=\"og:image:width\" content=\"1000\" \/>\n\t<meta property=\"og:image:height\" content=\"1000\" \/>\n\t<meta property=\"og:image:type\" content=\"image\/webp\" \/>\n<meta name=\"twitter:card\" content=\"summary_large_image\" \/>\n<meta name=\"twitter:label1\" content=\"Tiempo de lectura\" \/>\n\t<meta name=\"twitter:data1\" content=\"1 minuto\" \/>\n<script type=\"application\/ld+json\" class=\"yoast-schema-graph\">{\"@context\":\"https:\/\/schema.org\",\"@graph\":[{\"@type\":\"WebPage\",\"@id\":\"https:\/\/anber.es\/web\/producto\/valvula-reducida\/\",\"url\":\"https:\/\/anber.es\/web\/producto\/valvula-reducida\/\",\"name\":\"V\u00e1lvula reducida - Anber\",\"isPartOf\":{\"@id\":\"https:\/\/anber.es\/web\/#website\"},\"datePublished\":\"2022-01-10T16:11:04+00:00\",\"dateModified\":\"2025-02-05T10:11:52+00:00\",\"description\":\"La v\u00e1lvula reducida es una v\u00e1lvula de bola de tama\u00f1o reducido ideal para montajes en tuber\u00eda de 25 mm de di\u00e1metro. Avance de 90mm.\",\"breadcrumb\":{\"@id\":\"https:\/\/anber.es\/web\/producto\/valvula-reducida\/#breadcrumb\"},\"inLanguage\":\"es\",\"potentialAction\":[{\"@type\":\"ReadAction\",\"target\":[\"https:\/\/anber.es\/web\/producto\/valvula-reducida\/\"]}]},{\"@type\":\"BreadcrumbList\",\"@id\":\"https:\/\/anber.es\/web\/producto\/valvula-reducida\/#breadcrumb\",\"itemListElement\":[{\"@type\":\"ListItem\",\"position\":1,\"name\":\"Portada\",\"item\":\"https:\/\/anber.es\/web\/\"},{\"@type\":\"ListItem\",\"position\":2,\"name\":\"Productos\",\"item\":\"https:\/\/anber.es\/web\/productos\/\"},{\"@type\":\"ListItem\",\"position\":3,\"name\":\"V\u00e1lvula reducida\"}]},{\"@type\":\"WebSite\",\"@id\":\"https:\/\/anber.es\/web\/#website\",\"url\":\"https:\/\/anber.es\/web\/\",\"name\":\"Anber\",\"description\":\"Sistemas de protecci\u00f3n contra incendios\",\"publisher\":{\"@id\":\"https:\/\/anber.es\/web\/#organization\"},\"potentialAction\":[{\"@type\":\"SearchAction\",\"target\":{\"@type\":\"EntryPoint\",\"urlTemplate\":\"https:\/\/anber.es\/web\/?s={search_term_string}\"},\"query-input\":\"required name=search_term_string\"}],\"inLanguage\":\"es\"},{\"@type\":\"Organization\",\"@id\":\"https:\/\/anber.es\/web\/#organization\",\"name\":\"Anber\",\"url\":\"https:\/\/anber.es\/web\/\",\"logo\":{\"@type\":\"ImageObject\",\"inLanguage\":\"es\",\"@id\":\"https:\/\/anber.es\/web\/#\/schema\/logo\/image\/\",\"url\":\"https:\/\/anber.es\/web\/wp-content\/uploads\/2021\/03\/logo-anber.png\",\"contentUrl\":\"https:\/\/anber.es\/web\/wp-content\/uploads\/2021\/03\/logo-anber.png\",\"width\":2208,\"height\":500,\"caption\":\"Anber\"},\"image\":{\"@id\":\"https:\/\/anber.es\/web\/#\/schema\/logo\/image\/\"}}]}<\/script>\n<!-- \/ Yoast SEO plugin. -->","yoast_head_json":{"title":"V\u00e1lvula reducida - Anber","description":"La v\u00e1lvula reducida es una v\u00e1lvula de bola de tama\u00f1o reducido ideal para montajes en tuber\u00eda de 25 mm de di\u00e1metro. Avance de 90mm.","robots":{"index":"index","follow":"follow","max-snippet":"max-snippet:-1","max-image-preview":"max-image-preview:large","max-video-preview":"max-video-preview:-1"},"canonical":"https:\/\/anber.es\/web\/producto\/valvula-reducida\/","og_locale":"es_ES","og_type":"article","og_title":"V\u00e1lvula reducida - Anber","og_description":"La v\u00e1lvula reducida es una v\u00e1lvula de bola de tama\u00f1o reducido ideal para montajes en tuber\u00eda de 25 mm de di\u00e1metro. Avance de 90mm.","og_url":"https:\/\/anber.es\/web\/producto\/valvula-reducida\/","og_site_name":"Anber","article_modified_time":"2025-02-05T10:11:52+00:00","og_image":[{"width":1000,"height":1000,"url":"https:\/\/anber.es\/web\/wp-content\/uploads\/2025\/02\/valvula_reducida_ABS.webp","type":"image\/webp"}],"twitter_card":"summary_large_image","twitter_misc":{"Tiempo de lectura":"1 minuto"},"schema":{"@context":"https:\/\/schema.org","@graph":[{"@type":"WebPage","@id":"https:\/\/anber.es\/web\/producto\/valvula-reducida\/","url":"https:\/\/anber.es\/web\/producto\/valvula-reducida\/","name":"V\u00e1lvula reducida - Anber","isPartOf":{"@id":"https:\/\/anber.es\/web\/#website"},"datePublished":"2022-01-10T16:11:04+00:00","dateModified":"2025-02-05T10:11:52+00:00","description":"La v\u00e1lvula reducida es una v\u00e1lvula de bola de tama\u00f1o reducido ideal para montajes en tuber\u00eda de 25 mm de di\u00e1metro. Avance de 90mm.","breadcrumb":{"@id":"https:\/\/anber.es\/web\/producto\/valvula-reducida\/#breadcrumb"},"inLanguage":"es","potentialAction":[{"@type":"ReadAction","target":["https:\/\/anber.es\/web\/producto\/valvula-reducida\/"]}]},{"@type":"BreadcrumbList","@id":"https:\/\/anber.es\/web\/producto\/valvula-reducida\/#breadcrumb","itemListElement":[{"@type":"ListItem","position":1,"name":"Portada","item":"https:\/\/anber.es\/web\/"},{"@type":"ListItem","position":2,"name":"Productos","item":"https:\/\/anber.es\/web\/productos\/"},{"@type":"ListItem","position":3,"name":"V\u00e1lvula reducida"}]},{"@type":"WebSite","@id":"https:\/\/anber.es\/web\/#website","url":"https:\/\/anber.es\/web\/","name":"Anber","description":"Sistemas de protecci\u00f3n contra incendios","publisher":{"@id":"https:\/\/anber.es\/web\/#organization"},"potentialAction":[{"@type":"SearchAction","target":{"@type":"EntryPoint","urlTemplate":"https:\/\/anber.es\/web\/?s={search_term_string}"},"query-input":"required name=search_term_string"}],"inLanguage":"es"},{"@type":"Organization","@id":"https:\/\/anber.es\/web\/#organization","name":"Anber","url":"https:\/\/anber.es\/web\/","logo":{"@type":"ImageObject","inLanguage":"es","@id":"https:\/\/anber.es\/web\/#\/schema\/logo\/image\/","url":"https:\/\/anber.es\/web\/wp-content\/uploads\/2021\/03\/logo-anber.png","contentUrl":"https:\/\/anber.es\/web\/wp-content\/uploads\/2021\/03\/logo-anber.png","width":2208,"height":500,"caption":"Anber"},"image":{"@id":"https:\/\/anber.es\/web\/#\/schema\/logo\/image\/"}}]}},"_links":{"self":[{"href":"https:\/\/anber.es\/web\/wp-json\/wp\/v2\/product\/6486"}],"collection":[{"href":"https:\/\/anber.es\/web\/wp-json\/wp\/v2\/product"}],"about":[{"href":"https:\/\/anber.es\/web\/wp-json\/wp\/v2\/types\/product"}],"wp:featuredmedia":[{"embeddable":true,"href":"https:\/\/anber.es\/web\/wp-json\/wp\/v2\/media\/9743"}],"wp:attachment":[{"href":"https:\/\/anber.es\/web\/wp-json\/wp\/v2\/media?parent=6486"}],"wp:term":[{"taxonomy":"product_cat","embeddable":true,"href":"https:\/\/anber.es\/web\/wp-json\/wp\/v2\/product_cat?post=6486"},{"taxonomy":"product_tag","embeddable":true,"href":"https:\/\/anber.es\/web\/wp-json\/wp\/v2\/product_tag?post=6486"}],"curies":[{"name":"wp","href":"https:\/\/api.w.org\/{rel}","templated":true}]}}