{"id":6628,"date":"2022-01-18T09:31:28","date_gmt":"2022-01-18T07:31:28","guid":{"rendered":"https:\/\/anber.es\/producto\/caja-metalica-amarilla-para-lazos-y-adaptador\/"},"modified":"2026-04-21T11:29:47","modified_gmt":"2026-04-21T09:29:47","slug":"caja-metalica-amarilla-con-lazos-y-adaptador","status":"publish","type":"product","link":"https:\/\/anber.es\/web\/producto\/caja-metalica-amarilla-con-lazos-y-adaptador\/","title":{"rendered":"Caja met\u00e1lica amarilla con lazos y adaptador"},"content":{"rendered":"<p>La<strong> caja met\u00e1lica amarilla con lazos y adaptador <\/strong>es una malet\u00edn de color amarillo que nos permite guardar y transportar los lazos 42 y 54 junto con el adaptador Z2.<\/p>\n<p>Este malet\u00edn incluye lazos 42 y 54 y tambi\u00e9n el adaptador Z2.<\/p>\n<p>Esta caja nos permite <b>guardar de forma segura<\/b> nuestros 3 productos y adem\u00e1s poder <b>transportarlos de manera m\u00e1s c\u00f3moda<\/b>.<\/p>\n<p>La caja pesa poco y tiene larga durabilidad.<\/p>\n<p>Referencia: TM26M42M54Z2.<\/p>\n<p><a href=\"https:\/\/anber.es\/web\/wp-content\/uploads\/2022\/01\/Ficha_tecnica-tenazas_lazos_adaptadores_para_prensar.pdf\" target=\"_blank\" rel=\"noopener noreferrer\"><button>Descarga ficha<\/button><\/a><br \/>\n<a class=\"insta-link\" href=\"https:\/\/www.instagram.com\/aqlproteccion\/?hl=es\" target=\"_blank\" rel=\"noopener noreferrer\">Instagram<\/a><\/p>\n","protected":false},"excerpt":{"rendered":"<p>La caja met\u00e1lica amarilla con lazos y adaptador nos permite guardar y transportar los lazos 42 + 54 + el adaptador Z2 (accesorios incluidos)<\/p>\n","protected":false},"featured_media":8299,"template":"","meta":[],"product_cat":[41,220],"product_tag":[215],"yoast_head":"<!-- This site is optimized with the Yoast SEO plugin v22.1 - https:\/\/yoast.com\/wordpress\/plugins\/seo\/ -->\n<title>Caja met\u00e1lica amarilla con lazos y adaptador - Anber<\/title>\n<meta name=\"description\" content=\"La caja met\u00e1lica amarilla con lazos y adaptador nos permite guardar y transportar los lazos 42 + 54 + el adaptador Z2 (accesorios incluidos)\" \/>\n<meta name=\"robots\" content=\"index, follow, max-snippet:-1, max-image-preview:large, max-video-preview:-1\" \/>\n<link rel=\"canonical\" href=\"https:\/\/anber.es\/web\/producto\/caja-metalica-amarilla-con-lazos-y-adaptador\/\" \/>\n<meta property=\"og:locale\" content=\"es_ES\" \/>\n<meta property=\"og:type\" content=\"article\" \/>\n<meta property=\"og:title\" content=\"Caja met\u00e1lica amarilla con lazos y adaptador - Anber\" \/>\n<meta property=\"og:description\" content=\"La caja met\u00e1lica amarilla con lazos y adaptador nos permite guardar y transportar los lazos 42 + 54 + el adaptador Z2 (accesorios incluidos)\" \/>\n<meta property=\"og:url\" content=\"https:\/\/anber.es\/web\/producto\/caja-metalica-amarilla-con-lazos-y-adaptador\/\" \/>\n<meta property=\"og:site_name\" content=\"Anber\" \/>\n<meta property=\"article:modified_time\" content=\"2026-04-21T09:29:47+00:00\" \/>\n<meta property=\"og:image\" content=\"https:\/\/anber.es\/web\/wp-content\/uploads\/2022\/01\/caja_metalica_amarilla.webp\" \/>\n\t<meta property=\"og:image:width\" content=\"1000\" \/>\n\t<meta property=\"og:image:height\" content=\"1000\" \/>\n\t<meta property=\"og:image:type\" content=\"image\/webp\" \/>\n<meta name=\"twitter:card\" content=\"summary_large_image\" \/>\n<meta name=\"twitter:label1\" content=\"Tiempo de lectura\" \/>\n\t<meta name=\"twitter:data1\" content=\"1 minuto\" \/>\n<script type=\"application\/ld+json\" class=\"yoast-schema-graph\">{\"@context\":\"https:\/\/schema.org\",\"@graph\":[{\"@type\":\"WebPage\",\"@id\":\"https:\/\/anber.es\/web\/producto\/caja-metalica-amarilla-con-lazos-y-adaptador\/\",\"url\":\"https:\/\/anber.es\/web\/producto\/caja-metalica-amarilla-con-lazos-y-adaptador\/\",\"name\":\"Caja met\u00e1lica amarilla con lazos y adaptador - Anber\",\"isPartOf\":{\"@id\":\"https:\/\/anber.es\/web\/#website\"},\"datePublished\":\"2022-01-18T07:31:28+00:00\",\"dateModified\":\"2026-04-21T09:29:47+00:00\",\"description\":\"La caja met\u00e1lica amarilla con lazos y adaptador nos permite guardar y transportar los lazos 42 + 54 + el adaptador Z2 (accesorios incluidos)\",\"breadcrumb\":{\"@id\":\"https:\/\/anber.es\/web\/producto\/caja-metalica-amarilla-con-lazos-y-adaptador\/#breadcrumb\"},\"inLanguage\":\"es\",\"potentialAction\":[{\"@type\":\"ReadAction\",\"target\":[\"https:\/\/anber.es\/web\/producto\/caja-metalica-amarilla-con-lazos-y-adaptador\/\"]}]},{\"@type\":\"BreadcrumbList\",\"@id\":\"https:\/\/anber.es\/web\/producto\/caja-metalica-amarilla-con-lazos-y-adaptador\/#breadcrumb\",\"itemListElement\":[{\"@type\":\"ListItem\",\"position\":1,\"name\":\"Portada\",\"item\":\"https:\/\/anber.es\/web\/\"},{\"@type\":\"ListItem\",\"position\":2,\"name\":\"Productos\",\"item\":\"https:\/\/anber.es\/web\/productos\/\"},{\"@type\":\"ListItem\",\"position\":3,\"name\":\"Caja met\u00e1lica amarilla con lazos y adaptador\"}]},{\"@type\":\"WebSite\",\"@id\":\"https:\/\/anber.es\/web\/#website\",\"url\":\"https:\/\/anber.es\/web\/\",\"name\":\"Anber\",\"description\":\"Sistemas de protecci\u00f3n contra incendios\",\"publisher\":{\"@id\":\"https:\/\/anber.es\/web\/#organization\"},\"potentialAction\":[{\"@type\":\"SearchAction\",\"target\":{\"@type\":\"EntryPoint\",\"urlTemplate\":\"https:\/\/anber.es\/web\/?s={search_term_string}\"},\"query-input\":\"required name=search_term_string\"}],\"inLanguage\":\"es\"},{\"@type\":\"Organization\",\"@id\":\"https:\/\/anber.es\/web\/#organization\",\"name\":\"Anber\",\"url\":\"https:\/\/anber.es\/web\/\",\"logo\":{\"@type\":\"ImageObject\",\"inLanguage\":\"es\",\"@id\":\"https:\/\/anber.es\/web\/#\/schema\/logo\/image\/\",\"url\":\"https:\/\/anber.es\/web\/wp-content\/uploads\/2021\/03\/logo-anber.png\",\"contentUrl\":\"https:\/\/anber.es\/web\/wp-content\/uploads\/2021\/03\/logo-anber.png\",\"width\":2208,\"height\":500,\"caption\":\"Anber\"},\"image\":{\"@id\":\"https:\/\/anber.es\/web\/#\/schema\/logo\/image\/\"}}]}<\/script>\n<!-- \/ Yoast SEO plugin. -->","yoast_head_json":{"title":"Caja met\u00e1lica amarilla con lazos y adaptador - Anber","description":"La caja met\u00e1lica amarilla con lazos y adaptador nos permite guardar y transportar los lazos 42 + 54 + el adaptador Z2 (accesorios incluidos)","robots":{"index":"index","follow":"follow","max-snippet":"max-snippet:-1","max-image-preview":"max-image-preview:large","max-video-preview":"max-video-preview:-1"},"canonical":"https:\/\/anber.es\/web\/producto\/caja-metalica-amarilla-con-lazos-y-adaptador\/","og_locale":"es_ES","og_type":"article","og_title":"Caja met\u00e1lica amarilla con lazos y adaptador - Anber","og_description":"La caja met\u00e1lica amarilla con lazos y adaptador nos permite guardar y transportar los lazos 42 + 54 + el adaptador Z2 (accesorios incluidos)","og_url":"https:\/\/anber.es\/web\/producto\/caja-metalica-amarilla-con-lazos-y-adaptador\/","og_site_name":"Anber","article_modified_time":"2026-04-21T09:29:47+00:00","og_image":[{"width":1000,"height":1000,"url":"https:\/\/anber.es\/web\/wp-content\/uploads\/2022\/01\/caja_metalica_amarilla.webp","type":"image\/webp"}],"twitter_card":"summary_large_image","twitter_misc":{"Tiempo de lectura":"1 minuto"},"schema":{"@context":"https:\/\/schema.org","@graph":[{"@type":"WebPage","@id":"https:\/\/anber.es\/web\/producto\/caja-metalica-amarilla-con-lazos-y-adaptador\/","url":"https:\/\/anber.es\/web\/producto\/caja-metalica-amarilla-con-lazos-y-adaptador\/","name":"Caja met\u00e1lica amarilla con lazos y adaptador - Anber","isPartOf":{"@id":"https:\/\/anber.es\/web\/#website"},"datePublished":"2022-01-18T07:31:28+00:00","dateModified":"2026-04-21T09:29:47+00:00","description":"La caja met\u00e1lica amarilla con lazos y adaptador nos permite guardar y transportar los lazos 42 + 54 + el adaptador Z2 (accesorios incluidos)","breadcrumb":{"@id":"https:\/\/anber.es\/web\/producto\/caja-metalica-amarilla-con-lazos-y-adaptador\/#breadcrumb"},"inLanguage":"es","potentialAction":[{"@type":"ReadAction","target":["https:\/\/anber.es\/web\/producto\/caja-metalica-amarilla-con-lazos-y-adaptador\/"]}]},{"@type":"BreadcrumbList","@id":"https:\/\/anber.es\/web\/producto\/caja-metalica-amarilla-con-lazos-y-adaptador\/#breadcrumb","itemListElement":[{"@type":"ListItem","position":1,"name":"Portada","item":"https:\/\/anber.es\/web\/"},{"@type":"ListItem","position":2,"name":"Productos","item":"https:\/\/anber.es\/web\/productos\/"},{"@type":"ListItem","position":3,"name":"Caja met\u00e1lica amarilla con lazos y adaptador"}]},{"@type":"WebSite","@id":"https:\/\/anber.es\/web\/#website","url":"https:\/\/anber.es\/web\/","name":"Anber","description":"Sistemas de protecci\u00f3n contra incendios","publisher":{"@id":"https:\/\/anber.es\/web\/#organization"},"potentialAction":[{"@type":"SearchAction","target":{"@type":"EntryPoint","urlTemplate":"https:\/\/anber.es\/web\/?s={search_term_string}"},"query-input":"required name=search_term_string"}],"inLanguage":"es"},{"@type":"Organization","@id":"https:\/\/anber.es\/web\/#organization","name":"Anber","url":"https:\/\/anber.es\/web\/","logo":{"@type":"ImageObject","inLanguage":"es","@id":"https:\/\/anber.es\/web\/#\/schema\/logo\/image\/","url":"https:\/\/anber.es\/web\/wp-content\/uploads\/2021\/03\/logo-anber.png","contentUrl":"https:\/\/anber.es\/web\/wp-content\/uploads\/2021\/03\/logo-anber.png","width":2208,"height":500,"caption":"Anber"},"image":{"@id":"https:\/\/anber.es\/web\/#\/schema\/logo\/image\/"}}]}},"_links":{"self":[{"href":"https:\/\/anber.es\/web\/wp-json\/wp\/v2\/product\/6628"}],"collection":[{"href":"https:\/\/anber.es\/web\/wp-json\/wp\/v2\/product"}],"about":[{"href":"https:\/\/anber.es\/web\/wp-json\/wp\/v2\/types\/product"}],"wp:featuredmedia":[{"embeddable":true,"href":"https:\/\/anber.es\/web\/wp-json\/wp\/v2\/media\/8299"}],"wp:attachment":[{"href":"https:\/\/anber.es\/web\/wp-json\/wp\/v2\/media?parent=6628"}],"wp:term":[{"taxonomy":"product_cat","embeddable":true,"href":"https:\/\/anber.es\/web\/wp-json\/wp\/v2\/product_cat?post=6628"},{"taxonomy":"product_tag","embeddable":true,"href":"https:\/\/anber.es\/web\/wp-json\/wp\/v2\/product_tag?post=6628"}],"curies":[{"name":"wp","href":"https:\/\/api.w.org\/{rel}","templated":true}]}}