{"id":6657,"date":"2022-02-10T12:57:28","date_gmt":"2022-02-10T10:57:28","guid":{"rendered":"https:\/\/anber.es\/producto\/puesto-de-control-para-tuberia-seca-modelo-ddx-lp\/"},"modified":"2024-11-06T11:01:44","modified_gmt":"2024-11-06T09:01:44","slug":"puesto-de-control-para-tuberia-seca-modelo-ddx-lp","status":"publish","type":"product","link":"https:\/\/anber.es\/web\/producto\/puesto-de-control-para-tuberia-seca-modelo-ddx-lp\/","title":{"rendered":"Puesto de control modelo DDX-LP"},"content":{"rendered":"<p>El <strong>puesto de control modelo DDX-LP<\/strong> es una v\u00e1lvula que se acciona hidr\u00e1ulicamente y de tipo clapeta. Esta v\u00e1lvula de control se usa como v\u00e1lvula principal en un <b>sistema de tuber\u00eda seca<\/b>. Usando esta v\u00e1lvula se puede establecer sustancialmente la presi\u00f3n del sistema neum\u00e1tico menos que las v\u00e1lvulas secas de estilo diferencial convencionales. <\/p>\n<p>Los siguientes <b>beneficios son el resultado directo de una presi\u00f3n neum\u00e1tica m\u00e1s baja<\/b>:<br \/>\n\u2022 Fuentes neum\u00e1ticas m\u00e1s peque\u00f1as y econ\u00f3micas.<br \/>\n\u2022 Tiempos de tr\u00e1nsito de agua mejorados luego de la operaci\u00f3n de la v\u00e1lvula, y en algunos casos, eliminaci\u00f3n de dispositivos de apertura r\u00e1pida.<br \/>\n\u2022 La baja presi\u00f3n hace que el uso de nitr\u00f3geno sea m\u00e1s pr\u00e1ctico.<\/p>\n<p>Disponemos de<b> varios tama\u00f1os y terminaciones de conexi\u00f3n<\/b>.<\/p>\n<p>Referencia: VSRDDXLP.<\/p>\n<p><a href=\"\/web\/wp-content\/uploads\/2024\/11\/Ficha_tecnica-puesto_de_control_DDX-LP.pdf\" target=\"_blank\" rel=\"noopener noreferrer\"><button>Descarga ficha<\/button><\/a><br \/>\n<a class=\"insta-link\" href=\"https:\/\/www.instagram.com\/aqlproteccion\/?hl=es\" target=\"_blank\" rel=\"noopener noreferrer\">Instagram<\/a><\/p>\n","protected":false},"excerpt":{"rendered":"<p>El puesto de control modelo DDX-LP es una v\u00e1lvula que se acciona hidr\u00e1ulicamente y de tipo clapeta para sistemas de tuber\u00eda seca.<\/p>\n","protected":false},"featured_media":9565,"template":"","meta":[],"product_cat":[121,129,119],"product_tag":[],"yoast_head":"<!-- This site is optimized with the Yoast SEO plugin v22.1 - https:\/\/yoast.com\/wordpress\/plugins\/seo\/ -->\n<title>Puesto de control modelo DDX-LP - Anber<\/title>\n<meta name=\"description\" content=\"El puesto de control modelo DDX-LP es una v\u00e1lvula que se acciona hidr\u00e1ulicamente y de tipo clapeta para sistemas de tuber\u00eda seca.\" \/>\n<meta name=\"robots\" content=\"index, follow, max-snippet:-1, max-image-preview:large, max-video-preview:-1\" \/>\n<link rel=\"canonical\" href=\"https:\/\/anber.es\/web\/producto\/puesto-de-control-para-tuberia-seca-modelo-ddx-lp\/\" \/>\n<meta property=\"og:locale\" content=\"es_ES\" \/>\n<meta property=\"og:type\" content=\"article\" \/>\n<meta property=\"og:title\" content=\"Puesto de control modelo DDX-LP - Anber\" \/>\n<meta property=\"og:description\" content=\"El puesto de control modelo DDX-LP es una v\u00e1lvula que se acciona hidr\u00e1ulicamente y de tipo clapeta para sistemas de tuber\u00eda seca.\" \/>\n<meta property=\"og:url\" content=\"https:\/\/anber.es\/web\/producto\/puesto-de-control-para-tuberia-seca-modelo-ddx-lp\/\" \/>\n<meta property=\"og:site_name\" content=\"Anber\" \/>\n<meta property=\"article:modified_time\" content=\"2024-11-06T09:01:44+00:00\" \/>\n<meta property=\"og:image\" content=\"https:\/\/anber.es\/web\/wp-content\/uploads\/2024\/11\/puesto_de_control_DDX-LP.webp\" \/>\n\t<meta property=\"og:image:width\" content=\"1000\" \/>\n\t<meta property=\"og:image:height\" content=\"1000\" \/>\n\t<meta property=\"og:image:type\" content=\"image\/webp\" \/>\n<meta name=\"twitter:card\" content=\"summary_large_image\" \/>\n<meta name=\"twitter:label1\" content=\"Tiempo de lectura\" \/>\n\t<meta name=\"twitter:data1\" content=\"1 minuto\" \/>\n<script type=\"application\/ld+json\" class=\"yoast-schema-graph\">{\"@context\":\"https:\/\/schema.org\",\"@graph\":[{\"@type\":\"WebPage\",\"@id\":\"https:\/\/anber.es\/web\/producto\/puesto-de-control-para-tuberia-seca-modelo-ddx-lp\/\",\"url\":\"https:\/\/anber.es\/web\/producto\/puesto-de-control-para-tuberia-seca-modelo-ddx-lp\/\",\"name\":\"Puesto de control modelo DDX-LP - Anber\",\"isPartOf\":{\"@id\":\"https:\/\/anber.es\/web\/#website\"},\"datePublished\":\"2022-02-10T10:57:28+00:00\",\"dateModified\":\"2024-11-06T09:01:44+00:00\",\"description\":\"El puesto de control modelo DDX-LP es una v\u00e1lvula que se acciona hidr\u00e1ulicamente y de tipo clapeta para sistemas de tuber\u00eda seca.\",\"breadcrumb\":{\"@id\":\"https:\/\/anber.es\/web\/producto\/puesto-de-control-para-tuberia-seca-modelo-ddx-lp\/#breadcrumb\"},\"inLanguage\":\"es\",\"potentialAction\":[{\"@type\":\"ReadAction\",\"target\":[\"https:\/\/anber.es\/web\/producto\/puesto-de-control-para-tuberia-seca-modelo-ddx-lp\/\"]}]},{\"@type\":\"BreadcrumbList\",\"@id\":\"https:\/\/anber.es\/web\/producto\/puesto-de-control-para-tuberia-seca-modelo-ddx-lp\/#breadcrumb\",\"itemListElement\":[{\"@type\":\"ListItem\",\"position\":1,\"name\":\"Portada\",\"item\":\"https:\/\/anber.es\/web\/\"},{\"@type\":\"ListItem\",\"position\":2,\"name\":\"Productos\",\"item\":\"https:\/\/anber.es\/web\/productos\/\"},{\"@type\":\"ListItem\",\"position\":3,\"name\":\"Puesto de control modelo DDX-LP\"}]},{\"@type\":\"WebSite\",\"@id\":\"https:\/\/anber.es\/web\/#website\",\"url\":\"https:\/\/anber.es\/web\/\",\"name\":\"Anber\",\"description\":\"Sistemas de protecci\u00f3n contra incendios\",\"publisher\":{\"@id\":\"https:\/\/anber.es\/web\/#organization\"},\"potentialAction\":[{\"@type\":\"SearchAction\",\"target\":{\"@type\":\"EntryPoint\",\"urlTemplate\":\"https:\/\/anber.es\/web\/?s={search_term_string}\"},\"query-input\":\"required name=search_term_string\"}],\"inLanguage\":\"es\"},{\"@type\":\"Organization\",\"@id\":\"https:\/\/anber.es\/web\/#organization\",\"name\":\"Anber\",\"url\":\"https:\/\/anber.es\/web\/\",\"logo\":{\"@type\":\"ImageObject\",\"inLanguage\":\"es\",\"@id\":\"https:\/\/anber.es\/web\/#\/schema\/logo\/image\/\",\"url\":\"https:\/\/anber.es\/web\/wp-content\/uploads\/2021\/03\/logo-anber.png\",\"contentUrl\":\"https:\/\/anber.es\/web\/wp-content\/uploads\/2021\/03\/logo-anber.png\",\"width\":2208,\"height\":500,\"caption\":\"Anber\"},\"image\":{\"@id\":\"https:\/\/anber.es\/web\/#\/schema\/logo\/image\/\"}}]}<\/script>\n<!-- \/ Yoast SEO plugin. -->","yoast_head_json":{"title":"Puesto de control modelo DDX-LP - Anber","description":"El puesto de control modelo DDX-LP es una v\u00e1lvula que se acciona hidr\u00e1ulicamente y de tipo clapeta para sistemas de tuber\u00eda seca.","robots":{"index":"index","follow":"follow","max-snippet":"max-snippet:-1","max-image-preview":"max-image-preview:large","max-video-preview":"max-video-preview:-1"},"canonical":"https:\/\/anber.es\/web\/producto\/puesto-de-control-para-tuberia-seca-modelo-ddx-lp\/","og_locale":"es_ES","og_type":"article","og_title":"Puesto de control modelo DDX-LP - Anber","og_description":"El puesto de control modelo DDX-LP es una v\u00e1lvula que se acciona hidr\u00e1ulicamente y de tipo clapeta para sistemas de tuber\u00eda seca.","og_url":"https:\/\/anber.es\/web\/producto\/puesto-de-control-para-tuberia-seca-modelo-ddx-lp\/","og_site_name":"Anber","article_modified_time":"2024-11-06T09:01:44+00:00","og_image":[{"width":1000,"height":1000,"url":"https:\/\/anber.es\/web\/wp-content\/uploads\/2024\/11\/puesto_de_control_DDX-LP.webp","type":"image\/webp"}],"twitter_card":"summary_large_image","twitter_misc":{"Tiempo de lectura":"1 minuto"},"schema":{"@context":"https:\/\/schema.org","@graph":[{"@type":"WebPage","@id":"https:\/\/anber.es\/web\/producto\/puesto-de-control-para-tuberia-seca-modelo-ddx-lp\/","url":"https:\/\/anber.es\/web\/producto\/puesto-de-control-para-tuberia-seca-modelo-ddx-lp\/","name":"Puesto de control modelo DDX-LP - Anber","isPartOf":{"@id":"https:\/\/anber.es\/web\/#website"},"datePublished":"2022-02-10T10:57:28+00:00","dateModified":"2024-11-06T09:01:44+00:00","description":"El puesto de control modelo DDX-LP es una v\u00e1lvula que se acciona hidr\u00e1ulicamente y de tipo clapeta para sistemas de tuber\u00eda seca.","breadcrumb":{"@id":"https:\/\/anber.es\/web\/producto\/puesto-de-control-para-tuberia-seca-modelo-ddx-lp\/#breadcrumb"},"inLanguage":"es","potentialAction":[{"@type":"ReadAction","target":["https:\/\/anber.es\/web\/producto\/puesto-de-control-para-tuberia-seca-modelo-ddx-lp\/"]}]},{"@type":"BreadcrumbList","@id":"https:\/\/anber.es\/web\/producto\/puesto-de-control-para-tuberia-seca-modelo-ddx-lp\/#breadcrumb","itemListElement":[{"@type":"ListItem","position":1,"name":"Portada","item":"https:\/\/anber.es\/web\/"},{"@type":"ListItem","position":2,"name":"Productos","item":"https:\/\/anber.es\/web\/productos\/"},{"@type":"ListItem","position":3,"name":"Puesto de control modelo DDX-LP"}]},{"@type":"WebSite","@id":"https:\/\/anber.es\/web\/#website","url":"https:\/\/anber.es\/web\/","name":"Anber","description":"Sistemas de protecci\u00f3n contra incendios","publisher":{"@id":"https:\/\/anber.es\/web\/#organization"},"potentialAction":[{"@type":"SearchAction","target":{"@type":"EntryPoint","urlTemplate":"https:\/\/anber.es\/web\/?s={search_term_string}"},"query-input":"required name=search_term_string"}],"inLanguage":"es"},{"@type":"Organization","@id":"https:\/\/anber.es\/web\/#organization","name":"Anber","url":"https:\/\/anber.es\/web\/","logo":{"@type":"ImageObject","inLanguage":"es","@id":"https:\/\/anber.es\/web\/#\/schema\/logo\/image\/","url":"https:\/\/anber.es\/web\/wp-content\/uploads\/2021\/03\/logo-anber.png","contentUrl":"https:\/\/anber.es\/web\/wp-content\/uploads\/2021\/03\/logo-anber.png","width":2208,"height":500,"caption":"Anber"},"image":{"@id":"https:\/\/anber.es\/web\/#\/schema\/logo\/image\/"}}]}},"_links":{"self":[{"href":"https:\/\/anber.es\/web\/wp-json\/wp\/v2\/product\/6657"}],"collection":[{"href":"https:\/\/anber.es\/web\/wp-json\/wp\/v2\/product"}],"about":[{"href":"https:\/\/anber.es\/web\/wp-json\/wp\/v2\/types\/product"}],"wp:featuredmedia":[{"embeddable":true,"href":"https:\/\/anber.es\/web\/wp-json\/wp\/v2\/media\/9565"}],"wp:attachment":[{"href":"https:\/\/anber.es\/web\/wp-json\/wp\/v2\/media?parent=6657"}],"wp:term":[{"taxonomy":"product_cat","embeddable":true,"href":"https:\/\/anber.es\/web\/wp-json\/wp\/v2\/product_cat?post=6657"},{"taxonomy":"product_tag","embeddable":true,"href":"https:\/\/anber.es\/web\/wp-json\/wp\/v2\/product_tag?post=6657"}],"curies":[{"name":"wp","href":"https:\/\/api.w.org\/{rel}","templated":true}]}}