{"id":6675,"date":"2022-02-16T14:13:04","date_gmt":"2022-02-16T12:13:04","guid":{"rendered":"https:\/\/anber.es\/producto\/acumuladores-de-alta-presion\/"},"modified":"2024-12-30T12:39:37","modified_gmt":"2024-12-30T10:39:37","slug":"acumuladores-de-alta-presion","status":"publish","type":"product","link":"https:\/\/anber.es\/web\/producto\/acumuladores-de-alta-presion\/","title":{"rendered":"Acumuladores hidroneum\u00e1ticos"},"content":{"rendered":"<p>Estos<strong> acumuladores hidroneum\u00e1ticos<\/strong> est\u00e1n especialmente dise\u00f1ados para instalaciones anti-incendio, presurizaci\u00f3n, uso alimentario, etc.<\/p>\n<p>Temperatura de trabajo:<b> -10\u00baC +99\u00baC<\/b>.<\/p>\n<p><b>Membrana recambiable para agua fr\u00eda y ACS<\/b>.<\/p>\n<p>Brida de acero al carbono zincada.<\/p>\n<p>Certificado CE.<\/p>\n<p>Referencia: GHVEV.<\/p>\n<p><a href=\"\/web\/wp-content\/uploads\/2024\/12\/Ficha_tecnica-acumuladores_hidroneumaticos_rojos.pdf\" target=\"_blank\" rel=\"noopener noreferrer\"><button>Descarga ficha<\/button><\/a><br \/>\n<a class=\"insta-link\" href=\"https:\/\/www.instagram.com\/aqlproteccion\/?hl=es\" target=\"_blank\" rel=\"noopener noreferrer\">Instagram<\/a><\/p>\n","protected":false},"excerpt":{"rendered":"<p>Estos acumuladores de alta presi\u00f3n est\u00e1n especialmente dise\u00f1ados para instalaciones anti-incendio, presurizaci\u00f3n, uso alimentario, etc.<\/p>\n","protected":false},"featured_media":9454,"template":"","meta":[],"product_cat":[201,195,177],"product_tag":[215],"yoast_head":"<!-- This site is optimized with the Yoast SEO plugin v22.1 - https:\/\/yoast.com\/wordpress\/plugins\/seo\/ -->\n<title>Acumuladores hidroneum\u00e1ticos - Anber<\/title>\n<meta name=\"description\" content=\"Estos acumuladores de alta presi\u00f3n est\u00e1n especialmente dise\u00f1ados para instalaciones anti-incendio, presurizaci\u00f3n, uso alimentario, etc.\" \/>\n<meta name=\"robots\" content=\"index, follow, max-snippet:-1, max-image-preview:large, max-video-preview:-1\" \/>\n<link rel=\"canonical\" href=\"https:\/\/anber.es\/web\/producto\/acumuladores-de-alta-presion\/\" \/>\n<meta property=\"og:locale\" content=\"es_ES\" \/>\n<meta property=\"og:type\" content=\"article\" \/>\n<meta property=\"og:title\" content=\"Acumuladores hidroneum\u00e1ticos - Anber\" \/>\n<meta property=\"og:description\" content=\"Estos acumuladores de alta presi\u00f3n est\u00e1n especialmente dise\u00f1ados para instalaciones anti-incendio, presurizaci\u00f3n, uso alimentario, etc.\" \/>\n<meta property=\"og:url\" content=\"https:\/\/anber.es\/web\/producto\/acumuladores-de-alta-presion\/\" \/>\n<meta property=\"og:site_name\" content=\"Anber\" \/>\n<meta property=\"article:modified_time\" content=\"2024-12-30T10:39:37+00:00\" \/>\n<meta property=\"og:image\" content=\"https:\/\/anber.es\/web\/wp-content\/uploads\/2024\/06\/acumuladores_hidroneumaticos_rojos.webp\" \/>\n\t<meta property=\"og:image:width\" content=\"1000\" \/>\n\t<meta property=\"og:image:height\" content=\"1000\" \/>\n\t<meta property=\"og:image:type\" content=\"image\/webp\" \/>\n<meta name=\"twitter:card\" content=\"summary_large_image\" \/>\n<meta name=\"twitter:label1\" content=\"Tiempo de lectura\" \/>\n\t<meta name=\"twitter:data1\" content=\"1 minuto\" \/>\n<script type=\"application\/ld+json\" class=\"yoast-schema-graph\">{\"@context\":\"https:\/\/schema.org\",\"@graph\":[{\"@type\":\"WebPage\",\"@id\":\"https:\/\/anber.es\/web\/producto\/acumuladores-de-alta-presion\/\",\"url\":\"https:\/\/anber.es\/web\/producto\/acumuladores-de-alta-presion\/\",\"name\":\"Acumuladores hidroneum\u00e1ticos - Anber\",\"isPartOf\":{\"@id\":\"https:\/\/anber.es\/web\/#website\"},\"datePublished\":\"2022-02-16T12:13:04+00:00\",\"dateModified\":\"2024-12-30T10:39:37+00:00\",\"description\":\"Estos acumuladores de alta presi\u00f3n est\u00e1n especialmente dise\u00f1ados para instalaciones anti-incendio, presurizaci\u00f3n, uso alimentario, etc.\",\"breadcrumb\":{\"@id\":\"https:\/\/anber.es\/web\/producto\/acumuladores-de-alta-presion\/#breadcrumb\"},\"inLanguage\":\"es\",\"potentialAction\":[{\"@type\":\"ReadAction\",\"target\":[\"https:\/\/anber.es\/web\/producto\/acumuladores-de-alta-presion\/\"]}]},{\"@type\":\"BreadcrumbList\",\"@id\":\"https:\/\/anber.es\/web\/producto\/acumuladores-de-alta-presion\/#breadcrumb\",\"itemListElement\":[{\"@type\":\"ListItem\",\"position\":1,\"name\":\"Portada\",\"item\":\"https:\/\/anber.es\/web\/\"},{\"@type\":\"ListItem\",\"position\":2,\"name\":\"Productos\",\"item\":\"https:\/\/anber.es\/web\/productos\/\"},{\"@type\":\"ListItem\",\"position\":3,\"name\":\"Acumuladores hidroneum\u00e1ticos\"}]},{\"@type\":\"WebSite\",\"@id\":\"https:\/\/anber.es\/web\/#website\",\"url\":\"https:\/\/anber.es\/web\/\",\"name\":\"Anber\",\"description\":\"Sistemas de protecci\u00f3n contra incendios\",\"publisher\":{\"@id\":\"https:\/\/anber.es\/web\/#organization\"},\"potentialAction\":[{\"@type\":\"SearchAction\",\"target\":{\"@type\":\"EntryPoint\",\"urlTemplate\":\"https:\/\/anber.es\/web\/?s={search_term_string}\"},\"query-input\":\"required name=search_term_string\"}],\"inLanguage\":\"es\"},{\"@type\":\"Organization\",\"@id\":\"https:\/\/anber.es\/web\/#organization\",\"name\":\"Anber\",\"url\":\"https:\/\/anber.es\/web\/\",\"logo\":{\"@type\":\"ImageObject\",\"inLanguage\":\"es\",\"@id\":\"https:\/\/anber.es\/web\/#\/schema\/logo\/image\/\",\"url\":\"https:\/\/anber.es\/web\/wp-content\/uploads\/2021\/03\/logo-anber.png\",\"contentUrl\":\"https:\/\/anber.es\/web\/wp-content\/uploads\/2021\/03\/logo-anber.png\",\"width\":2208,\"height\":500,\"caption\":\"Anber\"},\"image\":{\"@id\":\"https:\/\/anber.es\/web\/#\/schema\/logo\/image\/\"}}]}<\/script>\n<!-- \/ Yoast SEO plugin. -->","yoast_head_json":{"title":"Acumuladores hidroneum\u00e1ticos - Anber","description":"Estos acumuladores de alta presi\u00f3n est\u00e1n especialmente dise\u00f1ados para instalaciones anti-incendio, presurizaci\u00f3n, uso alimentario, etc.","robots":{"index":"index","follow":"follow","max-snippet":"max-snippet:-1","max-image-preview":"max-image-preview:large","max-video-preview":"max-video-preview:-1"},"canonical":"https:\/\/anber.es\/web\/producto\/acumuladores-de-alta-presion\/","og_locale":"es_ES","og_type":"article","og_title":"Acumuladores hidroneum\u00e1ticos - Anber","og_description":"Estos acumuladores de alta presi\u00f3n est\u00e1n especialmente dise\u00f1ados para instalaciones anti-incendio, presurizaci\u00f3n, uso alimentario, etc.","og_url":"https:\/\/anber.es\/web\/producto\/acumuladores-de-alta-presion\/","og_site_name":"Anber","article_modified_time":"2024-12-30T10:39:37+00:00","og_image":[{"width":1000,"height":1000,"url":"https:\/\/anber.es\/web\/wp-content\/uploads\/2024\/06\/acumuladores_hidroneumaticos_rojos.webp","type":"image\/webp"}],"twitter_card":"summary_large_image","twitter_misc":{"Tiempo de lectura":"1 minuto"},"schema":{"@context":"https:\/\/schema.org","@graph":[{"@type":"WebPage","@id":"https:\/\/anber.es\/web\/producto\/acumuladores-de-alta-presion\/","url":"https:\/\/anber.es\/web\/producto\/acumuladores-de-alta-presion\/","name":"Acumuladores hidroneum\u00e1ticos - Anber","isPartOf":{"@id":"https:\/\/anber.es\/web\/#website"},"datePublished":"2022-02-16T12:13:04+00:00","dateModified":"2024-12-30T10:39:37+00:00","description":"Estos acumuladores de alta presi\u00f3n est\u00e1n especialmente dise\u00f1ados para instalaciones anti-incendio, presurizaci\u00f3n, uso alimentario, etc.","breadcrumb":{"@id":"https:\/\/anber.es\/web\/producto\/acumuladores-de-alta-presion\/#breadcrumb"},"inLanguage":"es","potentialAction":[{"@type":"ReadAction","target":["https:\/\/anber.es\/web\/producto\/acumuladores-de-alta-presion\/"]}]},{"@type":"BreadcrumbList","@id":"https:\/\/anber.es\/web\/producto\/acumuladores-de-alta-presion\/#breadcrumb","itemListElement":[{"@type":"ListItem","position":1,"name":"Portada","item":"https:\/\/anber.es\/web\/"},{"@type":"ListItem","position":2,"name":"Productos","item":"https:\/\/anber.es\/web\/productos\/"},{"@type":"ListItem","position":3,"name":"Acumuladores hidroneum\u00e1ticos"}]},{"@type":"WebSite","@id":"https:\/\/anber.es\/web\/#website","url":"https:\/\/anber.es\/web\/","name":"Anber","description":"Sistemas de protecci\u00f3n contra incendios","publisher":{"@id":"https:\/\/anber.es\/web\/#organization"},"potentialAction":[{"@type":"SearchAction","target":{"@type":"EntryPoint","urlTemplate":"https:\/\/anber.es\/web\/?s={search_term_string}"},"query-input":"required name=search_term_string"}],"inLanguage":"es"},{"@type":"Organization","@id":"https:\/\/anber.es\/web\/#organization","name":"Anber","url":"https:\/\/anber.es\/web\/","logo":{"@type":"ImageObject","inLanguage":"es","@id":"https:\/\/anber.es\/web\/#\/schema\/logo\/image\/","url":"https:\/\/anber.es\/web\/wp-content\/uploads\/2021\/03\/logo-anber.png","contentUrl":"https:\/\/anber.es\/web\/wp-content\/uploads\/2021\/03\/logo-anber.png","width":2208,"height":500,"caption":"Anber"},"image":{"@id":"https:\/\/anber.es\/web\/#\/schema\/logo\/image\/"}}]}},"_links":{"self":[{"href":"https:\/\/anber.es\/web\/wp-json\/wp\/v2\/product\/6675"}],"collection":[{"href":"https:\/\/anber.es\/web\/wp-json\/wp\/v2\/product"}],"about":[{"href":"https:\/\/anber.es\/web\/wp-json\/wp\/v2\/types\/product"}],"wp:featuredmedia":[{"embeddable":true,"href":"https:\/\/anber.es\/web\/wp-json\/wp\/v2\/media\/9454"}],"wp:attachment":[{"href":"https:\/\/anber.es\/web\/wp-json\/wp\/v2\/media?parent=6675"}],"wp:term":[{"taxonomy":"product_cat","embeddable":true,"href":"https:\/\/anber.es\/web\/wp-json\/wp\/v2\/product_cat?post=6675"},{"taxonomy":"product_tag","embeddable":true,"href":"https:\/\/anber.es\/web\/wp-json\/wp\/v2\/product_tag?post=6675"}],"curies":[{"name":"wp","href":"https:\/\/api.w.org\/{rel}","templated":true}]}}