{"id":6681,"date":"2022-02-17T10:37:53","date_gmt":"2022-02-17T08:37:53","guid":{"rendered":"https:\/\/anber.es\/producto\/acumuladores-hidroneumaticos\/"},"modified":"2025-01-07T10:08:47","modified_gmt":"2025-01-07T08:08:47","slug":"acumuladores-hidroneumaticos","status":"publish","type":"product","link":"https:\/\/anber.es\/web\/producto\/acumuladores-hidroneumaticos\/","title":{"rendered":"Acumuladores hidroneum\u00e1ticos"},"content":{"rendered":"<p>Los<strong> acumuladores hidroneum\u00e1ticos <\/strong>son dep\u00f3sitos de membrana recambiable ideales para instalaciones de grupos de presi\u00f3n.<\/p>\n<p>Dep\u00f3sito fabricado en <b>chapa de acero embutido con pintura exterior <\/b>(doble capa de epoxi + poliuretano acr\u00edlico).<\/p>\n<p>Certificado CE.<\/p>\n<p>Membrana de<b> EPDM at\u00f3xica alimentaria<\/b>.<\/p>\n<p>Brida de acero zincado.<\/p>\n<p><b>La conexi\u00f3n del agua es de acero inoxidable<\/b>.<\/p>\n<p>Referencia: GHVE.<\/p>\n<p><a href=\"\/web\/wp-content\/uploads\/2025\/01\/Ficha_tecnica-acumuladores_hidroneumaticos_azules.pdf\" target=\"_blank\" rel=\"noopener noreferrer\"><button>Descarga ficha<\/button><\/a><br \/>\n<a class=\"insta-link\" href=\"https:\/\/www.instagram.com\/aqlproteccion\/?hl=es\" target=\"_blank\" rel=\"noopener noreferrer\">Instagram<\/a><\/p>\n","protected":false},"excerpt":{"rendered":"<p>Los acumuladores hidroneum\u00e1ticos son dep\u00f3sitos de membrana recambiable ideales para instalaciones de grupos de presi\u00f3n.<\/p>\n","protected":false},"featured_media":6680,"template":"","meta":[],"product_cat":[201,195,177],"product_tag":[215],"yoast_head":"<!-- This site is optimized with the Yoast SEO plugin v22.1 - https:\/\/yoast.com\/wordpress\/plugins\/seo\/ -->\n<title>Acumuladores hidroneum\u00e1ticos - Anber<\/title>\n<meta name=\"description\" content=\"Los acumuladores hidroneum\u00e1ticos son dep\u00f3sitos de membrana recambiable ideales para instalaciones de grupos de presi\u00f3n.\" \/>\n<meta name=\"robots\" content=\"index, follow, max-snippet:-1, max-image-preview:large, max-video-preview:-1\" \/>\n<link rel=\"canonical\" href=\"https:\/\/anber.es\/web\/producto\/acumuladores-hidroneumaticos\/\" \/>\n<meta property=\"og:locale\" content=\"es_ES\" \/>\n<meta property=\"og:type\" content=\"article\" \/>\n<meta property=\"og:title\" content=\"Acumuladores hidroneum\u00e1ticos - Anber\" \/>\n<meta property=\"og:description\" content=\"Los acumuladores hidroneum\u00e1ticos son dep\u00f3sitos de membrana recambiable ideales para instalaciones de grupos de presi\u00f3n.\" \/>\n<meta property=\"og:url\" content=\"https:\/\/anber.es\/web\/producto\/acumuladores-hidroneumaticos\/\" \/>\n<meta property=\"og:site_name\" content=\"Anber\" \/>\n<meta property=\"article:modified_time\" content=\"2025-01-07T08:08:47+00:00\" \/>\n<meta property=\"og:image\" content=\"https:\/\/anber.es\/web\/wp-content\/uploads\/2022\/02\/acumuladores_hidroneumaticos.jpg\" \/>\n\t<meta property=\"og:image:width\" content=\"1000\" \/>\n\t<meta property=\"og:image:height\" content=\"1000\" \/>\n\t<meta property=\"og:image:type\" content=\"image\/jpeg\" \/>\n<meta name=\"twitter:card\" content=\"summary_large_image\" \/>\n<meta name=\"twitter:label1\" content=\"Tiempo de lectura\" \/>\n\t<meta name=\"twitter:data1\" content=\"1 minuto\" \/>\n<script type=\"application\/ld+json\" class=\"yoast-schema-graph\">{\"@context\":\"https:\/\/schema.org\",\"@graph\":[{\"@type\":\"WebPage\",\"@id\":\"https:\/\/anber.es\/web\/producto\/acumuladores-hidroneumaticos\/\",\"url\":\"https:\/\/anber.es\/web\/producto\/acumuladores-hidroneumaticos\/\",\"name\":\"Acumuladores hidroneum\u00e1ticos - Anber\",\"isPartOf\":{\"@id\":\"https:\/\/anber.es\/web\/#website\"},\"datePublished\":\"2022-02-17T08:37:53+00:00\",\"dateModified\":\"2025-01-07T08:08:47+00:00\",\"description\":\"Los acumuladores hidroneum\u00e1ticos son dep\u00f3sitos de membrana recambiable ideales para instalaciones de grupos de presi\u00f3n.\",\"breadcrumb\":{\"@id\":\"https:\/\/anber.es\/web\/producto\/acumuladores-hidroneumaticos\/#breadcrumb\"},\"inLanguage\":\"es\",\"potentialAction\":[{\"@type\":\"ReadAction\",\"target\":[\"https:\/\/anber.es\/web\/producto\/acumuladores-hidroneumaticos\/\"]}]},{\"@type\":\"BreadcrumbList\",\"@id\":\"https:\/\/anber.es\/web\/producto\/acumuladores-hidroneumaticos\/#breadcrumb\",\"itemListElement\":[{\"@type\":\"ListItem\",\"position\":1,\"name\":\"Portada\",\"item\":\"https:\/\/anber.es\/web\/\"},{\"@type\":\"ListItem\",\"position\":2,\"name\":\"Productos\",\"item\":\"https:\/\/anber.es\/web\/productos\/\"},{\"@type\":\"ListItem\",\"position\":3,\"name\":\"Acumuladores hidroneum\u00e1ticos\"}]},{\"@type\":\"WebSite\",\"@id\":\"https:\/\/anber.es\/web\/#website\",\"url\":\"https:\/\/anber.es\/web\/\",\"name\":\"Anber\",\"description\":\"Sistemas de protecci\u00f3n contra incendios\",\"publisher\":{\"@id\":\"https:\/\/anber.es\/web\/#organization\"},\"potentialAction\":[{\"@type\":\"SearchAction\",\"target\":{\"@type\":\"EntryPoint\",\"urlTemplate\":\"https:\/\/anber.es\/web\/?s={search_term_string}\"},\"query-input\":\"required name=search_term_string\"}],\"inLanguage\":\"es\"},{\"@type\":\"Organization\",\"@id\":\"https:\/\/anber.es\/web\/#organization\",\"name\":\"Anber\",\"url\":\"https:\/\/anber.es\/web\/\",\"logo\":{\"@type\":\"ImageObject\",\"inLanguage\":\"es\",\"@id\":\"https:\/\/anber.es\/web\/#\/schema\/logo\/image\/\",\"url\":\"https:\/\/anber.es\/web\/wp-content\/uploads\/2021\/03\/logo-anber.png\",\"contentUrl\":\"https:\/\/anber.es\/web\/wp-content\/uploads\/2021\/03\/logo-anber.png\",\"width\":2208,\"height\":500,\"caption\":\"Anber\"},\"image\":{\"@id\":\"https:\/\/anber.es\/web\/#\/schema\/logo\/image\/\"}}]}<\/script>\n<!-- \/ Yoast SEO plugin. -->","yoast_head_json":{"title":"Acumuladores hidroneum\u00e1ticos - Anber","description":"Los acumuladores hidroneum\u00e1ticos son dep\u00f3sitos de membrana recambiable ideales para instalaciones de grupos de presi\u00f3n.","robots":{"index":"index","follow":"follow","max-snippet":"max-snippet:-1","max-image-preview":"max-image-preview:large","max-video-preview":"max-video-preview:-1"},"canonical":"https:\/\/anber.es\/web\/producto\/acumuladores-hidroneumaticos\/","og_locale":"es_ES","og_type":"article","og_title":"Acumuladores hidroneum\u00e1ticos - Anber","og_description":"Los acumuladores hidroneum\u00e1ticos son dep\u00f3sitos de membrana recambiable ideales para instalaciones de grupos de presi\u00f3n.","og_url":"https:\/\/anber.es\/web\/producto\/acumuladores-hidroneumaticos\/","og_site_name":"Anber","article_modified_time":"2025-01-07T08:08:47+00:00","og_image":[{"width":1000,"height":1000,"url":"https:\/\/anber.es\/web\/wp-content\/uploads\/2022\/02\/acumuladores_hidroneumaticos.jpg","type":"image\/jpeg"}],"twitter_card":"summary_large_image","twitter_misc":{"Tiempo de lectura":"1 minuto"},"schema":{"@context":"https:\/\/schema.org","@graph":[{"@type":"WebPage","@id":"https:\/\/anber.es\/web\/producto\/acumuladores-hidroneumaticos\/","url":"https:\/\/anber.es\/web\/producto\/acumuladores-hidroneumaticos\/","name":"Acumuladores hidroneum\u00e1ticos - Anber","isPartOf":{"@id":"https:\/\/anber.es\/web\/#website"},"datePublished":"2022-02-17T08:37:53+00:00","dateModified":"2025-01-07T08:08:47+00:00","description":"Los acumuladores hidroneum\u00e1ticos son dep\u00f3sitos de membrana recambiable ideales para instalaciones de grupos de presi\u00f3n.","breadcrumb":{"@id":"https:\/\/anber.es\/web\/producto\/acumuladores-hidroneumaticos\/#breadcrumb"},"inLanguage":"es","potentialAction":[{"@type":"ReadAction","target":["https:\/\/anber.es\/web\/producto\/acumuladores-hidroneumaticos\/"]}]},{"@type":"BreadcrumbList","@id":"https:\/\/anber.es\/web\/producto\/acumuladores-hidroneumaticos\/#breadcrumb","itemListElement":[{"@type":"ListItem","position":1,"name":"Portada","item":"https:\/\/anber.es\/web\/"},{"@type":"ListItem","position":2,"name":"Productos","item":"https:\/\/anber.es\/web\/productos\/"},{"@type":"ListItem","position":3,"name":"Acumuladores hidroneum\u00e1ticos"}]},{"@type":"WebSite","@id":"https:\/\/anber.es\/web\/#website","url":"https:\/\/anber.es\/web\/","name":"Anber","description":"Sistemas de protecci\u00f3n contra incendios","publisher":{"@id":"https:\/\/anber.es\/web\/#organization"},"potentialAction":[{"@type":"SearchAction","target":{"@type":"EntryPoint","urlTemplate":"https:\/\/anber.es\/web\/?s={search_term_string}"},"query-input":"required name=search_term_string"}],"inLanguage":"es"},{"@type":"Organization","@id":"https:\/\/anber.es\/web\/#organization","name":"Anber","url":"https:\/\/anber.es\/web\/","logo":{"@type":"ImageObject","inLanguage":"es","@id":"https:\/\/anber.es\/web\/#\/schema\/logo\/image\/","url":"https:\/\/anber.es\/web\/wp-content\/uploads\/2021\/03\/logo-anber.png","contentUrl":"https:\/\/anber.es\/web\/wp-content\/uploads\/2021\/03\/logo-anber.png","width":2208,"height":500,"caption":"Anber"},"image":{"@id":"https:\/\/anber.es\/web\/#\/schema\/logo\/image\/"}}]}},"_links":{"self":[{"href":"https:\/\/anber.es\/web\/wp-json\/wp\/v2\/product\/6681"}],"collection":[{"href":"https:\/\/anber.es\/web\/wp-json\/wp\/v2\/product"}],"about":[{"href":"https:\/\/anber.es\/web\/wp-json\/wp\/v2\/types\/product"}],"wp:featuredmedia":[{"embeddable":true,"href":"https:\/\/anber.es\/web\/wp-json\/wp\/v2\/media\/6680"}],"wp:attachment":[{"href":"https:\/\/anber.es\/web\/wp-json\/wp\/v2\/media?parent=6681"}],"wp:term":[{"taxonomy":"product_cat","embeddable":true,"href":"https:\/\/anber.es\/web\/wp-json\/wp\/v2\/product_cat?post=6681"},{"taxonomy":"product_tag","embeddable":true,"href":"https:\/\/anber.es\/web\/wp-json\/wp\/v2\/product_tag?post=6681"}],"curies":[{"name":"wp","href":"https:\/\/api.w.org\/{rel}","templated":true}]}}