{"id":6719,"date":"2022-03-01T14:19:30","date_gmt":"2022-03-01T12:19:30","guid":{"rendered":"https:\/\/anber.es\/producto\/valvula-test-drain-a61-series\/"},"modified":"2025-09-30T08:35:56","modified_gmt":"2025-09-30T06:35:56","slug":"valvula-test-drain-a61-series","status":"publish","type":"product","link":"https:\/\/anber.es\/web\/producto\/valvula-test-drain-a61-series\/","title":{"rendered":"V\u00e1lvula Test &#038; Drain A61 Series"},"content":{"rendered":"<p>La <strong>v\u00e1lvula Test &#038; Drain A61 Series<\/strong> est\u00e1 dise\u00f1ada para sistemas de sprinklers h\u00famedos. Son v\u00e1lvulas de bola monomando con tres posiciones de trabajo. Incluyen un <b>orificio de prueba <\/b>a prueba de manipulaciones, una <b>mirilla<\/b> para el control visual y<b> toma para man\u00f3metro<\/b> NPT 1\/4&#8243;.<\/p>\n<p>Las v\u00e1lvulas cumplen con los requisitos de <b>NFPA 13, NFPA 13R y NFPA 13D.<br \/>\nAdem\u00e1s est\u00e1 aprobado por FM y listado por UL<\/b>, a excepci\u00f3n de 1 1\/2&#8243; que solo est\u00e1 listada por UL.<\/p>\n<p>Disponemos de los siguientes modelos y\/o tama\u00f1os:<br \/>\n&#8211; <b>Roscas BSP:<\/b> 1&#8243; , 1 1\/4&#8243; , 1 1\/2&#8243; y 2&#8243;.<br \/>\n&#8211; <b>Roscas NPT:<\/b> 1&#8243; , 1 1\/4&#8243; , 1 1\/2&#8243; y 2&#8243;.<br \/>\n&#8211; <b>Ranuradas:<\/b> 1 1\/4&#8243; y 2&#8243;.<\/p>\n<p>Referencia: VTGI.<\/p>\n<p><a href=\"\/web\/wp-content\/uploads\/2025\/09\/Ficha_tecnica-valvula_Test_and_Drain_A61_Series.pdf\" target=\"_blank\" rel=\"noopener noreferrer\"><button>Descarga ficha<\/button><\/a><br \/>\n<a class=\"insta-link\" href=\"https:\/\/www.instagram.com\/aqlproteccion\/?hl=es\" target=\"_blank\" rel=\"noopener noreferrer\">Instagram<\/a><\/p>\n","protected":false},"excerpt":{"rendered":"<p>La v\u00e1lvula Test &amp; Drain A61 Series est\u00e1 dise\u00f1ada para sistemas de sprinklers h\u00famedos. Son v\u00e1lvulas de bola monomando con tres posiciones de trabajo.<\/p>\n","protected":false},"featured_media":8816,"template":"","meta":[],"product_cat":[45,194],"product_tag":[],"yoast_head":"<!-- This site is optimized with the Yoast SEO plugin v22.1 - https:\/\/yoast.com\/wordpress\/plugins\/seo\/ -->\n<title>V\u00e1lvula Test &amp; Drain A61 Series - Anber<\/title>\n<meta name=\"description\" content=\"La v\u00e1lvula Test &amp; Drain A61 Series est\u00e1 dise\u00f1ada para sistemas de sprinklers h\u00famedos. Son v\u00e1lvulas de bola monomando con tres posiciones.\" \/>\n<meta name=\"robots\" content=\"index, follow, max-snippet:-1, max-image-preview:large, max-video-preview:-1\" \/>\n<link rel=\"canonical\" href=\"https:\/\/anber.es\/web\/producto\/valvula-test-drain-a61-series\/\" \/>\n<meta property=\"og:locale\" content=\"es_ES\" \/>\n<meta property=\"og:type\" content=\"article\" \/>\n<meta property=\"og:title\" content=\"V\u00e1lvula Test &amp; Drain A61 Series - Anber\" \/>\n<meta property=\"og:description\" content=\"La v\u00e1lvula Test &amp; Drain A61 Series est\u00e1 dise\u00f1ada para sistemas de sprinklers h\u00famedos. Son v\u00e1lvulas de bola monomando con tres posiciones.\" \/>\n<meta property=\"og:url\" content=\"https:\/\/anber.es\/web\/producto\/valvula-test-drain-a61-series\/\" \/>\n<meta property=\"og:site_name\" content=\"Anber\" \/>\n<meta property=\"article:modified_time\" content=\"2025-09-30T06:35:56+00:00\" \/>\n<meta property=\"og:image\" content=\"https:\/\/anber.es\/web\/wp-content\/uploads\/2023\/08\/valvula_Test_and_Drain_A61_Series.webp\" \/>\n\t<meta property=\"og:image:width\" content=\"1000\" \/>\n\t<meta property=\"og:image:height\" content=\"1000\" \/>\n\t<meta property=\"og:image:type\" content=\"image\/webp\" \/>\n<meta name=\"twitter:card\" content=\"summary_large_image\" \/>\n<meta name=\"twitter:label1\" content=\"Tiempo de lectura\" \/>\n\t<meta name=\"twitter:data1\" content=\"1 minuto\" \/>\n<script type=\"application\/ld+json\" class=\"yoast-schema-graph\">{\"@context\":\"https:\/\/schema.org\",\"@graph\":[{\"@type\":\"WebPage\",\"@id\":\"https:\/\/anber.es\/web\/producto\/valvula-test-drain-a61-series\/\",\"url\":\"https:\/\/anber.es\/web\/producto\/valvula-test-drain-a61-series\/\",\"name\":\"V\u00e1lvula Test & Drain A61 Series - Anber\",\"isPartOf\":{\"@id\":\"https:\/\/anber.es\/web\/#website\"},\"datePublished\":\"2022-03-01T12:19:30+00:00\",\"dateModified\":\"2025-09-30T06:35:56+00:00\",\"description\":\"La v\u00e1lvula Test & Drain A61 Series est\u00e1 dise\u00f1ada para sistemas de sprinklers h\u00famedos. Son v\u00e1lvulas de bola monomando con tres posiciones.\",\"breadcrumb\":{\"@id\":\"https:\/\/anber.es\/web\/producto\/valvula-test-drain-a61-series\/#breadcrumb\"},\"inLanguage\":\"es\",\"potentialAction\":[{\"@type\":\"ReadAction\",\"target\":[\"https:\/\/anber.es\/web\/producto\/valvula-test-drain-a61-series\/\"]}]},{\"@type\":\"BreadcrumbList\",\"@id\":\"https:\/\/anber.es\/web\/producto\/valvula-test-drain-a61-series\/#breadcrumb\",\"itemListElement\":[{\"@type\":\"ListItem\",\"position\":1,\"name\":\"Portada\",\"item\":\"https:\/\/anber.es\/web\/\"},{\"@type\":\"ListItem\",\"position\":2,\"name\":\"Productos\",\"item\":\"https:\/\/anber.es\/web\/productos\/\"},{\"@type\":\"ListItem\",\"position\":3,\"name\":\"V\u00e1lvula Test &#038; Drain A61 Series\"}]},{\"@type\":\"WebSite\",\"@id\":\"https:\/\/anber.es\/web\/#website\",\"url\":\"https:\/\/anber.es\/web\/\",\"name\":\"Anber\",\"description\":\"Sistemas de protecci\u00f3n contra incendios\",\"publisher\":{\"@id\":\"https:\/\/anber.es\/web\/#organization\"},\"potentialAction\":[{\"@type\":\"SearchAction\",\"target\":{\"@type\":\"EntryPoint\",\"urlTemplate\":\"https:\/\/anber.es\/web\/?s={search_term_string}\"},\"query-input\":\"required name=search_term_string\"}],\"inLanguage\":\"es\"},{\"@type\":\"Organization\",\"@id\":\"https:\/\/anber.es\/web\/#organization\",\"name\":\"Anber\",\"url\":\"https:\/\/anber.es\/web\/\",\"logo\":{\"@type\":\"ImageObject\",\"inLanguage\":\"es\",\"@id\":\"https:\/\/anber.es\/web\/#\/schema\/logo\/image\/\",\"url\":\"https:\/\/anber.es\/web\/wp-content\/uploads\/2021\/03\/logo-anber.png\",\"contentUrl\":\"https:\/\/anber.es\/web\/wp-content\/uploads\/2021\/03\/logo-anber.png\",\"width\":2208,\"height\":500,\"caption\":\"Anber\"},\"image\":{\"@id\":\"https:\/\/anber.es\/web\/#\/schema\/logo\/image\/\"}}]}<\/script>\n<!-- \/ Yoast SEO plugin. -->","yoast_head_json":{"title":"V\u00e1lvula Test & Drain A61 Series - Anber","description":"La v\u00e1lvula Test & Drain A61 Series est\u00e1 dise\u00f1ada para sistemas de sprinklers h\u00famedos. Son v\u00e1lvulas de bola monomando con tres posiciones.","robots":{"index":"index","follow":"follow","max-snippet":"max-snippet:-1","max-image-preview":"max-image-preview:large","max-video-preview":"max-video-preview:-1"},"canonical":"https:\/\/anber.es\/web\/producto\/valvula-test-drain-a61-series\/","og_locale":"es_ES","og_type":"article","og_title":"V\u00e1lvula Test & Drain A61 Series - Anber","og_description":"La v\u00e1lvula Test & Drain A61 Series est\u00e1 dise\u00f1ada para sistemas de sprinklers h\u00famedos. Son v\u00e1lvulas de bola monomando con tres posiciones.","og_url":"https:\/\/anber.es\/web\/producto\/valvula-test-drain-a61-series\/","og_site_name":"Anber","article_modified_time":"2025-09-30T06:35:56+00:00","og_image":[{"width":1000,"height":1000,"url":"https:\/\/anber.es\/web\/wp-content\/uploads\/2023\/08\/valvula_Test_and_Drain_A61_Series.webp","type":"image\/webp"}],"twitter_card":"summary_large_image","twitter_misc":{"Tiempo de lectura":"1 minuto"},"schema":{"@context":"https:\/\/schema.org","@graph":[{"@type":"WebPage","@id":"https:\/\/anber.es\/web\/producto\/valvula-test-drain-a61-series\/","url":"https:\/\/anber.es\/web\/producto\/valvula-test-drain-a61-series\/","name":"V\u00e1lvula Test & Drain A61 Series - Anber","isPartOf":{"@id":"https:\/\/anber.es\/web\/#website"},"datePublished":"2022-03-01T12:19:30+00:00","dateModified":"2025-09-30T06:35:56+00:00","description":"La v\u00e1lvula Test & Drain A61 Series est\u00e1 dise\u00f1ada para sistemas de sprinklers h\u00famedos. Son v\u00e1lvulas de bola monomando con tres posiciones.","breadcrumb":{"@id":"https:\/\/anber.es\/web\/producto\/valvula-test-drain-a61-series\/#breadcrumb"},"inLanguage":"es","potentialAction":[{"@type":"ReadAction","target":["https:\/\/anber.es\/web\/producto\/valvula-test-drain-a61-series\/"]}]},{"@type":"BreadcrumbList","@id":"https:\/\/anber.es\/web\/producto\/valvula-test-drain-a61-series\/#breadcrumb","itemListElement":[{"@type":"ListItem","position":1,"name":"Portada","item":"https:\/\/anber.es\/web\/"},{"@type":"ListItem","position":2,"name":"Productos","item":"https:\/\/anber.es\/web\/productos\/"},{"@type":"ListItem","position":3,"name":"V\u00e1lvula Test &#038; Drain A61 Series"}]},{"@type":"WebSite","@id":"https:\/\/anber.es\/web\/#website","url":"https:\/\/anber.es\/web\/","name":"Anber","description":"Sistemas de protecci\u00f3n contra incendios","publisher":{"@id":"https:\/\/anber.es\/web\/#organization"},"potentialAction":[{"@type":"SearchAction","target":{"@type":"EntryPoint","urlTemplate":"https:\/\/anber.es\/web\/?s={search_term_string}"},"query-input":"required name=search_term_string"}],"inLanguage":"es"},{"@type":"Organization","@id":"https:\/\/anber.es\/web\/#organization","name":"Anber","url":"https:\/\/anber.es\/web\/","logo":{"@type":"ImageObject","inLanguage":"es","@id":"https:\/\/anber.es\/web\/#\/schema\/logo\/image\/","url":"https:\/\/anber.es\/web\/wp-content\/uploads\/2021\/03\/logo-anber.png","contentUrl":"https:\/\/anber.es\/web\/wp-content\/uploads\/2021\/03\/logo-anber.png","width":2208,"height":500,"caption":"Anber"},"image":{"@id":"https:\/\/anber.es\/web\/#\/schema\/logo\/image\/"}}]}},"_links":{"self":[{"href":"https:\/\/anber.es\/web\/wp-json\/wp\/v2\/product\/6719"}],"collection":[{"href":"https:\/\/anber.es\/web\/wp-json\/wp\/v2\/product"}],"about":[{"href":"https:\/\/anber.es\/web\/wp-json\/wp\/v2\/types\/product"}],"wp:featuredmedia":[{"embeddable":true,"href":"https:\/\/anber.es\/web\/wp-json\/wp\/v2\/media\/8816"}],"wp:attachment":[{"href":"https:\/\/anber.es\/web\/wp-json\/wp\/v2\/media?parent=6719"}],"wp:term":[{"taxonomy":"product_cat","embeddable":true,"href":"https:\/\/anber.es\/web\/wp-json\/wp\/v2\/product_cat?post=6719"},{"taxonomy":"product_tag","embeddable":true,"href":"https:\/\/anber.es\/web\/wp-json\/wp\/v2\/product_tag?post=6719"}],"curies":[{"name":"wp","href":"https:\/\/api.w.org\/{rel}","templated":true}]}}