{"id":6728,"date":"2022-03-09T16:45:45","date_gmt":"2022-03-09T14:45:45","guid":{"rendered":"https:\/\/anber.es\/producto\/carro-movil-para-espuma\/"},"modified":"2026-03-26T12:49:08","modified_gmt":"2026-03-26T10:49:08","slug":"unidad-movil-para-espuma","status":"publish","type":"product","link":"https:\/\/anber.es\/web\/producto\/unidad-movil-para-espuma\/","title":{"rendered":"Unidad m\u00f3vil para espuma"},"content":{"rendered":"<p>La<strong> unidad m\u00f3vil para espuma <\/strong>est\u00e1 compuesta de un dep\u00f3sito de polietileno de color amarillo montado sobre un chasis provisto de dos ruedas macizas de 400mm y dos ruedas orientables con dispositivo de bloqueo.<\/p>\n<p>Capacidad del dep\u00f3sito: <b>100 litros o 150 litros<\/b>.<\/p>\n<p>Presi\u00f3n m\u00e1xima admisible: <b>16 bares<\/b>.<\/p>\n<p><b>Mezclador \u201cMixy\u201d 200 o 400 l\/min<\/b> con v\u00e1lvula de regulaci\u00f3n y dosificador (Off &#8211; 0,4 &#8211; 1 &#8211; 3 &#8211; 6%).<\/p>\n<p>Lanza de espuma <b>baja expansi\u00f3n<\/b>.<\/p>\n<p>Referencia: FC.<\/p>\n<p><a href=\"\/web\/wp-content\/uploads\/2022\/03\/Ficha_tecnica-carro_movil_espuma.pdf\" target=\"_blank\" rel=\"noopener noreferrer\"><button>Descarga ficha<\/button><\/a><br \/>\n<a class=\"insta-link\" href=\"https:\/\/www.instagram.com\/aqlproteccion\/?hl=es\" target=\"_blank\" rel=\"noopener noreferrer\">Instagram<\/a><\/p>\n","protected":false},"excerpt":{"rendered":"<p>La unidad m\u00f3vil para espuma est\u00e1 compuesta de un dep\u00f3sito de polietileno de color amarillo montado sobre un chasis provisto de dos ruedas macizas de 400mm y dos ruedas orientables con dispositivo de bloqueo.<\/p>\n","protected":false},"featured_media":6786,"template":"","meta":[],"product_cat":[20,244,250],"product_tag":[],"yoast_head":"<!-- This site is optimized with the Yoast SEO plugin v22.1 - https:\/\/yoast.com\/wordpress\/plugins\/seo\/ -->\n<title>Unidad m\u00f3vil para espuma - Anber<\/title>\n<meta name=\"description\" content=\"La unidad m\u00f3vil para espuma est\u00e1 compuesta de un dep\u00f3sito de polietileno de color amarillo montado sobre un chasis con ruedas.\" \/>\n<meta name=\"robots\" content=\"index, follow, max-snippet:-1, max-image-preview:large, max-video-preview:-1\" \/>\n<link rel=\"canonical\" href=\"https:\/\/anber.es\/web\/producto\/unidad-movil-para-espuma\/\" \/>\n<meta property=\"og:locale\" content=\"es_ES\" \/>\n<meta property=\"og:type\" content=\"article\" \/>\n<meta property=\"og:title\" content=\"Unidad m\u00f3vil para espuma - Anber\" \/>\n<meta property=\"og:description\" content=\"La unidad m\u00f3vil para espuma est\u00e1 compuesta de un dep\u00f3sito de polietileno de color amarillo montado sobre un chasis con ruedas.\" \/>\n<meta property=\"og:url\" content=\"https:\/\/anber.es\/web\/producto\/unidad-movil-para-espuma\/\" \/>\n<meta property=\"og:site_name\" content=\"Anber\" \/>\n<meta property=\"article:modified_time\" content=\"2026-03-26T10:49:08+00:00\" \/>\n<meta property=\"og:image\" content=\"https:\/\/anber.es\/web\/wp-content\/uploads\/2022\/03\/carro_movil_espuma-1.jpg\" \/>\n\t<meta property=\"og:image:width\" content=\"1000\" \/>\n\t<meta property=\"og:image:height\" content=\"1000\" \/>\n\t<meta property=\"og:image:type\" content=\"image\/jpeg\" \/>\n<meta name=\"twitter:card\" content=\"summary_large_image\" \/>\n<meta name=\"twitter:label1\" content=\"Tiempo de lectura\" \/>\n\t<meta name=\"twitter:data1\" content=\"1 minuto\" \/>\n<script type=\"application\/ld+json\" class=\"yoast-schema-graph\">{\"@context\":\"https:\/\/schema.org\",\"@graph\":[{\"@type\":\"WebPage\",\"@id\":\"https:\/\/anber.es\/web\/producto\/unidad-movil-para-espuma\/\",\"url\":\"https:\/\/anber.es\/web\/producto\/unidad-movil-para-espuma\/\",\"name\":\"Unidad m\u00f3vil para espuma - Anber\",\"isPartOf\":{\"@id\":\"https:\/\/anber.es\/web\/#website\"},\"datePublished\":\"2022-03-09T14:45:45+00:00\",\"dateModified\":\"2026-03-26T10:49:08+00:00\",\"description\":\"La unidad m\u00f3vil para espuma est\u00e1 compuesta de un dep\u00f3sito de polietileno de color amarillo montado sobre un chasis con ruedas.\",\"breadcrumb\":{\"@id\":\"https:\/\/anber.es\/web\/producto\/unidad-movil-para-espuma\/#breadcrumb\"},\"inLanguage\":\"es\",\"potentialAction\":[{\"@type\":\"ReadAction\",\"target\":[\"https:\/\/anber.es\/web\/producto\/unidad-movil-para-espuma\/\"]}]},{\"@type\":\"BreadcrumbList\",\"@id\":\"https:\/\/anber.es\/web\/producto\/unidad-movil-para-espuma\/#breadcrumb\",\"itemListElement\":[{\"@type\":\"ListItem\",\"position\":1,\"name\":\"Portada\",\"item\":\"https:\/\/anber.es\/web\/\"},{\"@type\":\"ListItem\",\"position\":2,\"name\":\"Productos\",\"item\":\"https:\/\/anber.es\/web\/productos\/\"},{\"@type\":\"ListItem\",\"position\":3,\"name\":\"Unidad m\u00f3vil para espuma\"}]},{\"@type\":\"WebSite\",\"@id\":\"https:\/\/anber.es\/web\/#website\",\"url\":\"https:\/\/anber.es\/web\/\",\"name\":\"Anber\",\"description\":\"Sistemas de protecci\u00f3n contra incendios\",\"publisher\":{\"@id\":\"https:\/\/anber.es\/web\/#organization\"},\"potentialAction\":[{\"@type\":\"SearchAction\",\"target\":{\"@type\":\"EntryPoint\",\"urlTemplate\":\"https:\/\/anber.es\/web\/?s={search_term_string}\"},\"query-input\":\"required name=search_term_string\"}],\"inLanguage\":\"es\"},{\"@type\":\"Organization\",\"@id\":\"https:\/\/anber.es\/web\/#organization\",\"name\":\"Anber\",\"url\":\"https:\/\/anber.es\/web\/\",\"logo\":{\"@type\":\"ImageObject\",\"inLanguage\":\"es\",\"@id\":\"https:\/\/anber.es\/web\/#\/schema\/logo\/image\/\",\"url\":\"https:\/\/anber.es\/web\/wp-content\/uploads\/2021\/03\/logo-anber.png\",\"contentUrl\":\"https:\/\/anber.es\/web\/wp-content\/uploads\/2021\/03\/logo-anber.png\",\"width\":2208,\"height\":500,\"caption\":\"Anber\"},\"image\":{\"@id\":\"https:\/\/anber.es\/web\/#\/schema\/logo\/image\/\"}}]}<\/script>\n<!-- \/ Yoast SEO plugin. -->","yoast_head_json":{"title":"Unidad m\u00f3vil para espuma - Anber","description":"La unidad m\u00f3vil para espuma est\u00e1 compuesta de un dep\u00f3sito de polietileno de color amarillo montado sobre un chasis con ruedas.","robots":{"index":"index","follow":"follow","max-snippet":"max-snippet:-1","max-image-preview":"max-image-preview:large","max-video-preview":"max-video-preview:-1"},"canonical":"https:\/\/anber.es\/web\/producto\/unidad-movil-para-espuma\/","og_locale":"es_ES","og_type":"article","og_title":"Unidad m\u00f3vil para espuma - Anber","og_description":"La unidad m\u00f3vil para espuma est\u00e1 compuesta de un dep\u00f3sito de polietileno de color amarillo montado sobre un chasis con ruedas.","og_url":"https:\/\/anber.es\/web\/producto\/unidad-movil-para-espuma\/","og_site_name":"Anber","article_modified_time":"2026-03-26T10:49:08+00:00","og_image":[{"width":1000,"height":1000,"url":"https:\/\/anber.es\/web\/wp-content\/uploads\/2022\/03\/carro_movil_espuma-1.jpg","type":"image\/jpeg"}],"twitter_card":"summary_large_image","twitter_misc":{"Tiempo de lectura":"1 minuto"},"schema":{"@context":"https:\/\/schema.org","@graph":[{"@type":"WebPage","@id":"https:\/\/anber.es\/web\/producto\/unidad-movil-para-espuma\/","url":"https:\/\/anber.es\/web\/producto\/unidad-movil-para-espuma\/","name":"Unidad m\u00f3vil para espuma - Anber","isPartOf":{"@id":"https:\/\/anber.es\/web\/#website"},"datePublished":"2022-03-09T14:45:45+00:00","dateModified":"2026-03-26T10:49:08+00:00","description":"La unidad m\u00f3vil para espuma est\u00e1 compuesta de un dep\u00f3sito de polietileno de color amarillo montado sobre un chasis con ruedas.","breadcrumb":{"@id":"https:\/\/anber.es\/web\/producto\/unidad-movil-para-espuma\/#breadcrumb"},"inLanguage":"es","potentialAction":[{"@type":"ReadAction","target":["https:\/\/anber.es\/web\/producto\/unidad-movil-para-espuma\/"]}]},{"@type":"BreadcrumbList","@id":"https:\/\/anber.es\/web\/producto\/unidad-movil-para-espuma\/#breadcrumb","itemListElement":[{"@type":"ListItem","position":1,"name":"Portada","item":"https:\/\/anber.es\/web\/"},{"@type":"ListItem","position":2,"name":"Productos","item":"https:\/\/anber.es\/web\/productos\/"},{"@type":"ListItem","position":3,"name":"Unidad m\u00f3vil para espuma"}]},{"@type":"WebSite","@id":"https:\/\/anber.es\/web\/#website","url":"https:\/\/anber.es\/web\/","name":"Anber","description":"Sistemas de protecci\u00f3n contra incendios","publisher":{"@id":"https:\/\/anber.es\/web\/#organization"},"potentialAction":[{"@type":"SearchAction","target":{"@type":"EntryPoint","urlTemplate":"https:\/\/anber.es\/web\/?s={search_term_string}"},"query-input":"required name=search_term_string"}],"inLanguage":"es"},{"@type":"Organization","@id":"https:\/\/anber.es\/web\/#organization","name":"Anber","url":"https:\/\/anber.es\/web\/","logo":{"@type":"ImageObject","inLanguage":"es","@id":"https:\/\/anber.es\/web\/#\/schema\/logo\/image\/","url":"https:\/\/anber.es\/web\/wp-content\/uploads\/2021\/03\/logo-anber.png","contentUrl":"https:\/\/anber.es\/web\/wp-content\/uploads\/2021\/03\/logo-anber.png","width":2208,"height":500,"caption":"Anber"},"image":{"@id":"https:\/\/anber.es\/web\/#\/schema\/logo\/image\/"}}]}},"_links":{"self":[{"href":"https:\/\/anber.es\/web\/wp-json\/wp\/v2\/product\/6728"}],"collection":[{"href":"https:\/\/anber.es\/web\/wp-json\/wp\/v2\/product"}],"about":[{"href":"https:\/\/anber.es\/web\/wp-json\/wp\/v2\/types\/product"}],"wp:featuredmedia":[{"embeddable":true,"href":"https:\/\/anber.es\/web\/wp-json\/wp\/v2\/media\/6786"}],"wp:attachment":[{"href":"https:\/\/anber.es\/web\/wp-json\/wp\/v2\/media?parent=6728"}],"wp:term":[{"taxonomy":"product_cat","embeddable":true,"href":"https:\/\/anber.es\/web\/wp-json\/wp\/v2\/product_cat?post=6728"},{"taxonomy":"product_tag","embeddable":true,"href":"https:\/\/anber.es\/web\/wp-json\/wp\/v2\/product_tag?post=6728"}],"curies":[{"name":"wp","href":"https:\/\/api.w.org\/{rel}","templated":true}]}}