{"id":6816,"date":"2022-03-28T09:55:58","date_gmt":"2022-03-28T07:55:58","guid":{"rendered":"https:\/\/anber.es\/?post_type=product&#038;p=6816"},"modified":"2022-07-12T09:48:07","modified_gmt":"2022-07-12T07:48:07","slug":"conector-flexible-reforzado-serie-rf-200-para-sprinklers","status":"publish","type":"product","link":"https:\/\/anber.es\/web\/producto\/conector-flexible-reforzado-serie-rf-200-para-sprinklers\/","title":{"rendered":"Conector flexible reforzado serie RF-200 para sprinklers"},"content":{"rendered":"<p>El <strong>conector flexible reforzado serie RF-200 para sprinklers <\/strong>est\u00e1 dise\u00f1ado para la conexi\u00f3n entre la tuber\u00eda de suministro de agua y los rociadores ofreciendo una <b>flexibilidad ilimitada<\/b>. <\/p>\n<p>Reduce significativamente el coste de la mano de obra y el tiempo de instalaci\u00f3n al eliminar las necesidades de corte de tuber\u00edas e instalaci\u00f3n de los accesorios (<b>s\u00f3lo se requiere llave y destornillador<\/b>).<\/p>\n<p>Mejora el rendimiento ya que es apto para <b>aplicaciones s\u00edsmicas o vibratorias<\/b>, tiene una alta resistencia a la <strong>corrosi\u00f3n<\/strong> por sus trenzas de<b> acero inoxidable<\/b>.<\/p>\n<p>El conector flexible reforzado serie RF-200 para sprinklers est\u00e1 dise\u00f1ado para uso en <b>sistemas h\u00famedos, secos y de acci\u00f3n previa<\/b>.<\/p>\n<p>Prueba de fugas en f\u00e1brica al 100% de acuerdo con las normas <b>UL y FM<\/b>.<\/p>\n<p><b>Disponible varias longitudes y conexiones<\/b>.<\/p>\n<p>Referencia: LAR.<\/p>\n<p><a href=\"\/web\/wp-content\/uploads\/2022\/03\/Ficha_tecnica-conector_flexible_FR-200_sprinklers_FM-UL.pdf\" target=\"_blank\" rel=\"noopener noreferrer\"><button>Descarga ficha<\/button><\/a><br \/>\n<a class=\"insta-link\" href=\"https:\/\/www.instagram.com\/aqlproteccion\/?hl=es\" target=\"_blank\" rel=\"noopener noreferrer\">Instagram<\/a><\/p>\n","protected":false},"excerpt":{"rendered":"<p>El conector flexible reforzado serie RF-200 para sprinklers est\u00e1 dise\u00f1ado para la conexi\u00f3n entre la tuber\u00eda  de suministro de agua y los rociadores ofreciendo una flexibilidad ilimitada. <\/p>\n","protected":false},"featured_media":6815,"template":"","meta":[],"product_cat":[188,119,122],"product_tag":[215],"yoast_head":"<!-- This site is optimized with the Yoast SEO plugin v22.1 - https:\/\/yoast.com\/wordpress\/plugins\/seo\/ -->\n<title>Conector flexible reforzado serie RF-200 para sprinklers - Anber<\/title>\n<meta name=\"description\" content=\"El conector flexible reforzado serie RF-200 para sprinklers est\u00e1 dise\u00f1ado para la conexi\u00f3n entre la tuber\u00eda y los rociadores.\" \/>\n<meta name=\"robots\" content=\"index, follow, max-snippet:-1, max-image-preview:large, max-video-preview:-1\" \/>\n<link rel=\"canonical\" href=\"https:\/\/anber.es\/web\/producto\/conector-flexible-reforzado-serie-rf-200-para-sprinklers\/\" \/>\n<meta property=\"og:locale\" content=\"es_ES\" \/>\n<meta property=\"og:type\" content=\"article\" \/>\n<meta property=\"og:title\" content=\"Conector flexible reforzado serie RF-200 para sprinklers - Anber\" \/>\n<meta property=\"og:description\" content=\"El conector flexible reforzado serie RF-200 para sprinklers est\u00e1 dise\u00f1ado para la conexi\u00f3n entre la tuber\u00eda y los rociadores.\" \/>\n<meta property=\"og:url\" content=\"https:\/\/anber.es\/web\/producto\/conector-flexible-reforzado-serie-rf-200-para-sprinklers\/\" \/>\n<meta property=\"og:site_name\" content=\"Anber\" \/>\n<meta property=\"article:modified_time\" content=\"2022-07-12T07:48:07+00:00\" \/>\n<meta property=\"og:image\" content=\"https:\/\/anber.es\/web\/wp-content\/uploads\/2022\/03\/conector_flexible_R-200_reforzado_FM-UL.jpg\" \/>\n\t<meta property=\"og:image:width\" content=\"1000\" \/>\n\t<meta property=\"og:image:height\" content=\"1000\" \/>\n\t<meta property=\"og:image:type\" content=\"image\/jpeg\" \/>\n<meta name=\"twitter:card\" content=\"summary_large_image\" \/>\n<meta name=\"twitter:label1\" content=\"Tiempo de lectura\" \/>\n\t<meta name=\"twitter:data1\" content=\"1 minuto\" \/>\n<script type=\"application\/ld+json\" class=\"yoast-schema-graph\">{\"@context\":\"https:\/\/schema.org\",\"@graph\":[{\"@type\":\"WebPage\",\"@id\":\"https:\/\/anber.es\/web\/producto\/conector-flexible-reforzado-serie-rf-200-para-sprinklers\/\",\"url\":\"https:\/\/anber.es\/web\/producto\/conector-flexible-reforzado-serie-rf-200-para-sprinklers\/\",\"name\":\"Conector flexible reforzado serie RF-200 para sprinklers - Anber\",\"isPartOf\":{\"@id\":\"https:\/\/anber.es\/web\/#website\"},\"datePublished\":\"2022-03-28T07:55:58+00:00\",\"dateModified\":\"2022-07-12T07:48:07+00:00\",\"description\":\"El conector flexible reforzado serie RF-200 para sprinklers est\u00e1 dise\u00f1ado para la conexi\u00f3n entre la tuber\u00eda y los rociadores.\",\"breadcrumb\":{\"@id\":\"https:\/\/anber.es\/web\/producto\/conector-flexible-reforzado-serie-rf-200-para-sprinklers\/#breadcrumb\"},\"inLanguage\":\"es\",\"potentialAction\":[{\"@type\":\"ReadAction\",\"target\":[\"https:\/\/anber.es\/web\/producto\/conector-flexible-reforzado-serie-rf-200-para-sprinklers\/\"]}]},{\"@type\":\"BreadcrumbList\",\"@id\":\"https:\/\/anber.es\/web\/producto\/conector-flexible-reforzado-serie-rf-200-para-sprinklers\/#breadcrumb\",\"itemListElement\":[{\"@type\":\"ListItem\",\"position\":1,\"name\":\"Portada\",\"item\":\"https:\/\/anber.es\/web\/\"},{\"@type\":\"ListItem\",\"position\":2,\"name\":\"Productos\",\"item\":\"https:\/\/anber.es\/web\/productos\/\"},{\"@type\":\"ListItem\",\"position\":3,\"name\":\"Conector flexible reforzado serie RF-200 para sprinklers\"}]},{\"@type\":\"WebSite\",\"@id\":\"https:\/\/anber.es\/web\/#website\",\"url\":\"https:\/\/anber.es\/web\/\",\"name\":\"Anber\",\"description\":\"Sistemas de protecci\u00f3n contra incendios\",\"publisher\":{\"@id\":\"https:\/\/anber.es\/web\/#organization\"},\"potentialAction\":[{\"@type\":\"SearchAction\",\"target\":{\"@type\":\"EntryPoint\",\"urlTemplate\":\"https:\/\/anber.es\/web\/?s={search_term_string}\"},\"query-input\":\"required name=search_term_string\"}],\"inLanguage\":\"es\"},{\"@type\":\"Organization\",\"@id\":\"https:\/\/anber.es\/web\/#organization\",\"name\":\"Anber\",\"url\":\"https:\/\/anber.es\/web\/\",\"logo\":{\"@type\":\"ImageObject\",\"inLanguage\":\"es\",\"@id\":\"https:\/\/anber.es\/web\/#\/schema\/logo\/image\/\",\"url\":\"https:\/\/anber.es\/web\/wp-content\/uploads\/2021\/03\/logo-anber.png\",\"contentUrl\":\"https:\/\/anber.es\/web\/wp-content\/uploads\/2021\/03\/logo-anber.png\",\"width\":2208,\"height\":500,\"caption\":\"Anber\"},\"image\":{\"@id\":\"https:\/\/anber.es\/web\/#\/schema\/logo\/image\/\"}}]}<\/script>\n<!-- \/ Yoast SEO plugin. -->","yoast_head_json":{"title":"Conector flexible reforzado serie RF-200 para sprinklers - Anber","description":"El conector flexible reforzado serie RF-200 para sprinklers est\u00e1 dise\u00f1ado para la conexi\u00f3n entre la tuber\u00eda y los rociadores.","robots":{"index":"index","follow":"follow","max-snippet":"max-snippet:-1","max-image-preview":"max-image-preview:large","max-video-preview":"max-video-preview:-1"},"canonical":"https:\/\/anber.es\/web\/producto\/conector-flexible-reforzado-serie-rf-200-para-sprinklers\/","og_locale":"es_ES","og_type":"article","og_title":"Conector flexible reforzado serie RF-200 para sprinklers - Anber","og_description":"El conector flexible reforzado serie RF-200 para sprinklers est\u00e1 dise\u00f1ado para la conexi\u00f3n entre la tuber\u00eda y los rociadores.","og_url":"https:\/\/anber.es\/web\/producto\/conector-flexible-reforzado-serie-rf-200-para-sprinklers\/","og_site_name":"Anber","article_modified_time":"2022-07-12T07:48:07+00:00","og_image":[{"width":1000,"height":1000,"url":"https:\/\/anber.es\/web\/wp-content\/uploads\/2022\/03\/conector_flexible_R-200_reforzado_FM-UL.jpg","type":"image\/jpeg"}],"twitter_card":"summary_large_image","twitter_misc":{"Tiempo de lectura":"1 minuto"},"schema":{"@context":"https:\/\/schema.org","@graph":[{"@type":"WebPage","@id":"https:\/\/anber.es\/web\/producto\/conector-flexible-reforzado-serie-rf-200-para-sprinklers\/","url":"https:\/\/anber.es\/web\/producto\/conector-flexible-reforzado-serie-rf-200-para-sprinklers\/","name":"Conector flexible reforzado serie RF-200 para sprinklers - Anber","isPartOf":{"@id":"https:\/\/anber.es\/web\/#website"},"datePublished":"2022-03-28T07:55:58+00:00","dateModified":"2022-07-12T07:48:07+00:00","description":"El conector flexible reforzado serie RF-200 para sprinklers est\u00e1 dise\u00f1ado para la conexi\u00f3n entre la tuber\u00eda y los rociadores.","breadcrumb":{"@id":"https:\/\/anber.es\/web\/producto\/conector-flexible-reforzado-serie-rf-200-para-sprinklers\/#breadcrumb"},"inLanguage":"es","potentialAction":[{"@type":"ReadAction","target":["https:\/\/anber.es\/web\/producto\/conector-flexible-reforzado-serie-rf-200-para-sprinklers\/"]}]},{"@type":"BreadcrumbList","@id":"https:\/\/anber.es\/web\/producto\/conector-flexible-reforzado-serie-rf-200-para-sprinklers\/#breadcrumb","itemListElement":[{"@type":"ListItem","position":1,"name":"Portada","item":"https:\/\/anber.es\/web\/"},{"@type":"ListItem","position":2,"name":"Productos","item":"https:\/\/anber.es\/web\/productos\/"},{"@type":"ListItem","position":3,"name":"Conector flexible reforzado serie RF-200 para sprinklers"}]},{"@type":"WebSite","@id":"https:\/\/anber.es\/web\/#website","url":"https:\/\/anber.es\/web\/","name":"Anber","description":"Sistemas de protecci\u00f3n contra incendios","publisher":{"@id":"https:\/\/anber.es\/web\/#organization"},"potentialAction":[{"@type":"SearchAction","target":{"@type":"EntryPoint","urlTemplate":"https:\/\/anber.es\/web\/?s={search_term_string}"},"query-input":"required name=search_term_string"}],"inLanguage":"es"},{"@type":"Organization","@id":"https:\/\/anber.es\/web\/#organization","name":"Anber","url":"https:\/\/anber.es\/web\/","logo":{"@type":"ImageObject","inLanguage":"es","@id":"https:\/\/anber.es\/web\/#\/schema\/logo\/image\/","url":"https:\/\/anber.es\/web\/wp-content\/uploads\/2021\/03\/logo-anber.png","contentUrl":"https:\/\/anber.es\/web\/wp-content\/uploads\/2021\/03\/logo-anber.png","width":2208,"height":500,"caption":"Anber"},"image":{"@id":"https:\/\/anber.es\/web\/#\/schema\/logo\/image\/"}}]}},"_links":{"self":[{"href":"https:\/\/anber.es\/web\/wp-json\/wp\/v2\/product\/6816"}],"collection":[{"href":"https:\/\/anber.es\/web\/wp-json\/wp\/v2\/product"}],"about":[{"href":"https:\/\/anber.es\/web\/wp-json\/wp\/v2\/types\/product"}],"wp:featuredmedia":[{"embeddable":true,"href":"https:\/\/anber.es\/web\/wp-json\/wp\/v2\/media\/6815"}],"wp:attachment":[{"href":"https:\/\/anber.es\/web\/wp-json\/wp\/v2\/media?parent=6816"}],"wp:term":[{"taxonomy":"product_cat","embeddable":true,"href":"https:\/\/anber.es\/web\/wp-json\/wp\/v2\/product_cat?post=6816"},{"taxonomy":"product_tag","embeddable":true,"href":"https:\/\/anber.es\/web\/wp-json\/wp\/v2\/product_tag?post=6816"}],"curies":[{"name":"wp","href":"https:\/\/api.w.org\/{rel}","templated":true}]}}