{"id":6977,"date":"2022-05-09T13:23:56","date_gmt":"2022-05-09T11:23:56","guid":{"rendered":"https:\/\/anber.es\/?post_type=product&#038;p=6977"},"modified":"2026-03-27T10:07:15","modified_gmt":"2026-03-27T08:07:15","slug":"sprinkler-k14-modelo-mbec-14","status":"publish","type":"product","link":"https:\/\/anber.es\/web\/producto\/sprinkler-k14-modelo-mbec-14\/","title":{"rendered":"Sprinkler horizontal 3\/4&#8243; cobertura extendida K14"},"content":{"rendered":"<p>El<strong> sprinkler horizontal 3\/4&#8243; cobertura extendida K14 modelo MBEC-14 <\/strong> utiliza un elemento t\u00e9rmico de enlace de soldadura sensible. Permitido para su uso en <b>sistemas h\u00famedos, secos y de acci\u00f3n previa<\/b>.<\/p>\n<p>\u00b7 Factor K: <b>200 lpm\/bar<sup>1\/2<\/sup> <\/b>(14,0 gpm\/psi<sup>1\/2<\/sup>).<br \/>\n\u00b7 Presi\u00f3n m\u00e1xima de trabajo: <b>12 bar<\/b> (175 psi).<br \/>\n\u00b7 Listados y aprobaciones: <b>UL<\/b>, <b>FM<\/b> (ver ficha, no todos los sprinklers tienen todas estas homologaciones).<br \/>\n\u00b7 Orientaci\u00f3n: horizontal de pared.<br \/>\n\u00b7 Rosca: 3\/4&#8243; NPT o ISO 7-1R3\/4.<br \/>\n\u00b7 Rango de temperaturas: 74\u00baC y 100\u00baC.<br \/>\n\u00b7 \u00c1rea de cobertura m\u00e1xima: 16,3 m<sup>2<\/sup>.<\/p>\n<p>Referencia: SRHMBEC14.<\/p>\n<p><a href=\"https:\/\/aqlproteccion.com\/wp-content\/uploads\/2025\/10\/Ficha_tecnica-sprinkler_horizontal_pared_cober_exten.pdf\" target=\"_blank\" rel=\"noopener noreferrer\"><button>Descarga ficha<\/button><\/a><br \/>\n<a class=\"insta-link\" href=\"https:\/\/www.instagram.com\/aqlproteccion\/?hl=es\" target=\"_blank\" rel=\"noopener noreferrer\">Instagram<\/a><\/p>\n","protected":false},"excerpt":{"rendered":"<p>El sprinkler horizontal 3\/4&#8243; cobertura extendida K14 modelo MBEC-14  utiliza un elemento t\u00e9rmico de enlace de soldadura sensible. Permitido para su uso en sistemas h\u00famedos, secos y de acci\u00f3n previa.<\/p>\n","protected":false},"featured_media":10374,"template":"","meta":[],"product_cat":[120,124,119],"product_tag":[215],"yoast_head":"<!-- This site is optimized with the Yoast SEO plugin v22.1 - https:\/\/yoast.com\/wordpress\/plugins\/seo\/ -->\n<title>Sprinkler horizontal 3\/4&quot; cobertura extendida K14 - Anber<\/title>\n<meta name=\"description\" content=\"El sprinkler horizontal 3\/4&quot; cobertura extendida K14 modelo MBEC-14 utiliza un elemento t\u00e9rmico de enlace de soldadura sensible.\" \/>\n<meta name=\"robots\" content=\"index, follow, max-snippet:-1, max-image-preview:large, max-video-preview:-1\" \/>\n<link rel=\"canonical\" href=\"https:\/\/anber.es\/web\/producto\/sprinkler-k14-modelo-mbec-14\/\" \/>\n<meta property=\"og:locale\" content=\"es_ES\" \/>\n<meta property=\"og:type\" content=\"article\" \/>\n<meta property=\"og:title\" content=\"Sprinkler horizontal 3\/4&quot; cobertura extendida K14 - Anber\" \/>\n<meta property=\"og:description\" content=\"El sprinkler horizontal 3\/4&quot; cobertura extendida K14 modelo MBEC-14 utiliza un elemento t\u00e9rmico de enlace de soldadura sensible.\" \/>\n<meta property=\"og:url\" content=\"https:\/\/anber.es\/web\/producto\/sprinkler-k14-modelo-mbec-14\/\" \/>\n<meta property=\"og:site_name\" content=\"Anber\" \/>\n<meta property=\"article:modified_time\" content=\"2026-03-27T08:07:15+00:00\" \/>\n<meta property=\"og:image\" content=\"https:\/\/anber.es\/web\/wp-content\/uploads\/2025\/10\/sprinkler_horizontal_pared_cober_exten_K14-1.webp\" \/>\n\t<meta property=\"og:image:width\" content=\"1000\" \/>\n\t<meta property=\"og:image:height\" content=\"1000\" \/>\n\t<meta property=\"og:image:type\" content=\"image\/webp\" \/>\n<meta name=\"twitter:card\" content=\"summary_large_image\" \/>\n<meta name=\"twitter:label1\" content=\"Tiempo de lectura\" \/>\n\t<meta name=\"twitter:data1\" content=\"1 minuto\" \/>\n<script type=\"application\/ld+json\" class=\"yoast-schema-graph\">{\"@context\":\"https:\/\/schema.org\",\"@graph\":[{\"@type\":\"WebPage\",\"@id\":\"https:\/\/anber.es\/web\/producto\/sprinkler-k14-modelo-mbec-14\/\",\"url\":\"https:\/\/anber.es\/web\/producto\/sprinkler-k14-modelo-mbec-14\/\",\"name\":\"Sprinkler horizontal 3\/4\\\" cobertura extendida K14 - Anber\",\"isPartOf\":{\"@id\":\"https:\/\/anber.es\/web\/#website\"},\"datePublished\":\"2022-05-09T11:23:56+00:00\",\"dateModified\":\"2026-03-27T08:07:15+00:00\",\"description\":\"El sprinkler horizontal 3\/4\\\" cobertura extendida K14 modelo MBEC-14 utiliza un elemento t\u00e9rmico de enlace de soldadura sensible.\",\"breadcrumb\":{\"@id\":\"https:\/\/anber.es\/web\/producto\/sprinkler-k14-modelo-mbec-14\/#breadcrumb\"},\"inLanguage\":\"es\",\"potentialAction\":[{\"@type\":\"ReadAction\",\"target\":[\"https:\/\/anber.es\/web\/producto\/sprinkler-k14-modelo-mbec-14\/\"]}]},{\"@type\":\"BreadcrumbList\",\"@id\":\"https:\/\/anber.es\/web\/producto\/sprinkler-k14-modelo-mbec-14\/#breadcrumb\",\"itemListElement\":[{\"@type\":\"ListItem\",\"position\":1,\"name\":\"Portada\",\"item\":\"https:\/\/anber.es\/web\/\"},{\"@type\":\"ListItem\",\"position\":2,\"name\":\"Productos\",\"item\":\"https:\/\/anber.es\/web\/productos\/\"},{\"@type\":\"ListItem\",\"position\":3,\"name\":\"Sprinkler horizontal 3\/4&#8243; cobertura extendida K14\"}]},{\"@type\":\"WebSite\",\"@id\":\"https:\/\/anber.es\/web\/#website\",\"url\":\"https:\/\/anber.es\/web\/\",\"name\":\"Anber\",\"description\":\"Sistemas de protecci\u00f3n contra incendios\",\"publisher\":{\"@id\":\"https:\/\/anber.es\/web\/#organization\"},\"potentialAction\":[{\"@type\":\"SearchAction\",\"target\":{\"@type\":\"EntryPoint\",\"urlTemplate\":\"https:\/\/anber.es\/web\/?s={search_term_string}\"},\"query-input\":\"required name=search_term_string\"}],\"inLanguage\":\"es\"},{\"@type\":\"Organization\",\"@id\":\"https:\/\/anber.es\/web\/#organization\",\"name\":\"Anber\",\"url\":\"https:\/\/anber.es\/web\/\",\"logo\":{\"@type\":\"ImageObject\",\"inLanguage\":\"es\",\"@id\":\"https:\/\/anber.es\/web\/#\/schema\/logo\/image\/\",\"url\":\"https:\/\/anber.es\/web\/wp-content\/uploads\/2021\/03\/logo-anber.png\",\"contentUrl\":\"https:\/\/anber.es\/web\/wp-content\/uploads\/2021\/03\/logo-anber.png\",\"width\":2208,\"height\":500,\"caption\":\"Anber\"},\"image\":{\"@id\":\"https:\/\/anber.es\/web\/#\/schema\/logo\/image\/\"}}]}<\/script>\n<!-- \/ Yoast SEO plugin. -->","yoast_head_json":{"title":"Sprinkler horizontal 3\/4\" cobertura extendida K14 - Anber","description":"El sprinkler horizontal 3\/4\" cobertura extendida K14 modelo MBEC-14 utiliza un elemento t\u00e9rmico de enlace de soldadura sensible.","robots":{"index":"index","follow":"follow","max-snippet":"max-snippet:-1","max-image-preview":"max-image-preview:large","max-video-preview":"max-video-preview:-1"},"canonical":"https:\/\/anber.es\/web\/producto\/sprinkler-k14-modelo-mbec-14\/","og_locale":"es_ES","og_type":"article","og_title":"Sprinkler horizontal 3\/4\" cobertura extendida K14 - Anber","og_description":"El sprinkler horizontal 3\/4\" cobertura extendida K14 modelo MBEC-14 utiliza un elemento t\u00e9rmico de enlace de soldadura sensible.","og_url":"https:\/\/anber.es\/web\/producto\/sprinkler-k14-modelo-mbec-14\/","og_site_name":"Anber","article_modified_time":"2026-03-27T08:07:15+00:00","og_image":[{"width":1000,"height":1000,"url":"https:\/\/anber.es\/web\/wp-content\/uploads\/2025\/10\/sprinkler_horizontal_pared_cober_exten_K14-1.webp","type":"image\/webp"}],"twitter_card":"summary_large_image","twitter_misc":{"Tiempo de lectura":"1 minuto"},"schema":{"@context":"https:\/\/schema.org","@graph":[{"@type":"WebPage","@id":"https:\/\/anber.es\/web\/producto\/sprinkler-k14-modelo-mbec-14\/","url":"https:\/\/anber.es\/web\/producto\/sprinkler-k14-modelo-mbec-14\/","name":"Sprinkler horizontal 3\/4\" cobertura extendida K14 - Anber","isPartOf":{"@id":"https:\/\/anber.es\/web\/#website"},"datePublished":"2022-05-09T11:23:56+00:00","dateModified":"2026-03-27T08:07:15+00:00","description":"El sprinkler horizontal 3\/4\" cobertura extendida K14 modelo MBEC-14 utiliza un elemento t\u00e9rmico de enlace de soldadura sensible.","breadcrumb":{"@id":"https:\/\/anber.es\/web\/producto\/sprinkler-k14-modelo-mbec-14\/#breadcrumb"},"inLanguage":"es","potentialAction":[{"@type":"ReadAction","target":["https:\/\/anber.es\/web\/producto\/sprinkler-k14-modelo-mbec-14\/"]}]},{"@type":"BreadcrumbList","@id":"https:\/\/anber.es\/web\/producto\/sprinkler-k14-modelo-mbec-14\/#breadcrumb","itemListElement":[{"@type":"ListItem","position":1,"name":"Portada","item":"https:\/\/anber.es\/web\/"},{"@type":"ListItem","position":2,"name":"Productos","item":"https:\/\/anber.es\/web\/productos\/"},{"@type":"ListItem","position":3,"name":"Sprinkler horizontal 3\/4&#8243; cobertura extendida K14"}]},{"@type":"WebSite","@id":"https:\/\/anber.es\/web\/#website","url":"https:\/\/anber.es\/web\/","name":"Anber","description":"Sistemas de protecci\u00f3n contra incendios","publisher":{"@id":"https:\/\/anber.es\/web\/#organization"},"potentialAction":[{"@type":"SearchAction","target":{"@type":"EntryPoint","urlTemplate":"https:\/\/anber.es\/web\/?s={search_term_string}"},"query-input":"required name=search_term_string"}],"inLanguage":"es"},{"@type":"Organization","@id":"https:\/\/anber.es\/web\/#organization","name":"Anber","url":"https:\/\/anber.es\/web\/","logo":{"@type":"ImageObject","inLanguage":"es","@id":"https:\/\/anber.es\/web\/#\/schema\/logo\/image\/","url":"https:\/\/anber.es\/web\/wp-content\/uploads\/2021\/03\/logo-anber.png","contentUrl":"https:\/\/anber.es\/web\/wp-content\/uploads\/2021\/03\/logo-anber.png","width":2208,"height":500,"caption":"Anber"},"image":{"@id":"https:\/\/anber.es\/web\/#\/schema\/logo\/image\/"}}]}},"_links":{"self":[{"href":"https:\/\/anber.es\/web\/wp-json\/wp\/v2\/product\/6977"}],"collection":[{"href":"https:\/\/anber.es\/web\/wp-json\/wp\/v2\/product"}],"about":[{"href":"https:\/\/anber.es\/web\/wp-json\/wp\/v2\/types\/product"}],"wp:featuredmedia":[{"embeddable":true,"href":"https:\/\/anber.es\/web\/wp-json\/wp\/v2\/media\/10374"}],"wp:attachment":[{"href":"https:\/\/anber.es\/web\/wp-json\/wp\/v2\/media?parent=6977"}],"wp:term":[{"taxonomy":"product_cat","embeddable":true,"href":"https:\/\/anber.es\/web\/wp-json\/wp\/v2\/product_cat?post=6977"},{"taxonomy":"product_tag","embeddable":true,"href":"https:\/\/anber.es\/web\/wp-json\/wp\/v2\/product_tag?post=6977"}],"curies":[{"name":"wp","href":"https:\/\/api.w.org\/{rel}","templated":true}]}}