{"id":6980,"date":"2022-05-09T16:28:01","date_gmt":"2022-05-09T14:28:01","guid":{"rendered":"https:\/\/anber.es\/?post_type=product&#038;p=6980"},"modified":"2026-03-24T16:57:48","modified_gmt":"2026-03-24T14:57:48","slug":"maletin-de-herramientas-starter-kit","status":"publish","type":"product","link":"https:\/\/anber.es\/web\/producto\/maletin-de-herramientas-starter-kit\/","title":{"rendered":"Malet\u00edn de herramientas Starter Kit"},"content":{"rendered":"<p>El<strong> malet\u00edn de herramientas Starter Kit <\/strong>proporciona todas las herramientas necesarias para una instalaci\u00f3n correcta y r\u00e1pida del sistema de extinci\u00f3n (<b>ARMANfire y ARMANfireChef<\/b>).<\/p>\n<p>El malet\u00edn <b>incluye<\/b>:<br \/>\n1. Tijeras corta tubo.<br \/>\n2. Herramienta achaflanar.<br \/>\n3. Multiherramienta.<br \/>\n4. Cilindro Easyfill.<br \/>\n5. Conector de carga con tap\u00f3n.<br \/>\n6. Conector de carga M10x1.<br \/>\n7. Adaptador de carga.<br \/>\n8. Puntero l\u00e1ser con adaptador para diferentes boquillas.<br \/>\n9. Membrana de rotura (2 unidades).<\/p>\n<p>El mantenimiento se simplifica utilizando las mismas herramientas.<\/p>\n<p>Referencia: IVARFKITSTR3.<\/p>\n<p><a href=\"\/web\/wp-content\/uploads\/2022\/05\/Ficha_tecnica-maletin_herramientas_StarterKit.pdf\" target=\"_blank\" rel=\"noopener noreferrer\"><button>Descarga ficha<\/button><\/a><br \/>\n<a class=\"insta-link\" href=\"https:\/\/www.instagram.com\/aqlproteccion\/?hl=es\" target=\"_blank\" rel=\"noopener noreferrer\">Instagram<\/a><\/p>\n","protected":false},"excerpt":{"rendered":"<p>El malet\u00edn de herramientas Starter Kit proporciona todas las herramientas necesarias para una instalaci\u00f3n correcta y r\u00e1pida del sistema.<\/p>\n","protected":false},"featured_media":10827,"template":"","meta":[],"product_cat":[242,241,171],"product_tag":[215],"yoast_head":"<!-- This site is optimized with the Yoast SEO plugin v22.1 - https:\/\/yoast.com\/wordpress\/plugins\/seo\/ -->\n<title>Malet\u00edn de herramientas Starter Kit - Anber<\/title>\n<meta name=\"description\" content=\"El malet\u00edn de herramientas Starter Kit proporciona todas las herramientas necesarias para una instalaci\u00f3n correcta y r\u00e1pida del sistema.\" \/>\n<meta name=\"robots\" content=\"index, follow, max-snippet:-1, max-image-preview:large, max-video-preview:-1\" \/>\n<link rel=\"canonical\" href=\"https:\/\/anber.es\/web\/producto\/maletin-de-herramientas-starter-kit\/\" \/>\n<meta property=\"og:locale\" content=\"es_ES\" \/>\n<meta property=\"og:type\" content=\"article\" \/>\n<meta property=\"og:title\" content=\"Malet\u00edn de herramientas Starter Kit - Anber\" \/>\n<meta property=\"og:description\" content=\"El malet\u00edn de herramientas Starter Kit proporciona todas las herramientas necesarias para una instalaci\u00f3n correcta y r\u00e1pida del sistema.\" \/>\n<meta property=\"og:url\" content=\"https:\/\/anber.es\/web\/producto\/maletin-de-herramientas-starter-kit\/\" \/>\n<meta property=\"og:site_name\" content=\"Anber\" \/>\n<meta property=\"article:modified_time\" content=\"2026-03-24T14:57:48+00:00\" \/>\n<meta property=\"og:image\" content=\"https:\/\/anber.es\/web\/wp-content\/uploads\/2026\/03\/kit_herramientas_Starter_Kit.webp\" \/>\n\t<meta property=\"og:image:width\" content=\"1000\" \/>\n\t<meta property=\"og:image:height\" content=\"1000\" \/>\n\t<meta property=\"og:image:type\" content=\"image\/webp\" \/>\n<meta name=\"twitter:card\" content=\"summary_large_image\" \/>\n<meta name=\"twitter:label1\" content=\"Tiempo de lectura\" \/>\n\t<meta name=\"twitter:data1\" content=\"1 minuto\" \/>\n<script type=\"application\/ld+json\" class=\"yoast-schema-graph\">{\"@context\":\"https:\/\/schema.org\",\"@graph\":[{\"@type\":\"WebPage\",\"@id\":\"https:\/\/anber.es\/web\/producto\/maletin-de-herramientas-starter-kit\/\",\"url\":\"https:\/\/anber.es\/web\/producto\/maletin-de-herramientas-starter-kit\/\",\"name\":\"Malet\u00edn de herramientas Starter Kit - Anber\",\"isPartOf\":{\"@id\":\"https:\/\/anber.es\/web\/#website\"},\"datePublished\":\"2022-05-09T14:28:01+00:00\",\"dateModified\":\"2026-03-24T14:57:48+00:00\",\"description\":\"El malet\u00edn de herramientas Starter Kit proporciona todas las herramientas necesarias para una instalaci\u00f3n correcta y r\u00e1pida del sistema.\",\"breadcrumb\":{\"@id\":\"https:\/\/anber.es\/web\/producto\/maletin-de-herramientas-starter-kit\/#breadcrumb\"},\"inLanguage\":\"es\",\"potentialAction\":[{\"@type\":\"ReadAction\",\"target\":[\"https:\/\/anber.es\/web\/producto\/maletin-de-herramientas-starter-kit\/\"]}]},{\"@type\":\"BreadcrumbList\",\"@id\":\"https:\/\/anber.es\/web\/producto\/maletin-de-herramientas-starter-kit\/#breadcrumb\",\"itemListElement\":[{\"@type\":\"ListItem\",\"position\":1,\"name\":\"Portada\",\"item\":\"https:\/\/anber.es\/web\/\"},{\"@type\":\"ListItem\",\"position\":2,\"name\":\"Productos\",\"item\":\"https:\/\/anber.es\/web\/productos\/\"},{\"@type\":\"ListItem\",\"position\":3,\"name\":\"Malet\u00edn de herramientas Starter Kit\"}]},{\"@type\":\"WebSite\",\"@id\":\"https:\/\/anber.es\/web\/#website\",\"url\":\"https:\/\/anber.es\/web\/\",\"name\":\"Anber\",\"description\":\"Sistemas de protecci\u00f3n contra incendios\",\"publisher\":{\"@id\":\"https:\/\/anber.es\/web\/#organization\"},\"potentialAction\":[{\"@type\":\"SearchAction\",\"target\":{\"@type\":\"EntryPoint\",\"urlTemplate\":\"https:\/\/anber.es\/web\/?s={search_term_string}\"},\"query-input\":\"required name=search_term_string\"}],\"inLanguage\":\"es\"},{\"@type\":\"Organization\",\"@id\":\"https:\/\/anber.es\/web\/#organization\",\"name\":\"Anber\",\"url\":\"https:\/\/anber.es\/web\/\",\"logo\":{\"@type\":\"ImageObject\",\"inLanguage\":\"es\",\"@id\":\"https:\/\/anber.es\/web\/#\/schema\/logo\/image\/\",\"url\":\"https:\/\/anber.es\/web\/wp-content\/uploads\/2021\/03\/logo-anber.png\",\"contentUrl\":\"https:\/\/anber.es\/web\/wp-content\/uploads\/2021\/03\/logo-anber.png\",\"width\":2208,\"height\":500,\"caption\":\"Anber\"},\"image\":{\"@id\":\"https:\/\/anber.es\/web\/#\/schema\/logo\/image\/\"}}]}<\/script>\n<!-- \/ Yoast SEO plugin. -->","yoast_head_json":{"title":"Malet\u00edn de herramientas Starter Kit - Anber","description":"El malet\u00edn de herramientas Starter Kit proporciona todas las herramientas necesarias para una instalaci\u00f3n correcta y r\u00e1pida del sistema.","robots":{"index":"index","follow":"follow","max-snippet":"max-snippet:-1","max-image-preview":"max-image-preview:large","max-video-preview":"max-video-preview:-1"},"canonical":"https:\/\/anber.es\/web\/producto\/maletin-de-herramientas-starter-kit\/","og_locale":"es_ES","og_type":"article","og_title":"Malet\u00edn de herramientas Starter Kit - Anber","og_description":"El malet\u00edn de herramientas Starter Kit proporciona todas las herramientas necesarias para una instalaci\u00f3n correcta y r\u00e1pida del sistema.","og_url":"https:\/\/anber.es\/web\/producto\/maletin-de-herramientas-starter-kit\/","og_site_name":"Anber","article_modified_time":"2026-03-24T14:57:48+00:00","og_image":[{"width":1000,"height":1000,"url":"https:\/\/anber.es\/web\/wp-content\/uploads\/2026\/03\/kit_herramientas_Starter_Kit.webp","type":"image\/webp"}],"twitter_card":"summary_large_image","twitter_misc":{"Tiempo de lectura":"1 minuto"},"schema":{"@context":"https:\/\/schema.org","@graph":[{"@type":"WebPage","@id":"https:\/\/anber.es\/web\/producto\/maletin-de-herramientas-starter-kit\/","url":"https:\/\/anber.es\/web\/producto\/maletin-de-herramientas-starter-kit\/","name":"Malet\u00edn de herramientas Starter Kit - Anber","isPartOf":{"@id":"https:\/\/anber.es\/web\/#website"},"datePublished":"2022-05-09T14:28:01+00:00","dateModified":"2026-03-24T14:57:48+00:00","description":"El malet\u00edn de herramientas Starter Kit proporciona todas las herramientas necesarias para una instalaci\u00f3n correcta y r\u00e1pida del sistema.","breadcrumb":{"@id":"https:\/\/anber.es\/web\/producto\/maletin-de-herramientas-starter-kit\/#breadcrumb"},"inLanguage":"es","potentialAction":[{"@type":"ReadAction","target":["https:\/\/anber.es\/web\/producto\/maletin-de-herramientas-starter-kit\/"]}]},{"@type":"BreadcrumbList","@id":"https:\/\/anber.es\/web\/producto\/maletin-de-herramientas-starter-kit\/#breadcrumb","itemListElement":[{"@type":"ListItem","position":1,"name":"Portada","item":"https:\/\/anber.es\/web\/"},{"@type":"ListItem","position":2,"name":"Productos","item":"https:\/\/anber.es\/web\/productos\/"},{"@type":"ListItem","position":3,"name":"Malet\u00edn de herramientas Starter Kit"}]},{"@type":"WebSite","@id":"https:\/\/anber.es\/web\/#website","url":"https:\/\/anber.es\/web\/","name":"Anber","description":"Sistemas de protecci\u00f3n contra incendios","publisher":{"@id":"https:\/\/anber.es\/web\/#organization"},"potentialAction":[{"@type":"SearchAction","target":{"@type":"EntryPoint","urlTemplate":"https:\/\/anber.es\/web\/?s={search_term_string}"},"query-input":"required name=search_term_string"}],"inLanguage":"es"},{"@type":"Organization","@id":"https:\/\/anber.es\/web\/#organization","name":"Anber","url":"https:\/\/anber.es\/web\/","logo":{"@type":"ImageObject","inLanguage":"es","@id":"https:\/\/anber.es\/web\/#\/schema\/logo\/image\/","url":"https:\/\/anber.es\/web\/wp-content\/uploads\/2021\/03\/logo-anber.png","contentUrl":"https:\/\/anber.es\/web\/wp-content\/uploads\/2021\/03\/logo-anber.png","width":2208,"height":500,"caption":"Anber"},"image":{"@id":"https:\/\/anber.es\/web\/#\/schema\/logo\/image\/"}}]}},"_links":{"self":[{"href":"https:\/\/anber.es\/web\/wp-json\/wp\/v2\/product\/6980"}],"collection":[{"href":"https:\/\/anber.es\/web\/wp-json\/wp\/v2\/product"}],"about":[{"href":"https:\/\/anber.es\/web\/wp-json\/wp\/v2\/types\/product"}],"wp:featuredmedia":[{"embeddable":true,"href":"https:\/\/anber.es\/web\/wp-json\/wp\/v2\/media\/10827"}],"wp:attachment":[{"href":"https:\/\/anber.es\/web\/wp-json\/wp\/v2\/media?parent=6980"}],"wp:term":[{"taxonomy":"product_cat","embeddable":true,"href":"https:\/\/anber.es\/web\/wp-json\/wp\/v2\/product_cat?post=6980"},{"taxonomy":"product_tag","embeddable":true,"href":"https:\/\/anber.es\/web\/wp-json\/wp\/v2\/product_tag?post=6980"}],"curies":[{"name":"wp","href":"https:\/\/api.w.org\/{rel}","templated":true}]}}