{"id":6984,"date":"2022-05-10T08:59:51","date_gmt":"2022-05-10T06:59:51","guid":{"rendered":"https:\/\/anber.es\/?post_type=product&#038;p=6984"},"modified":"2026-03-24T16:57:13","modified_gmt":"2026-03-24T14:57:13","slug":"kit-de-extincion-de-cocina-armanfirechef","status":"publish","type":"product","link":"https:\/\/anber.es\/web\/producto\/kit-de-extincion-de-cocina-armanfirechef\/","title":{"rendered":"Kit de extinci\u00f3n de cocina ArmanFireChef"},"content":{"rendered":"<p>El<STRONG> kit de extinci\u00f3n de cocina ArmanFireChef <\/STRONG>es una soluci\u00f3n de extinci\u00f3n profesional para campanas y equipos de cocinas comerciales, que act\u00faa de forma simultanea sobre los varios elementos que se pueden encontrar (fogones, freidoras, plantas, campanas y sus componentes, etc).<\/p>\n<p>Este sistema tiene una instalaci\u00f3n r\u00e1pida y sencilla, un mantenimiento y limpieza f\u00e1cil y adem\u00e1s, usa un<B> agente extintor no corrosivo, no t\u00f3xico y biodegradable<\/B>.<\/p>\n<p>Cumple la norma <B>EN16282-7 <\/B>y el nuevo <B>RIPCI RD 513\/2017<\/B>.<\/p>\n<p>Certificaci\u00f3n LPCB y <b>certificaci\u00f3n CE<\/b> para recipientes a presi\u00f3n.<\/p>\n<p>Este Kit de extinci\u00f3n de cocina ArmanFireChef <b>incluye<\/b>: agente extintor a 20 bar, cilindro de acero inoxidable con tubo de sonda, herraje para cilindro, v\u00e1lvula de descarga por difusor, tubo multicapa negro, fijaciones tubo, tes, final de l\u00ednea, pasamuros, difusores de corto y largo alcance y disparo manual de montaje en la pared m\u00e1s su membrana de rotura.<\/p>\n<p>\u00b7 Tama\u00f1os disponibles: Desde <B>6 hasta 20 litros<\/B>. <\/p>\n<p>Referencia: IKARFCHEF.<\/p>\n<p><a href=\"\/web\/wp-content\/uploads\/2022\/05\/Ficha_tecnica-kits_extincion_de_cocina_por_difusor.pdf\" target=\"_blank\" rel=\"noopener noreferrer\"><button>Descarga ficha<\/button><\/a><br \/>\n<a class=\"insta-link\" href=\"https:\/\/www.instagram.com\/aqlproteccion\/?hl=es\" target=\"_blank\" rel=\"noopener noreferrer\">Instagram<\/a><\/p>\n","protected":false},"excerpt":{"rendered":"<p>El kit de extinci\u00f3n de cocina ArmanFireChef es una soluci\u00f3n de extinci\u00f3n profesional para campanas y equipos de cocinas comerciales, que act\u00faa de forma simultanea sobre los varios elementos que se pueden encontrar (fogones, freidoras, plantas, campanas y sus componentes, etc).<\/p>\n","protected":false},"featured_media":10829,"template":"","meta":[],"product_cat":[172,241,171],"product_tag":[215],"yoast_head":"<!-- This site is optimized with the Yoast SEO plugin v22.1 - https:\/\/yoast.com\/wordpress\/plugins\/seo\/ -->\n<title>Kit de extinci\u00f3n de cocina ArmanFireChef - Anber<\/title>\n<meta name=\"description\" content=\"El kit de extinci\u00f3n de cocina ArmanFireChef es una soluci\u00f3n de extinci\u00f3n profesional para campanas y equipos de cocinas comerciales.\" \/>\n<meta name=\"robots\" content=\"index, follow, max-snippet:-1, max-image-preview:large, max-video-preview:-1\" \/>\n<link rel=\"canonical\" href=\"https:\/\/anber.es\/web\/producto\/kit-de-extincion-de-cocina-armanfirechef\/\" \/>\n<meta property=\"og:locale\" content=\"es_ES\" \/>\n<meta property=\"og:type\" content=\"article\" \/>\n<meta property=\"og:title\" content=\"Kit de extinci\u00f3n de cocina ArmanFireChef - Anber\" \/>\n<meta property=\"og:description\" content=\"El kit de extinci\u00f3n de cocina ArmanFireChef es una soluci\u00f3n de extinci\u00f3n profesional para campanas y equipos de cocinas comerciales.\" \/>\n<meta property=\"og:url\" content=\"https:\/\/anber.es\/web\/producto\/kit-de-extincion-de-cocina-armanfirechef\/\" \/>\n<meta property=\"og:site_name\" content=\"Anber\" \/>\n<meta property=\"article:modified_time\" content=\"2026-03-24T14:57:13+00:00\" \/>\n<meta property=\"og:image\" content=\"https:\/\/anber.es\/web\/wp-content\/uploads\/2026\/03\/extincion_cocina.webp\" \/>\n\t<meta property=\"og:image:width\" content=\"1000\" \/>\n\t<meta property=\"og:image:height\" content=\"1000\" \/>\n\t<meta property=\"og:image:type\" content=\"image\/webp\" \/>\n<meta name=\"twitter:card\" content=\"summary_large_image\" \/>\n<meta name=\"twitter:label1\" content=\"Tiempo de lectura\" \/>\n\t<meta name=\"twitter:data1\" content=\"1 minuto\" \/>\n<script type=\"application\/ld+json\" class=\"yoast-schema-graph\">{\"@context\":\"https:\/\/schema.org\",\"@graph\":[{\"@type\":\"WebPage\",\"@id\":\"https:\/\/anber.es\/web\/producto\/kit-de-extincion-de-cocina-armanfirechef\/\",\"url\":\"https:\/\/anber.es\/web\/producto\/kit-de-extincion-de-cocina-armanfirechef\/\",\"name\":\"Kit de extinci\u00f3n de cocina ArmanFireChef - Anber\",\"isPartOf\":{\"@id\":\"https:\/\/anber.es\/web\/#website\"},\"datePublished\":\"2022-05-10T06:59:51+00:00\",\"dateModified\":\"2026-03-24T14:57:13+00:00\",\"description\":\"El kit de extinci\u00f3n de cocina ArmanFireChef es una soluci\u00f3n de extinci\u00f3n profesional para campanas y equipos de cocinas comerciales.\",\"breadcrumb\":{\"@id\":\"https:\/\/anber.es\/web\/producto\/kit-de-extincion-de-cocina-armanfirechef\/#breadcrumb\"},\"inLanguage\":\"es\",\"potentialAction\":[{\"@type\":\"ReadAction\",\"target\":[\"https:\/\/anber.es\/web\/producto\/kit-de-extincion-de-cocina-armanfirechef\/\"]}]},{\"@type\":\"BreadcrumbList\",\"@id\":\"https:\/\/anber.es\/web\/producto\/kit-de-extincion-de-cocina-armanfirechef\/#breadcrumb\",\"itemListElement\":[{\"@type\":\"ListItem\",\"position\":1,\"name\":\"Portada\",\"item\":\"https:\/\/anber.es\/web\/\"},{\"@type\":\"ListItem\",\"position\":2,\"name\":\"Productos\",\"item\":\"https:\/\/anber.es\/web\/productos\/\"},{\"@type\":\"ListItem\",\"position\":3,\"name\":\"Kit de extinci\u00f3n de cocina ArmanFireChef\"}]},{\"@type\":\"WebSite\",\"@id\":\"https:\/\/anber.es\/web\/#website\",\"url\":\"https:\/\/anber.es\/web\/\",\"name\":\"Anber\",\"description\":\"Sistemas de protecci\u00f3n contra incendios\",\"publisher\":{\"@id\":\"https:\/\/anber.es\/web\/#organization\"},\"potentialAction\":[{\"@type\":\"SearchAction\",\"target\":{\"@type\":\"EntryPoint\",\"urlTemplate\":\"https:\/\/anber.es\/web\/?s={search_term_string}\"},\"query-input\":\"required name=search_term_string\"}],\"inLanguage\":\"es\"},{\"@type\":\"Organization\",\"@id\":\"https:\/\/anber.es\/web\/#organization\",\"name\":\"Anber\",\"url\":\"https:\/\/anber.es\/web\/\",\"logo\":{\"@type\":\"ImageObject\",\"inLanguage\":\"es\",\"@id\":\"https:\/\/anber.es\/web\/#\/schema\/logo\/image\/\",\"url\":\"https:\/\/anber.es\/web\/wp-content\/uploads\/2021\/03\/logo-anber.png\",\"contentUrl\":\"https:\/\/anber.es\/web\/wp-content\/uploads\/2021\/03\/logo-anber.png\",\"width\":2208,\"height\":500,\"caption\":\"Anber\"},\"image\":{\"@id\":\"https:\/\/anber.es\/web\/#\/schema\/logo\/image\/\"}}]}<\/script>\n<!-- \/ Yoast SEO plugin. -->","yoast_head_json":{"title":"Kit de extinci\u00f3n de cocina ArmanFireChef - Anber","description":"El kit de extinci\u00f3n de cocina ArmanFireChef es una soluci\u00f3n de extinci\u00f3n profesional para campanas y equipos de cocinas comerciales.","robots":{"index":"index","follow":"follow","max-snippet":"max-snippet:-1","max-image-preview":"max-image-preview:large","max-video-preview":"max-video-preview:-1"},"canonical":"https:\/\/anber.es\/web\/producto\/kit-de-extincion-de-cocina-armanfirechef\/","og_locale":"es_ES","og_type":"article","og_title":"Kit de extinci\u00f3n de cocina ArmanFireChef - Anber","og_description":"El kit de extinci\u00f3n de cocina ArmanFireChef es una soluci\u00f3n de extinci\u00f3n profesional para campanas y equipos de cocinas comerciales.","og_url":"https:\/\/anber.es\/web\/producto\/kit-de-extincion-de-cocina-armanfirechef\/","og_site_name":"Anber","article_modified_time":"2026-03-24T14:57:13+00:00","og_image":[{"width":1000,"height":1000,"url":"https:\/\/anber.es\/web\/wp-content\/uploads\/2026\/03\/extincion_cocina.webp","type":"image\/webp"}],"twitter_card":"summary_large_image","twitter_misc":{"Tiempo de lectura":"1 minuto"},"schema":{"@context":"https:\/\/schema.org","@graph":[{"@type":"WebPage","@id":"https:\/\/anber.es\/web\/producto\/kit-de-extincion-de-cocina-armanfirechef\/","url":"https:\/\/anber.es\/web\/producto\/kit-de-extincion-de-cocina-armanfirechef\/","name":"Kit de extinci\u00f3n de cocina ArmanFireChef - Anber","isPartOf":{"@id":"https:\/\/anber.es\/web\/#website"},"datePublished":"2022-05-10T06:59:51+00:00","dateModified":"2026-03-24T14:57:13+00:00","description":"El kit de extinci\u00f3n de cocina ArmanFireChef es una soluci\u00f3n de extinci\u00f3n profesional para campanas y equipos de cocinas comerciales.","breadcrumb":{"@id":"https:\/\/anber.es\/web\/producto\/kit-de-extincion-de-cocina-armanfirechef\/#breadcrumb"},"inLanguage":"es","potentialAction":[{"@type":"ReadAction","target":["https:\/\/anber.es\/web\/producto\/kit-de-extincion-de-cocina-armanfirechef\/"]}]},{"@type":"BreadcrumbList","@id":"https:\/\/anber.es\/web\/producto\/kit-de-extincion-de-cocina-armanfirechef\/#breadcrumb","itemListElement":[{"@type":"ListItem","position":1,"name":"Portada","item":"https:\/\/anber.es\/web\/"},{"@type":"ListItem","position":2,"name":"Productos","item":"https:\/\/anber.es\/web\/productos\/"},{"@type":"ListItem","position":3,"name":"Kit de extinci\u00f3n de cocina ArmanFireChef"}]},{"@type":"WebSite","@id":"https:\/\/anber.es\/web\/#website","url":"https:\/\/anber.es\/web\/","name":"Anber","description":"Sistemas de protecci\u00f3n contra incendios","publisher":{"@id":"https:\/\/anber.es\/web\/#organization"},"potentialAction":[{"@type":"SearchAction","target":{"@type":"EntryPoint","urlTemplate":"https:\/\/anber.es\/web\/?s={search_term_string}"},"query-input":"required name=search_term_string"}],"inLanguage":"es"},{"@type":"Organization","@id":"https:\/\/anber.es\/web\/#organization","name":"Anber","url":"https:\/\/anber.es\/web\/","logo":{"@type":"ImageObject","inLanguage":"es","@id":"https:\/\/anber.es\/web\/#\/schema\/logo\/image\/","url":"https:\/\/anber.es\/web\/wp-content\/uploads\/2021\/03\/logo-anber.png","contentUrl":"https:\/\/anber.es\/web\/wp-content\/uploads\/2021\/03\/logo-anber.png","width":2208,"height":500,"caption":"Anber"},"image":{"@id":"https:\/\/anber.es\/web\/#\/schema\/logo\/image\/"}}]}},"_links":{"self":[{"href":"https:\/\/anber.es\/web\/wp-json\/wp\/v2\/product\/6984"}],"collection":[{"href":"https:\/\/anber.es\/web\/wp-json\/wp\/v2\/product"}],"about":[{"href":"https:\/\/anber.es\/web\/wp-json\/wp\/v2\/types\/product"}],"wp:featuredmedia":[{"embeddable":true,"href":"https:\/\/anber.es\/web\/wp-json\/wp\/v2\/media\/10829"}],"wp:attachment":[{"href":"https:\/\/anber.es\/web\/wp-json\/wp\/v2\/media?parent=6984"}],"wp:term":[{"taxonomy":"product_cat","embeddable":true,"href":"https:\/\/anber.es\/web\/wp-json\/wp\/v2\/product_cat?post=6984"},{"taxonomy":"product_tag","embeddable":true,"href":"https:\/\/anber.es\/web\/wp-json\/wp\/v2\/product_tag?post=6984"}],"curies":[{"name":"wp","href":"https:\/\/api.w.org\/{rel}","templated":true}]}}