{"id":6994,"date":"2022-05-11T10:47:07","date_gmt":"2022-05-11T08:47:07","guid":{"rendered":"https:\/\/anber.es\/?post_type=product&#038;p=6994"},"modified":"2026-03-26T12:27:21","modified_gmt":"2026-03-26T10:27:21","slug":"bifurcaciones-de-aluminio-bipok","status":"publish","type":"product","link":"https:\/\/anber.es\/web\/producto\/bifurcaciones-de-aluminio-bipok\/","title":{"rendered":"Bifurcaciones de aluminio \u00abBIPOK\u00bb"},"content":{"rendered":"<p>Las<strong> bifurcaciones de aluminio \u00abBIPOK\u00bb <\/strong>est\u00e1n provistas de dos v\u00e1lvulas de v\u00e1lvula esf\u00e9rica, de una empu\u00f1adura de transporte integrada y unas patas estabilizadoras en el suelo.<\/p>\n<p>El paso \u00edntegro no crea c<b>asi ninguna p\u00e9rdida de carga<\/b>.<\/p>\n<p>Ofrecen distintas posibilidades de conexi\u00f3n: roscados BSP o NST-NH, o racores normalizados.<\/p>\n<p>Construidas en <b>aleaci\u00f3n de aluminio <\/b>de primera fusi\u00f3n tratado t\u00e9rmicamente, con un revestimiento de poli\u00e9ster de color rojo.<\/p>\n<p>Presi\u00f3n nominal: <b>PN16<\/b>.<\/p>\n<p>Disponemos de varias medidas de bifurcaciones de aluminio \u00abBIPOK\u00bb:<br \/>\n   &#8211; Una entrada macho 2 1\/2&#8243; BSP y dos salidas macho 1 1\/2&#8243;.<br \/>\n   &#8211; Una entrada macho 1 1\/2&#8243; y dos salidas macho 1&#8243;.<br \/>\n   &#8211; Una entrada macho 1 1\/2&#8243; y dos salidas macho 1 1\/2&#8243;.<\/p>\n<p>Referencia: BIP.<\/p>\n<p><a href=\"\/web\/wp-content\/uploads\/2022\/05\/Ficha_tecnica-bifurcaciones_aluminio_BIPOK.pdf\" target=\"_blank\" rel=\"noopener noreferrer\"><button>Descarga ficha<\/button><\/a><br \/>\n<a class=\"insta-link\" href=\"https:\/\/www.instagram.com\/aqlproteccion\/?hl=es\" target=\"_blank\" rel=\"noopener noreferrer\">Instagram<\/a><\/p>\n","protected":false},"excerpt":{"rendered":"<p>Las bifurcaciones de aluminio \u201cBIPOK\u201d est\u00e1n provistas de dos v\u00e1lvulas de v\u00e1lvula esf\u00e9rica, empu\u00f1adura de transporte y patas estabilizadoras.<\/p>\n","protected":false},"featured_media":6995,"template":"","meta":[],"product_cat":[20,244,234],"product_tag":[215],"yoast_head":"<!-- This site is optimized with the Yoast SEO plugin v22.1 - https:\/\/yoast.com\/wordpress\/plugins\/seo\/ -->\n<title>Bifurcaciones de aluminio &quot;BIPOK&quot; - Anber<\/title>\n<meta name=\"description\" content=\"Las bifurcaciones de aluminio \u201cBIPOK\u201d est\u00e1n provistas de dos v\u00e1lvulas de v\u00e1lvula esf\u00e9rica, empu\u00f1adura de transporte y patas estabilizadoras.\" \/>\n<meta name=\"robots\" content=\"index, follow, max-snippet:-1, max-image-preview:large, max-video-preview:-1\" \/>\n<link rel=\"canonical\" href=\"https:\/\/anber.es\/web\/producto\/bifurcaciones-de-aluminio-bipok\/\" \/>\n<meta property=\"og:locale\" content=\"es_ES\" \/>\n<meta property=\"og:type\" content=\"article\" \/>\n<meta property=\"og:title\" content=\"Bifurcaciones de aluminio &quot;BIPOK&quot; - Anber\" \/>\n<meta property=\"og:description\" content=\"Las bifurcaciones de aluminio \u201cBIPOK\u201d est\u00e1n provistas de dos v\u00e1lvulas de v\u00e1lvula esf\u00e9rica, empu\u00f1adura de transporte y patas estabilizadoras.\" \/>\n<meta property=\"og:url\" content=\"https:\/\/anber.es\/web\/producto\/bifurcaciones-de-aluminio-bipok\/\" \/>\n<meta property=\"og:site_name\" content=\"Anber\" \/>\n<meta property=\"article:modified_time\" content=\"2026-03-26T10:27:21+00:00\" \/>\n<meta property=\"og:image\" content=\"https:\/\/anber.es\/web\/wp-content\/uploads\/2022\/05\/bifurcacion_aluminio_bipok.jpg\" \/>\n\t<meta property=\"og:image:width\" content=\"1000\" \/>\n\t<meta property=\"og:image:height\" content=\"1000\" \/>\n\t<meta property=\"og:image:type\" content=\"image\/jpeg\" \/>\n<meta name=\"twitter:card\" content=\"summary_large_image\" \/>\n<meta name=\"twitter:label1\" content=\"Tiempo de lectura\" \/>\n\t<meta name=\"twitter:data1\" content=\"1 minuto\" \/>\n<script type=\"application\/ld+json\" class=\"yoast-schema-graph\">{\"@context\":\"https:\/\/schema.org\",\"@graph\":[{\"@type\":\"WebPage\",\"@id\":\"https:\/\/anber.es\/web\/producto\/bifurcaciones-de-aluminio-bipok\/\",\"url\":\"https:\/\/anber.es\/web\/producto\/bifurcaciones-de-aluminio-bipok\/\",\"name\":\"Bifurcaciones de aluminio \\\"BIPOK\\\" - Anber\",\"isPartOf\":{\"@id\":\"https:\/\/anber.es\/web\/#website\"},\"datePublished\":\"2022-05-11T08:47:07+00:00\",\"dateModified\":\"2026-03-26T10:27:21+00:00\",\"description\":\"Las bifurcaciones de aluminio \u201cBIPOK\u201d est\u00e1n provistas de dos v\u00e1lvulas de v\u00e1lvula esf\u00e9rica, empu\u00f1adura de transporte y patas estabilizadoras.\",\"breadcrumb\":{\"@id\":\"https:\/\/anber.es\/web\/producto\/bifurcaciones-de-aluminio-bipok\/#breadcrumb\"},\"inLanguage\":\"es\",\"potentialAction\":[{\"@type\":\"ReadAction\",\"target\":[\"https:\/\/anber.es\/web\/producto\/bifurcaciones-de-aluminio-bipok\/\"]}]},{\"@type\":\"BreadcrumbList\",\"@id\":\"https:\/\/anber.es\/web\/producto\/bifurcaciones-de-aluminio-bipok\/#breadcrumb\",\"itemListElement\":[{\"@type\":\"ListItem\",\"position\":1,\"name\":\"Portada\",\"item\":\"https:\/\/anber.es\/web\/\"},{\"@type\":\"ListItem\",\"position\":2,\"name\":\"Productos\",\"item\":\"https:\/\/anber.es\/web\/productos\/\"},{\"@type\":\"ListItem\",\"position\":3,\"name\":\"Bifurcaciones de aluminio \u00abBIPOK\u00bb\"}]},{\"@type\":\"WebSite\",\"@id\":\"https:\/\/anber.es\/web\/#website\",\"url\":\"https:\/\/anber.es\/web\/\",\"name\":\"Anber\",\"description\":\"Sistemas de protecci\u00f3n contra incendios\",\"publisher\":{\"@id\":\"https:\/\/anber.es\/web\/#organization\"},\"potentialAction\":[{\"@type\":\"SearchAction\",\"target\":{\"@type\":\"EntryPoint\",\"urlTemplate\":\"https:\/\/anber.es\/web\/?s={search_term_string}\"},\"query-input\":\"required name=search_term_string\"}],\"inLanguage\":\"es\"},{\"@type\":\"Organization\",\"@id\":\"https:\/\/anber.es\/web\/#organization\",\"name\":\"Anber\",\"url\":\"https:\/\/anber.es\/web\/\",\"logo\":{\"@type\":\"ImageObject\",\"inLanguage\":\"es\",\"@id\":\"https:\/\/anber.es\/web\/#\/schema\/logo\/image\/\",\"url\":\"https:\/\/anber.es\/web\/wp-content\/uploads\/2021\/03\/logo-anber.png\",\"contentUrl\":\"https:\/\/anber.es\/web\/wp-content\/uploads\/2021\/03\/logo-anber.png\",\"width\":2208,\"height\":500,\"caption\":\"Anber\"},\"image\":{\"@id\":\"https:\/\/anber.es\/web\/#\/schema\/logo\/image\/\"}}]}<\/script>\n<!-- \/ Yoast SEO plugin. -->","yoast_head_json":{"title":"Bifurcaciones de aluminio \"BIPOK\" - Anber","description":"Las bifurcaciones de aluminio \u201cBIPOK\u201d est\u00e1n provistas de dos v\u00e1lvulas de v\u00e1lvula esf\u00e9rica, empu\u00f1adura de transporte y patas estabilizadoras.","robots":{"index":"index","follow":"follow","max-snippet":"max-snippet:-1","max-image-preview":"max-image-preview:large","max-video-preview":"max-video-preview:-1"},"canonical":"https:\/\/anber.es\/web\/producto\/bifurcaciones-de-aluminio-bipok\/","og_locale":"es_ES","og_type":"article","og_title":"Bifurcaciones de aluminio \"BIPOK\" - Anber","og_description":"Las bifurcaciones de aluminio \u201cBIPOK\u201d est\u00e1n provistas de dos v\u00e1lvulas de v\u00e1lvula esf\u00e9rica, empu\u00f1adura de transporte y patas estabilizadoras.","og_url":"https:\/\/anber.es\/web\/producto\/bifurcaciones-de-aluminio-bipok\/","og_site_name":"Anber","article_modified_time":"2026-03-26T10:27:21+00:00","og_image":[{"width":1000,"height":1000,"url":"https:\/\/anber.es\/web\/wp-content\/uploads\/2022\/05\/bifurcacion_aluminio_bipok.jpg","type":"image\/jpeg"}],"twitter_card":"summary_large_image","twitter_misc":{"Tiempo de lectura":"1 minuto"},"schema":{"@context":"https:\/\/schema.org","@graph":[{"@type":"WebPage","@id":"https:\/\/anber.es\/web\/producto\/bifurcaciones-de-aluminio-bipok\/","url":"https:\/\/anber.es\/web\/producto\/bifurcaciones-de-aluminio-bipok\/","name":"Bifurcaciones de aluminio \"BIPOK\" - Anber","isPartOf":{"@id":"https:\/\/anber.es\/web\/#website"},"datePublished":"2022-05-11T08:47:07+00:00","dateModified":"2026-03-26T10:27:21+00:00","description":"Las bifurcaciones de aluminio \u201cBIPOK\u201d est\u00e1n provistas de dos v\u00e1lvulas de v\u00e1lvula esf\u00e9rica, empu\u00f1adura de transporte y patas estabilizadoras.","breadcrumb":{"@id":"https:\/\/anber.es\/web\/producto\/bifurcaciones-de-aluminio-bipok\/#breadcrumb"},"inLanguage":"es","potentialAction":[{"@type":"ReadAction","target":["https:\/\/anber.es\/web\/producto\/bifurcaciones-de-aluminio-bipok\/"]}]},{"@type":"BreadcrumbList","@id":"https:\/\/anber.es\/web\/producto\/bifurcaciones-de-aluminio-bipok\/#breadcrumb","itemListElement":[{"@type":"ListItem","position":1,"name":"Portada","item":"https:\/\/anber.es\/web\/"},{"@type":"ListItem","position":2,"name":"Productos","item":"https:\/\/anber.es\/web\/productos\/"},{"@type":"ListItem","position":3,"name":"Bifurcaciones de aluminio \u00abBIPOK\u00bb"}]},{"@type":"WebSite","@id":"https:\/\/anber.es\/web\/#website","url":"https:\/\/anber.es\/web\/","name":"Anber","description":"Sistemas de protecci\u00f3n contra incendios","publisher":{"@id":"https:\/\/anber.es\/web\/#organization"},"potentialAction":[{"@type":"SearchAction","target":{"@type":"EntryPoint","urlTemplate":"https:\/\/anber.es\/web\/?s={search_term_string}"},"query-input":"required name=search_term_string"}],"inLanguage":"es"},{"@type":"Organization","@id":"https:\/\/anber.es\/web\/#organization","name":"Anber","url":"https:\/\/anber.es\/web\/","logo":{"@type":"ImageObject","inLanguage":"es","@id":"https:\/\/anber.es\/web\/#\/schema\/logo\/image\/","url":"https:\/\/anber.es\/web\/wp-content\/uploads\/2021\/03\/logo-anber.png","contentUrl":"https:\/\/anber.es\/web\/wp-content\/uploads\/2021\/03\/logo-anber.png","width":2208,"height":500,"caption":"Anber"},"image":{"@id":"https:\/\/anber.es\/web\/#\/schema\/logo\/image\/"}}]}},"_links":{"self":[{"href":"https:\/\/anber.es\/web\/wp-json\/wp\/v2\/product\/6994"}],"collection":[{"href":"https:\/\/anber.es\/web\/wp-json\/wp\/v2\/product"}],"about":[{"href":"https:\/\/anber.es\/web\/wp-json\/wp\/v2\/types\/product"}],"wp:featuredmedia":[{"embeddable":true,"href":"https:\/\/anber.es\/web\/wp-json\/wp\/v2\/media\/6995"}],"wp:attachment":[{"href":"https:\/\/anber.es\/web\/wp-json\/wp\/v2\/media?parent=6994"}],"wp:term":[{"taxonomy":"product_cat","embeddable":true,"href":"https:\/\/anber.es\/web\/wp-json\/wp\/v2\/product_cat?post=6994"},{"taxonomy":"product_tag","embeddable":true,"href":"https:\/\/anber.es\/web\/wp-json\/wp\/v2\/product_tag?post=6994"}],"curies":[{"name":"wp","href":"https:\/\/api.w.org\/{rel}","templated":true}]}}