{"id":7029,"date":"2022-05-16T11:53:22","date_gmt":"2022-05-16T09:53:22","guid":{"rendered":"https:\/\/anber.es\/?post_type=product&#038;p=7029"},"modified":"2026-03-23T16:31:05","modified_gmt":"2026-03-23T14:31:05","slug":"valvula-solenoide-de-disparo","status":"publish","type":"product","link":"https:\/\/anber.es\/web\/producto\/valvula-solenoide-de-disparo\/","title":{"rendered":"V\u00e1lvula solenoide de disparo"},"content":{"rendered":"<p>La<strong> v\u00e1lvula solenoide de disparo <\/strong>ARMANfire se utiliza para despresurizar el\u00e9ctricamente la l\u00ednea Easydetect. Esto permite <b>activar los sistemas ARMANfire aunque el tubo Easydetect no se haya roto<\/b> todav\u00eda por el fuego.<\/p>\n<p>Fuente de alimentaci\u00f3n: <b>24 VDC<\/b>.<\/p>\n<p>Consumo de energ\u00eda: <b>12W<\/b>.<\/p>\n<p>Materiales: acero inoxidable, lat\u00f3n niquelado, elastom\u00e9rico, pl\u00e1stico.<\/p>\n<p>Estas v\u00e1lvulas se pueden usar en varios sistemas, dependiendo del sistema las temperaturas de trabajo cambian:<\/p>\n<p>&#8211; <b>ARMANfire<\/b>: -20\u00baC a 65\u00baC.<br \/>\n&#8211; <b>ARMANfireChef<\/b>: 0\u00baC a 50\u00baC.<\/p>\n<p>Referencia: IV022002.<\/p>\n<p><a href=\"\/web\/wp-content\/uploads\/2022\/05\/Ficha_tecnica-valvula_solenoide_de_disparo.pdf\" target=\"_blank\" rel=\"noopener noreferrer\"><button>Descarga ficha<\/button><\/a><br \/>\n<a class=\"insta-link\" href=\"https:\/\/www.instagram.com\/aqlproteccion\/?hl=es\" target=\"_blank\" rel=\"noopener noreferrer\">Instagram<\/a><\/p>\n","protected":false},"excerpt":{"rendered":"<p>La v\u00e1lvula solenoide de disparo ARMANfire se utiliza para despresurizar el\u00e9ctricamente la l\u00ednea Easydetect. Esto permite activar los sistemas ARMANfire aunque el tubo Easydetect no se haya roto todav\u00eda por el fuego.<\/p>\n","protected":false},"featured_media":7032,"template":"","meta":[],"product_cat":[242,241,171],"product_tag":[215],"yoast_head":"<!-- This site is optimized with the Yoast SEO plugin v22.1 - https:\/\/yoast.com\/wordpress\/plugins\/seo\/ -->\n<title>V\u00e1lvula solenoide de disparo - Anber<\/title>\n<meta name=\"description\" content=\"La v\u00e1lvula solenoide de disparo ARMANfire se utiliza para despresurizar el\u00e9ctricamente la l\u00ednea Easydetect.\" \/>\n<meta name=\"robots\" content=\"index, follow, max-snippet:-1, max-image-preview:large, max-video-preview:-1\" \/>\n<link rel=\"canonical\" href=\"https:\/\/anber.es\/web\/producto\/valvula-solenoide-de-disparo\/\" \/>\n<meta property=\"og:locale\" content=\"es_ES\" \/>\n<meta property=\"og:type\" content=\"article\" \/>\n<meta property=\"og:title\" content=\"V\u00e1lvula solenoide de disparo - Anber\" \/>\n<meta property=\"og:description\" content=\"La v\u00e1lvula solenoide de disparo ARMANfire se utiliza para despresurizar el\u00e9ctricamente la l\u00ednea Easydetect.\" \/>\n<meta property=\"og:url\" content=\"https:\/\/anber.es\/web\/producto\/valvula-solenoide-de-disparo\/\" \/>\n<meta property=\"og:site_name\" content=\"Anber\" \/>\n<meta property=\"article:modified_time\" content=\"2026-03-23T14:31:05+00:00\" \/>\n<meta property=\"og:image\" content=\"https:\/\/anber.es\/web\/wp-content\/uploads\/2022\/05\/valvula_solenoide_disparo.jpg\" \/>\n\t<meta property=\"og:image:width\" content=\"1000\" \/>\n\t<meta property=\"og:image:height\" content=\"1000\" \/>\n\t<meta property=\"og:image:type\" content=\"image\/jpeg\" \/>\n<meta name=\"twitter:card\" content=\"summary_large_image\" \/>\n<meta name=\"twitter:label1\" content=\"Tiempo de lectura\" \/>\n\t<meta name=\"twitter:data1\" content=\"1 minuto\" \/>\n<script type=\"application\/ld+json\" class=\"yoast-schema-graph\">{\"@context\":\"https:\/\/schema.org\",\"@graph\":[{\"@type\":\"WebPage\",\"@id\":\"https:\/\/anber.es\/web\/producto\/valvula-solenoide-de-disparo\/\",\"url\":\"https:\/\/anber.es\/web\/producto\/valvula-solenoide-de-disparo\/\",\"name\":\"V\u00e1lvula solenoide de disparo - Anber\",\"isPartOf\":{\"@id\":\"https:\/\/anber.es\/web\/#website\"},\"datePublished\":\"2022-05-16T09:53:22+00:00\",\"dateModified\":\"2026-03-23T14:31:05+00:00\",\"description\":\"La v\u00e1lvula solenoide de disparo ARMANfire se utiliza para despresurizar el\u00e9ctricamente la l\u00ednea Easydetect.\",\"breadcrumb\":{\"@id\":\"https:\/\/anber.es\/web\/producto\/valvula-solenoide-de-disparo\/#breadcrumb\"},\"inLanguage\":\"es\",\"potentialAction\":[{\"@type\":\"ReadAction\",\"target\":[\"https:\/\/anber.es\/web\/producto\/valvula-solenoide-de-disparo\/\"]}]},{\"@type\":\"BreadcrumbList\",\"@id\":\"https:\/\/anber.es\/web\/producto\/valvula-solenoide-de-disparo\/#breadcrumb\",\"itemListElement\":[{\"@type\":\"ListItem\",\"position\":1,\"name\":\"Portada\",\"item\":\"https:\/\/anber.es\/web\/\"},{\"@type\":\"ListItem\",\"position\":2,\"name\":\"Productos\",\"item\":\"https:\/\/anber.es\/web\/productos\/\"},{\"@type\":\"ListItem\",\"position\":3,\"name\":\"V\u00e1lvula solenoide de disparo\"}]},{\"@type\":\"WebSite\",\"@id\":\"https:\/\/anber.es\/web\/#website\",\"url\":\"https:\/\/anber.es\/web\/\",\"name\":\"Anber\",\"description\":\"Sistemas de protecci\u00f3n contra incendios\",\"publisher\":{\"@id\":\"https:\/\/anber.es\/web\/#organization\"},\"potentialAction\":[{\"@type\":\"SearchAction\",\"target\":{\"@type\":\"EntryPoint\",\"urlTemplate\":\"https:\/\/anber.es\/web\/?s={search_term_string}\"},\"query-input\":\"required name=search_term_string\"}],\"inLanguage\":\"es\"},{\"@type\":\"Organization\",\"@id\":\"https:\/\/anber.es\/web\/#organization\",\"name\":\"Anber\",\"url\":\"https:\/\/anber.es\/web\/\",\"logo\":{\"@type\":\"ImageObject\",\"inLanguage\":\"es\",\"@id\":\"https:\/\/anber.es\/web\/#\/schema\/logo\/image\/\",\"url\":\"https:\/\/anber.es\/web\/wp-content\/uploads\/2021\/03\/logo-anber.png\",\"contentUrl\":\"https:\/\/anber.es\/web\/wp-content\/uploads\/2021\/03\/logo-anber.png\",\"width\":2208,\"height\":500,\"caption\":\"Anber\"},\"image\":{\"@id\":\"https:\/\/anber.es\/web\/#\/schema\/logo\/image\/\"}}]}<\/script>\n<!-- \/ Yoast SEO plugin. -->","yoast_head_json":{"title":"V\u00e1lvula solenoide de disparo - Anber","description":"La v\u00e1lvula solenoide de disparo ARMANfire se utiliza para despresurizar el\u00e9ctricamente la l\u00ednea Easydetect.","robots":{"index":"index","follow":"follow","max-snippet":"max-snippet:-1","max-image-preview":"max-image-preview:large","max-video-preview":"max-video-preview:-1"},"canonical":"https:\/\/anber.es\/web\/producto\/valvula-solenoide-de-disparo\/","og_locale":"es_ES","og_type":"article","og_title":"V\u00e1lvula solenoide de disparo - Anber","og_description":"La v\u00e1lvula solenoide de disparo ARMANfire se utiliza para despresurizar el\u00e9ctricamente la l\u00ednea Easydetect.","og_url":"https:\/\/anber.es\/web\/producto\/valvula-solenoide-de-disparo\/","og_site_name":"Anber","article_modified_time":"2026-03-23T14:31:05+00:00","og_image":[{"width":1000,"height":1000,"url":"https:\/\/anber.es\/web\/wp-content\/uploads\/2022\/05\/valvula_solenoide_disparo.jpg","type":"image\/jpeg"}],"twitter_card":"summary_large_image","twitter_misc":{"Tiempo de lectura":"1 minuto"},"schema":{"@context":"https:\/\/schema.org","@graph":[{"@type":"WebPage","@id":"https:\/\/anber.es\/web\/producto\/valvula-solenoide-de-disparo\/","url":"https:\/\/anber.es\/web\/producto\/valvula-solenoide-de-disparo\/","name":"V\u00e1lvula solenoide de disparo - Anber","isPartOf":{"@id":"https:\/\/anber.es\/web\/#website"},"datePublished":"2022-05-16T09:53:22+00:00","dateModified":"2026-03-23T14:31:05+00:00","description":"La v\u00e1lvula solenoide de disparo ARMANfire se utiliza para despresurizar el\u00e9ctricamente la l\u00ednea Easydetect.","breadcrumb":{"@id":"https:\/\/anber.es\/web\/producto\/valvula-solenoide-de-disparo\/#breadcrumb"},"inLanguage":"es","potentialAction":[{"@type":"ReadAction","target":["https:\/\/anber.es\/web\/producto\/valvula-solenoide-de-disparo\/"]}]},{"@type":"BreadcrumbList","@id":"https:\/\/anber.es\/web\/producto\/valvula-solenoide-de-disparo\/#breadcrumb","itemListElement":[{"@type":"ListItem","position":1,"name":"Portada","item":"https:\/\/anber.es\/web\/"},{"@type":"ListItem","position":2,"name":"Productos","item":"https:\/\/anber.es\/web\/productos\/"},{"@type":"ListItem","position":3,"name":"V\u00e1lvula solenoide de disparo"}]},{"@type":"WebSite","@id":"https:\/\/anber.es\/web\/#website","url":"https:\/\/anber.es\/web\/","name":"Anber","description":"Sistemas de protecci\u00f3n contra incendios","publisher":{"@id":"https:\/\/anber.es\/web\/#organization"},"potentialAction":[{"@type":"SearchAction","target":{"@type":"EntryPoint","urlTemplate":"https:\/\/anber.es\/web\/?s={search_term_string}"},"query-input":"required name=search_term_string"}],"inLanguage":"es"},{"@type":"Organization","@id":"https:\/\/anber.es\/web\/#organization","name":"Anber","url":"https:\/\/anber.es\/web\/","logo":{"@type":"ImageObject","inLanguage":"es","@id":"https:\/\/anber.es\/web\/#\/schema\/logo\/image\/","url":"https:\/\/anber.es\/web\/wp-content\/uploads\/2021\/03\/logo-anber.png","contentUrl":"https:\/\/anber.es\/web\/wp-content\/uploads\/2021\/03\/logo-anber.png","width":2208,"height":500,"caption":"Anber"},"image":{"@id":"https:\/\/anber.es\/web\/#\/schema\/logo\/image\/"}}]}},"_links":{"self":[{"href":"https:\/\/anber.es\/web\/wp-json\/wp\/v2\/product\/7029"}],"collection":[{"href":"https:\/\/anber.es\/web\/wp-json\/wp\/v2\/product"}],"about":[{"href":"https:\/\/anber.es\/web\/wp-json\/wp\/v2\/types\/product"}],"wp:featuredmedia":[{"embeddable":true,"href":"https:\/\/anber.es\/web\/wp-json\/wp\/v2\/media\/7032"}],"wp:attachment":[{"href":"https:\/\/anber.es\/web\/wp-json\/wp\/v2\/media?parent=7029"}],"wp:term":[{"taxonomy":"product_cat","embeddable":true,"href":"https:\/\/anber.es\/web\/wp-json\/wp\/v2\/product_cat?post=7029"},{"taxonomy":"product_tag","embeddable":true,"href":"https:\/\/anber.es\/web\/wp-json\/wp\/v2\/product_tag?post=7029"}],"curies":[{"name":"wp","href":"https:\/\/api.w.org\/{rel}","templated":true}]}}