{"id":7040,"date":"2022-05-17T15:34:11","date_gmt":"2022-05-17T13:34:11","guid":{"rendered":"https:\/\/anber.es\/?post_type=product&#038;p=7040"},"modified":"2026-03-23T16:28:39","modified_gmt":"2026-03-23T14:28:39","slug":"final-de-linea-con-manometro","status":"publish","type":"product","link":"https:\/\/anber.es\/web\/producto\/final-de-linea-con-manometro\/","title":{"rendered":"Final de l\u00ednea con man\u00f3metro"},"content":{"rendered":"<p>El <strong>final de l\u00ednea con man\u00f3metro <\/strong>ARMANfire se instala en un extremo del tubo Easydetect. Permite visualizar la presi\u00f3n dentro del tubo Easydetect.<\/p>\n<p>Tambi\u00e9n permite<b> presurizar el tubo Easydetect<\/b> utilizando Easyfill durante la puesta en servicio.<\/p>\n<p>Este final de l\u00ednea con man\u00f3metro sirve para varios sistemas, dependiendo del sistema las temperaturas de trabajo cambian:<\/p>\n<p>&#8211; <b>ARMANfire HFC-227ea<\/b>: -20\u00baC a 50\u00baC.<br \/>\n&#8211; <b>ARMANfire FK-5-1-12<\/b>: -20\u00baC a 60\u00baC.<br \/>\n&#8211; <b>ArmanFireChef<\/b>: 0\u00baC a 50\u00baC.<\/p>\n<p>Referencia: IV052003.<\/p>\n<p><a href=\"\/web\/wp-content\/uploads\/2022\/05\/Ficha_tecnica-final_de_linea_con_manometro.pdf\" target=\"_blank\" rel=\"noopener noreferrer\"><button>Descarga ficha<\/button><\/a><br \/>\n<a class=\"insta-link\" href=\"https:\/\/www.instagram.com\/aqlproteccion\/?hl=es\" target=\"_blank\" rel=\"noopener noreferrer\">Instagram<\/a><\/p>\n","protected":false},"excerpt":{"rendered":"<p>El final de l\u00ednea con man\u00f3metro ARMANfire se instala en un extremo del tubo Easydetect y te permite visualizar la presi\u00f3n dentro de \u00e9ste.<\/p>\n","protected":false},"featured_media":8815,"template":"","meta":[],"product_cat":[242,241,171],"product_tag":[215],"yoast_head":"<!-- This site is optimized with the Yoast SEO plugin v22.1 - https:\/\/yoast.com\/wordpress\/plugins\/seo\/ -->\n<title>Final de l\u00ednea con man\u00f3metro - Anber<\/title>\n<meta name=\"description\" content=\"El final de l\u00ednea con man\u00f3metro ARMANfire se instala en un extremo del tubo Easydetect y te permite visualizar la presi\u00f3n dentro de \u00e9ste.\" \/>\n<meta name=\"robots\" content=\"index, follow, max-snippet:-1, max-image-preview:large, max-video-preview:-1\" \/>\n<link rel=\"canonical\" href=\"https:\/\/anber.es\/web\/producto\/final-de-linea-con-manometro\/\" \/>\n<meta property=\"og:locale\" content=\"es_ES\" \/>\n<meta property=\"og:type\" content=\"article\" \/>\n<meta property=\"og:title\" content=\"Final de l\u00ednea con man\u00f3metro - Anber\" \/>\n<meta property=\"og:description\" content=\"El final de l\u00ednea con man\u00f3metro ARMANfire se instala en un extremo del tubo Easydetect y te permite visualizar la presi\u00f3n dentro de \u00e9ste.\" \/>\n<meta property=\"og:url\" content=\"https:\/\/anber.es\/web\/producto\/final-de-linea-con-manometro\/\" \/>\n<meta property=\"og:site_name\" content=\"Anber\" \/>\n<meta property=\"article:modified_time\" content=\"2026-03-23T14:28:39+00:00\" \/>\n<meta property=\"og:image\" content=\"https:\/\/anber.es\/web\/wp-content\/uploads\/2023\/08\/final_de_linea_con_manometro.webp\" \/>\n\t<meta property=\"og:image:width\" content=\"1000\" \/>\n\t<meta property=\"og:image:height\" content=\"1000\" \/>\n\t<meta property=\"og:image:type\" content=\"image\/webp\" \/>\n<meta name=\"twitter:card\" content=\"summary_large_image\" \/>\n<meta name=\"twitter:label1\" content=\"Tiempo de lectura\" \/>\n\t<meta name=\"twitter:data1\" content=\"1 minuto\" \/>\n<script type=\"application\/ld+json\" class=\"yoast-schema-graph\">{\"@context\":\"https:\/\/schema.org\",\"@graph\":[{\"@type\":\"WebPage\",\"@id\":\"https:\/\/anber.es\/web\/producto\/final-de-linea-con-manometro\/\",\"url\":\"https:\/\/anber.es\/web\/producto\/final-de-linea-con-manometro\/\",\"name\":\"Final de l\u00ednea con man\u00f3metro - Anber\",\"isPartOf\":{\"@id\":\"https:\/\/anber.es\/web\/#website\"},\"datePublished\":\"2022-05-17T13:34:11+00:00\",\"dateModified\":\"2026-03-23T14:28:39+00:00\",\"description\":\"El final de l\u00ednea con man\u00f3metro ARMANfire se instala en un extremo del tubo Easydetect y te permite visualizar la presi\u00f3n dentro de \u00e9ste.\",\"breadcrumb\":{\"@id\":\"https:\/\/anber.es\/web\/producto\/final-de-linea-con-manometro\/#breadcrumb\"},\"inLanguage\":\"es\",\"potentialAction\":[{\"@type\":\"ReadAction\",\"target\":[\"https:\/\/anber.es\/web\/producto\/final-de-linea-con-manometro\/\"]}]},{\"@type\":\"BreadcrumbList\",\"@id\":\"https:\/\/anber.es\/web\/producto\/final-de-linea-con-manometro\/#breadcrumb\",\"itemListElement\":[{\"@type\":\"ListItem\",\"position\":1,\"name\":\"Portada\",\"item\":\"https:\/\/anber.es\/web\/\"},{\"@type\":\"ListItem\",\"position\":2,\"name\":\"Productos\",\"item\":\"https:\/\/anber.es\/web\/productos\/\"},{\"@type\":\"ListItem\",\"position\":3,\"name\":\"Final de l\u00ednea con man\u00f3metro\"}]},{\"@type\":\"WebSite\",\"@id\":\"https:\/\/anber.es\/web\/#website\",\"url\":\"https:\/\/anber.es\/web\/\",\"name\":\"Anber\",\"description\":\"Sistemas de protecci\u00f3n contra incendios\",\"publisher\":{\"@id\":\"https:\/\/anber.es\/web\/#organization\"},\"potentialAction\":[{\"@type\":\"SearchAction\",\"target\":{\"@type\":\"EntryPoint\",\"urlTemplate\":\"https:\/\/anber.es\/web\/?s={search_term_string}\"},\"query-input\":\"required name=search_term_string\"}],\"inLanguage\":\"es\"},{\"@type\":\"Organization\",\"@id\":\"https:\/\/anber.es\/web\/#organization\",\"name\":\"Anber\",\"url\":\"https:\/\/anber.es\/web\/\",\"logo\":{\"@type\":\"ImageObject\",\"inLanguage\":\"es\",\"@id\":\"https:\/\/anber.es\/web\/#\/schema\/logo\/image\/\",\"url\":\"https:\/\/anber.es\/web\/wp-content\/uploads\/2021\/03\/logo-anber.png\",\"contentUrl\":\"https:\/\/anber.es\/web\/wp-content\/uploads\/2021\/03\/logo-anber.png\",\"width\":2208,\"height\":500,\"caption\":\"Anber\"},\"image\":{\"@id\":\"https:\/\/anber.es\/web\/#\/schema\/logo\/image\/\"}}]}<\/script>\n<!-- \/ Yoast SEO plugin. -->","yoast_head_json":{"title":"Final de l\u00ednea con man\u00f3metro - Anber","description":"El final de l\u00ednea con man\u00f3metro ARMANfire se instala en un extremo del tubo Easydetect y te permite visualizar la presi\u00f3n dentro de \u00e9ste.","robots":{"index":"index","follow":"follow","max-snippet":"max-snippet:-1","max-image-preview":"max-image-preview:large","max-video-preview":"max-video-preview:-1"},"canonical":"https:\/\/anber.es\/web\/producto\/final-de-linea-con-manometro\/","og_locale":"es_ES","og_type":"article","og_title":"Final de l\u00ednea con man\u00f3metro - Anber","og_description":"El final de l\u00ednea con man\u00f3metro ARMANfire se instala en un extremo del tubo Easydetect y te permite visualizar la presi\u00f3n dentro de \u00e9ste.","og_url":"https:\/\/anber.es\/web\/producto\/final-de-linea-con-manometro\/","og_site_name":"Anber","article_modified_time":"2026-03-23T14:28:39+00:00","og_image":[{"width":1000,"height":1000,"url":"https:\/\/anber.es\/web\/wp-content\/uploads\/2023\/08\/final_de_linea_con_manometro.webp","type":"image\/webp"}],"twitter_card":"summary_large_image","twitter_misc":{"Tiempo de lectura":"1 minuto"},"schema":{"@context":"https:\/\/schema.org","@graph":[{"@type":"WebPage","@id":"https:\/\/anber.es\/web\/producto\/final-de-linea-con-manometro\/","url":"https:\/\/anber.es\/web\/producto\/final-de-linea-con-manometro\/","name":"Final de l\u00ednea con man\u00f3metro - Anber","isPartOf":{"@id":"https:\/\/anber.es\/web\/#website"},"datePublished":"2022-05-17T13:34:11+00:00","dateModified":"2026-03-23T14:28:39+00:00","description":"El final de l\u00ednea con man\u00f3metro ARMANfire se instala en un extremo del tubo Easydetect y te permite visualizar la presi\u00f3n dentro de \u00e9ste.","breadcrumb":{"@id":"https:\/\/anber.es\/web\/producto\/final-de-linea-con-manometro\/#breadcrumb"},"inLanguage":"es","potentialAction":[{"@type":"ReadAction","target":["https:\/\/anber.es\/web\/producto\/final-de-linea-con-manometro\/"]}]},{"@type":"BreadcrumbList","@id":"https:\/\/anber.es\/web\/producto\/final-de-linea-con-manometro\/#breadcrumb","itemListElement":[{"@type":"ListItem","position":1,"name":"Portada","item":"https:\/\/anber.es\/web\/"},{"@type":"ListItem","position":2,"name":"Productos","item":"https:\/\/anber.es\/web\/productos\/"},{"@type":"ListItem","position":3,"name":"Final de l\u00ednea con man\u00f3metro"}]},{"@type":"WebSite","@id":"https:\/\/anber.es\/web\/#website","url":"https:\/\/anber.es\/web\/","name":"Anber","description":"Sistemas de protecci\u00f3n contra incendios","publisher":{"@id":"https:\/\/anber.es\/web\/#organization"},"potentialAction":[{"@type":"SearchAction","target":{"@type":"EntryPoint","urlTemplate":"https:\/\/anber.es\/web\/?s={search_term_string}"},"query-input":"required name=search_term_string"}],"inLanguage":"es"},{"@type":"Organization","@id":"https:\/\/anber.es\/web\/#organization","name":"Anber","url":"https:\/\/anber.es\/web\/","logo":{"@type":"ImageObject","inLanguage":"es","@id":"https:\/\/anber.es\/web\/#\/schema\/logo\/image\/","url":"https:\/\/anber.es\/web\/wp-content\/uploads\/2021\/03\/logo-anber.png","contentUrl":"https:\/\/anber.es\/web\/wp-content\/uploads\/2021\/03\/logo-anber.png","width":2208,"height":500,"caption":"Anber"},"image":{"@id":"https:\/\/anber.es\/web\/#\/schema\/logo\/image\/"}}]}},"_links":{"self":[{"href":"https:\/\/anber.es\/web\/wp-json\/wp\/v2\/product\/7040"}],"collection":[{"href":"https:\/\/anber.es\/web\/wp-json\/wp\/v2\/product"}],"about":[{"href":"https:\/\/anber.es\/web\/wp-json\/wp\/v2\/types\/product"}],"wp:featuredmedia":[{"embeddable":true,"href":"https:\/\/anber.es\/web\/wp-json\/wp\/v2\/media\/8815"}],"wp:attachment":[{"href":"https:\/\/anber.es\/web\/wp-json\/wp\/v2\/media?parent=7040"}],"wp:term":[{"taxonomy":"product_cat","embeddable":true,"href":"https:\/\/anber.es\/web\/wp-json\/wp\/v2\/product_cat?post=7040"},{"taxonomy":"product_tag","embeddable":true,"href":"https:\/\/anber.es\/web\/wp-json\/wp\/v2\/product_tag?post=7040"}],"curies":[{"name":"wp","href":"https:\/\/api.w.org\/{rel}","templated":true}]}}