{"id":7055,"date":"2022-05-18T12:06:10","date_gmt":"2022-05-18T10:06:10","guid":{"rendered":"https:\/\/anber.es\/?post_type=product&#038;p=7055"},"modified":"2026-03-23T16:28:28","modified_gmt":"2026-03-23T14:28:28","slug":"fijacion-para-tubo-easydetect","status":"publish","type":"product","link":"https:\/\/anber.es\/web\/producto\/fijacion-para-tubo-easydetect\/","title":{"rendered":"Grapa para tubo Easydetect"},"content":{"rendered":"<p>Las<strong> grapas para tubo Easydetect (tubo multicapa negro)<\/strong>de ARMANfire son necesarias para fijar de forma segura el tubo Easydetect en el volumen protegido para <b>garantizar una detecci\u00f3n\/extinci\u00f3n de incendios \u00f3ptima<\/b>.<\/p>\n<p>La base adhesiva permite un f\u00e1cil posicionamiento y modificaci\u00f3n durante la instalaci\u00f3n.<\/p>\n<p>El <b>orificio de \u00d85mm<\/b> permite la fijaci\u00f3n definitiva con un tornillo o remache.<\/p>\n<p>Referencia: IV125206.<\/p>\n<p><a href=\"\/web\/wp-content\/uploads\/2022\/05\/Ficha_tecnica-fijacion_para_tubo_easydetect.pdf\" target=\"_blank\" rel=\"noopener noreferrer\"><button>Descarga ficha<\/button><\/a><br \/>\n<a class=\"insta-link\" href=\"https:\/\/www.instagram.com\/aqlproteccion\/?hl=es\" target=\"_blank\" rel=\"noopener noreferrer\">Instagram<\/a><\/p>\n","protected":false},"excerpt":{"rendered":"<p>Las fijaciones para tubo ARMANfire son necesarias para fijar de forma segura el tubo Easydetect en el volumen protegido para garantizar una detecci\u00f3n\/extinci\u00f3n de incendios \u00f3ptima.<\/p>\n","protected":false},"featured_media":8806,"template":"","meta":[],"product_cat":[242,241,171],"product_tag":[215],"yoast_head":"<!-- This site is optimized with the Yoast SEO plugin v22.1 - https:\/\/yoast.com\/wordpress\/plugins\/seo\/ -->\n<title>Grapa para tubo Easydetect - Anber<\/title>\n<meta name=\"description\" content=\"Las fijaciones para tubo son necesarias para fijar de forma segura el tubo Easydetect para garantizar una detecci\u00f3n\/extinci\u00f3n \u00f3ptima.\" \/>\n<meta name=\"robots\" content=\"index, follow, max-snippet:-1, max-image-preview:large, max-video-preview:-1\" \/>\n<link rel=\"canonical\" href=\"https:\/\/anber.es\/web\/producto\/fijacion-para-tubo-easydetect\/\" \/>\n<meta property=\"og:locale\" content=\"es_ES\" \/>\n<meta property=\"og:type\" content=\"article\" \/>\n<meta property=\"og:title\" content=\"Grapa para tubo Easydetect - Anber\" \/>\n<meta property=\"og:description\" content=\"Las fijaciones para tubo son necesarias para fijar de forma segura el tubo Easydetect para garantizar una detecci\u00f3n\/extinci\u00f3n \u00f3ptima.\" \/>\n<meta property=\"og:url\" content=\"https:\/\/anber.es\/web\/producto\/fijacion-para-tubo-easydetect\/\" \/>\n<meta property=\"og:site_name\" content=\"Anber\" \/>\n<meta property=\"article:modified_time\" content=\"2026-03-23T14:28:28+00:00\" \/>\n<meta property=\"og:image\" content=\"https:\/\/anber.es\/web\/wp-content\/uploads\/2023\/08\/fijacion_para_tubo_easydetect.webp\" \/>\n\t<meta property=\"og:image:width\" content=\"1000\" \/>\n\t<meta property=\"og:image:height\" content=\"1000\" \/>\n\t<meta property=\"og:image:type\" content=\"image\/webp\" \/>\n<meta name=\"twitter:card\" content=\"summary_large_image\" \/>\n<meta name=\"twitter:label1\" content=\"Tiempo de lectura\" \/>\n\t<meta name=\"twitter:data1\" content=\"1 minuto\" \/>\n<script type=\"application\/ld+json\" class=\"yoast-schema-graph\">{\"@context\":\"https:\/\/schema.org\",\"@graph\":[{\"@type\":\"WebPage\",\"@id\":\"https:\/\/anber.es\/web\/producto\/fijacion-para-tubo-easydetect\/\",\"url\":\"https:\/\/anber.es\/web\/producto\/fijacion-para-tubo-easydetect\/\",\"name\":\"Grapa para tubo Easydetect - Anber\",\"isPartOf\":{\"@id\":\"https:\/\/anber.es\/web\/#website\"},\"datePublished\":\"2022-05-18T10:06:10+00:00\",\"dateModified\":\"2026-03-23T14:28:28+00:00\",\"description\":\"Las fijaciones para tubo son necesarias para fijar de forma segura el tubo Easydetect para garantizar una detecci\u00f3n\/extinci\u00f3n \u00f3ptima.\",\"breadcrumb\":{\"@id\":\"https:\/\/anber.es\/web\/producto\/fijacion-para-tubo-easydetect\/#breadcrumb\"},\"inLanguage\":\"es\",\"potentialAction\":[{\"@type\":\"ReadAction\",\"target\":[\"https:\/\/anber.es\/web\/producto\/fijacion-para-tubo-easydetect\/\"]}]},{\"@type\":\"BreadcrumbList\",\"@id\":\"https:\/\/anber.es\/web\/producto\/fijacion-para-tubo-easydetect\/#breadcrumb\",\"itemListElement\":[{\"@type\":\"ListItem\",\"position\":1,\"name\":\"Portada\",\"item\":\"https:\/\/anber.es\/web\/\"},{\"@type\":\"ListItem\",\"position\":2,\"name\":\"Productos\",\"item\":\"https:\/\/anber.es\/web\/productos\/\"},{\"@type\":\"ListItem\",\"position\":3,\"name\":\"Grapa para tubo Easydetect\"}]},{\"@type\":\"WebSite\",\"@id\":\"https:\/\/anber.es\/web\/#website\",\"url\":\"https:\/\/anber.es\/web\/\",\"name\":\"Anber\",\"description\":\"Sistemas de protecci\u00f3n contra incendios\",\"publisher\":{\"@id\":\"https:\/\/anber.es\/web\/#organization\"},\"potentialAction\":[{\"@type\":\"SearchAction\",\"target\":{\"@type\":\"EntryPoint\",\"urlTemplate\":\"https:\/\/anber.es\/web\/?s={search_term_string}\"},\"query-input\":\"required name=search_term_string\"}],\"inLanguage\":\"es\"},{\"@type\":\"Organization\",\"@id\":\"https:\/\/anber.es\/web\/#organization\",\"name\":\"Anber\",\"url\":\"https:\/\/anber.es\/web\/\",\"logo\":{\"@type\":\"ImageObject\",\"inLanguage\":\"es\",\"@id\":\"https:\/\/anber.es\/web\/#\/schema\/logo\/image\/\",\"url\":\"https:\/\/anber.es\/web\/wp-content\/uploads\/2021\/03\/logo-anber.png\",\"contentUrl\":\"https:\/\/anber.es\/web\/wp-content\/uploads\/2021\/03\/logo-anber.png\",\"width\":2208,\"height\":500,\"caption\":\"Anber\"},\"image\":{\"@id\":\"https:\/\/anber.es\/web\/#\/schema\/logo\/image\/\"}}]}<\/script>\n<!-- \/ Yoast SEO plugin. -->","yoast_head_json":{"title":"Grapa para tubo Easydetect - Anber","description":"Las fijaciones para tubo son necesarias para fijar de forma segura el tubo Easydetect para garantizar una detecci\u00f3n\/extinci\u00f3n \u00f3ptima.","robots":{"index":"index","follow":"follow","max-snippet":"max-snippet:-1","max-image-preview":"max-image-preview:large","max-video-preview":"max-video-preview:-1"},"canonical":"https:\/\/anber.es\/web\/producto\/fijacion-para-tubo-easydetect\/","og_locale":"es_ES","og_type":"article","og_title":"Grapa para tubo Easydetect - Anber","og_description":"Las fijaciones para tubo son necesarias para fijar de forma segura el tubo Easydetect para garantizar una detecci\u00f3n\/extinci\u00f3n \u00f3ptima.","og_url":"https:\/\/anber.es\/web\/producto\/fijacion-para-tubo-easydetect\/","og_site_name":"Anber","article_modified_time":"2026-03-23T14:28:28+00:00","og_image":[{"width":1000,"height":1000,"url":"https:\/\/anber.es\/web\/wp-content\/uploads\/2023\/08\/fijacion_para_tubo_easydetect.webp","type":"image\/webp"}],"twitter_card":"summary_large_image","twitter_misc":{"Tiempo de lectura":"1 minuto"},"schema":{"@context":"https:\/\/schema.org","@graph":[{"@type":"WebPage","@id":"https:\/\/anber.es\/web\/producto\/fijacion-para-tubo-easydetect\/","url":"https:\/\/anber.es\/web\/producto\/fijacion-para-tubo-easydetect\/","name":"Grapa para tubo Easydetect - Anber","isPartOf":{"@id":"https:\/\/anber.es\/web\/#website"},"datePublished":"2022-05-18T10:06:10+00:00","dateModified":"2026-03-23T14:28:28+00:00","description":"Las fijaciones para tubo son necesarias para fijar de forma segura el tubo Easydetect para garantizar una detecci\u00f3n\/extinci\u00f3n \u00f3ptima.","breadcrumb":{"@id":"https:\/\/anber.es\/web\/producto\/fijacion-para-tubo-easydetect\/#breadcrumb"},"inLanguage":"es","potentialAction":[{"@type":"ReadAction","target":["https:\/\/anber.es\/web\/producto\/fijacion-para-tubo-easydetect\/"]}]},{"@type":"BreadcrumbList","@id":"https:\/\/anber.es\/web\/producto\/fijacion-para-tubo-easydetect\/#breadcrumb","itemListElement":[{"@type":"ListItem","position":1,"name":"Portada","item":"https:\/\/anber.es\/web\/"},{"@type":"ListItem","position":2,"name":"Productos","item":"https:\/\/anber.es\/web\/productos\/"},{"@type":"ListItem","position":3,"name":"Grapa para tubo Easydetect"}]},{"@type":"WebSite","@id":"https:\/\/anber.es\/web\/#website","url":"https:\/\/anber.es\/web\/","name":"Anber","description":"Sistemas de protecci\u00f3n contra incendios","publisher":{"@id":"https:\/\/anber.es\/web\/#organization"},"potentialAction":[{"@type":"SearchAction","target":{"@type":"EntryPoint","urlTemplate":"https:\/\/anber.es\/web\/?s={search_term_string}"},"query-input":"required name=search_term_string"}],"inLanguage":"es"},{"@type":"Organization","@id":"https:\/\/anber.es\/web\/#organization","name":"Anber","url":"https:\/\/anber.es\/web\/","logo":{"@type":"ImageObject","inLanguage":"es","@id":"https:\/\/anber.es\/web\/#\/schema\/logo\/image\/","url":"https:\/\/anber.es\/web\/wp-content\/uploads\/2021\/03\/logo-anber.png","contentUrl":"https:\/\/anber.es\/web\/wp-content\/uploads\/2021\/03\/logo-anber.png","width":2208,"height":500,"caption":"Anber"},"image":{"@id":"https:\/\/anber.es\/web\/#\/schema\/logo\/image\/"}}]}},"_links":{"self":[{"href":"https:\/\/anber.es\/web\/wp-json\/wp\/v2\/product\/7055"}],"collection":[{"href":"https:\/\/anber.es\/web\/wp-json\/wp\/v2\/product"}],"about":[{"href":"https:\/\/anber.es\/web\/wp-json\/wp\/v2\/types\/product"}],"wp:featuredmedia":[{"embeddable":true,"href":"https:\/\/anber.es\/web\/wp-json\/wp\/v2\/media\/8806"}],"wp:attachment":[{"href":"https:\/\/anber.es\/web\/wp-json\/wp\/v2\/media?parent=7055"}],"wp:term":[{"taxonomy":"product_cat","embeddable":true,"href":"https:\/\/anber.es\/web\/wp-json\/wp\/v2\/product_cat?post=7055"},{"taxonomy":"product_tag","embeddable":true,"href":"https:\/\/anber.es\/web\/wp-json\/wp\/v2\/product_tag?post=7055"}],"curies":[{"name":"wp","href":"https:\/\/api.w.org\/{rel}","templated":true}]}}