{"id":7063,"date":"2022-05-18T12:47:51","date_gmt":"2022-05-18T10:47:51","guid":{"rendered":"https:\/\/anber.es\/?post_type=product&#038;p=7063"},"modified":"2026-03-23T16:29:26","modified_gmt":"2026-03-23T14:29:26","slug":"manguito-union","status":"publish","type":"product","link":"https:\/\/anber.es\/web\/producto\/manguito-union\/","title":{"rendered":"Manguito uni\u00f3n"},"content":{"rendered":"<p>El<strong> manguito uni\u00f3n <\/strong>ARMANfire est\u00e1 dise\u00f1ado para conectar dos puertos finales del tubo Easydetect en una posici\u00f3n recta.<\/p>\n<p>Material: lat\u00f3n niquelado.<\/p>\n<p>Este manguito uni\u00f3n sirve para varios sistemas, dependiendo del sistema las <b>temperaturas de trabajo<\/b> cambian:<\/p>\n<p>&#8211; <b>ARMANfire HFC-227ea<\/b>: -20\u00baC a 50\u00baC.<br \/>\n&#8211; <b>ARMANfire FK-5-1-12<\/b>: -20\u00baC a 60\u00baC.<br \/>\n&#8211; <b>ArmanFireChef<\/b>: 0\u00baC a 50\u00baC.<\/p>\n<p>Referencia: IV125207.<\/p>\n<p><a href=\"\/web\/wp-content\/uploads\/2022\/05\/Ficha_tecnica-manguito_union.pdf\" target=\"_blank\" rel=\"noopener noreferrer\"><button>Descarga ficha<\/button><\/a><br \/>\n<a class=\"insta-link\" href=\"https:\/\/www.instagram.com\/aqlproteccion\/?hl=es\" target=\"_blank\" rel=\"noopener noreferrer\">Instagram<\/a><\/p>\n","protected":false},"excerpt":{"rendered":"<p>El acoplamiento recto ARMANfire est\u00e1 dise\u00f1ado para conectar dos puertos finales del tubo Easydetect en una posici\u00f3n recta.<\/p>\n","protected":false},"featured_media":8760,"template":"","meta":[],"product_cat":[242,241,171],"product_tag":[215],"yoast_head":"<!-- This site is optimized with the Yoast SEO plugin v22.1 - https:\/\/yoast.com\/wordpress\/plugins\/seo\/ -->\n<title>Manguito uni\u00f3n - Anber<\/title>\n<meta name=\"description\" content=\"El acoplamiento recto ARMANfire est\u00e1 dise\u00f1ado para conectar dos puertos finales del tubo Easydetect en una posici\u00f3n recta.\" \/>\n<meta name=\"robots\" content=\"index, follow, max-snippet:-1, max-image-preview:large, max-video-preview:-1\" \/>\n<link rel=\"canonical\" href=\"https:\/\/anber.es\/web\/producto\/manguito-union\/\" \/>\n<meta property=\"og:locale\" content=\"es_ES\" \/>\n<meta property=\"og:type\" content=\"article\" \/>\n<meta property=\"og:title\" content=\"Manguito uni\u00f3n - Anber\" \/>\n<meta property=\"og:description\" content=\"El acoplamiento recto ARMANfire est\u00e1 dise\u00f1ado para conectar dos puertos finales del tubo Easydetect en una posici\u00f3n recta.\" \/>\n<meta property=\"og:url\" content=\"https:\/\/anber.es\/web\/producto\/manguito-union\/\" \/>\n<meta property=\"og:site_name\" content=\"Anber\" \/>\n<meta property=\"article:modified_time\" content=\"2026-03-23T14:29:26+00:00\" \/>\n<meta property=\"og:image\" content=\"https:\/\/anber.es\/web\/wp-content\/uploads\/2023\/08\/manguito_union.webp\" \/>\n\t<meta property=\"og:image:width\" content=\"1000\" \/>\n\t<meta property=\"og:image:height\" content=\"1000\" \/>\n\t<meta property=\"og:image:type\" content=\"image\/webp\" \/>\n<meta name=\"twitter:card\" content=\"summary_large_image\" \/>\n<meta name=\"twitter:label1\" content=\"Tiempo de lectura\" \/>\n\t<meta name=\"twitter:data1\" content=\"1 minuto\" \/>\n<script type=\"application\/ld+json\" class=\"yoast-schema-graph\">{\"@context\":\"https:\/\/schema.org\",\"@graph\":[{\"@type\":\"WebPage\",\"@id\":\"https:\/\/anber.es\/web\/producto\/manguito-union\/\",\"url\":\"https:\/\/anber.es\/web\/producto\/manguito-union\/\",\"name\":\"Manguito uni\u00f3n - Anber\",\"isPartOf\":{\"@id\":\"https:\/\/anber.es\/web\/#website\"},\"datePublished\":\"2022-05-18T10:47:51+00:00\",\"dateModified\":\"2026-03-23T14:29:26+00:00\",\"description\":\"El acoplamiento recto ARMANfire est\u00e1 dise\u00f1ado para conectar dos puertos finales del tubo Easydetect en una posici\u00f3n recta.\",\"breadcrumb\":{\"@id\":\"https:\/\/anber.es\/web\/producto\/manguito-union\/#breadcrumb\"},\"inLanguage\":\"es\",\"potentialAction\":[{\"@type\":\"ReadAction\",\"target\":[\"https:\/\/anber.es\/web\/producto\/manguito-union\/\"]}]},{\"@type\":\"BreadcrumbList\",\"@id\":\"https:\/\/anber.es\/web\/producto\/manguito-union\/#breadcrumb\",\"itemListElement\":[{\"@type\":\"ListItem\",\"position\":1,\"name\":\"Portada\",\"item\":\"https:\/\/anber.es\/web\/\"},{\"@type\":\"ListItem\",\"position\":2,\"name\":\"Productos\",\"item\":\"https:\/\/anber.es\/web\/productos\/\"},{\"@type\":\"ListItem\",\"position\":3,\"name\":\"Manguito uni\u00f3n\"}]},{\"@type\":\"WebSite\",\"@id\":\"https:\/\/anber.es\/web\/#website\",\"url\":\"https:\/\/anber.es\/web\/\",\"name\":\"Anber\",\"description\":\"Sistemas de protecci\u00f3n contra incendios\",\"publisher\":{\"@id\":\"https:\/\/anber.es\/web\/#organization\"},\"potentialAction\":[{\"@type\":\"SearchAction\",\"target\":{\"@type\":\"EntryPoint\",\"urlTemplate\":\"https:\/\/anber.es\/web\/?s={search_term_string}\"},\"query-input\":\"required name=search_term_string\"}],\"inLanguage\":\"es\"},{\"@type\":\"Organization\",\"@id\":\"https:\/\/anber.es\/web\/#organization\",\"name\":\"Anber\",\"url\":\"https:\/\/anber.es\/web\/\",\"logo\":{\"@type\":\"ImageObject\",\"inLanguage\":\"es\",\"@id\":\"https:\/\/anber.es\/web\/#\/schema\/logo\/image\/\",\"url\":\"https:\/\/anber.es\/web\/wp-content\/uploads\/2021\/03\/logo-anber.png\",\"contentUrl\":\"https:\/\/anber.es\/web\/wp-content\/uploads\/2021\/03\/logo-anber.png\",\"width\":2208,\"height\":500,\"caption\":\"Anber\"},\"image\":{\"@id\":\"https:\/\/anber.es\/web\/#\/schema\/logo\/image\/\"}}]}<\/script>\n<!-- \/ Yoast SEO plugin. -->","yoast_head_json":{"title":"Manguito uni\u00f3n - Anber","description":"El acoplamiento recto ARMANfire est\u00e1 dise\u00f1ado para conectar dos puertos finales del tubo Easydetect en una posici\u00f3n recta.","robots":{"index":"index","follow":"follow","max-snippet":"max-snippet:-1","max-image-preview":"max-image-preview:large","max-video-preview":"max-video-preview:-1"},"canonical":"https:\/\/anber.es\/web\/producto\/manguito-union\/","og_locale":"es_ES","og_type":"article","og_title":"Manguito uni\u00f3n - Anber","og_description":"El acoplamiento recto ARMANfire est\u00e1 dise\u00f1ado para conectar dos puertos finales del tubo Easydetect en una posici\u00f3n recta.","og_url":"https:\/\/anber.es\/web\/producto\/manguito-union\/","og_site_name":"Anber","article_modified_time":"2026-03-23T14:29:26+00:00","og_image":[{"width":1000,"height":1000,"url":"https:\/\/anber.es\/web\/wp-content\/uploads\/2023\/08\/manguito_union.webp","type":"image\/webp"}],"twitter_card":"summary_large_image","twitter_misc":{"Tiempo de lectura":"1 minuto"},"schema":{"@context":"https:\/\/schema.org","@graph":[{"@type":"WebPage","@id":"https:\/\/anber.es\/web\/producto\/manguito-union\/","url":"https:\/\/anber.es\/web\/producto\/manguito-union\/","name":"Manguito uni\u00f3n - Anber","isPartOf":{"@id":"https:\/\/anber.es\/web\/#website"},"datePublished":"2022-05-18T10:47:51+00:00","dateModified":"2026-03-23T14:29:26+00:00","description":"El acoplamiento recto ARMANfire est\u00e1 dise\u00f1ado para conectar dos puertos finales del tubo Easydetect en una posici\u00f3n recta.","breadcrumb":{"@id":"https:\/\/anber.es\/web\/producto\/manguito-union\/#breadcrumb"},"inLanguage":"es","potentialAction":[{"@type":"ReadAction","target":["https:\/\/anber.es\/web\/producto\/manguito-union\/"]}]},{"@type":"BreadcrumbList","@id":"https:\/\/anber.es\/web\/producto\/manguito-union\/#breadcrumb","itemListElement":[{"@type":"ListItem","position":1,"name":"Portada","item":"https:\/\/anber.es\/web\/"},{"@type":"ListItem","position":2,"name":"Productos","item":"https:\/\/anber.es\/web\/productos\/"},{"@type":"ListItem","position":3,"name":"Manguito uni\u00f3n"}]},{"@type":"WebSite","@id":"https:\/\/anber.es\/web\/#website","url":"https:\/\/anber.es\/web\/","name":"Anber","description":"Sistemas de protecci\u00f3n contra incendios","publisher":{"@id":"https:\/\/anber.es\/web\/#organization"},"potentialAction":[{"@type":"SearchAction","target":{"@type":"EntryPoint","urlTemplate":"https:\/\/anber.es\/web\/?s={search_term_string}"},"query-input":"required name=search_term_string"}],"inLanguage":"es"},{"@type":"Organization","@id":"https:\/\/anber.es\/web\/#organization","name":"Anber","url":"https:\/\/anber.es\/web\/","logo":{"@type":"ImageObject","inLanguage":"es","@id":"https:\/\/anber.es\/web\/#\/schema\/logo\/image\/","url":"https:\/\/anber.es\/web\/wp-content\/uploads\/2021\/03\/logo-anber.png","contentUrl":"https:\/\/anber.es\/web\/wp-content\/uploads\/2021\/03\/logo-anber.png","width":2208,"height":500,"caption":"Anber"},"image":{"@id":"https:\/\/anber.es\/web\/#\/schema\/logo\/image\/"}}]}},"_links":{"self":[{"href":"https:\/\/anber.es\/web\/wp-json\/wp\/v2\/product\/7063"}],"collection":[{"href":"https:\/\/anber.es\/web\/wp-json\/wp\/v2\/product"}],"about":[{"href":"https:\/\/anber.es\/web\/wp-json\/wp\/v2\/types\/product"}],"wp:featuredmedia":[{"embeddable":true,"href":"https:\/\/anber.es\/web\/wp-json\/wp\/v2\/media\/8760"}],"wp:attachment":[{"href":"https:\/\/anber.es\/web\/wp-json\/wp\/v2\/media?parent=7063"}],"wp:term":[{"taxonomy":"product_cat","embeddable":true,"href":"https:\/\/anber.es\/web\/wp-json\/wp\/v2\/product_cat?post=7063"},{"taxonomy":"product_tag","embeddable":true,"href":"https:\/\/anber.es\/web\/wp-json\/wp\/v2\/product_tag?post=7063"}],"curies":[{"name":"wp","href":"https:\/\/api.w.org\/{rel}","templated":true}]}}