{"id":7069,"date":"2022-05-20T08:04:27","date_gmt":"2022-05-20T06:04:27","guid":{"rendered":"https:\/\/anber.es\/?post_type=product&#038;p=7069"},"modified":"2025-11-14T10:31:29","modified_gmt":"2025-11-14T08:31:29","slug":"flexometro-para-medir-ranuras","status":"publish","type":"product","link":"https:\/\/anber.es\/web\/producto\/flexometro-para-medir-ranuras\/","title":{"rendered":"Flex\u00f3metro para medir ranuras"},"content":{"rendered":"<p>El<strong> flex\u00f3metro para medir ranuras <\/strong>es una herramienta dise\u00f1ada para verificar las ranuras en tuber\u00edas y accesorios, con un rango de 3\/4&#8243; hasta 24&#8243;. Adem\u00e1s, permite medir la circunferencia exterior de las tuber\u00edas hasta 200 mm.<\/p>\n<p><strong>\u00bfC\u00f3mo funciona un flex\u00f3metro?<\/strong><br \/>\n<b>Verificar ranura:<\/b><br \/>\nLimpiar la superficie de la tuber\u00eda. Colocar el lado del flex\u00f3metro marcado con los tama\u00f1os de tuber\u00eda (por ejemplo, 1&#8243; (33,7)) hacia arriba. Envolver el flex\u00f3metro en la ranura y solapar los extremos. Asegurar que el flex\u00f3metro est\u00e9 correctamente colocado. Comprobar que la marca negra correspondiente al tama\u00f1o de la tuber\u00eda coincida con la flecha. Si la marca no coincide, ajustar la ranura utilizando las marcas laterales de intervalos de 0,25 mm hasta que sea correcta.<\/p>\n<p><b>Medir la circunferencia exterior de la tuber\u00eda:<\/b><br \/>\nLimpiar la superficie de la tuber\u00eda. Colocar el lado del flex\u00f3metro marcado con cent\u00edmetros hacia arriba. Envolver el flex\u00f3metro alrededor de la tuber\u00eda y solapar los extremos. Asegurar que el flex\u00f3metro est\u00e9 correctamente colocado. Leer el n\u00famero indicado por la flecha para obtener la circunferencia exterior de la tuber\u00eda.<\/p>\n<p>Referencia: CMPMETRORAN.<\/p>\n<p><a href=\"\/web\/wp-content\/uploads\/2025\/11\/Ficha_tecnica-flexometro_para_medir_ranuras.pdf\" target=\"_blank\" rel=\"noopener noreferrer\"><button>Descarga ficha<\/button><\/a><br \/>\n<a class=\"insta-link\" href=\"https:\/\/www.instagram.com\/aqlproteccion\/?hl=es\" target=\"_blank\" rel=\"noopener noreferrer\">Instagram<\/a><\/p>\n","protected":false},"excerpt":{"rendered":"<p>El flex\u00f3metro para medir ranuras es una herramienta dise\u00f1ada para verificar las ranuras en tuber\u00edas y accesorios, con un rango de 3\/4&#8243; hasta 24&#8243;. Adem\u00e1s, permite medir la circunferencia exterior de las tuber\u00edas hasta 200 mm.<\/p>\n","protected":false},"featured_media":7995,"template":"","meta":[],"product_cat":[75,41],"product_tag":[215],"yoast_head":"<!-- This site is optimized with the Yoast SEO plugin v22.1 - https:\/\/yoast.com\/wordpress\/plugins\/seo\/ -->\n<title>Flex\u00f3metro para medir ranuras - Anber<\/title>\n<meta name=\"description\" content=\"El flex\u00f3metro es una herramienta dise\u00f1ada para verificar las ranuras en tuber\u00edas y accesorios y medir la circunferencia exterior de las tuber\u00edas\" \/>\n<meta name=\"robots\" content=\"index, follow, max-snippet:-1, max-image-preview:large, max-video-preview:-1\" \/>\n<link rel=\"canonical\" href=\"https:\/\/anber.es\/web\/producto\/flexometro-para-medir-ranuras\/\" \/>\n<meta property=\"og:locale\" content=\"es_ES\" \/>\n<meta property=\"og:type\" content=\"article\" \/>\n<meta property=\"og:title\" content=\"Flex\u00f3metro para medir ranuras - Anber\" \/>\n<meta property=\"og:description\" content=\"El flex\u00f3metro es una herramienta dise\u00f1ada para verificar las ranuras en tuber\u00edas y accesorios y medir la circunferencia exterior de las tuber\u00edas\" \/>\n<meta property=\"og:url\" content=\"https:\/\/anber.es\/web\/producto\/flexometro-para-medir-ranuras\/\" \/>\n<meta property=\"og:site_name\" content=\"Anber\" \/>\n<meta property=\"article:modified_time\" content=\"2025-11-14T08:31:29+00:00\" \/>\n<meta property=\"og:image\" content=\"https:\/\/anber.es\/web\/wp-content\/uploads\/2023\/03\/flexometro_para_medir_ranuras.webp\" \/>\n\t<meta property=\"og:image:width\" content=\"1000\" \/>\n\t<meta property=\"og:image:height\" content=\"1000\" \/>\n\t<meta property=\"og:image:type\" content=\"image\/webp\" \/>\n<meta name=\"twitter:card\" content=\"summary_large_image\" \/>\n<meta name=\"twitter:label1\" content=\"Tiempo de lectura\" \/>\n\t<meta name=\"twitter:data1\" content=\"2 minutos\" \/>\n<script type=\"application\/ld+json\" class=\"yoast-schema-graph\">{\"@context\":\"https:\/\/schema.org\",\"@graph\":[{\"@type\":\"WebPage\",\"@id\":\"https:\/\/anber.es\/web\/producto\/flexometro-para-medir-ranuras\/\",\"url\":\"https:\/\/anber.es\/web\/producto\/flexometro-para-medir-ranuras\/\",\"name\":\"Flex\u00f3metro para medir ranuras - Anber\",\"isPartOf\":{\"@id\":\"https:\/\/anber.es\/web\/#website\"},\"datePublished\":\"2022-05-20T06:04:27+00:00\",\"dateModified\":\"2025-11-14T08:31:29+00:00\",\"description\":\"El flex\u00f3metro es una herramienta dise\u00f1ada para verificar las ranuras en tuber\u00edas y accesorios y medir la circunferencia exterior de las tuber\u00edas\",\"breadcrumb\":{\"@id\":\"https:\/\/anber.es\/web\/producto\/flexometro-para-medir-ranuras\/#breadcrumb\"},\"inLanguage\":\"es\",\"potentialAction\":[{\"@type\":\"ReadAction\",\"target\":[\"https:\/\/anber.es\/web\/producto\/flexometro-para-medir-ranuras\/\"]}]},{\"@type\":\"BreadcrumbList\",\"@id\":\"https:\/\/anber.es\/web\/producto\/flexometro-para-medir-ranuras\/#breadcrumb\",\"itemListElement\":[{\"@type\":\"ListItem\",\"position\":1,\"name\":\"Portada\",\"item\":\"https:\/\/anber.es\/web\/\"},{\"@type\":\"ListItem\",\"position\":2,\"name\":\"Productos\",\"item\":\"https:\/\/anber.es\/web\/productos\/\"},{\"@type\":\"ListItem\",\"position\":3,\"name\":\"Flex\u00f3metro para medir ranuras\"}]},{\"@type\":\"WebSite\",\"@id\":\"https:\/\/anber.es\/web\/#website\",\"url\":\"https:\/\/anber.es\/web\/\",\"name\":\"Anber\",\"description\":\"Sistemas de protecci\u00f3n contra incendios\",\"publisher\":{\"@id\":\"https:\/\/anber.es\/web\/#organization\"},\"potentialAction\":[{\"@type\":\"SearchAction\",\"target\":{\"@type\":\"EntryPoint\",\"urlTemplate\":\"https:\/\/anber.es\/web\/?s={search_term_string}\"},\"query-input\":\"required name=search_term_string\"}],\"inLanguage\":\"es\"},{\"@type\":\"Organization\",\"@id\":\"https:\/\/anber.es\/web\/#organization\",\"name\":\"Anber\",\"url\":\"https:\/\/anber.es\/web\/\",\"logo\":{\"@type\":\"ImageObject\",\"inLanguage\":\"es\",\"@id\":\"https:\/\/anber.es\/web\/#\/schema\/logo\/image\/\",\"url\":\"https:\/\/anber.es\/web\/wp-content\/uploads\/2021\/03\/logo-anber.png\",\"contentUrl\":\"https:\/\/anber.es\/web\/wp-content\/uploads\/2021\/03\/logo-anber.png\",\"width\":2208,\"height\":500,\"caption\":\"Anber\"},\"image\":{\"@id\":\"https:\/\/anber.es\/web\/#\/schema\/logo\/image\/\"}}]}<\/script>\n<!-- \/ Yoast SEO plugin. -->","yoast_head_json":{"title":"Flex\u00f3metro para medir ranuras - Anber","description":"El flex\u00f3metro es una herramienta dise\u00f1ada para verificar las ranuras en tuber\u00edas y accesorios y medir la circunferencia exterior de las tuber\u00edas","robots":{"index":"index","follow":"follow","max-snippet":"max-snippet:-1","max-image-preview":"max-image-preview:large","max-video-preview":"max-video-preview:-1"},"canonical":"https:\/\/anber.es\/web\/producto\/flexometro-para-medir-ranuras\/","og_locale":"es_ES","og_type":"article","og_title":"Flex\u00f3metro para medir ranuras - Anber","og_description":"El flex\u00f3metro es una herramienta dise\u00f1ada para verificar las ranuras en tuber\u00edas y accesorios y medir la circunferencia exterior de las tuber\u00edas","og_url":"https:\/\/anber.es\/web\/producto\/flexometro-para-medir-ranuras\/","og_site_name":"Anber","article_modified_time":"2025-11-14T08:31:29+00:00","og_image":[{"width":1000,"height":1000,"url":"https:\/\/anber.es\/web\/wp-content\/uploads\/2023\/03\/flexometro_para_medir_ranuras.webp","type":"image\/webp"}],"twitter_card":"summary_large_image","twitter_misc":{"Tiempo de lectura":"2 minutos"},"schema":{"@context":"https:\/\/schema.org","@graph":[{"@type":"WebPage","@id":"https:\/\/anber.es\/web\/producto\/flexometro-para-medir-ranuras\/","url":"https:\/\/anber.es\/web\/producto\/flexometro-para-medir-ranuras\/","name":"Flex\u00f3metro para medir ranuras - Anber","isPartOf":{"@id":"https:\/\/anber.es\/web\/#website"},"datePublished":"2022-05-20T06:04:27+00:00","dateModified":"2025-11-14T08:31:29+00:00","description":"El flex\u00f3metro es una herramienta dise\u00f1ada para verificar las ranuras en tuber\u00edas y accesorios y medir la circunferencia exterior de las tuber\u00edas","breadcrumb":{"@id":"https:\/\/anber.es\/web\/producto\/flexometro-para-medir-ranuras\/#breadcrumb"},"inLanguage":"es","potentialAction":[{"@type":"ReadAction","target":["https:\/\/anber.es\/web\/producto\/flexometro-para-medir-ranuras\/"]}]},{"@type":"BreadcrumbList","@id":"https:\/\/anber.es\/web\/producto\/flexometro-para-medir-ranuras\/#breadcrumb","itemListElement":[{"@type":"ListItem","position":1,"name":"Portada","item":"https:\/\/anber.es\/web\/"},{"@type":"ListItem","position":2,"name":"Productos","item":"https:\/\/anber.es\/web\/productos\/"},{"@type":"ListItem","position":3,"name":"Flex\u00f3metro para medir ranuras"}]},{"@type":"WebSite","@id":"https:\/\/anber.es\/web\/#website","url":"https:\/\/anber.es\/web\/","name":"Anber","description":"Sistemas de protecci\u00f3n contra incendios","publisher":{"@id":"https:\/\/anber.es\/web\/#organization"},"potentialAction":[{"@type":"SearchAction","target":{"@type":"EntryPoint","urlTemplate":"https:\/\/anber.es\/web\/?s={search_term_string}"},"query-input":"required name=search_term_string"}],"inLanguage":"es"},{"@type":"Organization","@id":"https:\/\/anber.es\/web\/#organization","name":"Anber","url":"https:\/\/anber.es\/web\/","logo":{"@type":"ImageObject","inLanguage":"es","@id":"https:\/\/anber.es\/web\/#\/schema\/logo\/image\/","url":"https:\/\/anber.es\/web\/wp-content\/uploads\/2021\/03\/logo-anber.png","contentUrl":"https:\/\/anber.es\/web\/wp-content\/uploads\/2021\/03\/logo-anber.png","width":2208,"height":500,"caption":"Anber"},"image":{"@id":"https:\/\/anber.es\/web\/#\/schema\/logo\/image\/"}}]}},"_links":{"self":[{"href":"https:\/\/anber.es\/web\/wp-json\/wp\/v2\/product\/7069"}],"collection":[{"href":"https:\/\/anber.es\/web\/wp-json\/wp\/v2\/product"}],"about":[{"href":"https:\/\/anber.es\/web\/wp-json\/wp\/v2\/types\/product"}],"wp:featuredmedia":[{"embeddable":true,"href":"https:\/\/anber.es\/web\/wp-json\/wp\/v2\/media\/7995"}],"wp:attachment":[{"href":"https:\/\/anber.es\/web\/wp-json\/wp\/v2\/media?parent=7069"}],"wp:term":[{"taxonomy":"product_cat","embeddable":true,"href":"https:\/\/anber.es\/web\/wp-json\/wp\/v2\/product_cat?post=7069"},{"taxonomy":"product_tag","embeddable":true,"href":"https:\/\/anber.es\/web\/wp-json\/wp\/v2\/product_tag?post=7069"}],"curies":[{"name":"wp","href":"https:\/\/api.w.org\/{rel}","templated":true}]}}