{"id":7128,"date":"2022-05-31T17:40:50","date_gmt":"2022-05-31T15:40:50","guid":{"rendered":"https:\/\/anber.es\/?post_type=product&#038;p=7128"},"modified":"2024-05-16T08:42:38","modified_gmt":"2024-05-16T06:42:38","slug":"valvula-flotador-con-varilla-plana-y-boya-de-laton","status":"publish","type":"product","link":"https:\/\/anber.es\/web\/producto\/valvula-flotador-con-varilla-plana-y-boya-de-laton\/","title":{"rendered":"V\u00e1lvula flotador con varilla plana y boya de lat\u00f3n"},"content":{"rendered":"<p>La<strong> v\u00e1lvula flotador con varilla plana y boya de lat\u00f3n <\/strong>tiene como objeto principal el corte proporcional del fluido en funci\u00f3n del nivel de llenado del dep\u00f3sito donde est\u00e9 instalado.<\/p>\n<p>Las aplicaciones generales son: acometidas de agua, instalaciones de fontaner\u00eda, sistemas de distribuci\u00f3n de agua caliente sanitaria (ACS), conducciones de agua para riego e<b> instalaciones contra incendios<\/b>.<\/p>\n<p>Presi\u00f3n m\u00e1xima:<b> 10 bar<\/b>.<\/p>\n<p>Presi\u00f3n ejercicio: <b>7 bar<\/b>.<\/p>\n<p>Temperatura de servicio: <b>0\u00baC a 80\u00baC<\/b>.<\/p>\n<p><b>Extremos rosca macho seg\u00fan UNE-EN ISO 228-1<\/b>.<\/p>\n<p>Referencia: VLFLVP.<\/p>\n<p><a href=\"\/web\/wp-content\/uploads\/2022\/05\/Ficha_tecnica-flotador_con_varilla_plana.pdf\" target=\"_blank\" rel=\"noopener noreferrer\"><button>Descarga ficha<\/button><\/a><br \/>\n<a class=\"insta-link\" href=\"https:\/\/www.instagram.com\/aqlproteccion\/?hl=es\" target=\"_blank\" rel=\"noopener noreferrer\">Instagram<\/a><\/p>\n","protected":false},"excerpt":{"rendered":"<p>La v\u00e1lvula flotador con varilla y boya de lat\u00f3n tiene como objeto principal el corte proporcional del fluido en funci\u00f3n del nivel de llenado del dep\u00f3sito donde est\u00e9 instalado.<\/p>\n","protected":false},"featured_media":9390,"template":"","meta":[],"product_cat":[45,141],"product_tag":[215],"yoast_head":"<!-- This site is optimized with the Yoast SEO plugin v22.1 - https:\/\/yoast.com\/wordpress\/plugins\/seo\/ -->\n<title>V\u00e1lvula flotador con varilla plana y boya de lat\u00f3n - Anber<\/title>\n<meta name=\"description\" content=\"La v\u00e1lvula flotador con varilla plana y boya de lat\u00f3n tiene como objeto principal el corte proporcional del fluido en funci\u00f3n del nivel de llenado.\" \/>\n<meta name=\"robots\" content=\"index, follow, max-snippet:-1, max-image-preview:large, max-video-preview:-1\" \/>\n<link rel=\"canonical\" href=\"https:\/\/anber.es\/web\/producto\/valvula-flotador-con-varilla-plana-y-boya-de-laton\/\" \/>\n<meta property=\"og:locale\" content=\"es_ES\" \/>\n<meta property=\"og:type\" content=\"article\" \/>\n<meta property=\"og:title\" content=\"V\u00e1lvula flotador con varilla plana y boya de lat\u00f3n - Anber\" \/>\n<meta property=\"og:description\" content=\"La v\u00e1lvula flotador con varilla plana y boya de lat\u00f3n tiene como objeto principal el corte proporcional del fluido en funci\u00f3n del nivel de llenado.\" \/>\n<meta property=\"og:url\" content=\"https:\/\/anber.es\/web\/producto\/valvula-flotador-con-varilla-plana-y-boya-de-laton\/\" \/>\n<meta property=\"og:site_name\" content=\"Anber\" \/>\n<meta property=\"article:modified_time\" content=\"2024-05-16T06:42:38+00:00\" \/>\n<meta property=\"og:image\" content=\"https:\/\/anber.es\/web\/wp-content\/uploads\/2024\/05\/flotador_con_varilla_plana.jpg\" \/>\n\t<meta property=\"og:image:width\" content=\"1000\" \/>\n\t<meta property=\"og:image:height\" content=\"1000\" \/>\n\t<meta property=\"og:image:type\" content=\"image\/jpeg\" \/>\n<meta name=\"twitter:card\" content=\"summary_large_image\" \/>\n<meta name=\"twitter:label1\" content=\"Tiempo de lectura\" \/>\n\t<meta name=\"twitter:data1\" content=\"1 minuto\" \/>\n<script type=\"application\/ld+json\" class=\"yoast-schema-graph\">{\"@context\":\"https:\/\/schema.org\",\"@graph\":[{\"@type\":\"WebPage\",\"@id\":\"https:\/\/anber.es\/web\/producto\/valvula-flotador-con-varilla-plana-y-boya-de-laton\/\",\"url\":\"https:\/\/anber.es\/web\/producto\/valvula-flotador-con-varilla-plana-y-boya-de-laton\/\",\"name\":\"V\u00e1lvula flotador con varilla plana y boya de lat\u00f3n - Anber\",\"isPartOf\":{\"@id\":\"https:\/\/anber.es\/web\/#website\"},\"datePublished\":\"2022-05-31T15:40:50+00:00\",\"dateModified\":\"2024-05-16T06:42:38+00:00\",\"description\":\"La v\u00e1lvula flotador con varilla plana y boya de lat\u00f3n tiene como objeto principal el corte proporcional del fluido en funci\u00f3n del nivel de llenado.\",\"breadcrumb\":{\"@id\":\"https:\/\/anber.es\/web\/producto\/valvula-flotador-con-varilla-plana-y-boya-de-laton\/#breadcrumb\"},\"inLanguage\":\"es\",\"potentialAction\":[{\"@type\":\"ReadAction\",\"target\":[\"https:\/\/anber.es\/web\/producto\/valvula-flotador-con-varilla-plana-y-boya-de-laton\/\"]}]},{\"@type\":\"BreadcrumbList\",\"@id\":\"https:\/\/anber.es\/web\/producto\/valvula-flotador-con-varilla-plana-y-boya-de-laton\/#breadcrumb\",\"itemListElement\":[{\"@type\":\"ListItem\",\"position\":1,\"name\":\"Portada\",\"item\":\"https:\/\/anber.es\/web\/\"},{\"@type\":\"ListItem\",\"position\":2,\"name\":\"Productos\",\"item\":\"https:\/\/anber.es\/web\/productos\/\"},{\"@type\":\"ListItem\",\"position\":3,\"name\":\"V\u00e1lvula flotador con varilla plana y boya de lat\u00f3n\"}]},{\"@type\":\"WebSite\",\"@id\":\"https:\/\/anber.es\/web\/#website\",\"url\":\"https:\/\/anber.es\/web\/\",\"name\":\"Anber\",\"description\":\"Sistemas de protecci\u00f3n contra incendios\",\"publisher\":{\"@id\":\"https:\/\/anber.es\/web\/#organization\"},\"potentialAction\":[{\"@type\":\"SearchAction\",\"target\":{\"@type\":\"EntryPoint\",\"urlTemplate\":\"https:\/\/anber.es\/web\/?s={search_term_string}\"},\"query-input\":\"required name=search_term_string\"}],\"inLanguage\":\"es\"},{\"@type\":\"Organization\",\"@id\":\"https:\/\/anber.es\/web\/#organization\",\"name\":\"Anber\",\"url\":\"https:\/\/anber.es\/web\/\",\"logo\":{\"@type\":\"ImageObject\",\"inLanguage\":\"es\",\"@id\":\"https:\/\/anber.es\/web\/#\/schema\/logo\/image\/\",\"url\":\"https:\/\/anber.es\/web\/wp-content\/uploads\/2021\/03\/logo-anber.png\",\"contentUrl\":\"https:\/\/anber.es\/web\/wp-content\/uploads\/2021\/03\/logo-anber.png\",\"width\":2208,\"height\":500,\"caption\":\"Anber\"},\"image\":{\"@id\":\"https:\/\/anber.es\/web\/#\/schema\/logo\/image\/\"}}]}<\/script>\n<!-- \/ Yoast SEO plugin. -->","yoast_head_json":{"title":"V\u00e1lvula flotador con varilla plana y boya de lat\u00f3n - Anber","description":"La v\u00e1lvula flotador con varilla plana y boya de lat\u00f3n tiene como objeto principal el corte proporcional del fluido en funci\u00f3n del nivel de llenado.","robots":{"index":"index","follow":"follow","max-snippet":"max-snippet:-1","max-image-preview":"max-image-preview:large","max-video-preview":"max-video-preview:-1"},"canonical":"https:\/\/anber.es\/web\/producto\/valvula-flotador-con-varilla-plana-y-boya-de-laton\/","og_locale":"es_ES","og_type":"article","og_title":"V\u00e1lvula flotador con varilla plana y boya de lat\u00f3n - Anber","og_description":"La v\u00e1lvula flotador con varilla plana y boya de lat\u00f3n tiene como objeto principal el corte proporcional del fluido en funci\u00f3n del nivel de llenado.","og_url":"https:\/\/anber.es\/web\/producto\/valvula-flotador-con-varilla-plana-y-boya-de-laton\/","og_site_name":"Anber","article_modified_time":"2024-05-16T06:42:38+00:00","og_image":[{"width":1000,"height":1000,"url":"https:\/\/anber.es\/web\/wp-content\/uploads\/2024\/05\/flotador_con_varilla_plana.jpg","type":"image\/jpeg"}],"twitter_card":"summary_large_image","twitter_misc":{"Tiempo de lectura":"1 minuto"},"schema":{"@context":"https:\/\/schema.org","@graph":[{"@type":"WebPage","@id":"https:\/\/anber.es\/web\/producto\/valvula-flotador-con-varilla-plana-y-boya-de-laton\/","url":"https:\/\/anber.es\/web\/producto\/valvula-flotador-con-varilla-plana-y-boya-de-laton\/","name":"V\u00e1lvula flotador con varilla plana y boya de lat\u00f3n - Anber","isPartOf":{"@id":"https:\/\/anber.es\/web\/#website"},"datePublished":"2022-05-31T15:40:50+00:00","dateModified":"2024-05-16T06:42:38+00:00","description":"La v\u00e1lvula flotador con varilla plana y boya de lat\u00f3n tiene como objeto principal el corte proporcional del fluido en funci\u00f3n del nivel de llenado.","breadcrumb":{"@id":"https:\/\/anber.es\/web\/producto\/valvula-flotador-con-varilla-plana-y-boya-de-laton\/#breadcrumb"},"inLanguage":"es","potentialAction":[{"@type":"ReadAction","target":["https:\/\/anber.es\/web\/producto\/valvula-flotador-con-varilla-plana-y-boya-de-laton\/"]}]},{"@type":"BreadcrumbList","@id":"https:\/\/anber.es\/web\/producto\/valvula-flotador-con-varilla-plana-y-boya-de-laton\/#breadcrumb","itemListElement":[{"@type":"ListItem","position":1,"name":"Portada","item":"https:\/\/anber.es\/web\/"},{"@type":"ListItem","position":2,"name":"Productos","item":"https:\/\/anber.es\/web\/productos\/"},{"@type":"ListItem","position":3,"name":"V\u00e1lvula flotador con varilla plana y boya de lat\u00f3n"}]},{"@type":"WebSite","@id":"https:\/\/anber.es\/web\/#website","url":"https:\/\/anber.es\/web\/","name":"Anber","description":"Sistemas de protecci\u00f3n contra incendios","publisher":{"@id":"https:\/\/anber.es\/web\/#organization"},"potentialAction":[{"@type":"SearchAction","target":{"@type":"EntryPoint","urlTemplate":"https:\/\/anber.es\/web\/?s={search_term_string}"},"query-input":"required name=search_term_string"}],"inLanguage":"es"},{"@type":"Organization","@id":"https:\/\/anber.es\/web\/#organization","name":"Anber","url":"https:\/\/anber.es\/web\/","logo":{"@type":"ImageObject","inLanguage":"es","@id":"https:\/\/anber.es\/web\/#\/schema\/logo\/image\/","url":"https:\/\/anber.es\/web\/wp-content\/uploads\/2021\/03\/logo-anber.png","contentUrl":"https:\/\/anber.es\/web\/wp-content\/uploads\/2021\/03\/logo-anber.png","width":2208,"height":500,"caption":"Anber"},"image":{"@id":"https:\/\/anber.es\/web\/#\/schema\/logo\/image\/"}}]}},"_links":{"self":[{"href":"https:\/\/anber.es\/web\/wp-json\/wp\/v2\/product\/7128"}],"collection":[{"href":"https:\/\/anber.es\/web\/wp-json\/wp\/v2\/product"}],"about":[{"href":"https:\/\/anber.es\/web\/wp-json\/wp\/v2\/types\/product"}],"wp:featuredmedia":[{"embeddable":true,"href":"https:\/\/anber.es\/web\/wp-json\/wp\/v2\/media\/9390"}],"wp:attachment":[{"href":"https:\/\/anber.es\/web\/wp-json\/wp\/v2\/media?parent=7128"}],"wp:term":[{"taxonomy":"product_cat","embeddable":true,"href":"https:\/\/anber.es\/web\/wp-json\/wp\/v2\/product_cat?post=7128"},{"taxonomy":"product_tag","embeddable":true,"href":"https:\/\/anber.es\/web\/wp-json\/wp\/v2\/product_tag?post=7128"}],"curies":[{"name":"wp","href":"https:\/\/api.w.org\/{rel}","templated":true}]}}