{"id":7138,"date":"2022-06-03T09:23:21","date_gmt":"2022-06-03T07:23:21","guid":{"rendered":"https:\/\/anber.es\/?post_type=product&#038;p=7138"},"modified":"2024-04-05T09:16:58","modified_gmt":"2024-04-05T07:16:58","slug":"tuberia-en-10217-1-con-soldadura","status":"publish","type":"product","link":"https:\/\/anber.es\/web\/producto\/tuberia-en-10217-1-con-soldadura\/","title":{"rendered":"Tuber\u00eda EN-10217-1 con soldadura"},"content":{"rendered":"<p>La <strong>tuber\u00eda EN-10217-1 con soldadura <\/strong>est\u00e1 fabricada con acero no aleado siendo su designaci\u00f3n simb\u00f3lica P235TR1 y su designaci\u00f3n num\u00e9rica 1.0254.<\/p>\n<p><u>Caracter\u00edsticas mec\u00e1nicas:<\/u><br \/>\nL\u00edmite el\u00e1stico superior:<b> 235 <\/b>(espesor de pared m\u00e1s peque\u00f1o o igual a 16) o <b>225<\/b> (espesor de pared m\u00e1s grande que 16 y m\u00e1s peque\u00f1o de 40).<br \/>\nResistencia a la tracci\u00f3n: <b>360 hasta 500<\/b>.<br \/>\nAlargamiento de rotura: <b>longitudinal 25<\/b> y <b>transversal 23<\/b>.<\/p>\n<p><u>Composici\u00f3n qu\u00edmica:<\/u><br \/>\n% C m\u00e1x.: 0,16. &nbsp;&nbsp;&nbsp;&nbsp;&nbsp;&nbsp;&nbsp;% Si m\u00e1x.: 0,35.&nbsp;&nbsp;&nbsp;&nbsp;&nbsp;&nbsp;&nbsp;&nbsp;% Mn m\u00e1x.: 1,20.&nbsp;&nbsp;&nbsp;&nbsp;&nbsp;% P m\u00e1x.: 0,025.<br \/>\n% S m\u00e1x.: 0,020.&nbsp;&nbsp;&nbsp;&nbsp;&nbsp;% Cr m\u00e1x.: 0,30.&nbsp;&nbsp;&nbsp;&nbsp;&nbsp;&nbsp;&nbsp;% Mo m\u00e1x.: 0,08.&nbsp;&nbsp;&nbsp;&nbsp;% Ni m\u00e1x.: 0,30.<br \/>\n% Cu m\u00e1x.: 0,30.&nbsp;&nbsp;&nbsp;&nbsp;&nbsp;% Nb m\u00e1x.: 0,010.&nbsp;&nbsp;&nbsp;&nbsp;% Ti m\u00e1x.: 0,04.&nbsp;&nbsp;&nbsp;&nbsp;&nbsp;&nbsp;% V m\u00e1x.: 0,02.<br \/>\n% Cr + Cu + Mo + Ni m\u00e1x.: 0,70.<\/p>\n<p>La tuber\u00eda EN-10217-1 con soldadura puede ser suministrada con <b>recubrimiento Epoxi RAL 3000 (rojo) o galvanizado<\/b>.<\/p>\n<p>Referencia: CT17CS.<\/p>\n<p><a href=\"\/web\/wp-content\/uploads\/2024\/04\/Ficha_tecnica-tuberia_EN10217-1_con_soldadura.pdf\" target=\"_blank\" rel=\"noopener noreferrer\"><button>Descarga ficha<\/button><\/a><br \/>\n<a class=\"insta-link\" href=\"https:\/\/www.instagram.com\/aqlproteccion\/?hl=es\" target=\"_blank\" rel=\"noopener noreferrer\">Instagram<\/a><\/p>\n","protected":false},"excerpt":{"rendered":"<p>La tuber\u00eda EN-10217-1 con soldadura est\u00e1 fabricada con acero no aleado con designaci\u00f3n simb\u00f3lica P235TR1 y su designaci\u00f3n num\u00e9rica 1.0254.<\/p>\n","protected":false},"featured_media":7136,"template":"","meta":[],"product_cat":[137,46],"product_tag":[215],"yoast_head":"<!-- This site is optimized with the Yoast SEO plugin v22.1 - https:\/\/yoast.com\/wordpress\/plugins\/seo\/ -->\n<title>Tuber\u00eda EN-10217-1 con soldadura - Anber<\/title>\n<meta name=\"description\" content=\"La tuber\u00eda EN-10217-1 con soldadura est\u00e1 fabricada con acero no aleado con designaci\u00f3n simb\u00f3lica P235TR1 y su designaci\u00f3n num\u00e9rica 1.0254.\" \/>\n<meta name=\"robots\" content=\"index, follow, max-snippet:-1, max-image-preview:large, max-video-preview:-1\" \/>\n<link rel=\"canonical\" href=\"https:\/\/anber.es\/web\/producto\/tuberia-en-10217-1-con-soldadura\/\" \/>\n<meta property=\"og:locale\" content=\"es_ES\" \/>\n<meta property=\"og:type\" content=\"article\" \/>\n<meta property=\"og:title\" content=\"Tuber\u00eda EN-10217-1 con soldadura - Anber\" \/>\n<meta property=\"og:description\" content=\"La tuber\u00eda EN-10217-1 con soldadura est\u00e1 fabricada con acero no aleado con designaci\u00f3n simb\u00f3lica P235TR1 y su designaci\u00f3n num\u00e9rica 1.0254.\" \/>\n<meta property=\"og:url\" content=\"https:\/\/anber.es\/web\/producto\/tuberia-en-10217-1-con-soldadura\/\" \/>\n<meta property=\"og:site_name\" content=\"Anber\" \/>\n<meta property=\"article:modified_time\" content=\"2024-04-05T07:16:58+00:00\" \/>\n<meta property=\"og:image\" content=\"https:\/\/anber.es\/web\/wp-content\/uploads\/2022\/06\/tuberia_EN10217-1_con_soldadura.jpg\" \/>\n\t<meta property=\"og:image:width\" content=\"1000\" \/>\n\t<meta property=\"og:image:height\" content=\"1000\" \/>\n\t<meta property=\"og:image:type\" content=\"image\/jpeg\" \/>\n<meta name=\"twitter:card\" content=\"summary_large_image\" \/>\n<meta name=\"twitter:label1\" content=\"Tiempo de lectura\" \/>\n\t<meta name=\"twitter:data1\" content=\"1 minuto\" \/>\n<script type=\"application\/ld+json\" class=\"yoast-schema-graph\">{\"@context\":\"https:\/\/schema.org\",\"@graph\":[{\"@type\":\"WebPage\",\"@id\":\"https:\/\/anber.es\/web\/producto\/tuberia-en-10217-1-con-soldadura\/\",\"url\":\"https:\/\/anber.es\/web\/producto\/tuberia-en-10217-1-con-soldadura\/\",\"name\":\"Tuber\u00eda EN-10217-1 con soldadura - Anber\",\"isPartOf\":{\"@id\":\"https:\/\/anber.es\/web\/#website\"},\"datePublished\":\"2022-06-03T07:23:21+00:00\",\"dateModified\":\"2024-04-05T07:16:58+00:00\",\"description\":\"La tuber\u00eda EN-10217-1 con soldadura est\u00e1 fabricada con acero no aleado con designaci\u00f3n simb\u00f3lica P235TR1 y su designaci\u00f3n num\u00e9rica 1.0254.\",\"breadcrumb\":{\"@id\":\"https:\/\/anber.es\/web\/producto\/tuberia-en-10217-1-con-soldadura\/#breadcrumb\"},\"inLanguage\":\"es\",\"potentialAction\":[{\"@type\":\"ReadAction\",\"target\":[\"https:\/\/anber.es\/web\/producto\/tuberia-en-10217-1-con-soldadura\/\"]}]},{\"@type\":\"BreadcrumbList\",\"@id\":\"https:\/\/anber.es\/web\/producto\/tuberia-en-10217-1-con-soldadura\/#breadcrumb\",\"itemListElement\":[{\"@type\":\"ListItem\",\"position\":1,\"name\":\"Portada\",\"item\":\"https:\/\/anber.es\/web\/\"},{\"@type\":\"ListItem\",\"position\":2,\"name\":\"Productos\",\"item\":\"https:\/\/anber.es\/web\/productos\/\"},{\"@type\":\"ListItem\",\"position\":3,\"name\":\"Tuber\u00eda EN-10217-1 con soldadura\"}]},{\"@type\":\"WebSite\",\"@id\":\"https:\/\/anber.es\/web\/#website\",\"url\":\"https:\/\/anber.es\/web\/\",\"name\":\"Anber\",\"description\":\"Sistemas de protecci\u00f3n contra incendios\",\"publisher\":{\"@id\":\"https:\/\/anber.es\/web\/#organization\"},\"potentialAction\":[{\"@type\":\"SearchAction\",\"target\":{\"@type\":\"EntryPoint\",\"urlTemplate\":\"https:\/\/anber.es\/web\/?s={search_term_string}\"},\"query-input\":\"required name=search_term_string\"}],\"inLanguage\":\"es\"},{\"@type\":\"Organization\",\"@id\":\"https:\/\/anber.es\/web\/#organization\",\"name\":\"Anber\",\"url\":\"https:\/\/anber.es\/web\/\",\"logo\":{\"@type\":\"ImageObject\",\"inLanguage\":\"es\",\"@id\":\"https:\/\/anber.es\/web\/#\/schema\/logo\/image\/\",\"url\":\"https:\/\/anber.es\/web\/wp-content\/uploads\/2021\/03\/logo-anber.png\",\"contentUrl\":\"https:\/\/anber.es\/web\/wp-content\/uploads\/2021\/03\/logo-anber.png\",\"width\":2208,\"height\":500,\"caption\":\"Anber\"},\"image\":{\"@id\":\"https:\/\/anber.es\/web\/#\/schema\/logo\/image\/\"}}]}<\/script>\n<!-- \/ Yoast SEO plugin. -->","yoast_head_json":{"title":"Tuber\u00eda EN-10217-1 con soldadura - Anber","description":"La tuber\u00eda EN-10217-1 con soldadura est\u00e1 fabricada con acero no aleado con designaci\u00f3n simb\u00f3lica P235TR1 y su designaci\u00f3n num\u00e9rica 1.0254.","robots":{"index":"index","follow":"follow","max-snippet":"max-snippet:-1","max-image-preview":"max-image-preview:large","max-video-preview":"max-video-preview:-1"},"canonical":"https:\/\/anber.es\/web\/producto\/tuberia-en-10217-1-con-soldadura\/","og_locale":"es_ES","og_type":"article","og_title":"Tuber\u00eda EN-10217-1 con soldadura - Anber","og_description":"La tuber\u00eda EN-10217-1 con soldadura est\u00e1 fabricada con acero no aleado con designaci\u00f3n simb\u00f3lica P235TR1 y su designaci\u00f3n num\u00e9rica 1.0254.","og_url":"https:\/\/anber.es\/web\/producto\/tuberia-en-10217-1-con-soldadura\/","og_site_name":"Anber","article_modified_time":"2024-04-05T07:16:58+00:00","og_image":[{"width":1000,"height":1000,"url":"https:\/\/anber.es\/web\/wp-content\/uploads\/2022\/06\/tuberia_EN10217-1_con_soldadura.jpg","type":"image\/jpeg"}],"twitter_card":"summary_large_image","twitter_misc":{"Tiempo de lectura":"1 minuto"},"schema":{"@context":"https:\/\/schema.org","@graph":[{"@type":"WebPage","@id":"https:\/\/anber.es\/web\/producto\/tuberia-en-10217-1-con-soldadura\/","url":"https:\/\/anber.es\/web\/producto\/tuberia-en-10217-1-con-soldadura\/","name":"Tuber\u00eda EN-10217-1 con soldadura - Anber","isPartOf":{"@id":"https:\/\/anber.es\/web\/#website"},"datePublished":"2022-06-03T07:23:21+00:00","dateModified":"2024-04-05T07:16:58+00:00","description":"La tuber\u00eda EN-10217-1 con soldadura est\u00e1 fabricada con acero no aleado con designaci\u00f3n simb\u00f3lica P235TR1 y su designaci\u00f3n num\u00e9rica 1.0254.","breadcrumb":{"@id":"https:\/\/anber.es\/web\/producto\/tuberia-en-10217-1-con-soldadura\/#breadcrumb"},"inLanguage":"es","potentialAction":[{"@type":"ReadAction","target":["https:\/\/anber.es\/web\/producto\/tuberia-en-10217-1-con-soldadura\/"]}]},{"@type":"BreadcrumbList","@id":"https:\/\/anber.es\/web\/producto\/tuberia-en-10217-1-con-soldadura\/#breadcrumb","itemListElement":[{"@type":"ListItem","position":1,"name":"Portada","item":"https:\/\/anber.es\/web\/"},{"@type":"ListItem","position":2,"name":"Productos","item":"https:\/\/anber.es\/web\/productos\/"},{"@type":"ListItem","position":3,"name":"Tuber\u00eda EN-10217-1 con soldadura"}]},{"@type":"WebSite","@id":"https:\/\/anber.es\/web\/#website","url":"https:\/\/anber.es\/web\/","name":"Anber","description":"Sistemas de protecci\u00f3n contra incendios","publisher":{"@id":"https:\/\/anber.es\/web\/#organization"},"potentialAction":[{"@type":"SearchAction","target":{"@type":"EntryPoint","urlTemplate":"https:\/\/anber.es\/web\/?s={search_term_string}"},"query-input":"required name=search_term_string"}],"inLanguage":"es"},{"@type":"Organization","@id":"https:\/\/anber.es\/web\/#organization","name":"Anber","url":"https:\/\/anber.es\/web\/","logo":{"@type":"ImageObject","inLanguage":"es","@id":"https:\/\/anber.es\/web\/#\/schema\/logo\/image\/","url":"https:\/\/anber.es\/web\/wp-content\/uploads\/2021\/03\/logo-anber.png","contentUrl":"https:\/\/anber.es\/web\/wp-content\/uploads\/2021\/03\/logo-anber.png","width":2208,"height":500,"caption":"Anber"},"image":{"@id":"https:\/\/anber.es\/web\/#\/schema\/logo\/image\/"}}]}},"_links":{"self":[{"href":"https:\/\/anber.es\/web\/wp-json\/wp\/v2\/product\/7138"}],"collection":[{"href":"https:\/\/anber.es\/web\/wp-json\/wp\/v2\/product"}],"about":[{"href":"https:\/\/anber.es\/web\/wp-json\/wp\/v2\/types\/product"}],"wp:featuredmedia":[{"embeddable":true,"href":"https:\/\/anber.es\/web\/wp-json\/wp\/v2\/media\/7136"}],"wp:attachment":[{"href":"https:\/\/anber.es\/web\/wp-json\/wp\/v2\/media?parent=7138"}],"wp:term":[{"taxonomy":"product_cat","embeddable":true,"href":"https:\/\/anber.es\/web\/wp-json\/wp\/v2\/product_cat?post=7138"},{"taxonomy":"product_tag","embeddable":true,"href":"https:\/\/anber.es\/web\/wp-json\/wp\/v2\/product_tag?post=7138"}],"curies":[{"name":"wp","href":"https:\/\/api.w.org\/{rel}","templated":true}]}}