{"id":7253,"date":"2022-06-20T17:13:30","date_gmt":"2022-06-20T15:13:30","guid":{"rendered":"https:\/\/anber.es\/?post_type=product&#038;p=7253"},"modified":"2024-04-04T16:10:38","modified_gmt":"2024-04-04T14:10:38","slug":"soporte-extintor-12kg-para-auto","status":"publish","type":"product","link":"https:\/\/anber.es\/web\/producto\/soporte-extintor-12kg-para-auto\/","title":{"rendered":"Soporte extintor 12kg para auto"},"content":{"rendered":"<p>El <strong>soporte extintor 12kg para auto<\/strong> est\u00e1 fabricado en acero zincado, adquiriendo una mayor protecci\u00f3n frente a la corrosi\u00f3n.  La doble abrazadera de apertura r\u00e1pida permite una mayor sujeci\u00f3n del extintor.<\/p>\n<p>Perfecto para la instalaci\u00f3n de extintores en veh\u00edculos como <b>tractores, cosechadoras, camiones, remolques, autobuses, generadores<\/b>, etc.<\/p>\n<p>En este soporte s\u00f3lo se puede poner un extintor de polvo ABC de 12kg.<\/p>\n<p>Referencia: ESSOP12.<\/p>\n<p><a href=\"\/web\/wp-content\/uploads\/2024\/04\/Ficha_tecnica-soportes_de_extintores_para_autos.pdf\" target=\"_blank\" rel=\"noopener noreferrer\"><button>Descarga ficha<\/button><\/a><br \/>\n<a class=\"insta-link\" href=\"https:\/\/www.instagram.com\/aqlproteccion\/?hl=es\" target=\"_blank\" rel=\"noopener noreferrer\">Instagram<\/a><\/p>\n","protected":false},"excerpt":{"rendered":"<p>El soporte extintor 12kg para auto est\u00e1 fabricado en acero zincado. Su doble abrazadera permite una mayor sujeci\u00f3n del extintor.<\/p>\n","protected":false},"featured_media":9161,"template":"","meta":[],"product_cat":[20,84,104],"product_tag":[215],"yoast_head":"<!-- This site is optimized with the Yoast SEO plugin v22.1 - https:\/\/yoast.com\/wordpress\/plugins\/seo\/ -->\n<title>Soporte extintor 12kg para auto - Anber<\/title>\n<meta name=\"description\" content=\"El soporte extintor 12kg para auto est\u00e1 fabricado en acero zincado. Su doble abrazadera permite una mayor sujeci\u00f3n del extintor.\" \/>\n<meta name=\"robots\" content=\"index, follow, max-snippet:-1, max-image-preview:large, max-video-preview:-1\" \/>\n<link rel=\"canonical\" href=\"https:\/\/anber.es\/web\/producto\/soporte-extintor-12kg-para-auto\/\" \/>\n<meta property=\"og:locale\" content=\"es_ES\" \/>\n<meta property=\"og:type\" content=\"article\" \/>\n<meta property=\"og:title\" content=\"Soporte extintor 12kg para auto - Anber\" \/>\n<meta property=\"og:description\" content=\"El soporte extintor 12kg para auto est\u00e1 fabricado en acero zincado. Su doble abrazadera permite una mayor sujeci\u00f3n del extintor.\" \/>\n<meta property=\"og:url\" content=\"https:\/\/anber.es\/web\/producto\/soporte-extintor-12kg-para-auto\/\" \/>\n<meta property=\"og:site_name\" content=\"Anber\" \/>\n<meta property=\"article:modified_time\" content=\"2024-04-04T14:10:38+00:00\" \/>\n<meta property=\"og:image\" content=\"https:\/\/anber.es\/web\/wp-content\/uploads\/2024\/03\/soporte_extintor_12kg_para_auto.webp\" \/>\n\t<meta property=\"og:image:width\" content=\"1000\" \/>\n\t<meta property=\"og:image:height\" content=\"1000\" \/>\n\t<meta property=\"og:image:type\" content=\"image\/webp\" \/>\n<meta name=\"twitter:card\" content=\"summary_large_image\" \/>\n<meta name=\"twitter:label1\" content=\"Tiempo de lectura\" \/>\n\t<meta name=\"twitter:data1\" content=\"1 minuto\" \/>\n<script type=\"application\/ld+json\" class=\"yoast-schema-graph\">{\"@context\":\"https:\/\/schema.org\",\"@graph\":[{\"@type\":\"WebPage\",\"@id\":\"https:\/\/anber.es\/web\/producto\/soporte-extintor-12kg-para-auto\/\",\"url\":\"https:\/\/anber.es\/web\/producto\/soporte-extintor-12kg-para-auto\/\",\"name\":\"Soporte extintor 12kg para auto - Anber\",\"isPartOf\":{\"@id\":\"https:\/\/anber.es\/web\/#website\"},\"datePublished\":\"2022-06-20T15:13:30+00:00\",\"dateModified\":\"2024-04-04T14:10:38+00:00\",\"description\":\"El soporte extintor 12kg para auto est\u00e1 fabricado en acero zincado. Su doble abrazadera permite una mayor sujeci\u00f3n del extintor.\",\"breadcrumb\":{\"@id\":\"https:\/\/anber.es\/web\/producto\/soporte-extintor-12kg-para-auto\/#breadcrumb\"},\"inLanguage\":\"es\",\"potentialAction\":[{\"@type\":\"ReadAction\",\"target\":[\"https:\/\/anber.es\/web\/producto\/soporte-extintor-12kg-para-auto\/\"]}]},{\"@type\":\"BreadcrumbList\",\"@id\":\"https:\/\/anber.es\/web\/producto\/soporte-extintor-12kg-para-auto\/#breadcrumb\",\"itemListElement\":[{\"@type\":\"ListItem\",\"position\":1,\"name\":\"Portada\",\"item\":\"https:\/\/anber.es\/web\/\"},{\"@type\":\"ListItem\",\"position\":2,\"name\":\"Productos\",\"item\":\"https:\/\/anber.es\/web\/productos\/\"},{\"@type\":\"ListItem\",\"position\":3,\"name\":\"Soporte extintor 12kg para auto\"}]},{\"@type\":\"WebSite\",\"@id\":\"https:\/\/anber.es\/web\/#website\",\"url\":\"https:\/\/anber.es\/web\/\",\"name\":\"Anber\",\"description\":\"Sistemas de protecci\u00f3n contra incendios\",\"publisher\":{\"@id\":\"https:\/\/anber.es\/web\/#organization\"},\"potentialAction\":[{\"@type\":\"SearchAction\",\"target\":{\"@type\":\"EntryPoint\",\"urlTemplate\":\"https:\/\/anber.es\/web\/?s={search_term_string}\"},\"query-input\":\"required name=search_term_string\"}],\"inLanguage\":\"es\"},{\"@type\":\"Organization\",\"@id\":\"https:\/\/anber.es\/web\/#organization\",\"name\":\"Anber\",\"url\":\"https:\/\/anber.es\/web\/\",\"logo\":{\"@type\":\"ImageObject\",\"inLanguage\":\"es\",\"@id\":\"https:\/\/anber.es\/web\/#\/schema\/logo\/image\/\",\"url\":\"https:\/\/anber.es\/web\/wp-content\/uploads\/2021\/03\/logo-anber.png\",\"contentUrl\":\"https:\/\/anber.es\/web\/wp-content\/uploads\/2021\/03\/logo-anber.png\",\"width\":2208,\"height\":500,\"caption\":\"Anber\"},\"image\":{\"@id\":\"https:\/\/anber.es\/web\/#\/schema\/logo\/image\/\"}}]}<\/script>\n<!-- \/ Yoast SEO plugin. -->","yoast_head_json":{"title":"Soporte extintor 12kg para auto - Anber","description":"El soporte extintor 12kg para auto est\u00e1 fabricado en acero zincado. Su doble abrazadera permite una mayor sujeci\u00f3n del extintor.","robots":{"index":"index","follow":"follow","max-snippet":"max-snippet:-1","max-image-preview":"max-image-preview:large","max-video-preview":"max-video-preview:-1"},"canonical":"https:\/\/anber.es\/web\/producto\/soporte-extintor-12kg-para-auto\/","og_locale":"es_ES","og_type":"article","og_title":"Soporte extintor 12kg para auto - Anber","og_description":"El soporte extintor 12kg para auto est\u00e1 fabricado en acero zincado. Su doble abrazadera permite una mayor sujeci\u00f3n del extintor.","og_url":"https:\/\/anber.es\/web\/producto\/soporte-extintor-12kg-para-auto\/","og_site_name":"Anber","article_modified_time":"2024-04-04T14:10:38+00:00","og_image":[{"width":1000,"height":1000,"url":"https:\/\/anber.es\/web\/wp-content\/uploads\/2024\/03\/soporte_extintor_12kg_para_auto.webp","type":"image\/webp"}],"twitter_card":"summary_large_image","twitter_misc":{"Tiempo de lectura":"1 minuto"},"schema":{"@context":"https:\/\/schema.org","@graph":[{"@type":"WebPage","@id":"https:\/\/anber.es\/web\/producto\/soporte-extintor-12kg-para-auto\/","url":"https:\/\/anber.es\/web\/producto\/soporte-extintor-12kg-para-auto\/","name":"Soporte extintor 12kg para auto - Anber","isPartOf":{"@id":"https:\/\/anber.es\/web\/#website"},"datePublished":"2022-06-20T15:13:30+00:00","dateModified":"2024-04-04T14:10:38+00:00","description":"El soporte extintor 12kg para auto est\u00e1 fabricado en acero zincado. Su doble abrazadera permite una mayor sujeci\u00f3n del extintor.","breadcrumb":{"@id":"https:\/\/anber.es\/web\/producto\/soporte-extintor-12kg-para-auto\/#breadcrumb"},"inLanguage":"es","potentialAction":[{"@type":"ReadAction","target":["https:\/\/anber.es\/web\/producto\/soporte-extintor-12kg-para-auto\/"]}]},{"@type":"BreadcrumbList","@id":"https:\/\/anber.es\/web\/producto\/soporte-extintor-12kg-para-auto\/#breadcrumb","itemListElement":[{"@type":"ListItem","position":1,"name":"Portada","item":"https:\/\/anber.es\/web\/"},{"@type":"ListItem","position":2,"name":"Productos","item":"https:\/\/anber.es\/web\/productos\/"},{"@type":"ListItem","position":3,"name":"Soporte extintor 12kg para auto"}]},{"@type":"WebSite","@id":"https:\/\/anber.es\/web\/#website","url":"https:\/\/anber.es\/web\/","name":"Anber","description":"Sistemas de protecci\u00f3n contra incendios","publisher":{"@id":"https:\/\/anber.es\/web\/#organization"},"potentialAction":[{"@type":"SearchAction","target":{"@type":"EntryPoint","urlTemplate":"https:\/\/anber.es\/web\/?s={search_term_string}"},"query-input":"required name=search_term_string"}],"inLanguage":"es"},{"@type":"Organization","@id":"https:\/\/anber.es\/web\/#organization","name":"Anber","url":"https:\/\/anber.es\/web\/","logo":{"@type":"ImageObject","inLanguage":"es","@id":"https:\/\/anber.es\/web\/#\/schema\/logo\/image\/","url":"https:\/\/anber.es\/web\/wp-content\/uploads\/2021\/03\/logo-anber.png","contentUrl":"https:\/\/anber.es\/web\/wp-content\/uploads\/2021\/03\/logo-anber.png","width":2208,"height":500,"caption":"Anber"},"image":{"@id":"https:\/\/anber.es\/web\/#\/schema\/logo\/image\/"}}]}},"_links":{"self":[{"href":"https:\/\/anber.es\/web\/wp-json\/wp\/v2\/product\/7253"}],"collection":[{"href":"https:\/\/anber.es\/web\/wp-json\/wp\/v2\/product"}],"about":[{"href":"https:\/\/anber.es\/web\/wp-json\/wp\/v2\/types\/product"}],"wp:featuredmedia":[{"embeddable":true,"href":"https:\/\/anber.es\/web\/wp-json\/wp\/v2\/media\/9161"}],"wp:attachment":[{"href":"https:\/\/anber.es\/web\/wp-json\/wp\/v2\/media?parent=7253"}],"wp:term":[{"taxonomy":"product_cat","embeddable":true,"href":"https:\/\/anber.es\/web\/wp-json\/wp\/v2\/product_cat?post=7253"},{"taxonomy":"product_tag","embeddable":true,"href":"https:\/\/anber.es\/web\/wp-json\/wp\/v2\/product_tag?post=7253"}],"curies":[{"name":"wp","href":"https:\/\/api.w.org\/{rel}","templated":true}]}}