{"id":7260,"date":"2022-06-21T08:15:12","date_gmt":"2022-06-21T06:15:12","guid":{"rendered":"https:\/\/anber.es\/?post_type=product&#038;p=7260"},"modified":"2023-08-21T13:11:32","modified_gmt":"2023-08-21T11:11:32","slug":"valvula-bola-25mm","status":"publish","type":"product","link":"https:\/\/anber.es\/web\/producto\/valvula-bola-25mm\/","title":{"rendered":"V\u00e1lvula bola 25mm"},"content":{"rendered":"<p>La<strong> v\u00e1lvula bola 25mm (1&#8243;) <\/strong>tiene un cuerpo de lat\u00f3n cromado.<\/p>\n<p>Esta v\u00e1lvula se acciona mediante un <b>volante desmultiplicador<\/b>, con arrastre met\u00e1lico.<\/p>\n<p>Tiene una tuerca de Uni\u00f3n <b>Hembra-Hembra<\/b> integrada.<\/p>\n<p>Y adem\u00e1s, tiene <b>toma para man\u00f3metro <\/b>mediante una rosca de 1\/4&#8243;.<\/p>\n<p>Referencia: VE25MV.<\/p>\n<p><a href=\"\/web\/wp-content\/uploads\/2022\/06\/Ficha_tecnica-valvula_bola_1pulg_con_volante.pdf\" target=\"_blank\" rel=\"noopener noreferrer\"><button>Descarga ficha<\/button><\/a><br \/>\n<a class=\"insta-link\" href=\"https:\/\/www.instagram.com\/aqlproteccion\/?hl=es\" target=\"_blank\" rel=\"noopener noreferrer\">Instagram<\/a><\/p>\n","protected":false},"excerpt":{"rendered":"<p>La v\u00e1lvula bola 25mm (1&#8243;) tiene un cuerpo de lat\u00f3n cromado y toma para man\u00f3metro. La v\u00e1lvula se acciona mediante un volante desmultiplicador.<\/p>\n","protected":false},"featured_media":8842,"template":"","meta":[],"product_cat":[27,20,78,100,45],"product_tag":[215],"yoast_head":"<!-- This site is optimized with the Yoast SEO plugin v22.1 - https:\/\/yoast.com\/wordpress\/plugins\/seo\/ -->\n<title>V\u00e1lvula bola 25mm - Anber<\/title>\n<meta name=\"description\" content=\"La v\u00e1lvula bola 25mm (1&quot;) tiene un cuerpo de lat\u00f3n cromado y toma para man\u00f3metro. La v\u00e1lvula se acciona mediante un volante desmultiplicador.\" \/>\n<meta name=\"robots\" content=\"index, follow, max-snippet:-1, max-image-preview:large, max-video-preview:-1\" \/>\n<link rel=\"canonical\" href=\"https:\/\/anber.es\/web\/producto\/valvula-bola-25mm\/\" \/>\n<meta property=\"og:locale\" content=\"es_ES\" \/>\n<meta property=\"og:type\" content=\"article\" \/>\n<meta property=\"og:title\" content=\"V\u00e1lvula bola 25mm - Anber\" \/>\n<meta property=\"og:description\" content=\"La v\u00e1lvula bola 25mm (1&quot;) tiene un cuerpo de lat\u00f3n cromado y toma para man\u00f3metro. La v\u00e1lvula se acciona mediante un volante desmultiplicador.\" \/>\n<meta property=\"og:url\" content=\"https:\/\/anber.es\/web\/producto\/valvula-bola-25mm\/\" \/>\n<meta property=\"og:site_name\" content=\"Anber\" \/>\n<meta property=\"article:modified_time\" content=\"2023-08-21T11:11:32+00:00\" \/>\n<meta property=\"og:image\" content=\"https:\/\/anber.es\/web\/wp-content\/uploads\/2023\/08\/valvula_bola_1pulg_con_volante.webp\" \/>\n\t<meta property=\"og:image:width\" content=\"1000\" \/>\n\t<meta property=\"og:image:height\" content=\"1000\" \/>\n\t<meta property=\"og:image:type\" content=\"image\/webp\" \/>\n<meta name=\"twitter:card\" content=\"summary_large_image\" \/>\n<meta name=\"twitter:label1\" content=\"Tiempo de lectura\" \/>\n\t<meta name=\"twitter:data1\" content=\"1 minuto\" \/>\n<script type=\"application\/ld+json\" class=\"yoast-schema-graph\">{\"@context\":\"https:\/\/schema.org\",\"@graph\":[{\"@type\":\"WebPage\",\"@id\":\"https:\/\/anber.es\/web\/producto\/valvula-bola-25mm\/\",\"url\":\"https:\/\/anber.es\/web\/producto\/valvula-bola-25mm\/\",\"name\":\"V\u00e1lvula bola 25mm - Anber\",\"isPartOf\":{\"@id\":\"https:\/\/anber.es\/web\/#website\"},\"datePublished\":\"2022-06-21T06:15:12+00:00\",\"dateModified\":\"2023-08-21T11:11:32+00:00\",\"description\":\"La v\u00e1lvula bola 25mm (1\\\") tiene un cuerpo de lat\u00f3n cromado y toma para man\u00f3metro. La v\u00e1lvula se acciona mediante un volante desmultiplicador.\",\"breadcrumb\":{\"@id\":\"https:\/\/anber.es\/web\/producto\/valvula-bola-25mm\/#breadcrumb\"},\"inLanguage\":\"es\",\"potentialAction\":[{\"@type\":\"ReadAction\",\"target\":[\"https:\/\/anber.es\/web\/producto\/valvula-bola-25mm\/\"]}]},{\"@type\":\"BreadcrumbList\",\"@id\":\"https:\/\/anber.es\/web\/producto\/valvula-bola-25mm\/#breadcrumb\",\"itemListElement\":[{\"@type\":\"ListItem\",\"position\":1,\"name\":\"Portada\",\"item\":\"https:\/\/anber.es\/web\/\"},{\"@type\":\"ListItem\",\"position\":2,\"name\":\"Productos\",\"item\":\"https:\/\/anber.es\/web\/productos\/\"},{\"@type\":\"ListItem\",\"position\":3,\"name\":\"V\u00e1lvula bola 25mm\"}]},{\"@type\":\"WebSite\",\"@id\":\"https:\/\/anber.es\/web\/#website\",\"url\":\"https:\/\/anber.es\/web\/\",\"name\":\"Anber\",\"description\":\"Sistemas de protecci\u00f3n contra incendios\",\"publisher\":{\"@id\":\"https:\/\/anber.es\/web\/#organization\"},\"potentialAction\":[{\"@type\":\"SearchAction\",\"target\":{\"@type\":\"EntryPoint\",\"urlTemplate\":\"https:\/\/anber.es\/web\/?s={search_term_string}\"},\"query-input\":\"required name=search_term_string\"}],\"inLanguage\":\"es\"},{\"@type\":\"Organization\",\"@id\":\"https:\/\/anber.es\/web\/#organization\",\"name\":\"Anber\",\"url\":\"https:\/\/anber.es\/web\/\",\"logo\":{\"@type\":\"ImageObject\",\"inLanguage\":\"es\",\"@id\":\"https:\/\/anber.es\/web\/#\/schema\/logo\/image\/\",\"url\":\"https:\/\/anber.es\/web\/wp-content\/uploads\/2021\/03\/logo-anber.png\",\"contentUrl\":\"https:\/\/anber.es\/web\/wp-content\/uploads\/2021\/03\/logo-anber.png\",\"width\":2208,\"height\":500,\"caption\":\"Anber\"},\"image\":{\"@id\":\"https:\/\/anber.es\/web\/#\/schema\/logo\/image\/\"}}]}<\/script>\n<!-- \/ Yoast SEO plugin. -->","yoast_head_json":{"title":"V\u00e1lvula bola 25mm - Anber","description":"La v\u00e1lvula bola 25mm (1\") tiene un cuerpo de lat\u00f3n cromado y toma para man\u00f3metro. La v\u00e1lvula se acciona mediante un volante desmultiplicador.","robots":{"index":"index","follow":"follow","max-snippet":"max-snippet:-1","max-image-preview":"max-image-preview:large","max-video-preview":"max-video-preview:-1"},"canonical":"https:\/\/anber.es\/web\/producto\/valvula-bola-25mm\/","og_locale":"es_ES","og_type":"article","og_title":"V\u00e1lvula bola 25mm - Anber","og_description":"La v\u00e1lvula bola 25mm (1\") tiene un cuerpo de lat\u00f3n cromado y toma para man\u00f3metro. La v\u00e1lvula se acciona mediante un volante desmultiplicador.","og_url":"https:\/\/anber.es\/web\/producto\/valvula-bola-25mm\/","og_site_name":"Anber","article_modified_time":"2023-08-21T11:11:32+00:00","og_image":[{"width":1000,"height":1000,"url":"https:\/\/anber.es\/web\/wp-content\/uploads\/2023\/08\/valvula_bola_1pulg_con_volante.webp","type":"image\/webp"}],"twitter_card":"summary_large_image","twitter_misc":{"Tiempo de lectura":"1 minuto"},"schema":{"@context":"https:\/\/schema.org","@graph":[{"@type":"WebPage","@id":"https:\/\/anber.es\/web\/producto\/valvula-bola-25mm\/","url":"https:\/\/anber.es\/web\/producto\/valvula-bola-25mm\/","name":"V\u00e1lvula bola 25mm - Anber","isPartOf":{"@id":"https:\/\/anber.es\/web\/#website"},"datePublished":"2022-06-21T06:15:12+00:00","dateModified":"2023-08-21T11:11:32+00:00","description":"La v\u00e1lvula bola 25mm (1\") tiene un cuerpo de lat\u00f3n cromado y toma para man\u00f3metro. La v\u00e1lvula se acciona mediante un volante desmultiplicador.","breadcrumb":{"@id":"https:\/\/anber.es\/web\/producto\/valvula-bola-25mm\/#breadcrumb"},"inLanguage":"es","potentialAction":[{"@type":"ReadAction","target":["https:\/\/anber.es\/web\/producto\/valvula-bola-25mm\/"]}]},{"@type":"BreadcrumbList","@id":"https:\/\/anber.es\/web\/producto\/valvula-bola-25mm\/#breadcrumb","itemListElement":[{"@type":"ListItem","position":1,"name":"Portada","item":"https:\/\/anber.es\/web\/"},{"@type":"ListItem","position":2,"name":"Productos","item":"https:\/\/anber.es\/web\/productos\/"},{"@type":"ListItem","position":3,"name":"V\u00e1lvula bola 25mm"}]},{"@type":"WebSite","@id":"https:\/\/anber.es\/web\/#website","url":"https:\/\/anber.es\/web\/","name":"Anber","description":"Sistemas de protecci\u00f3n contra incendios","publisher":{"@id":"https:\/\/anber.es\/web\/#organization"},"potentialAction":[{"@type":"SearchAction","target":{"@type":"EntryPoint","urlTemplate":"https:\/\/anber.es\/web\/?s={search_term_string}"},"query-input":"required name=search_term_string"}],"inLanguage":"es"},{"@type":"Organization","@id":"https:\/\/anber.es\/web\/#organization","name":"Anber","url":"https:\/\/anber.es\/web\/","logo":{"@type":"ImageObject","inLanguage":"es","@id":"https:\/\/anber.es\/web\/#\/schema\/logo\/image\/","url":"https:\/\/anber.es\/web\/wp-content\/uploads\/2021\/03\/logo-anber.png","contentUrl":"https:\/\/anber.es\/web\/wp-content\/uploads\/2021\/03\/logo-anber.png","width":2208,"height":500,"caption":"Anber"},"image":{"@id":"https:\/\/anber.es\/web\/#\/schema\/logo\/image\/"}}]}},"_links":{"self":[{"href":"https:\/\/anber.es\/web\/wp-json\/wp\/v2\/product\/7260"}],"collection":[{"href":"https:\/\/anber.es\/web\/wp-json\/wp\/v2\/product"}],"about":[{"href":"https:\/\/anber.es\/web\/wp-json\/wp\/v2\/types\/product"}],"wp:featuredmedia":[{"embeddable":true,"href":"https:\/\/anber.es\/web\/wp-json\/wp\/v2\/media\/8842"}],"wp:attachment":[{"href":"https:\/\/anber.es\/web\/wp-json\/wp\/v2\/media?parent=7260"}],"wp:term":[{"taxonomy":"product_cat","embeddable":true,"href":"https:\/\/anber.es\/web\/wp-json\/wp\/v2\/product_cat?post=7260"},{"taxonomy":"product_tag","embeddable":true,"href":"https:\/\/anber.es\/web\/wp-json\/wp\/v2\/product_tag?post=7260"}],"curies":[{"name":"wp","href":"https:\/\/api.w.org\/{rel}","templated":true}]}}