{"id":7362,"date":"2022-07-13T13:04:19","date_gmt":"2022-07-13T11:04:19","guid":{"rendered":"https:\/\/anber.es\/?post_type=product&#038;p=7362"},"modified":"2022-07-14T16:19:14","modified_gmt":"2022-07-14T14:19:14","slug":"maquina-para-taladrar-modelo-km-2x","status":"publish","type":"product","link":"https:\/\/anber.es\/web\/producto\/maquina-para-taladrar-modelo-km-2x\/","title":{"rendered":"M\u00e1quina para taladrar modelo KM-2X"},"content":{"rendered":"<p>La<strong> m\u00e1quina para taladrar modelo KM-2X <\/strong>es una m\u00e1quina port\u00e1til para perforar <b>orificios de 1&#8243; a 4&#8243;<\/b> en <b>tuber\u00edas de acero de 2&#8243; a 8&#8243;<\/b>.<\/p>\n<p>Impulsado por un motor reductor de engranajes de <b>alto rendimiento y bajo nivel de ruido<\/b> para un alto par.<\/p>\n<p>El mango del engranaje facilita la operaci\u00f3n del taladro con <b>menos esfuerzo<\/b>.<\/p>\n<p>El porta brocas roscado proporciona <b>alta estabilidad y seguridad<\/b>, evita la p\u00e9rdida del porta brocas durante el funcionamiento.<\/p>\n<p>Asiento de aluminio fundido a presi\u00f3n para un tiempo de<b> servicio prolongado y resistente al desgaste<\/b>.<\/p>\n<p>Referencia: CMKM2X.<\/p>\n<p><a href=\"\/web\/wp-content\/uploads\/2022\/07\/Ficha_tecnica-maquina_para_taladrar_KM-2X.pdf\" target=\"_blank\" rel=\"noopener noreferrer\"><button>Descarga ficha<\/button><\/a><br \/>\n<a class=\"insta-link\" href=\"https:\/\/www.instagram.com\/aqlproteccion\/?hl=es\" target=\"_blank\" rel=\"noopener noreferrer\">Instagram<\/a><\/p>\n","protected":false},"excerpt":{"rendered":"<p>La m\u00e1quina para taladrar modelo KM-2X es una m\u00e1quina port\u00e1til para perforar orificios de 1&#8243; a 4&#8243; en tuber\u00edas de acero de 2&#8243; a 8&#8243;.<\/p>\n","protected":false},"featured_media":7361,"template":"","meta":[],"product_cat":[41,220],"product_tag":[215],"yoast_head":"<!-- This site is optimized with the Yoast SEO plugin v22.1 - https:\/\/yoast.com\/wordpress\/plugins\/seo\/ -->\n<title>M\u00e1quina para taladrar modelo KM-2X - Anber<\/title>\n<meta name=\"description\" content=\"La m\u00e1quina para taladrar modelo KM-2X es una m\u00e1quina port\u00e1til para perforar orificios de 1&quot; a 4&quot; en tuber\u00edas de acero de 2&quot; a 8&quot;.\" \/>\n<meta name=\"robots\" content=\"index, follow, max-snippet:-1, max-image-preview:large, max-video-preview:-1\" \/>\n<link rel=\"canonical\" href=\"https:\/\/anber.es\/web\/producto\/maquina-para-taladrar-modelo-km-2x\/\" \/>\n<meta property=\"og:locale\" content=\"es_ES\" \/>\n<meta property=\"og:type\" content=\"article\" \/>\n<meta property=\"og:title\" content=\"M\u00e1quina para taladrar modelo KM-2X - Anber\" \/>\n<meta property=\"og:description\" content=\"La m\u00e1quina para taladrar modelo KM-2X es una m\u00e1quina port\u00e1til para perforar orificios de 1&quot; a 4&quot; en tuber\u00edas de acero de 2&quot; a 8&quot;.\" \/>\n<meta property=\"og:url\" content=\"https:\/\/anber.es\/web\/producto\/maquina-para-taladrar-modelo-km-2x\/\" \/>\n<meta property=\"og:site_name\" content=\"Anber\" \/>\n<meta property=\"article:modified_time\" content=\"2022-07-14T14:19:14+00:00\" \/>\n<meta property=\"og:image\" content=\"https:\/\/anber.es\/web\/wp-content\/uploads\/2022\/07\/maquina_para_taladrar_KM2-X.png\" \/>\n\t<meta property=\"og:image:width\" content=\"1000\" \/>\n\t<meta property=\"og:image:height\" content=\"1000\" \/>\n\t<meta property=\"og:image:type\" content=\"image\/png\" \/>\n<meta name=\"twitter:card\" content=\"summary_large_image\" \/>\n<meta name=\"twitter:label1\" content=\"Tiempo de lectura\" \/>\n\t<meta name=\"twitter:data1\" content=\"1 minuto\" \/>\n<script type=\"application\/ld+json\" class=\"yoast-schema-graph\">{\"@context\":\"https:\/\/schema.org\",\"@graph\":[{\"@type\":\"WebPage\",\"@id\":\"https:\/\/anber.es\/web\/producto\/maquina-para-taladrar-modelo-km-2x\/\",\"url\":\"https:\/\/anber.es\/web\/producto\/maquina-para-taladrar-modelo-km-2x\/\",\"name\":\"M\u00e1quina para taladrar modelo KM-2X - Anber\",\"isPartOf\":{\"@id\":\"https:\/\/anber.es\/web\/#website\"},\"datePublished\":\"2022-07-13T11:04:19+00:00\",\"dateModified\":\"2022-07-14T14:19:14+00:00\",\"description\":\"La m\u00e1quina para taladrar modelo KM-2X es una m\u00e1quina port\u00e1til para perforar orificios de 1\\\" a 4\\\" en tuber\u00edas de acero de 2\\\" a 8\\\".\",\"breadcrumb\":{\"@id\":\"https:\/\/anber.es\/web\/producto\/maquina-para-taladrar-modelo-km-2x\/#breadcrumb\"},\"inLanguage\":\"es\",\"potentialAction\":[{\"@type\":\"ReadAction\",\"target\":[\"https:\/\/anber.es\/web\/producto\/maquina-para-taladrar-modelo-km-2x\/\"]}]},{\"@type\":\"BreadcrumbList\",\"@id\":\"https:\/\/anber.es\/web\/producto\/maquina-para-taladrar-modelo-km-2x\/#breadcrumb\",\"itemListElement\":[{\"@type\":\"ListItem\",\"position\":1,\"name\":\"Portada\",\"item\":\"https:\/\/anber.es\/web\/\"},{\"@type\":\"ListItem\",\"position\":2,\"name\":\"Productos\",\"item\":\"https:\/\/anber.es\/web\/productos\/\"},{\"@type\":\"ListItem\",\"position\":3,\"name\":\"M\u00e1quina para taladrar modelo KM-2X\"}]},{\"@type\":\"WebSite\",\"@id\":\"https:\/\/anber.es\/web\/#website\",\"url\":\"https:\/\/anber.es\/web\/\",\"name\":\"Anber\",\"description\":\"Sistemas de protecci\u00f3n contra incendios\",\"publisher\":{\"@id\":\"https:\/\/anber.es\/web\/#organization\"},\"potentialAction\":[{\"@type\":\"SearchAction\",\"target\":{\"@type\":\"EntryPoint\",\"urlTemplate\":\"https:\/\/anber.es\/web\/?s={search_term_string}\"},\"query-input\":\"required name=search_term_string\"}],\"inLanguage\":\"es\"},{\"@type\":\"Organization\",\"@id\":\"https:\/\/anber.es\/web\/#organization\",\"name\":\"Anber\",\"url\":\"https:\/\/anber.es\/web\/\",\"logo\":{\"@type\":\"ImageObject\",\"inLanguage\":\"es\",\"@id\":\"https:\/\/anber.es\/web\/#\/schema\/logo\/image\/\",\"url\":\"https:\/\/anber.es\/web\/wp-content\/uploads\/2021\/03\/logo-anber.png\",\"contentUrl\":\"https:\/\/anber.es\/web\/wp-content\/uploads\/2021\/03\/logo-anber.png\",\"width\":2208,\"height\":500,\"caption\":\"Anber\"},\"image\":{\"@id\":\"https:\/\/anber.es\/web\/#\/schema\/logo\/image\/\"}}]}<\/script>\n<!-- \/ Yoast SEO plugin. -->","yoast_head_json":{"title":"M\u00e1quina para taladrar modelo KM-2X - Anber","description":"La m\u00e1quina para taladrar modelo KM-2X es una m\u00e1quina port\u00e1til para perforar orificios de 1\" a 4\" en tuber\u00edas de acero de 2\" a 8\".","robots":{"index":"index","follow":"follow","max-snippet":"max-snippet:-1","max-image-preview":"max-image-preview:large","max-video-preview":"max-video-preview:-1"},"canonical":"https:\/\/anber.es\/web\/producto\/maquina-para-taladrar-modelo-km-2x\/","og_locale":"es_ES","og_type":"article","og_title":"M\u00e1quina para taladrar modelo KM-2X - Anber","og_description":"La m\u00e1quina para taladrar modelo KM-2X es una m\u00e1quina port\u00e1til para perforar orificios de 1\" a 4\" en tuber\u00edas de acero de 2\" a 8\".","og_url":"https:\/\/anber.es\/web\/producto\/maquina-para-taladrar-modelo-km-2x\/","og_site_name":"Anber","article_modified_time":"2022-07-14T14:19:14+00:00","og_image":[{"url":"https:\/\/anber.es\/web\/wp-content\/uploads\/2022\/07\/maquina_para_taladrar_KM2-X.png","width":1000,"height":1000,"type":"image\/png"}],"twitter_card":"summary_large_image","twitter_misc":{"Tiempo de lectura":"1 minuto"},"schema":{"@context":"https:\/\/schema.org","@graph":[{"@type":"WebPage","@id":"https:\/\/anber.es\/web\/producto\/maquina-para-taladrar-modelo-km-2x\/","url":"https:\/\/anber.es\/web\/producto\/maquina-para-taladrar-modelo-km-2x\/","name":"M\u00e1quina para taladrar modelo KM-2X - Anber","isPartOf":{"@id":"https:\/\/anber.es\/web\/#website"},"datePublished":"2022-07-13T11:04:19+00:00","dateModified":"2022-07-14T14:19:14+00:00","description":"La m\u00e1quina para taladrar modelo KM-2X es una m\u00e1quina port\u00e1til para perforar orificios de 1\" a 4\" en tuber\u00edas de acero de 2\" a 8\".","breadcrumb":{"@id":"https:\/\/anber.es\/web\/producto\/maquina-para-taladrar-modelo-km-2x\/#breadcrumb"},"inLanguage":"es","potentialAction":[{"@type":"ReadAction","target":["https:\/\/anber.es\/web\/producto\/maquina-para-taladrar-modelo-km-2x\/"]}]},{"@type":"BreadcrumbList","@id":"https:\/\/anber.es\/web\/producto\/maquina-para-taladrar-modelo-km-2x\/#breadcrumb","itemListElement":[{"@type":"ListItem","position":1,"name":"Portada","item":"https:\/\/anber.es\/web\/"},{"@type":"ListItem","position":2,"name":"Productos","item":"https:\/\/anber.es\/web\/productos\/"},{"@type":"ListItem","position":3,"name":"M\u00e1quina para taladrar modelo KM-2X"}]},{"@type":"WebSite","@id":"https:\/\/anber.es\/web\/#website","url":"https:\/\/anber.es\/web\/","name":"Anber","description":"Sistemas de protecci\u00f3n contra incendios","publisher":{"@id":"https:\/\/anber.es\/web\/#organization"},"potentialAction":[{"@type":"SearchAction","target":{"@type":"EntryPoint","urlTemplate":"https:\/\/anber.es\/web\/?s={search_term_string}"},"query-input":"required name=search_term_string"}],"inLanguage":"es"},{"@type":"Organization","@id":"https:\/\/anber.es\/web\/#organization","name":"Anber","url":"https:\/\/anber.es\/web\/","logo":{"@type":"ImageObject","inLanguage":"es","@id":"https:\/\/anber.es\/web\/#\/schema\/logo\/image\/","url":"https:\/\/anber.es\/web\/wp-content\/uploads\/2021\/03\/logo-anber.png","contentUrl":"https:\/\/anber.es\/web\/wp-content\/uploads\/2021\/03\/logo-anber.png","width":2208,"height":500,"caption":"Anber"},"image":{"@id":"https:\/\/anber.es\/web\/#\/schema\/logo\/image\/"}}]}},"_links":{"self":[{"href":"https:\/\/anber.es\/web\/wp-json\/wp\/v2\/product\/7362"}],"collection":[{"href":"https:\/\/anber.es\/web\/wp-json\/wp\/v2\/product"}],"about":[{"href":"https:\/\/anber.es\/web\/wp-json\/wp\/v2\/types\/product"}],"wp:featuredmedia":[{"embeddable":true,"href":"https:\/\/anber.es\/web\/wp-json\/wp\/v2\/media\/7361"}],"wp:attachment":[{"href":"https:\/\/anber.es\/web\/wp-json\/wp\/v2\/media?parent=7362"}],"wp:term":[{"taxonomy":"product_cat","embeddable":true,"href":"https:\/\/anber.es\/web\/wp-json\/wp\/v2\/product_cat?post=7362"},{"taxonomy":"product_tag","embeddable":true,"href":"https:\/\/anber.es\/web\/wp-json\/wp\/v2\/product_tag?post=7362"}],"curies":[{"name":"wp","href":"https:\/\/api.w.org\/{rel}","templated":true}]}}