{"id":7421,"date":"2022-08-08T07:18:23","date_gmt":"2022-08-08T05:18:23","guid":{"rendered":"https:\/\/anber.es\/?post_type=product&#038;p=7421"},"modified":"2025-02-06T10:00:07","modified_gmt":"2025-02-06T08:00:07","slug":"filtro-de-linea","status":"publish","type":"product","link":"https:\/\/anber.es\/web\/producto\/filtro-de-linea\/","title":{"rendered":"Filtro de l\u00ednea"},"content":{"rendered":"<p>El <strong>filtro de l\u00ednea <\/strong>est\u00e1 fabricado de ABS (Acrylonitrilo butadieno styreno) es un robusto pol\u00edmero, que re\u00fane las caracter\u00edsticas f\u00edsicas para una \u00f3ptima fuerza a la expansi\u00f3n e impacto, resistencia superficial y una larga longevidad, as\u00ed como una gran estabilidad a temperaturas por debajo de 0\u00baC.<\/p>\n<p>Caracter\u00edsticas del filtro:<br \/>\n<b>Estanqueidad<\/b> con juntas de Viton para evitar fugas.<br \/>\n<b>Filtros lavables<\/b> de larga duraci\u00f3n.<br \/>\nLa <b>longitud total <\/b>del conjunto es de 162 mm.<\/p>\n<p>Nuestro modelo tiene<strong> 30\u00b5 x pulgada<\/strong> de mol\u00e9culas.<\/p>\n<p>Referencia: DFFILTRO.<\/p>\n<p><a href=\"https:\/\/anber.es\/web\/wp-content\/uploads\/2025\/02\/Ficha_tecnica-filtro_de_linea_ABS.pdf\" target=\"_blank\" rel=\"noopener noreferrer\"><button>Descarga ficha<\/button><\/a><br \/>\n<a class=\"insta-link\" href=\"https:\/\/www.instagram.com\/aqlproteccion\/?hl=es\" target=\"_blank\" rel=\"noopener noreferrer\">Instagram<\/a><\/p>\n","protected":false},"excerpt":{"rendered":"<p>El filtro de l\u00ednea est\u00e1 fabricado de ABS (Acrylonitrilo butadieno styreno) es un robusto pol\u00edmero, que re\u00fane las caracter\u00edsticas f\u00edsicas para una \u00f3ptima fuerza a la expansi\u00f3n e impacto, resistencia superficial y una larga longevidad, as\u00ed como una gran estabilidad a temperaturas por debajo de 0\u00baC.<\/p>\n","protected":false},"featured_media":7422,"template":"","meta":[],"product_cat":[163,52,23],"product_tag":[],"yoast_head":"<!-- This site is optimized with the Yoast SEO plugin v22.1 - https:\/\/yoast.com\/wordpress\/plugins\/seo\/ -->\n<title>Filtro de l\u00ednea - Anber<\/title>\n<meta name=\"description\" content=\"El filtro de l\u00ednea est\u00e1 fabricado de ABS (Acrylonitrilo butadieno styreno) para una \u00f3ptima fuerza a la expansi\u00f3n e impacto, resistencia, etc.\" \/>\n<meta name=\"robots\" content=\"index, follow, max-snippet:-1, max-image-preview:large, max-video-preview:-1\" \/>\n<link rel=\"canonical\" href=\"https:\/\/anber.es\/web\/producto\/filtro-de-linea\/\" \/>\n<meta property=\"og:locale\" content=\"es_ES\" \/>\n<meta property=\"og:type\" content=\"article\" \/>\n<meta property=\"og:title\" content=\"Filtro de l\u00ednea - Anber\" \/>\n<meta property=\"og:description\" content=\"El filtro de l\u00ednea est\u00e1 fabricado de ABS (Acrylonitrilo butadieno styreno) para una \u00f3ptima fuerza a la expansi\u00f3n e impacto, resistencia, etc.\" \/>\n<meta property=\"og:url\" content=\"https:\/\/anber.es\/web\/producto\/filtro-de-linea\/\" \/>\n<meta property=\"og:site_name\" content=\"Anber\" \/>\n<meta property=\"article:modified_time\" content=\"2025-02-06T08:00:07+00:00\" \/>\n<meta property=\"og:image\" content=\"https:\/\/anber.es\/web\/wp-content\/uploads\/2022\/08\/filtro_de_linea.jpg\" \/>\n\t<meta property=\"og:image:width\" content=\"1000\" \/>\n\t<meta property=\"og:image:height\" content=\"1000\" \/>\n\t<meta property=\"og:image:type\" content=\"image\/jpeg\" \/>\n<meta name=\"twitter:card\" content=\"summary_large_image\" \/>\n<meta name=\"twitter:label1\" content=\"Tiempo de lectura\" \/>\n\t<meta name=\"twitter:data1\" content=\"1 minuto\" \/>\n<script type=\"application\/ld+json\" class=\"yoast-schema-graph\">{\"@context\":\"https:\/\/schema.org\",\"@graph\":[{\"@type\":\"WebPage\",\"@id\":\"https:\/\/anber.es\/web\/producto\/filtro-de-linea\/\",\"url\":\"https:\/\/anber.es\/web\/producto\/filtro-de-linea\/\",\"name\":\"Filtro de l\u00ednea - Anber\",\"isPartOf\":{\"@id\":\"https:\/\/anber.es\/web\/#website\"},\"datePublished\":\"2022-08-08T05:18:23+00:00\",\"dateModified\":\"2025-02-06T08:00:07+00:00\",\"description\":\"El filtro de l\u00ednea est\u00e1 fabricado de ABS (Acrylonitrilo butadieno styreno) para una \u00f3ptima fuerza a la expansi\u00f3n e impacto, resistencia, etc.\",\"breadcrumb\":{\"@id\":\"https:\/\/anber.es\/web\/producto\/filtro-de-linea\/#breadcrumb\"},\"inLanguage\":\"es\",\"potentialAction\":[{\"@type\":\"ReadAction\",\"target\":[\"https:\/\/anber.es\/web\/producto\/filtro-de-linea\/\"]}]},{\"@type\":\"BreadcrumbList\",\"@id\":\"https:\/\/anber.es\/web\/producto\/filtro-de-linea\/#breadcrumb\",\"itemListElement\":[{\"@type\":\"ListItem\",\"position\":1,\"name\":\"Portada\",\"item\":\"https:\/\/anber.es\/web\/\"},{\"@type\":\"ListItem\",\"position\":2,\"name\":\"Productos\",\"item\":\"https:\/\/anber.es\/web\/productos\/\"},{\"@type\":\"ListItem\",\"position\":3,\"name\":\"Filtro de l\u00ednea\"}]},{\"@type\":\"WebSite\",\"@id\":\"https:\/\/anber.es\/web\/#website\",\"url\":\"https:\/\/anber.es\/web\/\",\"name\":\"Anber\",\"description\":\"Sistemas de protecci\u00f3n contra incendios\",\"publisher\":{\"@id\":\"https:\/\/anber.es\/web\/#organization\"},\"potentialAction\":[{\"@type\":\"SearchAction\",\"target\":{\"@type\":\"EntryPoint\",\"urlTemplate\":\"https:\/\/anber.es\/web\/?s={search_term_string}\"},\"query-input\":\"required name=search_term_string\"}],\"inLanguage\":\"es\"},{\"@type\":\"Organization\",\"@id\":\"https:\/\/anber.es\/web\/#organization\",\"name\":\"Anber\",\"url\":\"https:\/\/anber.es\/web\/\",\"logo\":{\"@type\":\"ImageObject\",\"inLanguage\":\"es\",\"@id\":\"https:\/\/anber.es\/web\/#\/schema\/logo\/image\/\",\"url\":\"https:\/\/anber.es\/web\/wp-content\/uploads\/2021\/03\/logo-anber.png\",\"contentUrl\":\"https:\/\/anber.es\/web\/wp-content\/uploads\/2021\/03\/logo-anber.png\",\"width\":2208,\"height\":500,\"caption\":\"Anber\"},\"image\":{\"@id\":\"https:\/\/anber.es\/web\/#\/schema\/logo\/image\/\"}}]}<\/script>\n<!-- \/ Yoast SEO plugin. -->","yoast_head_json":{"title":"Filtro de l\u00ednea - Anber","description":"El filtro de l\u00ednea est\u00e1 fabricado de ABS (Acrylonitrilo butadieno styreno) para una \u00f3ptima fuerza a la expansi\u00f3n e impacto, resistencia, etc.","robots":{"index":"index","follow":"follow","max-snippet":"max-snippet:-1","max-image-preview":"max-image-preview:large","max-video-preview":"max-video-preview:-1"},"canonical":"https:\/\/anber.es\/web\/producto\/filtro-de-linea\/","og_locale":"es_ES","og_type":"article","og_title":"Filtro de l\u00ednea - Anber","og_description":"El filtro de l\u00ednea est\u00e1 fabricado de ABS (Acrylonitrilo butadieno styreno) para una \u00f3ptima fuerza a la expansi\u00f3n e impacto, resistencia, etc.","og_url":"https:\/\/anber.es\/web\/producto\/filtro-de-linea\/","og_site_name":"Anber","article_modified_time":"2025-02-06T08:00:07+00:00","og_image":[{"width":1000,"height":1000,"url":"https:\/\/anber.es\/web\/wp-content\/uploads\/2022\/08\/filtro_de_linea.jpg","type":"image\/jpeg"}],"twitter_card":"summary_large_image","twitter_misc":{"Tiempo de lectura":"1 minuto"},"schema":{"@context":"https:\/\/schema.org","@graph":[{"@type":"WebPage","@id":"https:\/\/anber.es\/web\/producto\/filtro-de-linea\/","url":"https:\/\/anber.es\/web\/producto\/filtro-de-linea\/","name":"Filtro de l\u00ednea - Anber","isPartOf":{"@id":"https:\/\/anber.es\/web\/#website"},"datePublished":"2022-08-08T05:18:23+00:00","dateModified":"2025-02-06T08:00:07+00:00","description":"El filtro de l\u00ednea est\u00e1 fabricado de ABS (Acrylonitrilo butadieno styreno) para una \u00f3ptima fuerza a la expansi\u00f3n e impacto, resistencia, etc.","breadcrumb":{"@id":"https:\/\/anber.es\/web\/producto\/filtro-de-linea\/#breadcrumb"},"inLanguage":"es","potentialAction":[{"@type":"ReadAction","target":["https:\/\/anber.es\/web\/producto\/filtro-de-linea\/"]}]},{"@type":"BreadcrumbList","@id":"https:\/\/anber.es\/web\/producto\/filtro-de-linea\/#breadcrumb","itemListElement":[{"@type":"ListItem","position":1,"name":"Portada","item":"https:\/\/anber.es\/web\/"},{"@type":"ListItem","position":2,"name":"Productos","item":"https:\/\/anber.es\/web\/productos\/"},{"@type":"ListItem","position":3,"name":"Filtro de l\u00ednea"}]},{"@type":"WebSite","@id":"https:\/\/anber.es\/web\/#website","url":"https:\/\/anber.es\/web\/","name":"Anber","description":"Sistemas de protecci\u00f3n contra incendios","publisher":{"@id":"https:\/\/anber.es\/web\/#organization"},"potentialAction":[{"@type":"SearchAction","target":{"@type":"EntryPoint","urlTemplate":"https:\/\/anber.es\/web\/?s={search_term_string}"},"query-input":"required name=search_term_string"}],"inLanguage":"es"},{"@type":"Organization","@id":"https:\/\/anber.es\/web\/#organization","name":"Anber","url":"https:\/\/anber.es\/web\/","logo":{"@type":"ImageObject","inLanguage":"es","@id":"https:\/\/anber.es\/web\/#\/schema\/logo\/image\/","url":"https:\/\/anber.es\/web\/wp-content\/uploads\/2021\/03\/logo-anber.png","contentUrl":"https:\/\/anber.es\/web\/wp-content\/uploads\/2021\/03\/logo-anber.png","width":2208,"height":500,"caption":"Anber"},"image":{"@id":"https:\/\/anber.es\/web\/#\/schema\/logo\/image\/"}}]}},"_links":{"self":[{"href":"https:\/\/anber.es\/web\/wp-json\/wp\/v2\/product\/7421"}],"collection":[{"href":"https:\/\/anber.es\/web\/wp-json\/wp\/v2\/product"}],"about":[{"href":"https:\/\/anber.es\/web\/wp-json\/wp\/v2\/types\/product"}],"wp:featuredmedia":[{"embeddable":true,"href":"https:\/\/anber.es\/web\/wp-json\/wp\/v2\/media\/7422"}],"wp:attachment":[{"href":"https:\/\/anber.es\/web\/wp-json\/wp\/v2\/media?parent=7421"}],"wp:term":[{"taxonomy":"product_cat","embeddable":true,"href":"https:\/\/anber.es\/web\/wp-json\/wp\/v2\/product_cat?post=7421"},{"taxonomy":"product_tag","embeddable":true,"href":"https:\/\/anber.es\/web\/wp-json\/wp\/v2\/product_tag?post=7421"}],"curies":[{"name":"wp","href":"https:\/\/api.w.org\/{rel}","templated":true}]}}