{"id":7433,"date":"2022-08-08T07:45:12","date_gmt":"2022-08-08T05:45:12","guid":{"rendered":"https:\/\/anber.es\/?post_type=product&#038;p=7433"},"modified":"2024-03-25T14:08:56","modified_gmt":"2024-03-25T12:08:56","slug":"toma-monitor","status":"publish","type":"product","link":"https:\/\/anber.es\/web\/producto\/toma-monitor\/","title":{"rendered":"Toma monitor"},"content":{"rendered":"<p>La <strong>toma monitor ANBER <\/strong> es un accesorio para nuestro hidrante <b><a style=\"color:black; text-decoration:underline;\" href=\"https:\/\/anber.es\/producto\/tifon-con-toma-de-monitor\/\" target=\"_blank\" rel=\"noopener noreferrer\">\u00abTif\u00f3n preparado para la toma\u00bb<\/a><\/b>. Se conecta al hidrante mediante una <b>brida<\/b> sujetada con 4 tornillos. <\/p>\n<p>Nuestra toma se conecta al hidrante mediante una brida ensamblada con 4 tornillos, a la boca central mecanizada de manera especial para esta toma, asegurando as\u00ed su conexi\u00f3n y ofreciendo una mayor seguridad de sujeci\u00f3n y m\u00e1s fiable de lo que pudiera resultar una simple rosca. Este tipo de conexi\u00f3n embridada, hace que t\u00e9cnicamente sea lo m\u00e1s adecuado y correcto para su instalaci\u00f3n.<\/p>\n<p>Adem\u00e1s, nuestro conjunto de Tif\u00f3n con toma de monitor <b>es un conjunto con evaluaci\u00f3n t\u00e9cnica de idoneidad conforme el art\u00edculo 5.3 RIPCI<\/b>, el cual nos certifica que t\u00e9cnicamente es v\u00e1lido.<\/p>\n<p>Referencia: HMH97.<\/p>\n<p><a href=\"\/web\/wp-content\/uploads\/2023\/06\/Ficha_tecnica-toma_monitor.pdf\" target=\"_blank\" rel=\"noopener noreferrer\"><button>Descarga ficha<\/button><\/a><br \/>\n<a class=\"insta-link\" href=\"https:\/\/www.instagram.com\/aqlproteccion\/?hl=es\" target=\"_blank\" rel=\"noopener noreferrer\">Instagram<\/a><\/p>\n","protected":false},"excerpt":{"rendered":"<p>La toma de monitor es un repuesto para nuestro hidrante \u201cTif\u00f3n con toma de monitor\u201d. Se conecta al hidrante mediante una brida.<\/p>\n","protected":false},"featured_media":9151,"template":"","meta":[],"product_cat":[26,96],"product_tag":[215],"yoast_head":"<!-- This site is optimized with the Yoast SEO plugin v22.1 - https:\/\/yoast.com\/wordpress\/plugins\/seo\/ -->\n<title>Toma monitor - Anber<\/title>\n<meta name=\"description\" content=\"La toma de monitor es un repuesto para nuestro hidrante \u201cTif\u00f3n con toma de monitor\u201d. Se conecta al hidrante mediante una brida.\" \/>\n<meta name=\"robots\" content=\"index, follow, max-snippet:-1, max-image-preview:large, max-video-preview:-1\" \/>\n<link rel=\"canonical\" href=\"https:\/\/anber.es\/web\/producto\/toma-monitor\/\" \/>\n<meta property=\"og:locale\" content=\"es_ES\" \/>\n<meta property=\"og:type\" content=\"article\" \/>\n<meta property=\"og:title\" content=\"Toma monitor - Anber\" \/>\n<meta property=\"og:description\" content=\"La toma de monitor es un repuesto para nuestro hidrante \u201cTif\u00f3n con toma de monitor\u201d. Se conecta al hidrante mediante una brida.\" \/>\n<meta property=\"og:url\" content=\"https:\/\/anber.es\/web\/producto\/toma-monitor\/\" \/>\n<meta property=\"og:site_name\" content=\"Anber\" \/>\n<meta property=\"article:modified_time\" content=\"2024-03-25T12:08:56+00:00\" \/>\n<meta property=\"og:image\" content=\"https:\/\/anber.es\/web\/wp-content\/uploads\/2024\/03\/toma_monitor.webp\" \/>\n\t<meta property=\"og:image:width\" content=\"1000\" \/>\n\t<meta property=\"og:image:height\" content=\"1000\" \/>\n\t<meta property=\"og:image:type\" content=\"image\/webp\" \/>\n<meta name=\"twitter:card\" content=\"summary_large_image\" \/>\n<meta name=\"twitter:label1\" content=\"Tiempo de lectura\" \/>\n\t<meta name=\"twitter:data1\" content=\"1 minuto\" \/>\n<script type=\"application\/ld+json\" class=\"yoast-schema-graph\">{\"@context\":\"https:\/\/schema.org\",\"@graph\":[{\"@type\":\"WebPage\",\"@id\":\"https:\/\/anber.es\/web\/producto\/toma-monitor\/\",\"url\":\"https:\/\/anber.es\/web\/producto\/toma-monitor\/\",\"name\":\"Toma monitor - Anber\",\"isPartOf\":{\"@id\":\"https:\/\/anber.es\/web\/#website\"},\"datePublished\":\"2022-08-08T05:45:12+00:00\",\"dateModified\":\"2024-03-25T12:08:56+00:00\",\"description\":\"La toma de monitor es un repuesto para nuestro hidrante \u201cTif\u00f3n con toma de monitor\u201d. Se conecta al hidrante mediante una brida.\",\"breadcrumb\":{\"@id\":\"https:\/\/anber.es\/web\/producto\/toma-monitor\/#breadcrumb\"},\"inLanguage\":\"es\",\"potentialAction\":[{\"@type\":\"ReadAction\",\"target\":[\"https:\/\/anber.es\/web\/producto\/toma-monitor\/\"]}]},{\"@type\":\"BreadcrumbList\",\"@id\":\"https:\/\/anber.es\/web\/producto\/toma-monitor\/#breadcrumb\",\"itemListElement\":[{\"@type\":\"ListItem\",\"position\":1,\"name\":\"Portada\",\"item\":\"https:\/\/anber.es\/web\/\"},{\"@type\":\"ListItem\",\"position\":2,\"name\":\"Productos\",\"item\":\"https:\/\/anber.es\/web\/productos\/\"},{\"@type\":\"ListItem\",\"position\":3,\"name\":\"Toma monitor\"}]},{\"@type\":\"WebSite\",\"@id\":\"https:\/\/anber.es\/web\/#website\",\"url\":\"https:\/\/anber.es\/web\/\",\"name\":\"Anber\",\"description\":\"Sistemas de protecci\u00f3n contra incendios\",\"publisher\":{\"@id\":\"https:\/\/anber.es\/web\/#organization\"},\"potentialAction\":[{\"@type\":\"SearchAction\",\"target\":{\"@type\":\"EntryPoint\",\"urlTemplate\":\"https:\/\/anber.es\/web\/?s={search_term_string}\"},\"query-input\":\"required name=search_term_string\"}],\"inLanguage\":\"es\"},{\"@type\":\"Organization\",\"@id\":\"https:\/\/anber.es\/web\/#organization\",\"name\":\"Anber\",\"url\":\"https:\/\/anber.es\/web\/\",\"logo\":{\"@type\":\"ImageObject\",\"inLanguage\":\"es\",\"@id\":\"https:\/\/anber.es\/web\/#\/schema\/logo\/image\/\",\"url\":\"https:\/\/anber.es\/web\/wp-content\/uploads\/2021\/03\/logo-anber.png\",\"contentUrl\":\"https:\/\/anber.es\/web\/wp-content\/uploads\/2021\/03\/logo-anber.png\",\"width\":2208,\"height\":500,\"caption\":\"Anber\"},\"image\":{\"@id\":\"https:\/\/anber.es\/web\/#\/schema\/logo\/image\/\"}}]}<\/script>\n<!-- \/ Yoast SEO plugin. -->","yoast_head_json":{"title":"Toma monitor - Anber","description":"La toma de monitor es un repuesto para nuestro hidrante \u201cTif\u00f3n con toma de monitor\u201d. Se conecta al hidrante mediante una brida.","robots":{"index":"index","follow":"follow","max-snippet":"max-snippet:-1","max-image-preview":"max-image-preview:large","max-video-preview":"max-video-preview:-1"},"canonical":"https:\/\/anber.es\/web\/producto\/toma-monitor\/","og_locale":"es_ES","og_type":"article","og_title":"Toma monitor - Anber","og_description":"La toma de monitor es un repuesto para nuestro hidrante \u201cTif\u00f3n con toma de monitor\u201d. Se conecta al hidrante mediante una brida.","og_url":"https:\/\/anber.es\/web\/producto\/toma-monitor\/","og_site_name":"Anber","article_modified_time":"2024-03-25T12:08:56+00:00","og_image":[{"width":1000,"height":1000,"url":"https:\/\/anber.es\/web\/wp-content\/uploads\/2024\/03\/toma_monitor.webp","type":"image\/webp"}],"twitter_card":"summary_large_image","twitter_misc":{"Tiempo de lectura":"1 minuto"},"schema":{"@context":"https:\/\/schema.org","@graph":[{"@type":"WebPage","@id":"https:\/\/anber.es\/web\/producto\/toma-monitor\/","url":"https:\/\/anber.es\/web\/producto\/toma-monitor\/","name":"Toma monitor - Anber","isPartOf":{"@id":"https:\/\/anber.es\/web\/#website"},"datePublished":"2022-08-08T05:45:12+00:00","dateModified":"2024-03-25T12:08:56+00:00","description":"La toma de monitor es un repuesto para nuestro hidrante \u201cTif\u00f3n con toma de monitor\u201d. Se conecta al hidrante mediante una brida.","breadcrumb":{"@id":"https:\/\/anber.es\/web\/producto\/toma-monitor\/#breadcrumb"},"inLanguage":"es","potentialAction":[{"@type":"ReadAction","target":["https:\/\/anber.es\/web\/producto\/toma-monitor\/"]}]},{"@type":"BreadcrumbList","@id":"https:\/\/anber.es\/web\/producto\/toma-monitor\/#breadcrumb","itemListElement":[{"@type":"ListItem","position":1,"name":"Portada","item":"https:\/\/anber.es\/web\/"},{"@type":"ListItem","position":2,"name":"Productos","item":"https:\/\/anber.es\/web\/productos\/"},{"@type":"ListItem","position":3,"name":"Toma monitor"}]},{"@type":"WebSite","@id":"https:\/\/anber.es\/web\/#website","url":"https:\/\/anber.es\/web\/","name":"Anber","description":"Sistemas de protecci\u00f3n contra incendios","publisher":{"@id":"https:\/\/anber.es\/web\/#organization"},"potentialAction":[{"@type":"SearchAction","target":{"@type":"EntryPoint","urlTemplate":"https:\/\/anber.es\/web\/?s={search_term_string}"},"query-input":"required name=search_term_string"}],"inLanguage":"es"},{"@type":"Organization","@id":"https:\/\/anber.es\/web\/#organization","name":"Anber","url":"https:\/\/anber.es\/web\/","logo":{"@type":"ImageObject","inLanguage":"es","@id":"https:\/\/anber.es\/web\/#\/schema\/logo\/image\/","url":"https:\/\/anber.es\/web\/wp-content\/uploads\/2021\/03\/logo-anber.png","contentUrl":"https:\/\/anber.es\/web\/wp-content\/uploads\/2021\/03\/logo-anber.png","width":2208,"height":500,"caption":"Anber"},"image":{"@id":"https:\/\/anber.es\/web\/#\/schema\/logo\/image\/"}}]}},"_links":{"self":[{"href":"https:\/\/anber.es\/web\/wp-json\/wp\/v2\/product\/7433"}],"collection":[{"href":"https:\/\/anber.es\/web\/wp-json\/wp\/v2\/product"}],"about":[{"href":"https:\/\/anber.es\/web\/wp-json\/wp\/v2\/types\/product"}],"wp:featuredmedia":[{"embeddable":true,"href":"https:\/\/anber.es\/web\/wp-json\/wp\/v2\/media\/9151"}],"wp:attachment":[{"href":"https:\/\/anber.es\/web\/wp-json\/wp\/v2\/media?parent=7433"}],"wp:term":[{"taxonomy":"product_cat","embeddable":true,"href":"https:\/\/anber.es\/web\/wp-json\/wp\/v2\/product_cat?post=7433"},{"taxonomy":"product_tag","embeddable":true,"href":"https:\/\/anber.es\/web\/wp-json\/wp\/v2\/product_tag?post=7433"}],"curies":[{"name":"wp","href":"https:\/\/api.w.org\/{rel}","templated":true}]}}