{"id":7540,"date":"2022-10-19T09:19:32","date_gmt":"2022-10-19T07:19:32","guid":{"rendered":"https:\/\/anber.es\/?post_type=product&#038;p=7540"},"modified":"2023-08-18T12:20:47","modified_gmt":"2023-08-18T10:20:47","slug":"mordaza-para-viga-de-chapa","status":"publish","type":"product","link":"https:\/\/anber.es\/web\/producto\/mordaza-para-viga-de-chapa\/","title":{"rendered":"Mordaza para viga de chapa"},"content":{"rendered":"<p><strong>La mordaza para viga de chapa <\/strong>est\u00e1 dise\u00f1ada para fijar instalaciones a\u00e9reas sobre vigas met\u00e1licas <b>sin necesidad de soldar ni de taladrar<\/b>. <\/p>\n<p>La mordaza se compone de<b> dos piezas<\/b>. Una chapa met\u00e1lica plegada en forma de \u00abU\u00bb que lleva dos taladros roscados. En uno de ellos se alojar\u00e1 el tornillo de fijaci\u00f3n a la viga y en el otro se roscar\u00e1 la varilla de donde posteriormente se colocar\u00e1 la instalaci\u00f3n a\u00e9rea.<\/p>\n<p>Material: <b>acero cincado<\/b>.<\/p>\n<p>Referencia: CP1590MCH.<\/p>\n<p><a href=\"\/web\/wp-content\/uploads\/2022\/10\/Ficha_tecncia-mordaza_para_viga_de_chapa.pdf\" target=\"_blank\" rel=\"noopener noreferrer\"><button>Descarga ficha<\/button><\/a><br \/>\n<a class=\"insta-link\" href=\"https:\/\/www.instagram.com\/aqlproteccion\/?hl=es\" target=\"_blank\" rel=\"noopener noreferrer\">Instagram<\/a><\/p>\n","protected":false},"excerpt":{"rendered":"<p>La mordaza para viga de chapa est\u00e1 dise\u00f1ada para fijar instalaciones a\u00e9reas sobre vigas met\u00e1licas sin necesidad de soldar ni de taladrar. <\/p>\n","protected":false},"featured_media":8809,"template":"","meta":[],"product_cat":[206],"product_tag":[215],"yoast_head":"<!-- This site is optimized with the Yoast SEO plugin v22.1 - https:\/\/yoast.com\/wordpress\/plugins\/seo\/ -->\n<title>Mordaza para viga de chapa - Anber<\/title>\n<meta name=\"description\" content=\"La mordaza para viga de chapa est\u00e1 dise\u00f1ada para fijar instalaciones a\u00e9reas sobre vigas met\u00e1licas sin necesidad de soldar ni de taladrar.\" \/>\n<meta name=\"robots\" content=\"index, follow, max-snippet:-1, max-image-preview:large, max-video-preview:-1\" \/>\n<link rel=\"canonical\" href=\"https:\/\/anber.es\/web\/producto\/mordaza-para-viga-de-chapa\/\" \/>\n<meta property=\"og:locale\" content=\"es_ES\" \/>\n<meta property=\"og:type\" content=\"article\" \/>\n<meta property=\"og:title\" content=\"Mordaza para viga de chapa - Anber\" \/>\n<meta property=\"og:description\" content=\"La mordaza para viga de chapa est\u00e1 dise\u00f1ada para fijar instalaciones a\u00e9reas sobre vigas met\u00e1licas sin necesidad de soldar ni de taladrar.\" \/>\n<meta property=\"og:url\" content=\"https:\/\/anber.es\/web\/producto\/mordaza-para-viga-de-chapa\/\" \/>\n<meta property=\"og:site_name\" content=\"Anber\" \/>\n<meta property=\"article:modified_time\" content=\"2023-08-18T10:20:47+00:00\" \/>\n<meta property=\"og:image\" content=\"https:\/\/anber.es\/web\/wp-content\/uploads\/2023\/08\/mordaza_para_viga_de_chapa.webp\" \/>\n\t<meta property=\"og:image:width\" content=\"1000\" \/>\n\t<meta property=\"og:image:height\" content=\"1000\" \/>\n\t<meta property=\"og:image:type\" content=\"image\/webp\" \/>\n<meta name=\"twitter:card\" content=\"summary_large_image\" \/>\n<meta name=\"twitter:label1\" content=\"Tiempo de lectura\" \/>\n\t<meta name=\"twitter:data1\" content=\"1 minuto\" \/>\n<script type=\"application\/ld+json\" class=\"yoast-schema-graph\">{\"@context\":\"https:\/\/schema.org\",\"@graph\":[{\"@type\":\"WebPage\",\"@id\":\"https:\/\/anber.es\/web\/producto\/mordaza-para-viga-de-chapa\/\",\"url\":\"https:\/\/anber.es\/web\/producto\/mordaza-para-viga-de-chapa\/\",\"name\":\"Mordaza para viga de chapa - Anber\",\"isPartOf\":{\"@id\":\"https:\/\/anber.es\/web\/#website\"},\"datePublished\":\"2022-10-19T07:19:32+00:00\",\"dateModified\":\"2023-08-18T10:20:47+00:00\",\"description\":\"La mordaza para viga de chapa est\u00e1 dise\u00f1ada para fijar instalaciones a\u00e9reas sobre vigas met\u00e1licas sin necesidad de soldar ni de taladrar.\",\"breadcrumb\":{\"@id\":\"https:\/\/anber.es\/web\/producto\/mordaza-para-viga-de-chapa\/#breadcrumb\"},\"inLanguage\":\"es\",\"potentialAction\":[{\"@type\":\"ReadAction\",\"target\":[\"https:\/\/anber.es\/web\/producto\/mordaza-para-viga-de-chapa\/\"]}]},{\"@type\":\"BreadcrumbList\",\"@id\":\"https:\/\/anber.es\/web\/producto\/mordaza-para-viga-de-chapa\/#breadcrumb\",\"itemListElement\":[{\"@type\":\"ListItem\",\"position\":1,\"name\":\"Portada\",\"item\":\"https:\/\/anber.es\/web\/\"},{\"@type\":\"ListItem\",\"position\":2,\"name\":\"Productos\",\"item\":\"https:\/\/anber.es\/web\/productos\/\"},{\"@type\":\"ListItem\",\"position\":3,\"name\":\"Mordaza para viga de chapa\"}]},{\"@type\":\"WebSite\",\"@id\":\"https:\/\/anber.es\/web\/#website\",\"url\":\"https:\/\/anber.es\/web\/\",\"name\":\"Anber\",\"description\":\"Sistemas de protecci\u00f3n contra incendios\",\"publisher\":{\"@id\":\"https:\/\/anber.es\/web\/#organization\"},\"potentialAction\":[{\"@type\":\"SearchAction\",\"target\":{\"@type\":\"EntryPoint\",\"urlTemplate\":\"https:\/\/anber.es\/web\/?s={search_term_string}\"},\"query-input\":\"required name=search_term_string\"}],\"inLanguage\":\"es\"},{\"@type\":\"Organization\",\"@id\":\"https:\/\/anber.es\/web\/#organization\",\"name\":\"Anber\",\"url\":\"https:\/\/anber.es\/web\/\",\"logo\":{\"@type\":\"ImageObject\",\"inLanguage\":\"es\",\"@id\":\"https:\/\/anber.es\/web\/#\/schema\/logo\/image\/\",\"url\":\"https:\/\/anber.es\/web\/wp-content\/uploads\/2021\/03\/logo-anber.png\",\"contentUrl\":\"https:\/\/anber.es\/web\/wp-content\/uploads\/2021\/03\/logo-anber.png\",\"width\":2208,\"height\":500,\"caption\":\"Anber\"},\"image\":{\"@id\":\"https:\/\/anber.es\/web\/#\/schema\/logo\/image\/\"}}]}<\/script>\n<!-- \/ Yoast SEO plugin. -->","yoast_head_json":{"title":"Mordaza para viga de chapa - Anber","description":"La mordaza para viga de chapa est\u00e1 dise\u00f1ada para fijar instalaciones a\u00e9reas sobre vigas met\u00e1licas sin necesidad de soldar ni de taladrar.","robots":{"index":"index","follow":"follow","max-snippet":"max-snippet:-1","max-image-preview":"max-image-preview:large","max-video-preview":"max-video-preview:-1"},"canonical":"https:\/\/anber.es\/web\/producto\/mordaza-para-viga-de-chapa\/","og_locale":"es_ES","og_type":"article","og_title":"Mordaza para viga de chapa - Anber","og_description":"La mordaza para viga de chapa est\u00e1 dise\u00f1ada para fijar instalaciones a\u00e9reas sobre vigas met\u00e1licas sin necesidad de soldar ni de taladrar.","og_url":"https:\/\/anber.es\/web\/producto\/mordaza-para-viga-de-chapa\/","og_site_name":"Anber","article_modified_time":"2023-08-18T10:20:47+00:00","og_image":[{"width":1000,"height":1000,"url":"https:\/\/anber.es\/web\/wp-content\/uploads\/2023\/08\/mordaza_para_viga_de_chapa.webp","type":"image\/webp"}],"twitter_card":"summary_large_image","twitter_misc":{"Tiempo de lectura":"1 minuto"},"schema":{"@context":"https:\/\/schema.org","@graph":[{"@type":"WebPage","@id":"https:\/\/anber.es\/web\/producto\/mordaza-para-viga-de-chapa\/","url":"https:\/\/anber.es\/web\/producto\/mordaza-para-viga-de-chapa\/","name":"Mordaza para viga de chapa - Anber","isPartOf":{"@id":"https:\/\/anber.es\/web\/#website"},"datePublished":"2022-10-19T07:19:32+00:00","dateModified":"2023-08-18T10:20:47+00:00","description":"La mordaza para viga de chapa est\u00e1 dise\u00f1ada para fijar instalaciones a\u00e9reas sobre vigas met\u00e1licas sin necesidad de soldar ni de taladrar.","breadcrumb":{"@id":"https:\/\/anber.es\/web\/producto\/mordaza-para-viga-de-chapa\/#breadcrumb"},"inLanguage":"es","potentialAction":[{"@type":"ReadAction","target":["https:\/\/anber.es\/web\/producto\/mordaza-para-viga-de-chapa\/"]}]},{"@type":"BreadcrumbList","@id":"https:\/\/anber.es\/web\/producto\/mordaza-para-viga-de-chapa\/#breadcrumb","itemListElement":[{"@type":"ListItem","position":1,"name":"Portada","item":"https:\/\/anber.es\/web\/"},{"@type":"ListItem","position":2,"name":"Productos","item":"https:\/\/anber.es\/web\/productos\/"},{"@type":"ListItem","position":3,"name":"Mordaza para viga de chapa"}]},{"@type":"WebSite","@id":"https:\/\/anber.es\/web\/#website","url":"https:\/\/anber.es\/web\/","name":"Anber","description":"Sistemas de protecci\u00f3n contra incendios","publisher":{"@id":"https:\/\/anber.es\/web\/#organization"},"potentialAction":[{"@type":"SearchAction","target":{"@type":"EntryPoint","urlTemplate":"https:\/\/anber.es\/web\/?s={search_term_string}"},"query-input":"required name=search_term_string"}],"inLanguage":"es"},{"@type":"Organization","@id":"https:\/\/anber.es\/web\/#organization","name":"Anber","url":"https:\/\/anber.es\/web\/","logo":{"@type":"ImageObject","inLanguage":"es","@id":"https:\/\/anber.es\/web\/#\/schema\/logo\/image\/","url":"https:\/\/anber.es\/web\/wp-content\/uploads\/2021\/03\/logo-anber.png","contentUrl":"https:\/\/anber.es\/web\/wp-content\/uploads\/2021\/03\/logo-anber.png","width":2208,"height":500,"caption":"Anber"},"image":{"@id":"https:\/\/anber.es\/web\/#\/schema\/logo\/image\/"}}]}},"_links":{"self":[{"href":"https:\/\/anber.es\/web\/wp-json\/wp\/v2\/product\/7540"}],"collection":[{"href":"https:\/\/anber.es\/web\/wp-json\/wp\/v2\/product"}],"about":[{"href":"https:\/\/anber.es\/web\/wp-json\/wp\/v2\/types\/product"}],"wp:featuredmedia":[{"embeddable":true,"href":"https:\/\/anber.es\/web\/wp-json\/wp\/v2\/media\/8809"}],"wp:attachment":[{"href":"https:\/\/anber.es\/web\/wp-json\/wp\/v2\/media?parent=7540"}],"wp:term":[{"taxonomy":"product_cat","embeddable":true,"href":"https:\/\/anber.es\/web\/wp-json\/wp\/v2\/product_cat?post=7540"},{"taxonomy":"product_tag","embeddable":true,"href":"https:\/\/anber.es\/web\/wp-json\/wp\/v2\/product_tag?post=7540"}],"curies":[{"name":"wp","href":"https:\/\/api.w.org\/{rel}","templated":true}]}}