{"id":7675,"date":"2022-12-29T11:13:46","date_gmt":"2022-12-29T09:13:46","guid":{"rendered":"https:\/\/anber.es\/?post_type=product&#038;p=7675"},"modified":"2023-08-16T09:09:41","modified_gmt":"2023-08-16T07:09:41","slug":"actuador-solenoide-para-valvula-dn12","status":"publish","type":"product","link":"https:\/\/anber.es\/web\/producto\/actuador-solenoide-para-valvula-dn12\/","title":{"rendered":"Actuador solenoide para v\u00e1lvula DN12"},"content":{"rendered":"<p>El <strong>actuador solenoide para v\u00e1lvula DN12<\/strong> recibe una se\u00f1al el\u00e9ctrica para activar un pasador que despresuriza la c\u00e1mara superior en la v\u00e1lvula DN12 permitiendo la descarga del agente extintor. Se instala en la parte superior de la v\u00e1lvula. Es necesario resetear el pasador a la posici\u00f3n de reposo para la solenoide vuelva a estar operativa.<\/p>\n<p>Voltaje: <b>24VDC (+4\/-6)<\/b>.<\/p>\n<p>Rango de temperatura: <b>-20\u00baC a 50\u00baC<\/b>.<\/p>\n<p>Entrada de alimentaci\u00f3n:<b> 4.5W<\/b>.<\/p>\n<p>Referencia: IV022001.<\/p>\n<p><a href=\"\/web\/wp-content\/uploads\/2022\/12\/Ficha_tecnica-actuador_solenoide_para_valvula_DN12.pdf\" target=\"_blank\" rel=\"noopener noreferrer\"><button>Descarga ficha<\/button><\/a><br \/>\n<a class=\"insta-link\" href=\"https:\/\/www.instagram.com\/aqlproteccion\/?hl=es\" target=\"_blank\" rel=\"noopener noreferrer\">Instagram<\/a><\/p>\n","protected":false},"excerpt":{"rendered":"<p>El actuador solenoide para v\u00e1lvula DN12 recibe una se\u00f1al el\u00e9ctrica para activar un pasador que despresuriza la c\u00e1mara superior en la v\u00e1lvula DN12 permitiendo la descarga del agente extintor.<\/p>\n","protected":false},"featured_media":8754,"template":"","meta":[],"product_cat":[174,171],"product_tag":[215],"yoast_head":"<!-- This site is optimized with the Yoast SEO plugin v22.1 - https:\/\/yoast.com\/wordpress\/plugins\/seo\/ -->\n<title>Actuador solenoide para v\u00e1lvula DN12 - Anber<\/title>\n<meta name=\"description\" content=\"El actuador solenoide recibe una se\u00f1al el\u00e9ctrica para activar un pasador que despresuriza la c\u00e1mara permitiendo la descarga del agente extintor.\" \/>\n<meta name=\"robots\" content=\"index, follow, max-snippet:-1, max-image-preview:large, max-video-preview:-1\" \/>\n<link rel=\"canonical\" href=\"https:\/\/anber.es\/web\/producto\/actuador-solenoide-para-valvula-dn12\/\" \/>\n<meta property=\"og:locale\" content=\"es_ES\" \/>\n<meta property=\"og:type\" content=\"article\" \/>\n<meta property=\"og:title\" content=\"Actuador solenoide para v\u00e1lvula DN12 - Anber\" \/>\n<meta property=\"og:description\" content=\"El actuador solenoide recibe una se\u00f1al el\u00e9ctrica para activar un pasador que despresuriza la c\u00e1mara permitiendo la descarga del agente extintor.\" \/>\n<meta property=\"og:url\" content=\"https:\/\/anber.es\/web\/producto\/actuador-solenoide-para-valvula-dn12\/\" \/>\n<meta property=\"og:site_name\" content=\"Anber\" \/>\n<meta property=\"article:modified_time\" content=\"2023-08-16T07:09:41+00:00\" \/>\n<meta property=\"og:image\" content=\"https:\/\/anber.es\/web\/wp-content\/uploads\/2023\/08\/actuador_solenoide_para_valvula_DN12.webp\" \/>\n\t<meta property=\"og:image:width\" content=\"1000\" \/>\n\t<meta property=\"og:image:height\" content=\"1000\" \/>\n\t<meta property=\"og:image:type\" content=\"image\/webp\" \/>\n<meta name=\"twitter:card\" content=\"summary_large_image\" \/>\n<meta name=\"twitter:label1\" content=\"Tiempo de lectura\" \/>\n\t<meta name=\"twitter:data1\" content=\"1 minuto\" \/>\n<script type=\"application\/ld+json\" class=\"yoast-schema-graph\">{\"@context\":\"https:\/\/schema.org\",\"@graph\":[{\"@type\":\"WebPage\",\"@id\":\"https:\/\/anber.es\/web\/producto\/actuador-solenoide-para-valvula-dn12\/\",\"url\":\"https:\/\/anber.es\/web\/producto\/actuador-solenoide-para-valvula-dn12\/\",\"name\":\"Actuador solenoide para v\u00e1lvula DN12 - Anber\",\"isPartOf\":{\"@id\":\"https:\/\/anber.es\/web\/#website\"},\"datePublished\":\"2022-12-29T09:13:46+00:00\",\"dateModified\":\"2023-08-16T07:09:41+00:00\",\"description\":\"El actuador solenoide recibe una se\u00f1al el\u00e9ctrica para activar un pasador que despresuriza la c\u00e1mara permitiendo la descarga del agente extintor.\",\"breadcrumb\":{\"@id\":\"https:\/\/anber.es\/web\/producto\/actuador-solenoide-para-valvula-dn12\/#breadcrumb\"},\"inLanguage\":\"es\",\"potentialAction\":[{\"@type\":\"ReadAction\",\"target\":[\"https:\/\/anber.es\/web\/producto\/actuador-solenoide-para-valvula-dn12\/\"]}]},{\"@type\":\"BreadcrumbList\",\"@id\":\"https:\/\/anber.es\/web\/producto\/actuador-solenoide-para-valvula-dn12\/#breadcrumb\",\"itemListElement\":[{\"@type\":\"ListItem\",\"position\":1,\"name\":\"Portada\",\"item\":\"https:\/\/anber.es\/web\/\"},{\"@type\":\"ListItem\",\"position\":2,\"name\":\"Productos\",\"item\":\"https:\/\/anber.es\/web\/productos\/\"},{\"@type\":\"ListItem\",\"position\":3,\"name\":\"Actuador solenoide para v\u00e1lvula DN12\"}]},{\"@type\":\"WebSite\",\"@id\":\"https:\/\/anber.es\/web\/#website\",\"url\":\"https:\/\/anber.es\/web\/\",\"name\":\"Anber\",\"description\":\"Sistemas de protecci\u00f3n contra incendios\",\"publisher\":{\"@id\":\"https:\/\/anber.es\/web\/#organization\"},\"potentialAction\":[{\"@type\":\"SearchAction\",\"target\":{\"@type\":\"EntryPoint\",\"urlTemplate\":\"https:\/\/anber.es\/web\/?s={search_term_string}\"},\"query-input\":\"required name=search_term_string\"}],\"inLanguage\":\"es\"},{\"@type\":\"Organization\",\"@id\":\"https:\/\/anber.es\/web\/#organization\",\"name\":\"Anber\",\"url\":\"https:\/\/anber.es\/web\/\",\"logo\":{\"@type\":\"ImageObject\",\"inLanguage\":\"es\",\"@id\":\"https:\/\/anber.es\/web\/#\/schema\/logo\/image\/\",\"url\":\"https:\/\/anber.es\/web\/wp-content\/uploads\/2021\/03\/logo-anber.png\",\"contentUrl\":\"https:\/\/anber.es\/web\/wp-content\/uploads\/2021\/03\/logo-anber.png\",\"width\":2208,\"height\":500,\"caption\":\"Anber\"},\"image\":{\"@id\":\"https:\/\/anber.es\/web\/#\/schema\/logo\/image\/\"}}]}<\/script>\n<!-- \/ Yoast SEO plugin. -->","yoast_head_json":{"title":"Actuador solenoide para v\u00e1lvula DN12 - Anber","description":"El actuador solenoide recibe una se\u00f1al el\u00e9ctrica para activar un pasador que despresuriza la c\u00e1mara permitiendo la descarga del agente extintor.","robots":{"index":"index","follow":"follow","max-snippet":"max-snippet:-1","max-image-preview":"max-image-preview:large","max-video-preview":"max-video-preview:-1"},"canonical":"https:\/\/anber.es\/web\/producto\/actuador-solenoide-para-valvula-dn12\/","og_locale":"es_ES","og_type":"article","og_title":"Actuador solenoide para v\u00e1lvula DN12 - Anber","og_description":"El actuador solenoide recibe una se\u00f1al el\u00e9ctrica para activar un pasador que despresuriza la c\u00e1mara permitiendo la descarga del agente extintor.","og_url":"https:\/\/anber.es\/web\/producto\/actuador-solenoide-para-valvula-dn12\/","og_site_name":"Anber","article_modified_time":"2023-08-16T07:09:41+00:00","og_image":[{"width":1000,"height":1000,"url":"https:\/\/anber.es\/web\/wp-content\/uploads\/2023\/08\/actuador_solenoide_para_valvula_DN12.webp","type":"image\/webp"}],"twitter_card":"summary_large_image","twitter_misc":{"Tiempo de lectura":"1 minuto"},"schema":{"@context":"https:\/\/schema.org","@graph":[{"@type":"WebPage","@id":"https:\/\/anber.es\/web\/producto\/actuador-solenoide-para-valvula-dn12\/","url":"https:\/\/anber.es\/web\/producto\/actuador-solenoide-para-valvula-dn12\/","name":"Actuador solenoide para v\u00e1lvula DN12 - Anber","isPartOf":{"@id":"https:\/\/anber.es\/web\/#website"},"datePublished":"2022-12-29T09:13:46+00:00","dateModified":"2023-08-16T07:09:41+00:00","description":"El actuador solenoide recibe una se\u00f1al el\u00e9ctrica para activar un pasador que despresuriza la c\u00e1mara permitiendo la descarga del agente extintor.","breadcrumb":{"@id":"https:\/\/anber.es\/web\/producto\/actuador-solenoide-para-valvula-dn12\/#breadcrumb"},"inLanguage":"es","potentialAction":[{"@type":"ReadAction","target":["https:\/\/anber.es\/web\/producto\/actuador-solenoide-para-valvula-dn12\/"]}]},{"@type":"BreadcrumbList","@id":"https:\/\/anber.es\/web\/producto\/actuador-solenoide-para-valvula-dn12\/#breadcrumb","itemListElement":[{"@type":"ListItem","position":1,"name":"Portada","item":"https:\/\/anber.es\/web\/"},{"@type":"ListItem","position":2,"name":"Productos","item":"https:\/\/anber.es\/web\/productos\/"},{"@type":"ListItem","position":3,"name":"Actuador solenoide para v\u00e1lvula DN12"}]},{"@type":"WebSite","@id":"https:\/\/anber.es\/web\/#website","url":"https:\/\/anber.es\/web\/","name":"Anber","description":"Sistemas de protecci\u00f3n contra incendios","publisher":{"@id":"https:\/\/anber.es\/web\/#organization"},"potentialAction":[{"@type":"SearchAction","target":{"@type":"EntryPoint","urlTemplate":"https:\/\/anber.es\/web\/?s={search_term_string}"},"query-input":"required name=search_term_string"}],"inLanguage":"es"},{"@type":"Organization","@id":"https:\/\/anber.es\/web\/#organization","name":"Anber","url":"https:\/\/anber.es\/web\/","logo":{"@type":"ImageObject","inLanguage":"es","@id":"https:\/\/anber.es\/web\/#\/schema\/logo\/image\/","url":"https:\/\/anber.es\/web\/wp-content\/uploads\/2021\/03\/logo-anber.png","contentUrl":"https:\/\/anber.es\/web\/wp-content\/uploads\/2021\/03\/logo-anber.png","width":2208,"height":500,"caption":"Anber"},"image":{"@id":"https:\/\/anber.es\/web\/#\/schema\/logo\/image\/"}}]}},"_links":{"self":[{"href":"https:\/\/anber.es\/web\/wp-json\/wp\/v2\/product\/7675"}],"collection":[{"href":"https:\/\/anber.es\/web\/wp-json\/wp\/v2\/product"}],"about":[{"href":"https:\/\/anber.es\/web\/wp-json\/wp\/v2\/types\/product"}],"wp:featuredmedia":[{"embeddable":true,"href":"https:\/\/anber.es\/web\/wp-json\/wp\/v2\/media\/8754"}],"wp:attachment":[{"href":"https:\/\/anber.es\/web\/wp-json\/wp\/v2\/media?parent=7675"}],"wp:term":[{"taxonomy":"product_cat","embeddable":true,"href":"https:\/\/anber.es\/web\/wp-json\/wp\/v2\/product_cat?post=7675"},{"taxonomy":"product_tag","embeddable":true,"href":"https:\/\/anber.es\/web\/wp-json\/wp\/v2\/product_tag?post=7675"}],"curies":[{"name":"wp","href":"https:\/\/api.w.org\/{rel}","templated":true}]}}