{"id":7683,"date":"2022-12-29T13:48:25","date_gmt":"2022-12-29T11:48:25","guid":{"rendered":"https:\/\/anber.es\/?post_type=product&#038;p=7683"},"modified":"2023-08-16T08:52:11","modified_gmt":"2023-08-16T06:52:11","slug":"actuador-neumatico","status":"publish","type":"product","link":"https:\/\/anber.es\/web\/producto\/actuador-neumatico\/","title":{"rendered":"Actuador neum\u00e1tico"},"content":{"rendered":"<p>El <strong>actuador neum\u00e1tico<\/strong> recibe una presi\u00f3n desde la l\u00ednea de disparo para activar el pasador interno del actuador que despresuriza la c\u00e1mara superior en la v\u00e1lvula permitiendo as\u00ed, la descarga del agente.<\/p>\n<p>M\u00e1xima presi\u00f3n de trabajo: <b>360 bar<\/b>.<\/p>\n<p>Temperatura de trabajo: <b>-20\u00baC a 50\u00baC<\/b>.<\/p>\n<p>Materiales: cuerpo de lat\u00f3n, pist\u00f3n de acero inoxidable y t\u00f3ricas internas de EPDM.<\/p>\n<p>Referencia: IV072202.<\/p>\n<p><a href=\"\/web\/wp-content\/uploads\/2022\/12\/Ficha_tecnica-actuador_neumatico.pdf\" target=\"_blank\" rel=\"noopener noreferrer\"><button>Descarga ficha<\/button><\/a><br \/>\n<a class=\"insta-link\" href=\"https:\/\/www.instagram.com\/aqlproteccion\/?hl=es\" target=\"_blank\" rel=\"noopener noreferrer\">Instagram<\/a><\/p>\n","protected":false},"excerpt":{"rendered":"<p>El actuador neum\u00e1tico recibe una presi\u00f3n desde la l\u00ednea de disparo para activar el pasador interno del actuador que despresuriza la c\u00e1mara superior en la v\u00e1lvula permitiendo as\u00ed, la descarga del agente.<\/p>\n","protected":false},"featured_media":8752,"template":"","meta":[],"product_cat":[174,171],"product_tag":[215],"yoast_head":"<!-- This site is optimized with the Yoast SEO plugin v22.1 - https:\/\/yoast.com\/wordpress\/plugins\/seo\/ -->\n<title>Actuador neum\u00e1tico - Anber<\/title>\n<meta name=\"description\" content=\"El actuador neum\u00e1tico recibe una presi\u00f3n desde la l\u00ednea de disparo para despresurizar la v\u00e1lvula permitiendo as\u00ed, la descarga del agente.\" \/>\n<meta name=\"robots\" content=\"index, follow, max-snippet:-1, max-image-preview:large, max-video-preview:-1\" \/>\n<link rel=\"canonical\" href=\"https:\/\/anber.es\/web\/producto\/actuador-neumatico\/\" \/>\n<meta property=\"og:locale\" content=\"es_ES\" \/>\n<meta property=\"og:type\" content=\"article\" \/>\n<meta property=\"og:title\" content=\"Actuador neum\u00e1tico - Anber\" \/>\n<meta property=\"og:description\" content=\"El actuador neum\u00e1tico recibe una presi\u00f3n desde la l\u00ednea de disparo para despresurizar la v\u00e1lvula permitiendo as\u00ed, la descarga del agente.\" \/>\n<meta property=\"og:url\" content=\"https:\/\/anber.es\/web\/producto\/actuador-neumatico\/\" \/>\n<meta property=\"og:site_name\" content=\"Anber\" \/>\n<meta property=\"article:modified_time\" content=\"2023-08-16T06:52:11+00:00\" \/>\n<meta property=\"og:image\" content=\"https:\/\/anber.es\/web\/wp-content\/uploads\/2023\/08\/actuador_neumatico.webp\" \/>\n\t<meta property=\"og:image:width\" content=\"1000\" \/>\n\t<meta property=\"og:image:height\" content=\"1000\" \/>\n\t<meta property=\"og:image:type\" content=\"image\/webp\" \/>\n<meta name=\"twitter:card\" content=\"summary_large_image\" \/>\n<meta name=\"twitter:label1\" content=\"Tiempo de lectura\" \/>\n\t<meta name=\"twitter:data1\" content=\"1 minuto\" \/>\n<script type=\"application\/ld+json\" class=\"yoast-schema-graph\">{\"@context\":\"https:\/\/schema.org\",\"@graph\":[{\"@type\":\"WebPage\",\"@id\":\"https:\/\/anber.es\/web\/producto\/actuador-neumatico\/\",\"url\":\"https:\/\/anber.es\/web\/producto\/actuador-neumatico\/\",\"name\":\"Actuador neum\u00e1tico - Anber\",\"isPartOf\":{\"@id\":\"https:\/\/anber.es\/web\/#website\"},\"datePublished\":\"2022-12-29T11:48:25+00:00\",\"dateModified\":\"2023-08-16T06:52:11+00:00\",\"description\":\"El actuador neum\u00e1tico recibe una presi\u00f3n desde la l\u00ednea de disparo para despresurizar la v\u00e1lvula permitiendo as\u00ed, la descarga del agente.\",\"breadcrumb\":{\"@id\":\"https:\/\/anber.es\/web\/producto\/actuador-neumatico\/#breadcrumb\"},\"inLanguage\":\"es\",\"potentialAction\":[{\"@type\":\"ReadAction\",\"target\":[\"https:\/\/anber.es\/web\/producto\/actuador-neumatico\/\"]}]},{\"@type\":\"BreadcrumbList\",\"@id\":\"https:\/\/anber.es\/web\/producto\/actuador-neumatico\/#breadcrumb\",\"itemListElement\":[{\"@type\":\"ListItem\",\"position\":1,\"name\":\"Portada\",\"item\":\"https:\/\/anber.es\/web\/\"},{\"@type\":\"ListItem\",\"position\":2,\"name\":\"Productos\",\"item\":\"https:\/\/anber.es\/web\/productos\/\"},{\"@type\":\"ListItem\",\"position\":3,\"name\":\"Actuador neum\u00e1tico\"}]},{\"@type\":\"WebSite\",\"@id\":\"https:\/\/anber.es\/web\/#website\",\"url\":\"https:\/\/anber.es\/web\/\",\"name\":\"Anber\",\"description\":\"Sistemas de protecci\u00f3n contra incendios\",\"publisher\":{\"@id\":\"https:\/\/anber.es\/web\/#organization\"},\"potentialAction\":[{\"@type\":\"SearchAction\",\"target\":{\"@type\":\"EntryPoint\",\"urlTemplate\":\"https:\/\/anber.es\/web\/?s={search_term_string}\"},\"query-input\":\"required name=search_term_string\"}],\"inLanguage\":\"es\"},{\"@type\":\"Organization\",\"@id\":\"https:\/\/anber.es\/web\/#organization\",\"name\":\"Anber\",\"url\":\"https:\/\/anber.es\/web\/\",\"logo\":{\"@type\":\"ImageObject\",\"inLanguage\":\"es\",\"@id\":\"https:\/\/anber.es\/web\/#\/schema\/logo\/image\/\",\"url\":\"https:\/\/anber.es\/web\/wp-content\/uploads\/2021\/03\/logo-anber.png\",\"contentUrl\":\"https:\/\/anber.es\/web\/wp-content\/uploads\/2021\/03\/logo-anber.png\",\"width\":2208,\"height\":500,\"caption\":\"Anber\"},\"image\":{\"@id\":\"https:\/\/anber.es\/web\/#\/schema\/logo\/image\/\"}}]}<\/script>\n<!-- \/ Yoast SEO plugin. -->","yoast_head_json":{"title":"Actuador neum\u00e1tico - Anber","description":"El actuador neum\u00e1tico recibe una presi\u00f3n desde la l\u00ednea de disparo para despresurizar la v\u00e1lvula permitiendo as\u00ed, la descarga del agente.","robots":{"index":"index","follow":"follow","max-snippet":"max-snippet:-1","max-image-preview":"max-image-preview:large","max-video-preview":"max-video-preview:-1"},"canonical":"https:\/\/anber.es\/web\/producto\/actuador-neumatico\/","og_locale":"es_ES","og_type":"article","og_title":"Actuador neum\u00e1tico - Anber","og_description":"El actuador neum\u00e1tico recibe una presi\u00f3n desde la l\u00ednea de disparo para despresurizar la v\u00e1lvula permitiendo as\u00ed, la descarga del agente.","og_url":"https:\/\/anber.es\/web\/producto\/actuador-neumatico\/","og_site_name":"Anber","article_modified_time":"2023-08-16T06:52:11+00:00","og_image":[{"width":1000,"height":1000,"url":"https:\/\/anber.es\/web\/wp-content\/uploads\/2023\/08\/actuador_neumatico.webp","type":"image\/webp"}],"twitter_card":"summary_large_image","twitter_misc":{"Tiempo de lectura":"1 minuto"},"schema":{"@context":"https:\/\/schema.org","@graph":[{"@type":"WebPage","@id":"https:\/\/anber.es\/web\/producto\/actuador-neumatico\/","url":"https:\/\/anber.es\/web\/producto\/actuador-neumatico\/","name":"Actuador neum\u00e1tico - Anber","isPartOf":{"@id":"https:\/\/anber.es\/web\/#website"},"datePublished":"2022-12-29T11:48:25+00:00","dateModified":"2023-08-16T06:52:11+00:00","description":"El actuador neum\u00e1tico recibe una presi\u00f3n desde la l\u00ednea de disparo para despresurizar la v\u00e1lvula permitiendo as\u00ed, la descarga del agente.","breadcrumb":{"@id":"https:\/\/anber.es\/web\/producto\/actuador-neumatico\/#breadcrumb"},"inLanguage":"es","potentialAction":[{"@type":"ReadAction","target":["https:\/\/anber.es\/web\/producto\/actuador-neumatico\/"]}]},{"@type":"BreadcrumbList","@id":"https:\/\/anber.es\/web\/producto\/actuador-neumatico\/#breadcrumb","itemListElement":[{"@type":"ListItem","position":1,"name":"Portada","item":"https:\/\/anber.es\/web\/"},{"@type":"ListItem","position":2,"name":"Productos","item":"https:\/\/anber.es\/web\/productos\/"},{"@type":"ListItem","position":3,"name":"Actuador neum\u00e1tico"}]},{"@type":"WebSite","@id":"https:\/\/anber.es\/web\/#website","url":"https:\/\/anber.es\/web\/","name":"Anber","description":"Sistemas de protecci\u00f3n contra incendios","publisher":{"@id":"https:\/\/anber.es\/web\/#organization"},"potentialAction":[{"@type":"SearchAction","target":{"@type":"EntryPoint","urlTemplate":"https:\/\/anber.es\/web\/?s={search_term_string}"},"query-input":"required name=search_term_string"}],"inLanguage":"es"},{"@type":"Organization","@id":"https:\/\/anber.es\/web\/#organization","name":"Anber","url":"https:\/\/anber.es\/web\/","logo":{"@type":"ImageObject","inLanguage":"es","@id":"https:\/\/anber.es\/web\/#\/schema\/logo\/image\/","url":"https:\/\/anber.es\/web\/wp-content\/uploads\/2021\/03\/logo-anber.png","contentUrl":"https:\/\/anber.es\/web\/wp-content\/uploads\/2021\/03\/logo-anber.png","width":2208,"height":500,"caption":"Anber"},"image":{"@id":"https:\/\/anber.es\/web\/#\/schema\/logo\/image\/"}}]}},"_links":{"self":[{"href":"https:\/\/anber.es\/web\/wp-json\/wp\/v2\/product\/7683"}],"collection":[{"href":"https:\/\/anber.es\/web\/wp-json\/wp\/v2\/product"}],"about":[{"href":"https:\/\/anber.es\/web\/wp-json\/wp\/v2\/types\/product"}],"wp:featuredmedia":[{"embeddable":true,"href":"https:\/\/anber.es\/web\/wp-json\/wp\/v2\/media\/8752"}],"wp:attachment":[{"href":"https:\/\/anber.es\/web\/wp-json\/wp\/v2\/media?parent=7683"}],"wp:term":[{"taxonomy":"product_cat","embeddable":true,"href":"https:\/\/anber.es\/web\/wp-json\/wp\/v2\/product_cat?post=7683"},{"taxonomy":"product_tag","embeddable":true,"href":"https:\/\/anber.es\/web\/wp-json\/wp\/v2\/product_tag?post=7683"}],"curies":[{"name":"wp","href":"https:\/\/api.w.org\/{rel}","templated":true}]}}