{"id":7686,"date":"2022-12-29T14:26:09","date_gmt":"2022-12-29T12:26:09","guid":{"rendered":"https:\/\/anber.es\/?post_type=product&#038;p=7686"},"modified":"2023-08-16T08:46:50","modified_gmt":"2023-08-16T06:46:50","slug":"manguera-de-descarga-de-alta-presion","status":"publish","type":"product","link":"https:\/\/anber.es\/web\/producto\/manguera-de-descarga-de-alta-presion\/","title":{"rendered":"Manguera de descarga de alta presi\u00f3n"},"content":{"rendered":"<p>La <strong>manguera de descarga de alta presi\u00f3n<\/strong> es una conexi\u00f3n flexible que se ha de instalar en el circuito de disparo para activar las v\u00e1lvulas neum\u00e1ticamente. Se instala entre actuadores neum\u00e1ticos a lo largo de la bater\u00eda de cilindros.<\/p>\n<p>\u00d8 Nominal: <b>DN5<\/b>.<\/p>\n<p>Presi\u00f3n m\u00e1xima de trabajo: <b>360 bar<\/b>.<\/p>\n<p>Temperatura: de trabajo <b>-20\u00baC a 50\u00baC<\/b>.<\/p>\n<p>Rango de curvatura m\u00ednima: <b>30 mm<\/b>.<\/p>\n<p>Materiales: manguera de poli\u00e9ster termopl\u00e1stico y acoplamientos y casquillos de acero cincado.<\/p>\n<p>Referencia: IV042A1.<\/p>\n<p><a href=\"\/web\/wp-content\/uploads\/2022\/12\/Ficha_tecnica-manguera_de_descarga_alta_presion.pdf\" target=\"_blank\" rel=\"noopener noreferrer\"><button>Descarga ficha<\/button><\/a><br \/>\n<a class=\"insta-link\" href=\"https:\/\/www.instagram.com\/aqlproteccion\/?hl=es\" target=\"_blank\" rel=\"noopener noreferrer\">Instagram<\/a><\/p>\n","protected":false},"excerpt":{"rendered":"<p>La manguera de descarga de alta presi\u00f3n es una conexi\u00f3n flexible que se ha de instalar en el circuito de disparo para activar las v\u00e1lvulas neum\u00e1ticamente.<\/p>\n","protected":false},"featured_media":8751,"template":"","meta":[],"product_cat":[174,171],"product_tag":[215],"yoast_head":"<!-- This site is optimized with the Yoast SEO plugin v22.1 - https:\/\/yoast.com\/wordpress\/plugins\/seo\/ -->\n<title>Manguera de descarga de alta presi\u00f3n - Anber<\/title>\n<meta name=\"description\" content=\"La manguera de descarga de alta presi\u00f3n es una conexi\u00f3n flexible que se ha de instalar en el circuito de disparo para activar las v\u00e1lvulas neum\u00e1ticamente.\" \/>\n<meta name=\"robots\" content=\"index, follow, max-snippet:-1, max-image-preview:large, max-video-preview:-1\" \/>\n<link rel=\"canonical\" href=\"https:\/\/anber.es\/web\/producto\/manguera-de-descarga-de-alta-presion\/\" \/>\n<meta property=\"og:locale\" content=\"es_ES\" \/>\n<meta property=\"og:type\" content=\"article\" \/>\n<meta property=\"og:title\" content=\"Manguera de descarga de alta presi\u00f3n - Anber\" \/>\n<meta property=\"og:description\" content=\"La manguera de descarga de alta presi\u00f3n es una conexi\u00f3n flexible que se ha de instalar en el circuito de disparo para activar las v\u00e1lvulas neum\u00e1ticamente.\" \/>\n<meta property=\"og:url\" content=\"https:\/\/anber.es\/web\/producto\/manguera-de-descarga-de-alta-presion\/\" \/>\n<meta property=\"og:site_name\" content=\"Anber\" \/>\n<meta property=\"article:modified_time\" content=\"2023-08-16T06:46:50+00:00\" \/>\n<meta property=\"og:image\" content=\"https:\/\/anber.es\/web\/wp-content\/uploads\/2023\/08\/manguera_de_descarga_alta_presion.webp\" \/>\n\t<meta property=\"og:image:width\" content=\"1000\" \/>\n\t<meta property=\"og:image:height\" content=\"1000\" \/>\n\t<meta property=\"og:image:type\" content=\"image\/webp\" \/>\n<meta name=\"twitter:card\" content=\"summary_large_image\" \/>\n<meta name=\"twitter:label1\" content=\"Tiempo de lectura\" \/>\n\t<meta name=\"twitter:data1\" content=\"1 minuto\" \/>\n<script type=\"application\/ld+json\" class=\"yoast-schema-graph\">{\"@context\":\"https:\/\/schema.org\",\"@graph\":[{\"@type\":\"WebPage\",\"@id\":\"https:\/\/anber.es\/web\/producto\/manguera-de-descarga-de-alta-presion\/\",\"url\":\"https:\/\/anber.es\/web\/producto\/manguera-de-descarga-de-alta-presion\/\",\"name\":\"Manguera de descarga de alta presi\u00f3n - Anber\",\"isPartOf\":{\"@id\":\"https:\/\/anber.es\/web\/#website\"},\"datePublished\":\"2022-12-29T12:26:09+00:00\",\"dateModified\":\"2023-08-16T06:46:50+00:00\",\"description\":\"La manguera de descarga de alta presi\u00f3n es una conexi\u00f3n flexible que se ha de instalar en el circuito de disparo para activar las v\u00e1lvulas neum\u00e1ticamente.\",\"breadcrumb\":{\"@id\":\"https:\/\/anber.es\/web\/producto\/manguera-de-descarga-de-alta-presion\/#breadcrumb\"},\"inLanguage\":\"es\",\"potentialAction\":[{\"@type\":\"ReadAction\",\"target\":[\"https:\/\/anber.es\/web\/producto\/manguera-de-descarga-de-alta-presion\/\"]}]},{\"@type\":\"BreadcrumbList\",\"@id\":\"https:\/\/anber.es\/web\/producto\/manguera-de-descarga-de-alta-presion\/#breadcrumb\",\"itemListElement\":[{\"@type\":\"ListItem\",\"position\":1,\"name\":\"Portada\",\"item\":\"https:\/\/anber.es\/web\/\"},{\"@type\":\"ListItem\",\"position\":2,\"name\":\"Productos\",\"item\":\"https:\/\/anber.es\/web\/productos\/\"},{\"@type\":\"ListItem\",\"position\":3,\"name\":\"Manguera de descarga de alta presi\u00f3n\"}]},{\"@type\":\"WebSite\",\"@id\":\"https:\/\/anber.es\/web\/#website\",\"url\":\"https:\/\/anber.es\/web\/\",\"name\":\"Anber\",\"description\":\"Sistemas de protecci\u00f3n contra incendios\",\"publisher\":{\"@id\":\"https:\/\/anber.es\/web\/#organization\"},\"potentialAction\":[{\"@type\":\"SearchAction\",\"target\":{\"@type\":\"EntryPoint\",\"urlTemplate\":\"https:\/\/anber.es\/web\/?s={search_term_string}\"},\"query-input\":\"required name=search_term_string\"}],\"inLanguage\":\"es\"},{\"@type\":\"Organization\",\"@id\":\"https:\/\/anber.es\/web\/#organization\",\"name\":\"Anber\",\"url\":\"https:\/\/anber.es\/web\/\",\"logo\":{\"@type\":\"ImageObject\",\"inLanguage\":\"es\",\"@id\":\"https:\/\/anber.es\/web\/#\/schema\/logo\/image\/\",\"url\":\"https:\/\/anber.es\/web\/wp-content\/uploads\/2021\/03\/logo-anber.png\",\"contentUrl\":\"https:\/\/anber.es\/web\/wp-content\/uploads\/2021\/03\/logo-anber.png\",\"width\":2208,\"height\":500,\"caption\":\"Anber\"},\"image\":{\"@id\":\"https:\/\/anber.es\/web\/#\/schema\/logo\/image\/\"}}]}<\/script>\n<!-- \/ Yoast SEO plugin. -->","yoast_head_json":{"title":"Manguera de descarga de alta presi\u00f3n - Anber","description":"La manguera de descarga de alta presi\u00f3n es una conexi\u00f3n flexible que se ha de instalar en el circuito de disparo para activar las v\u00e1lvulas neum\u00e1ticamente.","robots":{"index":"index","follow":"follow","max-snippet":"max-snippet:-1","max-image-preview":"max-image-preview:large","max-video-preview":"max-video-preview:-1"},"canonical":"https:\/\/anber.es\/web\/producto\/manguera-de-descarga-de-alta-presion\/","og_locale":"es_ES","og_type":"article","og_title":"Manguera de descarga de alta presi\u00f3n - Anber","og_description":"La manguera de descarga de alta presi\u00f3n es una conexi\u00f3n flexible que se ha de instalar en el circuito de disparo para activar las v\u00e1lvulas neum\u00e1ticamente.","og_url":"https:\/\/anber.es\/web\/producto\/manguera-de-descarga-de-alta-presion\/","og_site_name":"Anber","article_modified_time":"2023-08-16T06:46:50+00:00","og_image":[{"width":1000,"height":1000,"url":"https:\/\/anber.es\/web\/wp-content\/uploads\/2023\/08\/manguera_de_descarga_alta_presion.webp","type":"image\/webp"}],"twitter_card":"summary_large_image","twitter_misc":{"Tiempo de lectura":"1 minuto"},"schema":{"@context":"https:\/\/schema.org","@graph":[{"@type":"WebPage","@id":"https:\/\/anber.es\/web\/producto\/manguera-de-descarga-de-alta-presion\/","url":"https:\/\/anber.es\/web\/producto\/manguera-de-descarga-de-alta-presion\/","name":"Manguera de descarga de alta presi\u00f3n - Anber","isPartOf":{"@id":"https:\/\/anber.es\/web\/#website"},"datePublished":"2022-12-29T12:26:09+00:00","dateModified":"2023-08-16T06:46:50+00:00","description":"La manguera de descarga de alta presi\u00f3n es una conexi\u00f3n flexible que se ha de instalar en el circuito de disparo para activar las v\u00e1lvulas neum\u00e1ticamente.","breadcrumb":{"@id":"https:\/\/anber.es\/web\/producto\/manguera-de-descarga-de-alta-presion\/#breadcrumb"},"inLanguage":"es","potentialAction":[{"@type":"ReadAction","target":["https:\/\/anber.es\/web\/producto\/manguera-de-descarga-de-alta-presion\/"]}]},{"@type":"BreadcrumbList","@id":"https:\/\/anber.es\/web\/producto\/manguera-de-descarga-de-alta-presion\/#breadcrumb","itemListElement":[{"@type":"ListItem","position":1,"name":"Portada","item":"https:\/\/anber.es\/web\/"},{"@type":"ListItem","position":2,"name":"Productos","item":"https:\/\/anber.es\/web\/productos\/"},{"@type":"ListItem","position":3,"name":"Manguera de descarga de alta presi\u00f3n"}]},{"@type":"WebSite","@id":"https:\/\/anber.es\/web\/#website","url":"https:\/\/anber.es\/web\/","name":"Anber","description":"Sistemas de protecci\u00f3n contra incendios","publisher":{"@id":"https:\/\/anber.es\/web\/#organization"},"potentialAction":[{"@type":"SearchAction","target":{"@type":"EntryPoint","urlTemplate":"https:\/\/anber.es\/web\/?s={search_term_string}"},"query-input":"required name=search_term_string"}],"inLanguage":"es"},{"@type":"Organization","@id":"https:\/\/anber.es\/web\/#organization","name":"Anber","url":"https:\/\/anber.es\/web\/","logo":{"@type":"ImageObject","inLanguage":"es","@id":"https:\/\/anber.es\/web\/#\/schema\/logo\/image\/","url":"https:\/\/anber.es\/web\/wp-content\/uploads\/2021\/03\/logo-anber.png","contentUrl":"https:\/\/anber.es\/web\/wp-content\/uploads\/2021\/03\/logo-anber.png","width":2208,"height":500,"caption":"Anber"},"image":{"@id":"https:\/\/anber.es\/web\/#\/schema\/logo\/image\/"}}]}},"_links":{"self":[{"href":"https:\/\/anber.es\/web\/wp-json\/wp\/v2\/product\/7686"}],"collection":[{"href":"https:\/\/anber.es\/web\/wp-json\/wp\/v2\/product"}],"about":[{"href":"https:\/\/anber.es\/web\/wp-json\/wp\/v2\/types\/product"}],"wp:featuredmedia":[{"embeddable":true,"href":"https:\/\/anber.es\/web\/wp-json\/wp\/v2\/media\/8751"}],"wp:attachment":[{"href":"https:\/\/anber.es\/web\/wp-json\/wp\/v2\/media?parent=7686"}],"wp:term":[{"taxonomy":"product_cat","embeddable":true,"href":"https:\/\/anber.es\/web\/wp-json\/wp\/v2\/product_cat?post=7686"},{"taxonomy":"product_tag","embeddable":true,"href":"https:\/\/anber.es\/web\/wp-json\/wp\/v2\/product_tag?post=7686"}],"curies":[{"name":"wp","href":"https:\/\/api.w.org\/{rel}","templated":true}]}}