{"id":7695,"date":"2022-12-29T17:32:26","date_gmt":"2022-12-29T15:32:26","guid":{"rendered":"https:\/\/anber.es\/?post_type=product&#038;p=7695"},"modified":"2026-03-23T13:52:01","modified_gmt":"2026-03-23T11:52:01","slug":"presostato-g1-2-bsp","status":"publish","type":"product","link":"https:\/\/anber.es\/web\/producto\/presostato-g1-2-bsp\/","title":{"rendered":"Presostato G1\/2&#8243; BSP"},"content":{"rendered":"<p>El <strong>presostato G1\/2&#8243; BSP<\/strong> da una se\u00f1al el\u00e9ctrica cuando se activa el sistema de extinci\u00f3n. Una vez activado, s\u00f3lo se puede reestablecer autom\u00e1ticamente. Tiene un contacto abierto y uno cerrado. <\/p>\n<p>Se instala en el cap del colector de descarga en el sistema de bater\u00eda de cilindros o en la tuber\u00eda de descarga en el sistema modular mediante:<\/p>\n<p>&#8211; Adaptador G3\/4&#8243; rosca hembra BSP a 1&#8243; NPT.<br \/>\n&#8211; Adaptador de 1 1\/2&#8243; BSPT a NPT.<\/p>\n<p>\u00b7 Voltaje: <b>400 V<\/b>.<br \/>\n\u00b7 Presi\u00f3n m\u00e1xima de trabajo: <b>360 bar<\/b>.<br \/>\n\u00b7 Temperatura de trabajo: <b>-20\u00baC a 85\u00baC<\/b>.<br \/>\n\u00b7 Grado de protecci\u00f3n: <b>IP<\/b> 67 seg\u00fan EN 60529.<\/p>\n<p>Referencia: IV0510B.<\/p>\n<p><a href=\"\/web\/wp-content\/uploads\/2026\/03\/Ficha_tecnica-presostato_G12BSP.pdf\" target=\"_blank\" rel=\"noopener noreferrer\"><button>Descarga ficha<\/button><\/a><br \/>\n<a class=\"insta-link\" href=\"https:\/\/www.instagram.com\/aqlproteccion\/?hl=es\" target=\"_blank\" rel=\"noopener noreferrer\">Instagram<\/a><\/p>\n","protected":false},"excerpt":{"rendered":"<p>El presostato G1\/2&#8243; BSP da una se\u00f1al el\u00e9ctrica cuando se activa el sistema de extinci\u00f3n. Una vez activado, s\u00f3lo se puede reestablecer autom\u00e1ticamente.<\/p>\n","protected":false},"featured_media":8748,"template":"","meta":[],"product_cat":[240,171],"product_tag":[215],"yoast_head":"<!-- This site is optimized with the Yoast SEO plugin v22.1 - https:\/\/yoast.com\/wordpress\/plugins\/seo\/ -->\n<title>Presostato G1\/2&quot; BSP - Anber<\/title>\n<meta name=\"description\" content=\"El presostato G1\/2&quot; BSP da una se\u00f1al el\u00e9ctrica cuando se activa el sistema de extinci\u00f3n. Una vez activado, s\u00f3lo se puede reestablecer autom\u00e1ticamente.\" \/>\n<meta name=\"robots\" content=\"index, follow, max-snippet:-1, max-image-preview:large, max-video-preview:-1\" \/>\n<link rel=\"canonical\" href=\"https:\/\/anber.es\/web\/producto\/presostato-g1-2-bsp\/\" \/>\n<meta property=\"og:locale\" content=\"es_ES\" \/>\n<meta property=\"og:type\" content=\"article\" \/>\n<meta property=\"og:title\" content=\"Presostato G1\/2&quot; BSP - Anber\" \/>\n<meta property=\"og:description\" content=\"El presostato G1\/2&quot; BSP da una se\u00f1al el\u00e9ctrica cuando se activa el sistema de extinci\u00f3n. Una vez activado, s\u00f3lo se puede reestablecer autom\u00e1ticamente.\" \/>\n<meta property=\"og:url\" content=\"https:\/\/anber.es\/web\/producto\/presostato-g1-2-bsp\/\" \/>\n<meta property=\"og:site_name\" content=\"Anber\" \/>\n<meta property=\"article:modified_time\" content=\"2026-03-23T11:52:01+00:00\" \/>\n<meta property=\"og:image\" content=\"https:\/\/anber.es\/web\/wp-content\/uploads\/2023\/08\/presostato_G12BSP.webp\" \/>\n\t<meta property=\"og:image:width\" content=\"1000\" \/>\n\t<meta property=\"og:image:height\" content=\"1000\" \/>\n\t<meta property=\"og:image:type\" content=\"image\/webp\" \/>\n<meta name=\"twitter:card\" content=\"summary_large_image\" \/>\n<meta name=\"twitter:label1\" content=\"Tiempo de lectura\" \/>\n\t<meta name=\"twitter:data1\" content=\"1 minuto\" \/>\n<script type=\"application\/ld+json\" class=\"yoast-schema-graph\">{\"@context\":\"https:\/\/schema.org\",\"@graph\":[{\"@type\":\"WebPage\",\"@id\":\"https:\/\/anber.es\/web\/producto\/presostato-g1-2-bsp\/\",\"url\":\"https:\/\/anber.es\/web\/producto\/presostato-g1-2-bsp\/\",\"name\":\"Presostato G1\/2\\\" BSP - Anber\",\"isPartOf\":{\"@id\":\"https:\/\/anber.es\/web\/#website\"},\"datePublished\":\"2022-12-29T15:32:26+00:00\",\"dateModified\":\"2026-03-23T11:52:01+00:00\",\"description\":\"El presostato G1\/2\\\" BSP da una se\u00f1al el\u00e9ctrica cuando se activa el sistema de extinci\u00f3n. Una vez activado, s\u00f3lo se puede reestablecer autom\u00e1ticamente.\",\"breadcrumb\":{\"@id\":\"https:\/\/anber.es\/web\/producto\/presostato-g1-2-bsp\/#breadcrumb\"},\"inLanguage\":\"es\",\"potentialAction\":[{\"@type\":\"ReadAction\",\"target\":[\"https:\/\/anber.es\/web\/producto\/presostato-g1-2-bsp\/\"]}]},{\"@type\":\"BreadcrumbList\",\"@id\":\"https:\/\/anber.es\/web\/producto\/presostato-g1-2-bsp\/#breadcrumb\",\"itemListElement\":[{\"@type\":\"ListItem\",\"position\":1,\"name\":\"Portada\",\"item\":\"https:\/\/anber.es\/web\/\"},{\"@type\":\"ListItem\",\"position\":2,\"name\":\"Productos\",\"item\":\"https:\/\/anber.es\/web\/productos\/\"},{\"@type\":\"ListItem\",\"position\":3,\"name\":\"Presostato G1\/2&#8243; BSP\"}]},{\"@type\":\"WebSite\",\"@id\":\"https:\/\/anber.es\/web\/#website\",\"url\":\"https:\/\/anber.es\/web\/\",\"name\":\"Anber\",\"description\":\"Sistemas de protecci\u00f3n contra incendios\",\"publisher\":{\"@id\":\"https:\/\/anber.es\/web\/#organization\"},\"potentialAction\":[{\"@type\":\"SearchAction\",\"target\":{\"@type\":\"EntryPoint\",\"urlTemplate\":\"https:\/\/anber.es\/web\/?s={search_term_string}\"},\"query-input\":\"required name=search_term_string\"}],\"inLanguage\":\"es\"},{\"@type\":\"Organization\",\"@id\":\"https:\/\/anber.es\/web\/#organization\",\"name\":\"Anber\",\"url\":\"https:\/\/anber.es\/web\/\",\"logo\":{\"@type\":\"ImageObject\",\"inLanguage\":\"es\",\"@id\":\"https:\/\/anber.es\/web\/#\/schema\/logo\/image\/\",\"url\":\"https:\/\/anber.es\/web\/wp-content\/uploads\/2021\/03\/logo-anber.png\",\"contentUrl\":\"https:\/\/anber.es\/web\/wp-content\/uploads\/2021\/03\/logo-anber.png\",\"width\":2208,\"height\":500,\"caption\":\"Anber\"},\"image\":{\"@id\":\"https:\/\/anber.es\/web\/#\/schema\/logo\/image\/\"}}]}<\/script>\n<!-- \/ Yoast SEO plugin. -->","yoast_head_json":{"title":"Presostato G1\/2\" BSP - Anber","description":"El presostato G1\/2\" BSP da una se\u00f1al el\u00e9ctrica cuando se activa el sistema de extinci\u00f3n. Una vez activado, s\u00f3lo se puede reestablecer autom\u00e1ticamente.","robots":{"index":"index","follow":"follow","max-snippet":"max-snippet:-1","max-image-preview":"max-image-preview:large","max-video-preview":"max-video-preview:-1"},"canonical":"https:\/\/anber.es\/web\/producto\/presostato-g1-2-bsp\/","og_locale":"es_ES","og_type":"article","og_title":"Presostato G1\/2\" BSP - Anber","og_description":"El presostato G1\/2\" BSP da una se\u00f1al el\u00e9ctrica cuando se activa el sistema de extinci\u00f3n. Una vez activado, s\u00f3lo se puede reestablecer autom\u00e1ticamente.","og_url":"https:\/\/anber.es\/web\/producto\/presostato-g1-2-bsp\/","og_site_name":"Anber","article_modified_time":"2026-03-23T11:52:01+00:00","og_image":[{"width":1000,"height":1000,"url":"https:\/\/anber.es\/web\/wp-content\/uploads\/2023\/08\/presostato_G12BSP.webp","type":"image\/webp"}],"twitter_card":"summary_large_image","twitter_misc":{"Tiempo de lectura":"1 minuto"},"schema":{"@context":"https:\/\/schema.org","@graph":[{"@type":"WebPage","@id":"https:\/\/anber.es\/web\/producto\/presostato-g1-2-bsp\/","url":"https:\/\/anber.es\/web\/producto\/presostato-g1-2-bsp\/","name":"Presostato G1\/2\" BSP - Anber","isPartOf":{"@id":"https:\/\/anber.es\/web\/#website"},"datePublished":"2022-12-29T15:32:26+00:00","dateModified":"2026-03-23T11:52:01+00:00","description":"El presostato G1\/2\" BSP da una se\u00f1al el\u00e9ctrica cuando se activa el sistema de extinci\u00f3n. Una vez activado, s\u00f3lo se puede reestablecer autom\u00e1ticamente.","breadcrumb":{"@id":"https:\/\/anber.es\/web\/producto\/presostato-g1-2-bsp\/#breadcrumb"},"inLanguage":"es","potentialAction":[{"@type":"ReadAction","target":["https:\/\/anber.es\/web\/producto\/presostato-g1-2-bsp\/"]}]},{"@type":"BreadcrumbList","@id":"https:\/\/anber.es\/web\/producto\/presostato-g1-2-bsp\/#breadcrumb","itemListElement":[{"@type":"ListItem","position":1,"name":"Portada","item":"https:\/\/anber.es\/web\/"},{"@type":"ListItem","position":2,"name":"Productos","item":"https:\/\/anber.es\/web\/productos\/"},{"@type":"ListItem","position":3,"name":"Presostato G1\/2&#8243; BSP"}]},{"@type":"WebSite","@id":"https:\/\/anber.es\/web\/#website","url":"https:\/\/anber.es\/web\/","name":"Anber","description":"Sistemas de protecci\u00f3n contra incendios","publisher":{"@id":"https:\/\/anber.es\/web\/#organization"},"potentialAction":[{"@type":"SearchAction","target":{"@type":"EntryPoint","urlTemplate":"https:\/\/anber.es\/web\/?s={search_term_string}"},"query-input":"required name=search_term_string"}],"inLanguage":"es"},{"@type":"Organization","@id":"https:\/\/anber.es\/web\/#organization","name":"Anber","url":"https:\/\/anber.es\/web\/","logo":{"@type":"ImageObject","inLanguage":"es","@id":"https:\/\/anber.es\/web\/#\/schema\/logo\/image\/","url":"https:\/\/anber.es\/web\/wp-content\/uploads\/2021\/03\/logo-anber.png","contentUrl":"https:\/\/anber.es\/web\/wp-content\/uploads\/2021\/03\/logo-anber.png","width":2208,"height":500,"caption":"Anber"},"image":{"@id":"https:\/\/anber.es\/web\/#\/schema\/logo\/image\/"}}]}},"_links":{"self":[{"href":"https:\/\/anber.es\/web\/wp-json\/wp\/v2\/product\/7695"}],"collection":[{"href":"https:\/\/anber.es\/web\/wp-json\/wp\/v2\/product"}],"about":[{"href":"https:\/\/anber.es\/web\/wp-json\/wp\/v2\/types\/product"}],"wp:featuredmedia":[{"embeddable":true,"href":"https:\/\/anber.es\/web\/wp-json\/wp\/v2\/media\/8748"}],"wp:attachment":[{"href":"https:\/\/anber.es\/web\/wp-json\/wp\/v2\/media?parent=7695"}],"wp:term":[{"taxonomy":"product_cat","embeddable":true,"href":"https:\/\/anber.es\/web\/wp-json\/wp\/v2\/product_cat?post=7695"},{"taxonomy":"product_tag","embeddable":true,"href":"https:\/\/anber.es\/web\/wp-json\/wp\/v2\/product_tag?post=7695"}],"curies":[{"name":"wp","href":"https:\/\/api.w.org\/{rel}","templated":true}]}}