{"id":7846,"date":"2023-02-28T11:48:10","date_gmt":"2023-02-28T09:48:10","guid":{"rendered":"https:\/\/anber.es\/?post_type=product&#038;p=7846"},"modified":"2026-02-02T16:05:40","modified_gmt":"2026-02-02T14:05:40","slug":"tapon-roscado-h","status":"publish","type":"product","link":"https:\/\/anber.es\/web\/producto\/tapon-roscado-h\/","title":{"rendered":"Tap\u00f3n roscado H"},"content":{"rendered":"<p>El <strong>tap\u00f3n roscado H<\/strong> es un accesorio para sellar el extremo de tuber\u00eda. <\/p>\n<p>\u00b7 <b>Presi\u00f3n m\u00e1xima de trabajo: <\/b>20 bar (300psi).<br \/>\n\u00b7 Fabricado en hierro fundido grado B-350-10 seg\u00fan norma UNE-EN 1562.<br \/>\n\u00b7 Roscas de uni\u00f3n seg\u00fan ISO 7\/1 (DIN 2999\/BS 21).<br \/>\n\u00b7 M\u00edn. recubrimiento galv\u00e1nico<\/b>: 70 \u03bcm.<\/p>\n<p><strong>Figura 301<\/strong>.<\/p>\n<p>Referencia: CA301.<\/p>\n<p><a href=\"\/web\/wp-content\/uploads\/2026\/02\/Ficha_tecnica-tapon_roscado_H.pdf\" target=\"_blank\" rel=\"noopener noreferrer\"><button>Descarga ficha <\/button><\/a><br \/>\n<a class=\"insta-link\" href=\"https:\/\/www.instagram.com\/aqlproteccion\/?hl=es\" target=\"_blank\" rel=\"noopener noreferrer\">Instagram<\/a><\/p>\n","protected":false},"excerpt":{"rendered":"<p>El tap\u00f3n roscado H es un accesorio para sellar el extremo de tuber\u00eda. Figura 301.<\/p>\n","protected":false},"featured_media":8145,"template":"","meta":[],"product_cat":[132,41],"product_tag":[215],"yoast_head":"<!-- This site is optimized with the Yoast SEO plugin v22.1 - https:\/\/yoast.com\/wordpress\/plugins\/seo\/ -->\n<title>Tap\u00f3n roscado H - Anber<\/title>\n<meta name=\"description\" content=\"El tap\u00f3n roscado H es un accesorio para sellar el extremo de tuber\u00eda. Fabricado en hierro fundido grado B-350-10 seg\u00fan norma UNE-EN 1562. Figura 301.\" \/>\n<meta name=\"robots\" content=\"index, follow, max-snippet:-1, max-image-preview:large, max-video-preview:-1\" \/>\n<link rel=\"canonical\" href=\"https:\/\/anber.es\/web\/producto\/tapon-roscado-h\/\" \/>\n<meta property=\"og:locale\" content=\"es_ES\" \/>\n<meta property=\"og:type\" content=\"article\" \/>\n<meta property=\"og:title\" content=\"Tap\u00f3n roscado H - Anber\" \/>\n<meta property=\"og:description\" content=\"El tap\u00f3n roscado H es un accesorio para sellar el extremo de tuber\u00eda. Fabricado en hierro fundido grado B-350-10 seg\u00fan norma UNE-EN 1562. Figura 301.\" \/>\n<meta property=\"og:url\" content=\"https:\/\/anber.es\/web\/producto\/tapon-roscado-h\/\" \/>\n<meta property=\"og:site_name\" content=\"Anber\" \/>\n<meta property=\"article:modified_time\" content=\"2026-02-02T14:05:40+00:00\" \/>\n<meta property=\"og:image\" content=\"https:\/\/anber.es\/web\/wp-content\/uploads\/2023\/04\/tapon_rosca_hembra_redondo_figura301.webp\" \/>\n\t<meta property=\"og:image:width\" content=\"1000\" \/>\n\t<meta property=\"og:image:height\" content=\"1000\" \/>\n\t<meta property=\"og:image:type\" content=\"image\/webp\" \/>\n<meta name=\"twitter:card\" content=\"summary_large_image\" \/>\n<meta name=\"twitter:label1\" content=\"Tiempo de lectura\" \/>\n\t<meta name=\"twitter:data1\" content=\"1 minuto\" \/>\n<script type=\"application\/ld+json\" class=\"yoast-schema-graph\">{\"@context\":\"https:\/\/schema.org\",\"@graph\":[{\"@type\":\"WebPage\",\"@id\":\"https:\/\/anber.es\/web\/producto\/tapon-roscado-h\/\",\"url\":\"https:\/\/anber.es\/web\/producto\/tapon-roscado-h\/\",\"name\":\"Tap\u00f3n roscado H - Anber\",\"isPartOf\":{\"@id\":\"https:\/\/anber.es\/web\/#website\"},\"datePublished\":\"2023-02-28T09:48:10+00:00\",\"dateModified\":\"2026-02-02T14:05:40+00:00\",\"description\":\"El tap\u00f3n roscado H es un accesorio para sellar el extremo de tuber\u00eda. Fabricado en hierro fundido grado B-350-10 seg\u00fan norma UNE-EN 1562. Figura 301.\",\"breadcrumb\":{\"@id\":\"https:\/\/anber.es\/web\/producto\/tapon-roscado-h\/#breadcrumb\"},\"inLanguage\":\"es\",\"potentialAction\":[{\"@type\":\"ReadAction\",\"target\":[\"https:\/\/anber.es\/web\/producto\/tapon-roscado-h\/\"]}]},{\"@type\":\"BreadcrumbList\",\"@id\":\"https:\/\/anber.es\/web\/producto\/tapon-roscado-h\/#breadcrumb\",\"itemListElement\":[{\"@type\":\"ListItem\",\"position\":1,\"name\":\"Portada\",\"item\":\"https:\/\/anber.es\/web\/\"},{\"@type\":\"ListItem\",\"position\":2,\"name\":\"Productos\",\"item\":\"https:\/\/anber.es\/web\/productos\/\"},{\"@type\":\"ListItem\",\"position\":3,\"name\":\"Tap\u00f3n roscado H\"}]},{\"@type\":\"WebSite\",\"@id\":\"https:\/\/anber.es\/web\/#website\",\"url\":\"https:\/\/anber.es\/web\/\",\"name\":\"Anber\",\"description\":\"Sistemas de protecci\u00f3n contra incendios\",\"publisher\":{\"@id\":\"https:\/\/anber.es\/web\/#organization\"},\"potentialAction\":[{\"@type\":\"SearchAction\",\"target\":{\"@type\":\"EntryPoint\",\"urlTemplate\":\"https:\/\/anber.es\/web\/?s={search_term_string}\"},\"query-input\":\"required name=search_term_string\"}],\"inLanguage\":\"es\"},{\"@type\":\"Organization\",\"@id\":\"https:\/\/anber.es\/web\/#organization\",\"name\":\"Anber\",\"url\":\"https:\/\/anber.es\/web\/\",\"logo\":{\"@type\":\"ImageObject\",\"inLanguage\":\"es\",\"@id\":\"https:\/\/anber.es\/web\/#\/schema\/logo\/image\/\",\"url\":\"https:\/\/anber.es\/web\/wp-content\/uploads\/2021\/03\/logo-anber.png\",\"contentUrl\":\"https:\/\/anber.es\/web\/wp-content\/uploads\/2021\/03\/logo-anber.png\",\"width\":2208,\"height\":500,\"caption\":\"Anber\"},\"image\":{\"@id\":\"https:\/\/anber.es\/web\/#\/schema\/logo\/image\/\"}}]}<\/script>\n<!-- \/ Yoast SEO plugin. -->","yoast_head_json":{"title":"Tap\u00f3n roscado H - Anber","description":"El tap\u00f3n roscado H es un accesorio para sellar el extremo de tuber\u00eda. Fabricado en hierro fundido grado B-350-10 seg\u00fan norma UNE-EN 1562. Figura 301.","robots":{"index":"index","follow":"follow","max-snippet":"max-snippet:-1","max-image-preview":"max-image-preview:large","max-video-preview":"max-video-preview:-1"},"canonical":"https:\/\/anber.es\/web\/producto\/tapon-roscado-h\/","og_locale":"es_ES","og_type":"article","og_title":"Tap\u00f3n roscado H - Anber","og_description":"El tap\u00f3n roscado H es un accesorio para sellar el extremo de tuber\u00eda. Fabricado en hierro fundido grado B-350-10 seg\u00fan norma UNE-EN 1562. Figura 301.","og_url":"https:\/\/anber.es\/web\/producto\/tapon-roscado-h\/","og_site_name":"Anber","article_modified_time":"2026-02-02T14:05:40+00:00","og_image":[{"width":1000,"height":1000,"url":"https:\/\/anber.es\/web\/wp-content\/uploads\/2023\/04\/tapon_rosca_hembra_redondo_figura301.webp","type":"image\/webp"}],"twitter_card":"summary_large_image","twitter_misc":{"Tiempo de lectura":"1 minuto"},"schema":{"@context":"https:\/\/schema.org","@graph":[{"@type":"WebPage","@id":"https:\/\/anber.es\/web\/producto\/tapon-roscado-h\/","url":"https:\/\/anber.es\/web\/producto\/tapon-roscado-h\/","name":"Tap\u00f3n roscado H - Anber","isPartOf":{"@id":"https:\/\/anber.es\/web\/#website"},"datePublished":"2023-02-28T09:48:10+00:00","dateModified":"2026-02-02T14:05:40+00:00","description":"El tap\u00f3n roscado H es un accesorio para sellar el extremo de tuber\u00eda. Fabricado en hierro fundido grado B-350-10 seg\u00fan norma UNE-EN 1562. Figura 301.","breadcrumb":{"@id":"https:\/\/anber.es\/web\/producto\/tapon-roscado-h\/#breadcrumb"},"inLanguage":"es","potentialAction":[{"@type":"ReadAction","target":["https:\/\/anber.es\/web\/producto\/tapon-roscado-h\/"]}]},{"@type":"BreadcrumbList","@id":"https:\/\/anber.es\/web\/producto\/tapon-roscado-h\/#breadcrumb","itemListElement":[{"@type":"ListItem","position":1,"name":"Portada","item":"https:\/\/anber.es\/web\/"},{"@type":"ListItem","position":2,"name":"Productos","item":"https:\/\/anber.es\/web\/productos\/"},{"@type":"ListItem","position":3,"name":"Tap\u00f3n roscado H"}]},{"@type":"WebSite","@id":"https:\/\/anber.es\/web\/#website","url":"https:\/\/anber.es\/web\/","name":"Anber","description":"Sistemas de protecci\u00f3n contra incendios","publisher":{"@id":"https:\/\/anber.es\/web\/#organization"},"potentialAction":[{"@type":"SearchAction","target":{"@type":"EntryPoint","urlTemplate":"https:\/\/anber.es\/web\/?s={search_term_string}"},"query-input":"required name=search_term_string"}],"inLanguage":"es"},{"@type":"Organization","@id":"https:\/\/anber.es\/web\/#organization","name":"Anber","url":"https:\/\/anber.es\/web\/","logo":{"@type":"ImageObject","inLanguage":"es","@id":"https:\/\/anber.es\/web\/#\/schema\/logo\/image\/","url":"https:\/\/anber.es\/web\/wp-content\/uploads\/2021\/03\/logo-anber.png","contentUrl":"https:\/\/anber.es\/web\/wp-content\/uploads\/2021\/03\/logo-anber.png","width":2208,"height":500,"caption":"Anber"},"image":{"@id":"https:\/\/anber.es\/web\/#\/schema\/logo\/image\/"}}]}},"_links":{"self":[{"href":"https:\/\/anber.es\/web\/wp-json\/wp\/v2\/product\/7846"}],"collection":[{"href":"https:\/\/anber.es\/web\/wp-json\/wp\/v2\/product"}],"about":[{"href":"https:\/\/anber.es\/web\/wp-json\/wp\/v2\/types\/product"}],"wp:featuredmedia":[{"embeddable":true,"href":"https:\/\/anber.es\/web\/wp-json\/wp\/v2\/media\/8145"}],"wp:attachment":[{"href":"https:\/\/anber.es\/web\/wp-json\/wp\/v2\/media?parent=7846"}],"wp:term":[{"taxonomy":"product_cat","embeddable":true,"href":"https:\/\/anber.es\/web\/wp-json\/wp\/v2\/product_cat?post=7846"},{"taxonomy":"product_tag","embeddable":true,"href":"https:\/\/anber.es\/web\/wp-json\/wp\/v2\/product_tag?post=7846"}],"curies":[{"name":"wp","href":"https:\/\/api.w.org\/{rel}","templated":true}]}}