{"id":842,"date":"2020-11-05T16:18:21","date_gmt":"2020-11-05T14:18:21","guid":{"rendered":"http:\/\/anber.es\/web\/?post_type=product&#038;p=842"},"modified":"2025-10-15T12:26:18","modified_gmt":"2025-10-15T10:26:18","slug":"brida-con-cuello-ranurado","status":"publish","type":"product","link":"https:\/\/anber.es\/web\/producto\/brida-con-cuello-ranurado\/","title":{"rendered":"Brida con cuello ranurado"},"content":{"rendered":"<p>La <strong>brida con cuello ranurado<\/strong> es un accesorio que permite la transici\u00f3n de ranurado a embridado.<\/p>\n<p>\u00b7 Presi\u00f3n m\u00e1xima de trabajo: <b>20 bar <\/b>(300 psi).<br \/>\n\u00b7 Homologaci\u00f3n: <b>FM y UL<\/b>.<br \/>\n\u00b7 Ranurado: AWWA C606.<br \/>\n\u00b7 Bridas: ISO 7005 PN16.<br \/>\n\u00b7 Tama\u00f1os disponibles: <b>desde 1 1\/4&#8243; hasta 12&#8243;<\/b>.<br \/>\n\u00b7 Revestimientos disponibles: Epoxi RAL 3000 (rojo) con aplicaci\u00f3n electroest\u00e1tica y Dacromet\u00ae (galvanizado).<\/p>\n<p>*Posibilidad de suministro en color blanco RAL 9010. Consultar disponibilidad.<\/p>\n<p>Referencia: CCF2.<\/p>\n<p><a href=\"https:\/\/anber.es\/web\/wp-content\/uploads\/2024\/01\/Ficha_tecnica-brida-con-cuello-ranurado.pdf\" target=\"_blank\" rel=\"noopener noreferrer\"><button>Descarga ficha<\/button><\/a><br \/>\n<a class=\"insta-link\" href=\"https:\/\/www.instagram.com\/aqlproteccion\/?hl=es\" target=\"_blank\" rel=\"noopener noreferrer\">Instagram<\/a><\/p>\n","protected":false},"excerpt":{"rendered":"<p>La brida con cuello ranurado es un accesorio que permite la transici\u00f3n de ranurado a embridado. Homologaci\u00f3n: FM y UL.<\/p>\n","protected":false},"featured_media":7981,"template":"","meta":[],"product_cat":[75,41],"product_tag":[215],"yoast_head":"<!-- This site is optimized with the Yoast SEO plugin v22.1 - https:\/\/yoast.com\/wordpress\/plugins\/seo\/ -->\n<title>Brida con cuello ranurado - Anber<\/title>\n<meta name=\"description\" content=\"La brida con cuello ranurado es un accesorio que permite la transici\u00f3n de ranurado a embridado. Homologaci\u00f3n: FM y UL. Presi\u00f3n m\u00e1xima de trabajo: 20 bar.\" \/>\n<meta name=\"robots\" content=\"index, follow, max-snippet:-1, max-image-preview:large, max-video-preview:-1\" \/>\n<link rel=\"canonical\" href=\"https:\/\/anber.es\/web\/producto\/brida-con-cuello-ranurado\/\" \/>\n<meta property=\"og:locale\" content=\"es_ES\" \/>\n<meta property=\"og:type\" content=\"article\" \/>\n<meta property=\"og:title\" content=\"Brida con cuello ranurado - Anber\" \/>\n<meta property=\"og:description\" content=\"La brida con cuello ranurado es un accesorio que permite la transici\u00f3n de ranurado a embridado. Homologaci\u00f3n: FM y UL. Presi\u00f3n m\u00e1xima de trabajo: 20 bar.\" \/>\n<meta property=\"og:url\" content=\"https:\/\/anber.es\/web\/producto\/brida-con-cuello-ranurado\/\" \/>\n<meta property=\"og:site_name\" content=\"Anber\" \/>\n<meta property=\"article:modified_time\" content=\"2025-10-15T10:26:18+00:00\" \/>\n<meta property=\"og:image\" content=\"https:\/\/anber.es\/web\/wp-content\/uploads\/2023\/03\/brida_con_cuello_ranurado.webp\" \/>\n\t<meta property=\"og:image:width\" content=\"1000\" \/>\n\t<meta property=\"og:image:height\" content=\"1000\" \/>\n\t<meta property=\"og:image:type\" content=\"image\/webp\" \/>\n<meta name=\"twitter:card\" content=\"summary_large_image\" \/>\n<meta name=\"twitter:label1\" content=\"Tiempo de lectura\" \/>\n\t<meta name=\"twitter:data1\" content=\"1 minuto\" \/>\n<script type=\"application\/ld+json\" class=\"yoast-schema-graph\">{\"@context\":\"https:\/\/schema.org\",\"@graph\":[{\"@type\":\"WebPage\",\"@id\":\"https:\/\/anber.es\/web\/producto\/brida-con-cuello-ranurado\/\",\"url\":\"https:\/\/anber.es\/web\/producto\/brida-con-cuello-ranurado\/\",\"name\":\"Brida con cuello ranurado - Anber\",\"isPartOf\":{\"@id\":\"https:\/\/anber.es\/web\/#website\"},\"datePublished\":\"2020-11-05T14:18:21+00:00\",\"dateModified\":\"2025-10-15T10:26:18+00:00\",\"description\":\"La brida con cuello ranurado es un accesorio que permite la transici\u00f3n de ranurado a embridado. Homologaci\u00f3n: FM y UL. Presi\u00f3n m\u00e1xima de trabajo: 20 bar.\",\"breadcrumb\":{\"@id\":\"https:\/\/anber.es\/web\/producto\/brida-con-cuello-ranurado\/#breadcrumb\"},\"inLanguage\":\"es\",\"potentialAction\":[{\"@type\":\"ReadAction\",\"target\":[\"https:\/\/anber.es\/web\/producto\/brida-con-cuello-ranurado\/\"]}]},{\"@type\":\"BreadcrumbList\",\"@id\":\"https:\/\/anber.es\/web\/producto\/brida-con-cuello-ranurado\/#breadcrumb\",\"itemListElement\":[{\"@type\":\"ListItem\",\"position\":1,\"name\":\"Portada\",\"item\":\"https:\/\/anber.es\/web\/\"},{\"@type\":\"ListItem\",\"position\":2,\"name\":\"Productos\",\"item\":\"https:\/\/anber.es\/web\/productos\/\"},{\"@type\":\"ListItem\",\"position\":3,\"name\":\"Brida con cuello ranurado\"}]},{\"@type\":\"WebSite\",\"@id\":\"https:\/\/anber.es\/web\/#website\",\"url\":\"https:\/\/anber.es\/web\/\",\"name\":\"Anber\",\"description\":\"Sistemas de protecci\u00f3n contra incendios\",\"publisher\":{\"@id\":\"https:\/\/anber.es\/web\/#organization\"},\"potentialAction\":[{\"@type\":\"SearchAction\",\"target\":{\"@type\":\"EntryPoint\",\"urlTemplate\":\"https:\/\/anber.es\/web\/?s={search_term_string}\"},\"query-input\":\"required name=search_term_string\"}],\"inLanguage\":\"es\"},{\"@type\":\"Organization\",\"@id\":\"https:\/\/anber.es\/web\/#organization\",\"name\":\"Anber\",\"url\":\"https:\/\/anber.es\/web\/\",\"logo\":{\"@type\":\"ImageObject\",\"inLanguage\":\"es\",\"@id\":\"https:\/\/anber.es\/web\/#\/schema\/logo\/image\/\",\"url\":\"https:\/\/anber.es\/web\/wp-content\/uploads\/2021\/03\/logo-anber.png\",\"contentUrl\":\"https:\/\/anber.es\/web\/wp-content\/uploads\/2021\/03\/logo-anber.png\",\"width\":2208,\"height\":500,\"caption\":\"Anber\"},\"image\":{\"@id\":\"https:\/\/anber.es\/web\/#\/schema\/logo\/image\/\"}}]}<\/script>\n<!-- \/ Yoast SEO plugin. -->","yoast_head_json":{"title":"Brida con cuello ranurado - Anber","description":"La brida con cuello ranurado es un accesorio que permite la transici\u00f3n de ranurado a embridado. Homologaci\u00f3n: FM y UL. Presi\u00f3n m\u00e1xima de trabajo: 20 bar.","robots":{"index":"index","follow":"follow","max-snippet":"max-snippet:-1","max-image-preview":"max-image-preview:large","max-video-preview":"max-video-preview:-1"},"canonical":"https:\/\/anber.es\/web\/producto\/brida-con-cuello-ranurado\/","og_locale":"es_ES","og_type":"article","og_title":"Brida con cuello ranurado - Anber","og_description":"La brida con cuello ranurado es un accesorio que permite la transici\u00f3n de ranurado a embridado. Homologaci\u00f3n: FM y UL. Presi\u00f3n m\u00e1xima de trabajo: 20 bar.","og_url":"https:\/\/anber.es\/web\/producto\/brida-con-cuello-ranurado\/","og_site_name":"Anber","article_modified_time":"2025-10-15T10:26:18+00:00","og_image":[{"width":1000,"height":1000,"url":"https:\/\/anber.es\/web\/wp-content\/uploads\/2023\/03\/brida_con_cuello_ranurado.webp","type":"image\/webp"}],"twitter_card":"summary_large_image","twitter_misc":{"Tiempo de lectura":"1 minuto"},"schema":{"@context":"https:\/\/schema.org","@graph":[{"@type":"WebPage","@id":"https:\/\/anber.es\/web\/producto\/brida-con-cuello-ranurado\/","url":"https:\/\/anber.es\/web\/producto\/brida-con-cuello-ranurado\/","name":"Brida con cuello ranurado - Anber","isPartOf":{"@id":"https:\/\/anber.es\/web\/#website"},"datePublished":"2020-11-05T14:18:21+00:00","dateModified":"2025-10-15T10:26:18+00:00","description":"La brida con cuello ranurado es un accesorio que permite la transici\u00f3n de ranurado a embridado. Homologaci\u00f3n: FM y UL. Presi\u00f3n m\u00e1xima de trabajo: 20 bar.","breadcrumb":{"@id":"https:\/\/anber.es\/web\/producto\/brida-con-cuello-ranurado\/#breadcrumb"},"inLanguage":"es","potentialAction":[{"@type":"ReadAction","target":["https:\/\/anber.es\/web\/producto\/brida-con-cuello-ranurado\/"]}]},{"@type":"BreadcrumbList","@id":"https:\/\/anber.es\/web\/producto\/brida-con-cuello-ranurado\/#breadcrumb","itemListElement":[{"@type":"ListItem","position":1,"name":"Portada","item":"https:\/\/anber.es\/web\/"},{"@type":"ListItem","position":2,"name":"Productos","item":"https:\/\/anber.es\/web\/productos\/"},{"@type":"ListItem","position":3,"name":"Brida con cuello ranurado"}]},{"@type":"WebSite","@id":"https:\/\/anber.es\/web\/#website","url":"https:\/\/anber.es\/web\/","name":"Anber","description":"Sistemas de protecci\u00f3n contra incendios","publisher":{"@id":"https:\/\/anber.es\/web\/#organization"},"potentialAction":[{"@type":"SearchAction","target":{"@type":"EntryPoint","urlTemplate":"https:\/\/anber.es\/web\/?s={search_term_string}"},"query-input":"required name=search_term_string"}],"inLanguage":"es"},{"@type":"Organization","@id":"https:\/\/anber.es\/web\/#organization","name":"Anber","url":"https:\/\/anber.es\/web\/","logo":{"@type":"ImageObject","inLanguage":"es","@id":"https:\/\/anber.es\/web\/#\/schema\/logo\/image\/","url":"https:\/\/anber.es\/web\/wp-content\/uploads\/2021\/03\/logo-anber.png","contentUrl":"https:\/\/anber.es\/web\/wp-content\/uploads\/2021\/03\/logo-anber.png","width":2208,"height":500,"caption":"Anber"},"image":{"@id":"https:\/\/anber.es\/web\/#\/schema\/logo\/image\/"}}]}},"_links":{"self":[{"href":"https:\/\/anber.es\/web\/wp-json\/wp\/v2\/product\/842"}],"collection":[{"href":"https:\/\/anber.es\/web\/wp-json\/wp\/v2\/product"}],"about":[{"href":"https:\/\/anber.es\/web\/wp-json\/wp\/v2\/types\/product"}],"wp:featuredmedia":[{"embeddable":true,"href":"https:\/\/anber.es\/web\/wp-json\/wp\/v2\/media\/7981"}],"wp:attachment":[{"href":"https:\/\/anber.es\/web\/wp-json\/wp\/v2\/media?parent=842"}],"wp:term":[{"taxonomy":"product_cat","embeddable":true,"href":"https:\/\/anber.es\/web\/wp-json\/wp\/v2\/product_cat?post=842"},{"taxonomy":"product_tag","embeddable":true,"href":"https:\/\/anber.es\/web\/wp-json\/wp\/v2\/product_tag?post=842"}],"curies":[{"name":"wp","href":"https:\/\/api.w.org\/{rel}","templated":true}]}}