{"id":8476,"date":"2023-05-08T13:00:58","date_gmt":"2023-05-08T11:00:58","guid":{"rendered":"https:\/\/anber.es\/?post_type=product&#038;p=8476"},"modified":"2025-11-20T09:50:36","modified_gmt":"2025-11-20T07:50:36","slug":"s-de-reglaje-con-bridas","status":"publish","type":"product","link":"https:\/\/anber.es\/web\/producto\/s-de-reglaje-con-bridas\/","title":{"rendered":"S de reglaje con bridas"},"content":{"rendered":"<p>La <strong>S de reglaje con bridas<\/strong> est\u00e1 fabricada en hierro fundido d\u00factil, cumpliendo con las normativas ISO 2531 y EN545, lo que garantiza su calidad y resistencia. Adem\u00e1s, cuenta con un recubrimiento epoxi azul que ofrece una protecci\u00f3n duradera contra la corrosi\u00f3n.<\/p>\n<p>Este tubo en forma de S, est\u00e1 dise\u00f1ado para la <b>regulaci\u00f3n en altura del hidrante<\/b> de columna en redes de abastecimiento de agua, facilitando su instalaci\u00f3n y mantenimiento.<\/p>\n<p>Gracias a su dise\u00f1o pr\u00e1ctico, minimiza operaciones complicadas y costosas, ya que es de f\u00e1cil desmontaje y r\u00e1pida colocaci\u00f3n, optimizando tiempos y recursos en su manejo.<\/p>\n<p>Se caracteriza por disponer de bridas orientables para una mejor adaptabilidad.<\/p>\n<p>\u00b7 Presi\u00f3n de trabajo: <b>PN10<\/b> y <b>PN16<\/b>.<\/p>\n<p>Referencia: HMS.<\/p>\n<p><a href=\"\/web\/wp-content\/uploads\/2025\/11\/Ficha_tecnica-s_de_reglaje_bridas.pdf\" target=\"_blank\" rel=\"noopener noreferrer\"><button>Descarga ficha<\/button><\/a><br \/>\n<a class=\"insta-link\" href=\"https:\/\/www.instagram.com\/aqlproteccion\/?hl=es\" target=\"_blank\" rel=\"noopener noreferrer\">Instagram<\/a><\/p>\n","protected":false},"excerpt":{"rendered":"<p>La S de Reglaje con bridas est\u00e1 fabricada en hierro fundido d\u00factil y est\u00e1 dise\u00f1ada para la regulaci\u00f3n en altura del hidrante de columna en redes de abastecimiento de agua, facilitando su instalaci\u00f3n y mantenimiento.<\/p>\n","protected":false},"featured_media":10446,"template":"","meta":[],"product_cat":[26,239],"product_tag":[215],"yoast_head":"<!-- This site is optimized with the Yoast SEO plugin v22.1 - https:\/\/yoast.com\/wordpress\/plugins\/seo\/ -->\n<title>S de reglaje con bridas - Anber<\/title>\n<meta name=\"description\" content=\"La S de Reglaje con bridas est\u00e1 fabricada en hierro fundido d\u00factil y est\u00e1 dise\u00f1ada para la regulaci\u00f3n en altura del hidrante de columna\" \/>\n<meta name=\"robots\" content=\"index, follow, max-snippet:-1, max-image-preview:large, max-video-preview:-1\" \/>\n<link rel=\"canonical\" href=\"https:\/\/anber.es\/web\/producto\/s-de-reglaje-con-bridas\/\" \/>\n<meta property=\"og:locale\" content=\"es_ES\" \/>\n<meta property=\"og:type\" content=\"article\" \/>\n<meta property=\"og:title\" content=\"S de reglaje con bridas - Anber\" \/>\n<meta property=\"og:description\" content=\"La S de Reglaje con bridas est\u00e1 fabricada en hierro fundido d\u00factil y est\u00e1 dise\u00f1ada para la regulaci\u00f3n en altura del hidrante de columna\" \/>\n<meta property=\"og:url\" content=\"https:\/\/anber.es\/web\/producto\/s-de-reglaje-con-bridas\/\" \/>\n<meta property=\"og:site_name\" content=\"Anber\" \/>\n<meta property=\"article:modified_time\" content=\"2025-11-20T07:50:36+00:00\" \/>\n<meta property=\"og:image\" content=\"https:\/\/anber.es\/web\/wp-content\/uploads\/2025\/11\/s_reglaje_con_bridas.webp\" \/>\n\t<meta property=\"og:image:width\" content=\"1000\" \/>\n\t<meta property=\"og:image:height\" content=\"1000\" \/>\n\t<meta property=\"og:image:type\" content=\"image\/webp\" \/>\n<meta name=\"twitter:card\" content=\"summary_large_image\" \/>\n<meta name=\"twitter:label1\" content=\"Tiempo de lectura\" \/>\n\t<meta name=\"twitter:data1\" content=\"1 minuto\" \/>\n<script type=\"application\/ld+json\" class=\"yoast-schema-graph\">{\"@context\":\"https:\/\/schema.org\",\"@graph\":[{\"@type\":\"WebPage\",\"@id\":\"https:\/\/anber.es\/web\/producto\/s-de-reglaje-con-bridas\/\",\"url\":\"https:\/\/anber.es\/web\/producto\/s-de-reglaje-con-bridas\/\",\"name\":\"S de reglaje con bridas - Anber\",\"isPartOf\":{\"@id\":\"https:\/\/anber.es\/web\/#website\"},\"datePublished\":\"2023-05-08T11:00:58+00:00\",\"dateModified\":\"2025-11-20T07:50:36+00:00\",\"description\":\"La S de Reglaje con bridas est\u00e1 fabricada en hierro fundido d\u00factil y est\u00e1 dise\u00f1ada para la regulaci\u00f3n en altura del hidrante de columna\",\"breadcrumb\":{\"@id\":\"https:\/\/anber.es\/web\/producto\/s-de-reglaje-con-bridas\/#breadcrumb\"},\"inLanguage\":\"es\",\"potentialAction\":[{\"@type\":\"ReadAction\",\"target\":[\"https:\/\/anber.es\/web\/producto\/s-de-reglaje-con-bridas\/\"]}]},{\"@type\":\"BreadcrumbList\",\"@id\":\"https:\/\/anber.es\/web\/producto\/s-de-reglaje-con-bridas\/#breadcrumb\",\"itemListElement\":[{\"@type\":\"ListItem\",\"position\":1,\"name\":\"Portada\",\"item\":\"https:\/\/anber.es\/web\/\"},{\"@type\":\"ListItem\",\"position\":2,\"name\":\"Productos\",\"item\":\"https:\/\/anber.es\/web\/productos\/\"},{\"@type\":\"ListItem\",\"position\":3,\"name\":\"S de reglaje con bridas\"}]},{\"@type\":\"WebSite\",\"@id\":\"https:\/\/anber.es\/web\/#website\",\"url\":\"https:\/\/anber.es\/web\/\",\"name\":\"Anber\",\"description\":\"Sistemas de protecci\u00f3n contra incendios\",\"publisher\":{\"@id\":\"https:\/\/anber.es\/web\/#organization\"},\"potentialAction\":[{\"@type\":\"SearchAction\",\"target\":{\"@type\":\"EntryPoint\",\"urlTemplate\":\"https:\/\/anber.es\/web\/?s={search_term_string}\"},\"query-input\":\"required name=search_term_string\"}],\"inLanguage\":\"es\"},{\"@type\":\"Organization\",\"@id\":\"https:\/\/anber.es\/web\/#organization\",\"name\":\"Anber\",\"url\":\"https:\/\/anber.es\/web\/\",\"logo\":{\"@type\":\"ImageObject\",\"inLanguage\":\"es\",\"@id\":\"https:\/\/anber.es\/web\/#\/schema\/logo\/image\/\",\"url\":\"https:\/\/anber.es\/web\/wp-content\/uploads\/2021\/03\/logo-anber.png\",\"contentUrl\":\"https:\/\/anber.es\/web\/wp-content\/uploads\/2021\/03\/logo-anber.png\",\"width\":2208,\"height\":500,\"caption\":\"Anber\"},\"image\":{\"@id\":\"https:\/\/anber.es\/web\/#\/schema\/logo\/image\/\"}}]}<\/script>\n<!-- \/ Yoast SEO plugin. -->","yoast_head_json":{"title":"S de reglaje con bridas - Anber","description":"La S de Reglaje con bridas est\u00e1 fabricada en hierro fundido d\u00factil y est\u00e1 dise\u00f1ada para la regulaci\u00f3n en altura del hidrante de columna","robots":{"index":"index","follow":"follow","max-snippet":"max-snippet:-1","max-image-preview":"max-image-preview:large","max-video-preview":"max-video-preview:-1"},"canonical":"https:\/\/anber.es\/web\/producto\/s-de-reglaje-con-bridas\/","og_locale":"es_ES","og_type":"article","og_title":"S de reglaje con bridas - Anber","og_description":"La S de Reglaje con bridas est\u00e1 fabricada en hierro fundido d\u00factil y est\u00e1 dise\u00f1ada para la regulaci\u00f3n en altura del hidrante de columna","og_url":"https:\/\/anber.es\/web\/producto\/s-de-reglaje-con-bridas\/","og_site_name":"Anber","article_modified_time":"2025-11-20T07:50:36+00:00","og_image":[{"width":1000,"height":1000,"url":"https:\/\/anber.es\/web\/wp-content\/uploads\/2025\/11\/s_reglaje_con_bridas.webp","type":"image\/webp"}],"twitter_card":"summary_large_image","twitter_misc":{"Tiempo de lectura":"1 minuto"},"schema":{"@context":"https:\/\/schema.org","@graph":[{"@type":"WebPage","@id":"https:\/\/anber.es\/web\/producto\/s-de-reglaje-con-bridas\/","url":"https:\/\/anber.es\/web\/producto\/s-de-reglaje-con-bridas\/","name":"S de reglaje con bridas - Anber","isPartOf":{"@id":"https:\/\/anber.es\/web\/#website"},"datePublished":"2023-05-08T11:00:58+00:00","dateModified":"2025-11-20T07:50:36+00:00","description":"La S de Reglaje con bridas est\u00e1 fabricada en hierro fundido d\u00factil y est\u00e1 dise\u00f1ada para la regulaci\u00f3n en altura del hidrante de columna","breadcrumb":{"@id":"https:\/\/anber.es\/web\/producto\/s-de-reglaje-con-bridas\/#breadcrumb"},"inLanguage":"es","potentialAction":[{"@type":"ReadAction","target":["https:\/\/anber.es\/web\/producto\/s-de-reglaje-con-bridas\/"]}]},{"@type":"BreadcrumbList","@id":"https:\/\/anber.es\/web\/producto\/s-de-reglaje-con-bridas\/#breadcrumb","itemListElement":[{"@type":"ListItem","position":1,"name":"Portada","item":"https:\/\/anber.es\/web\/"},{"@type":"ListItem","position":2,"name":"Productos","item":"https:\/\/anber.es\/web\/productos\/"},{"@type":"ListItem","position":3,"name":"S de reglaje con bridas"}]},{"@type":"WebSite","@id":"https:\/\/anber.es\/web\/#website","url":"https:\/\/anber.es\/web\/","name":"Anber","description":"Sistemas de protecci\u00f3n contra incendios","publisher":{"@id":"https:\/\/anber.es\/web\/#organization"},"potentialAction":[{"@type":"SearchAction","target":{"@type":"EntryPoint","urlTemplate":"https:\/\/anber.es\/web\/?s={search_term_string}"},"query-input":"required name=search_term_string"}],"inLanguage":"es"},{"@type":"Organization","@id":"https:\/\/anber.es\/web\/#organization","name":"Anber","url":"https:\/\/anber.es\/web\/","logo":{"@type":"ImageObject","inLanguage":"es","@id":"https:\/\/anber.es\/web\/#\/schema\/logo\/image\/","url":"https:\/\/anber.es\/web\/wp-content\/uploads\/2021\/03\/logo-anber.png","contentUrl":"https:\/\/anber.es\/web\/wp-content\/uploads\/2021\/03\/logo-anber.png","width":2208,"height":500,"caption":"Anber"},"image":{"@id":"https:\/\/anber.es\/web\/#\/schema\/logo\/image\/"}}]}},"_links":{"self":[{"href":"https:\/\/anber.es\/web\/wp-json\/wp\/v2\/product\/8476"}],"collection":[{"href":"https:\/\/anber.es\/web\/wp-json\/wp\/v2\/product"}],"about":[{"href":"https:\/\/anber.es\/web\/wp-json\/wp\/v2\/types\/product"}],"wp:featuredmedia":[{"embeddable":true,"href":"https:\/\/anber.es\/web\/wp-json\/wp\/v2\/media\/10446"}],"wp:attachment":[{"href":"https:\/\/anber.es\/web\/wp-json\/wp\/v2\/media?parent=8476"}],"wp:term":[{"taxonomy":"product_cat","embeddable":true,"href":"https:\/\/anber.es\/web\/wp-json\/wp\/v2\/product_cat?post=8476"},{"taxonomy":"product_tag","embeddable":true,"href":"https:\/\/anber.es\/web\/wp-json\/wp\/v2\/product_tag?post=8476"}],"curies":[{"name":"wp","href":"https:\/\/api.w.org\/{rel}","templated":true}]}}