{"id":8480,"date":"2023-05-08T13:21:43","date_gmt":"2023-05-08T11:21:43","guid":{"rendered":"https:\/\/anber.es\/?post_type=product&#038;p=8480"},"modified":"2025-11-11T12:12:17","modified_gmt":"2025-11-11T10:12:17","slug":"reduccion-doble-brida","status":"publish","type":"product","link":"https:\/\/anber.es\/web\/producto\/reduccion-doble-brida\/","title":{"rendered":"Reducci\u00f3n doble brida"},"content":{"rendered":"<p>La <strong>reducci\u00f3n doble brida <\/strong>est\u00e1 fabricada en hierro fundido d\u00factil, cumpliendo con las normativas ISO 2531 y EN545, lo que garantiza resistencia y durabilidad. Adem\u00e1s, cuenta con un recubrimiento epoxi azul que protege contra la corrosi\u00f3n.<\/p>\n<p>Este accesorio permite la transici\u00f3n eficiente entre diferentes di\u00e1metros en las instalaciones de tuber\u00edas, facilitando la adaptaci\u00f3n y conexi\u00f3n de distintos componentes.<\/p>\n<p>Se caracteriza por disponer de bridas orientables para una conexi\u00f3n m\u00e1s sencilla y flexible.<\/p>\n<p>\u00b7 Presi\u00f3n de trabajo: <b>PN10<\/b> y <b>PN16<\/b>.<\/p>\n<p>Referencia: HMFURE.<\/p>\n<p><a href=\"\/web\/wp-content\/uploads\/2025\/11\/Ficha_tecnica-reduccion_doble_brida.pdf\" target=\"_blank\" rel=\"noopener noreferrer\"><button>Descarga ficha<\/button><\/a><br \/>\n<a class=\"insta-link\" href=\"https:\/\/www.instagram.com\/aqlproteccion\/?hl=es\" target=\"_blank\" rel=\"noopener noreferrer\">Instagram<\/a><\/p>\n","protected":false},"excerpt":{"rendered":"<p>La reducci\u00f3n doble brida est\u00e1 fabricada en hierro fundido d\u00factil, cumpliendo con las normativas ISO 2531 y EN545, lo que garantiza resistencia y durabilidad. Adem\u00e1s, cuenta con un recubrimiento epoxi azul que protege contra la corrosi\u00f3n.<\/p>\n","protected":false},"featured_media":8414,"template":"","meta":[],"product_cat":[26,239],"product_tag":[215],"yoast_head":"<!-- This site is optimized with the Yoast SEO plugin v22.1 - https:\/\/yoast.com\/wordpress\/plugins\/seo\/ -->\n<title>Reducci\u00f3n doble brida - Anber<\/title>\n<meta name=\"description\" content=\"La reducci\u00f3n doble brida est\u00e1 fabricada en hierro fundido d\u00factil. Permite la transici\u00f3n de diferentes di\u00e1metros. Las bridas son orientables.\" \/>\n<meta name=\"robots\" content=\"index, follow, max-snippet:-1, max-image-preview:large, max-video-preview:-1\" \/>\n<link rel=\"canonical\" href=\"https:\/\/anber.es\/web\/producto\/reduccion-doble-brida\/\" \/>\n<meta property=\"og:locale\" content=\"es_ES\" \/>\n<meta property=\"og:type\" content=\"article\" \/>\n<meta property=\"og:title\" content=\"Reducci\u00f3n doble brida - Anber\" \/>\n<meta property=\"og:description\" content=\"La reducci\u00f3n doble brida est\u00e1 fabricada en hierro fundido d\u00factil. Permite la transici\u00f3n de diferentes di\u00e1metros. Las bridas son orientables.\" \/>\n<meta property=\"og:url\" content=\"https:\/\/anber.es\/web\/producto\/reduccion-doble-brida\/\" \/>\n<meta property=\"og:site_name\" content=\"Anber\" \/>\n<meta property=\"article:modified_time\" content=\"2025-11-11T10:12:17+00:00\" \/>\n<meta property=\"og:image\" content=\"https:\/\/anber.es\/web\/wp-content\/uploads\/2023\/05\/reduccion_doble_brida.webp\" \/>\n\t<meta property=\"og:image:width\" content=\"1000\" \/>\n\t<meta property=\"og:image:height\" content=\"1000\" \/>\n\t<meta property=\"og:image:type\" content=\"image\/webp\" \/>\n<meta name=\"twitter:card\" content=\"summary_large_image\" \/>\n<meta name=\"twitter:label1\" content=\"Tiempo de lectura\" \/>\n\t<meta name=\"twitter:data1\" content=\"1 minuto\" \/>\n<script type=\"application\/ld+json\" class=\"yoast-schema-graph\">{\"@context\":\"https:\/\/schema.org\",\"@graph\":[{\"@type\":\"WebPage\",\"@id\":\"https:\/\/anber.es\/web\/producto\/reduccion-doble-brida\/\",\"url\":\"https:\/\/anber.es\/web\/producto\/reduccion-doble-brida\/\",\"name\":\"Reducci\u00f3n doble brida - Anber\",\"isPartOf\":{\"@id\":\"https:\/\/anber.es\/web\/#website\"},\"datePublished\":\"2023-05-08T11:21:43+00:00\",\"dateModified\":\"2025-11-11T10:12:17+00:00\",\"description\":\"La reducci\u00f3n doble brida est\u00e1 fabricada en hierro fundido d\u00factil. Permite la transici\u00f3n de diferentes di\u00e1metros. Las bridas son orientables.\",\"breadcrumb\":{\"@id\":\"https:\/\/anber.es\/web\/producto\/reduccion-doble-brida\/#breadcrumb\"},\"inLanguage\":\"es\",\"potentialAction\":[{\"@type\":\"ReadAction\",\"target\":[\"https:\/\/anber.es\/web\/producto\/reduccion-doble-brida\/\"]}]},{\"@type\":\"BreadcrumbList\",\"@id\":\"https:\/\/anber.es\/web\/producto\/reduccion-doble-brida\/#breadcrumb\",\"itemListElement\":[{\"@type\":\"ListItem\",\"position\":1,\"name\":\"Portada\",\"item\":\"https:\/\/anber.es\/web\/\"},{\"@type\":\"ListItem\",\"position\":2,\"name\":\"Productos\",\"item\":\"https:\/\/anber.es\/web\/productos\/\"},{\"@type\":\"ListItem\",\"position\":3,\"name\":\"Reducci\u00f3n doble brida\"}]},{\"@type\":\"WebSite\",\"@id\":\"https:\/\/anber.es\/web\/#website\",\"url\":\"https:\/\/anber.es\/web\/\",\"name\":\"Anber\",\"description\":\"Sistemas de protecci\u00f3n contra incendios\",\"publisher\":{\"@id\":\"https:\/\/anber.es\/web\/#organization\"},\"potentialAction\":[{\"@type\":\"SearchAction\",\"target\":{\"@type\":\"EntryPoint\",\"urlTemplate\":\"https:\/\/anber.es\/web\/?s={search_term_string}\"},\"query-input\":\"required name=search_term_string\"}],\"inLanguage\":\"es\"},{\"@type\":\"Organization\",\"@id\":\"https:\/\/anber.es\/web\/#organization\",\"name\":\"Anber\",\"url\":\"https:\/\/anber.es\/web\/\",\"logo\":{\"@type\":\"ImageObject\",\"inLanguage\":\"es\",\"@id\":\"https:\/\/anber.es\/web\/#\/schema\/logo\/image\/\",\"url\":\"https:\/\/anber.es\/web\/wp-content\/uploads\/2021\/03\/logo-anber.png\",\"contentUrl\":\"https:\/\/anber.es\/web\/wp-content\/uploads\/2021\/03\/logo-anber.png\",\"width\":2208,\"height\":500,\"caption\":\"Anber\"},\"image\":{\"@id\":\"https:\/\/anber.es\/web\/#\/schema\/logo\/image\/\"}}]}<\/script>\n<!-- \/ Yoast SEO plugin. -->","yoast_head_json":{"title":"Reducci\u00f3n doble brida - Anber","description":"La reducci\u00f3n doble brida est\u00e1 fabricada en hierro fundido d\u00factil. Permite la transici\u00f3n de diferentes di\u00e1metros. Las bridas son orientables.","robots":{"index":"index","follow":"follow","max-snippet":"max-snippet:-1","max-image-preview":"max-image-preview:large","max-video-preview":"max-video-preview:-1"},"canonical":"https:\/\/anber.es\/web\/producto\/reduccion-doble-brida\/","og_locale":"es_ES","og_type":"article","og_title":"Reducci\u00f3n doble brida - Anber","og_description":"La reducci\u00f3n doble brida est\u00e1 fabricada en hierro fundido d\u00factil. Permite la transici\u00f3n de diferentes di\u00e1metros. Las bridas son orientables.","og_url":"https:\/\/anber.es\/web\/producto\/reduccion-doble-brida\/","og_site_name":"Anber","article_modified_time":"2025-11-11T10:12:17+00:00","og_image":[{"width":1000,"height":1000,"url":"https:\/\/anber.es\/web\/wp-content\/uploads\/2023\/05\/reduccion_doble_brida.webp","type":"image\/webp"}],"twitter_card":"summary_large_image","twitter_misc":{"Tiempo de lectura":"1 minuto"},"schema":{"@context":"https:\/\/schema.org","@graph":[{"@type":"WebPage","@id":"https:\/\/anber.es\/web\/producto\/reduccion-doble-brida\/","url":"https:\/\/anber.es\/web\/producto\/reduccion-doble-brida\/","name":"Reducci\u00f3n doble brida - Anber","isPartOf":{"@id":"https:\/\/anber.es\/web\/#website"},"datePublished":"2023-05-08T11:21:43+00:00","dateModified":"2025-11-11T10:12:17+00:00","description":"La reducci\u00f3n doble brida est\u00e1 fabricada en hierro fundido d\u00factil. Permite la transici\u00f3n de diferentes di\u00e1metros. Las bridas son orientables.","breadcrumb":{"@id":"https:\/\/anber.es\/web\/producto\/reduccion-doble-brida\/#breadcrumb"},"inLanguage":"es","potentialAction":[{"@type":"ReadAction","target":["https:\/\/anber.es\/web\/producto\/reduccion-doble-brida\/"]}]},{"@type":"BreadcrumbList","@id":"https:\/\/anber.es\/web\/producto\/reduccion-doble-brida\/#breadcrumb","itemListElement":[{"@type":"ListItem","position":1,"name":"Portada","item":"https:\/\/anber.es\/web\/"},{"@type":"ListItem","position":2,"name":"Productos","item":"https:\/\/anber.es\/web\/productos\/"},{"@type":"ListItem","position":3,"name":"Reducci\u00f3n doble brida"}]},{"@type":"WebSite","@id":"https:\/\/anber.es\/web\/#website","url":"https:\/\/anber.es\/web\/","name":"Anber","description":"Sistemas de protecci\u00f3n contra incendios","publisher":{"@id":"https:\/\/anber.es\/web\/#organization"},"potentialAction":[{"@type":"SearchAction","target":{"@type":"EntryPoint","urlTemplate":"https:\/\/anber.es\/web\/?s={search_term_string}"},"query-input":"required name=search_term_string"}],"inLanguage":"es"},{"@type":"Organization","@id":"https:\/\/anber.es\/web\/#organization","name":"Anber","url":"https:\/\/anber.es\/web\/","logo":{"@type":"ImageObject","inLanguage":"es","@id":"https:\/\/anber.es\/web\/#\/schema\/logo\/image\/","url":"https:\/\/anber.es\/web\/wp-content\/uploads\/2021\/03\/logo-anber.png","contentUrl":"https:\/\/anber.es\/web\/wp-content\/uploads\/2021\/03\/logo-anber.png","width":2208,"height":500,"caption":"Anber"},"image":{"@id":"https:\/\/anber.es\/web\/#\/schema\/logo\/image\/"}}]}},"_links":{"self":[{"href":"https:\/\/anber.es\/web\/wp-json\/wp\/v2\/product\/8480"}],"collection":[{"href":"https:\/\/anber.es\/web\/wp-json\/wp\/v2\/product"}],"about":[{"href":"https:\/\/anber.es\/web\/wp-json\/wp\/v2\/types\/product"}],"wp:featuredmedia":[{"embeddable":true,"href":"https:\/\/anber.es\/web\/wp-json\/wp\/v2\/media\/8414"}],"wp:attachment":[{"href":"https:\/\/anber.es\/web\/wp-json\/wp\/v2\/media?parent=8480"}],"wp:term":[{"taxonomy":"product_cat","embeddable":true,"href":"https:\/\/anber.es\/web\/wp-json\/wp\/v2\/product_cat?post=8480"},{"taxonomy":"product_tag","embeddable":true,"href":"https:\/\/anber.es\/web\/wp-json\/wp\/v2\/product_tag?post=8480"}],"curies":[{"name":"wp","href":"https:\/\/api.w.org\/{rel}","templated":true}]}}