{"id":8559,"date":"2023-06-19T15:21:47","date_gmt":"2023-06-19T13:21:47","guid":{"rendered":"https:\/\/anber.es\/?post_type=product&#038;p=8559"},"modified":"2026-03-27T09:44:01","modified_gmt":"2026-03-27T07:44:01","slug":"sprinkler-esfr-p22-colgante","status":"publish","type":"product","link":"https:\/\/anber.es\/web\/producto\/sprinkler-esfr-p22-colgante\/","title":{"rendered":"Sprinkler ESFR P22 Colgante"},"content":{"rendered":"<p>El <strong>Sprinkler ESFR P22 Colgante<\/strong> es un sprinkler contra incendios de respuesta r\u00e1pida y supresi\u00f3n temprana con un factor K nominal de 22,4 (320 m\u00e9trico).  <\/p>\n<p>Estos sprinklers est\u00e1n dise\u00f1ados para <b>responder r\u00e1pidamente a incendios crecientes<\/b> y producir\u00e1n una fuerte descarga de agua para extinguir un incendio. <\/p>\n<p>Los sprinklers ESFR modelo P22 est\u00e1n <b>dise\u00f1ados para ser m\u00e1s cortos y compactos <\/b>que otros sprinklers ESFR, lo que permite una <b>mayor flexibilidad<\/b> con respecto a la distancia de los techos y las obstrucciones. Los sprinklers P22 ESFR tambi\u00e9n son <b>menos susceptibles a da\u00f1os<\/b> debido al dise\u00f1o m\u00e1s peque\u00f1o del marco y del deflector. <\/p>\n<p><b>Roscas disponibles:<\/b> 1&#8243; NPT o ISO7\/1-1 (BSPT).<br \/>\n<b>Temperaturas disponibles:<\/b> 74\u00baC o 100\u00baC.<br \/>\n<b>Factor K nominal:<\/b> 22,4.<br \/>\n<b>Aprobaciones:<\/b> Aprobado por FM.<\/p>\n<p>Referencia: SRPP22.<\/p>\n<p><a href=\"\/web\/wp-content\/uploads\/2023\/06\/Ficha_tecnica_sprinkler_ESFR_K22.4_colgante_modeloP22.pdf\" target=\"_blank\" rel=\"noopener noreferrer\"><button>Descarga ficha<\/button><\/a><br \/>\n<a class=\"insta-link\" href=\"https:\/\/www.instagram.com\/aqlproteccion\/?hl=es\" target=\"_blank\" rel=\"noopener noreferrer\">Instagram<\/a><\/p>\n","protected":false},"excerpt":{"rendered":"<p>El Sprinkler ESFR P22 Colgante es un sprinkler contra incendios de respuesta r\u00e1pida y supresi\u00f3n temprana con un factor K nominal de 22,4 (320 m\u00e9trico).  <\/p>\n","protected":false},"featured_media":8556,"template":"","meta":[],"product_cat":[120,119,125],"product_tag":[215],"yoast_head":"<!-- This site is optimized with the Yoast SEO plugin v22.1 - https:\/\/yoast.com\/wordpress\/plugins\/seo\/ -->\n<title>Sprinkler ESFR P22 Colgante - Anber<\/title>\n<meta name=\"description\" content=\"El Sprinkler ESFR P22 Colgante es un sprinkler contra incendios de respuesta r\u00e1pida y supresi\u00f3n temprana con un factor K nominal de 22,4 (320 m\u00e9trico).\" \/>\n<meta name=\"robots\" content=\"index, follow, max-snippet:-1, max-image-preview:large, max-video-preview:-1\" \/>\n<link rel=\"canonical\" href=\"https:\/\/anber.es\/web\/producto\/sprinkler-esfr-p22-colgante\/\" \/>\n<meta property=\"og:locale\" content=\"es_ES\" \/>\n<meta property=\"og:type\" content=\"article\" \/>\n<meta property=\"og:title\" content=\"Sprinkler ESFR P22 Colgante - Anber\" \/>\n<meta property=\"og:description\" content=\"El Sprinkler ESFR P22 Colgante es un sprinkler contra incendios de respuesta r\u00e1pida y supresi\u00f3n temprana con un factor K nominal de 22,4 (320 m\u00e9trico).\" \/>\n<meta property=\"og:url\" content=\"https:\/\/anber.es\/web\/producto\/sprinkler-esfr-p22-colgante\/\" \/>\n<meta property=\"og:site_name\" content=\"Anber\" \/>\n<meta property=\"article:modified_time\" content=\"2026-03-27T07:44:01+00:00\" \/>\n<meta property=\"og:image\" content=\"https:\/\/anber.es\/web\/wp-content\/uploads\/2023\/06\/sprinkler_P22_ESFR.webp\" \/>\n\t<meta property=\"og:image:width\" content=\"1000\" \/>\n\t<meta property=\"og:image:height\" content=\"1000\" \/>\n\t<meta property=\"og:image:type\" content=\"image\/webp\" \/>\n<meta name=\"twitter:card\" content=\"summary_large_image\" \/>\n<meta name=\"twitter:label1\" content=\"Tiempo de lectura\" \/>\n\t<meta name=\"twitter:data1\" content=\"1 minuto\" \/>\n<script type=\"application\/ld+json\" class=\"yoast-schema-graph\">{\"@context\":\"https:\/\/schema.org\",\"@graph\":[{\"@type\":\"WebPage\",\"@id\":\"https:\/\/anber.es\/web\/producto\/sprinkler-esfr-p22-colgante\/\",\"url\":\"https:\/\/anber.es\/web\/producto\/sprinkler-esfr-p22-colgante\/\",\"name\":\"Sprinkler ESFR P22 Colgante - Anber\",\"isPartOf\":{\"@id\":\"https:\/\/anber.es\/web\/#website\"},\"datePublished\":\"2023-06-19T13:21:47+00:00\",\"dateModified\":\"2026-03-27T07:44:01+00:00\",\"description\":\"El Sprinkler ESFR P22 Colgante es un sprinkler contra incendios de respuesta r\u00e1pida y supresi\u00f3n temprana con un factor K nominal de 22,4 (320 m\u00e9trico).\",\"breadcrumb\":{\"@id\":\"https:\/\/anber.es\/web\/producto\/sprinkler-esfr-p22-colgante\/#breadcrumb\"},\"inLanguage\":\"es\",\"potentialAction\":[{\"@type\":\"ReadAction\",\"target\":[\"https:\/\/anber.es\/web\/producto\/sprinkler-esfr-p22-colgante\/\"]}]},{\"@type\":\"BreadcrumbList\",\"@id\":\"https:\/\/anber.es\/web\/producto\/sprinkler-esfr-p22-colgante\/#breadcrumb\",\"itemListElement\":[{\"@type\":\"ListItem\",\"position\":1,\"name\":\"Portada\",\"item\":\"https:\/\/anber.es\/web\/\"},{\"@type\":\"ListItem\",\"position\":2,\"name\":\"Productos\",\"item\":\"https:\/\/anber.es\/web\/productos\/\"},{\"@type\":\"ListItem\",\"position\":3,\"name\":\"Sprinkler ESFR P22 Colgante\"}]},{\"@type\":\"WebSite\",\"@id\":\"https:\/\/anber.es\/web\/#website\",\"url\":\"https:\/\/anber.es\/web\/\",\"name\":\"Anber\",\"description\":\"Sistemas de protecci\u00f3n contra incendios\",\"publisher\":{\"@id\":\"https:\/\/anber.es\/web\/#organization\"},\"potentialAction\":[{\"@type\":\"SearchAction\",\"target\":{\"@type\":\"EntryPoint\",\"urlTemplate\":\"https:\/\/anber.es\/web\/?s={search_term_string}\"},\"query-input\":\"required name=search_term_string\"}],\"inLanguage\":\"es\"},{\"@type\":\"Organization\",\"@id\":\"https:\/\/anber.es\/web\/#organization\",\"name\":\"Anber\",\"url\":\"https:\/\/anber.es\/web\/\",\"logo\":{\"@type\":\"ImageObject\",\"inLanguage\":\"es\",\"@id\":\"https:\/\/anber.es\/web\/#\/schema\/logo\/image\/\",\"url\":\"https:\/\/anber.es\/web\/wp-content\/uploads\/2021\/03\/logo-anber.png\",\"contentUrl\":\"https:\/\/anber.es\/web\/wp-content\/uploads\/2021\/03\/logo-anber.png\",\"width\":2208,\"height\":500,\"caption\":\"Anber\"},\"image\":{\"@id\":\"https:\/\/anber.es\/web\/#\/schema\/logo\/image\/\"}}]}<\/script>\n<!-- \/ Yoast SEO plugin. -->","yoast_head_json":{"title":"Sprinkler ESFR P22 Colgante - Anber","description":"El Sprinkler ESFR P22 Colgante es un sprinkler contra incendios de respuesta r\u00e1pida y supresi\u00f3n temprana con un factor K nominal de 22,4 (320 m\u00e9trico).","robots":{"index":"index","follow":"follow","max-snippet":"max-snippet:-1","max-image-preview":"max-image-preview:large","max-video-preview":"max-video-preview:-1"},"canonical":"https:\/\/anber.es\/web\/producto\/sprinkler-esfr-p22-colgante\/","og_locale":"es_ES","og_type":"article","og_title":"Sprinkler ESFR P22 Colgante - Anber","og_description":"El Sprinkler ESFR P22 Colgante es un sprinkler contra incendios de respuesta r\u00e1pida y supresi\u00f3n temprana con un factor K nominal de 22,4 (320 m\u00e9trico).","og_url":"https:\/\/anber.es\/web\/producto\/sprinkler-esfr-p22-colgante\/","og_site_name":"Anber","article_modified_time":"2026-03-27T07:44:01+00:00","og_image":[{"width":1000,"height":1000,"url":"https:\/\/anber.es\/web\/wp-content\/uploads\/2023\/06\/sprinkler_P22_ESFR.webp","type":"image\/webp"}],"twitter_card":"summary_large_image","twitter_misc":{"Tiempo de lectura":"1 minuto"},"schema":{"@context":"https:\/\/schema.org","@graph":[{"@type":"WebPage","@id":"https:\/\/anber.es\/web\/producto\/sprinkler-esfr-p22-colgante\/","url":"https:\/\/anber.es\/web\/producto\/sprinkler-esfr-p22-colgante\/","name":"Sprinkler ESFR P22 Colgante - Anber","isPartOf":{"@id":"https:\/\/anber.es\/web\/#website"},"datePublished":"2023-06-19T13:21:47+00:00","dateModified":"2026-03-27T07:44:01+00:00","description":"El Sprinkler ESFR P22 Colgante es un sprinkler contra incendios de respuesta r\u00e1pida y supresi\u00f3n temprana con un factor K nominal de 22,4 (320 m\u00e9trico).","breadcrumb":{"@id":"https:\/\/anber.es\/web\/producto\/sprinkler-esfr-p22-colgante\/#breadcrumb"},"inLanguage":"es","potentialAction":[{"@type":"ReadAction","target":["https:\/\/anber.es\/web\/producto\/sprinkler-esfr-p22-colgante\/"]}]},{"@type":"BreadcrumbList","@id":"https:\/\/anber.es\/web\/producto\/sprinkler-esfr-p22-colgante\/#breadcrumb","itemListElement":[{"@type":"ListItem","position":1,"name":"Portada","item":"https:\/\/anber.es\/web\/"},{"@type":"ListItem","position":2,"name":"Productos","item":"https:\/\/anber.es\/web\/productos\/"},{"@type":"ListItem","position":3,"name":"Sprinkler ESFR P22 Colgante"}]},{"@type":"WebSite","@id":"https:\/\/anber.es\/web\/#website","url":"https:\/\/anber.es\/web\/","name":"Anber","description":"Sistemas de protecci\u00f3n contra incendios","publisher":{"@id":"https:\/\/anber.es\/web\/#organization"},"potentialAction":[{"@type":"SearchAction","target":{"@type":"EntryPoint","urlTemplate":"https:\/\/anber.es\/web\/?s={search_term_string}"},"query-input":"required name=search_term_string"}],"inLanguage":"es"},{"@type":"Organization","@id":"https:\/\/anber.es\/web\/#organization","name":"Anber","url":"https:\/\/anber.es\/web\/","logo":{"@type":"ImageObject","inLanguage":"es","@id":"https:\/\/anber.es\/web\/#\/schema\/logo\/image\/","url":"https:\/\/anber.es\/web\/wp-content\/uploads\/2021\/03\/logo-anber.png","contentUrl":"https:\/\/anber.es\/web\/wp-content\/uploads\/2021\/03\/logo-anber.png","width":2208,"height":500,"caption":"Anber"},"image":{"@id":"https:\/\/anber.es\/web\/#\/schema\/logo\/image\/"}}]}},"_links":{"self":[{"href":"https:\/\/anber.es\/web\/wp-json\/wp\/v2\/product\/8559"}],"collection":[{"href":"https:\/\/anber.es\/web\/wp-json\/wp\/v2\/product"}],"about":[{"href":"https:\/\/anber.es\/web\/wp-json\/wp\/v2\/types\/product"}],"wp:featuredmedia":[{"embeddable":true,"href":"https:\/\/anber.es\/web\/wp-json\/wp\/v2\/media\/8556"}],"wp:attachment":[{"href":"https:\/\/anber.es\/web\/wp-json\/wp\/v2\/media?parent=8559"}],"wp:term":[{"taxonomy":"product_cat","embeddable":true,"href":"https:\/\/anber.es\/web\/wp-json\/wp\/v2\/product_cat?post=8559"},{"taxonomy":"product_tag","embeddable":true,"href":"https:\/\/anber.es\/web\/wp-json\/wp\/v2\/product_tag?post=8559"}],"curies":[{"name":"wp","href":"https:\/\/api.w.org\/{rel}","templated":true}]}}