{"id":8593,"date":"2023-06-26T11:51:20","date_gmt":"2023-06-26T09:51:20","guid":{"rendered":"https:\/\/anber.es\/?post_type=product&#038;p=8593"},"modified":"2024-05-02T09:39:23","modified_gmt":"2024-05-02T07:39:23","slug":"desconector-roscado-m-m-pn10-en-laton","status":"publish","type":"product","link":"https:\/\/anber.es\/web\/producto\/desconector-roscado-m-m-pn10-en-laton\/","title":{"rendered":"Desconector roscado M-M PN10 en lat\u00f3n"},"content":{"rendered":"<p>El <strong>desconector roscado BA BM<\/strong> con zona de presi\u00f3n reducida controlable protege los sistemas de agua potable contra la contaminaci\u00f3n producida por reflujos debido a retorno de presi\u00f3n o bien por efecto sif\u00f1on.<\/p>\n<p>Temperatura m\u00e1xima: 65\u00b0C (pico m\u00e1ximo 90\u00b0C hora\/d\u00eda).<\/p>\n<p>Presi\u00f3n m\u00e1xima: 10 bar.<\/p>\n<p>Cuerpo Lat\u00f3n DZR CW602N <b>resistente a la descincificaci\u00f3n<\/b>. Es obligatorio instalar el filtro de la serie F21NOR aguas arriba.<\/p>\n<p>Referencia: VRBABM.<\/p>\n<p><a href=\"\/web\/wp-content\/uploads\/2024\/05\/Ficha_tecnica-desconector_roscado_M-M_PN10_en_laton.pdf\" target=\"_blank\" rel=\"noopener noreferrer\"><button>Descarga ficha <\/button><\/a><br \/>\n<a class=\"insta-link\" href=\"https:\/\/www.instagram.com\/aqlproteccion\/?hl=es\" target=\"_blank\" rel=\"noopener noreferrer\">Instagram<\/a><\/p>\n","protected":false},"excerpt":{"rendered":"<p>El desconector roscado BA BM con zona de presi\u00f3n reducida controlable protege los sistemas de agua potable contra la contaminaci\u00f3n&#8230;<\/p>\n","protected":false},"featured_media":8576,"template":"","meta":[],"product_cat":[79,45],"product_tag":[215],"yoast_head":"<!-- This site is optimized with the Yoast SEO plugin v22.1 - https:\/\/yoast.com\/wordpress\/plugins\/seo\/ -->\n<title>Desconector roscado M-M PN10 en lat\u00f3n - Anber<\/title>\n<meta name=\"description\" content=\"El desconector roscado BA BM con zona de presi\u00f3n reducida controlable protege los sistemas de agua potable contra la contaminaci\u00f3n...\" \/>\n<meta name=\"robots\" content=\"index, follow, max-snippet:-1, max-image-preview:large, max-video-preview:-1\" \/>\n<link rel=\"canonical\" href=\"https:\/\/anber.es\/web\/producto\/desconector-roscado-m-m-pn10-en-laton\/\" \/>\n<meta property=\"og:locale\" content=\"es_ES\" \/>\n<meta property=\"og:type\" content=\"article\" \/>\n<meta property=\"og:title\" content=\"Desconector roscado M-M PN10 en lat\u00f3n - Anber\" \/>\n<meta property=\"og:description\" content=\"El desconector roscado BA BM con zona de presi\u00f3n reducida controlable protege los sistemas de agua potable contra la contaminaci\u00f3n...\" \/>\n<meta property=\"og:url\" content=\"https:\/\/anber.es\/web\/producto\/desconector-roscado-m-m-pn10-en-laton\/\" \/>\n<meta property=\"og:site_name\" content=\"Anber\" \/>\n<meta property=\"article:modified_time\" content=\"2024-05-02T07:39:23+00:00\" \/>\n<meta property=\"og:image\" content=\"https:\/\/anber.es\/web\/wp-content\/uploads\/2021\/06\/desconector_roscado_M-M_PN10_en_laton.webp\" \/>\n\t<meta property=\"og:image:width\" content=\"1000\" \/>\n\t<meta property=\"og:image:height\" content=\"1000\" \/>\n\t<meta property=\"og:image:type\" content=\"image\/webp\" \/>\n<meta name=\"twitter:card\" content=\"summary_large_image\" \/>\n<meta name=\"twitter:label1\" content=\"Tiempo de lectura\" \/>\n\t<meta name=\"twitter:data1\" content=\"1 minuto\" \/>\n<script type=\"application\/ld+json\" class=\"yoast-schema-graph\">{\"@context\":\"https:\/\/schema.org\",\"@graph\":[{\"@type\":\"WebPage\",\"@id\":\"https:\/\/anber.es\/web\/producto\/desconector-roscado-m-m-pn10-en-laton\/\",\"url\":\"https:\/\/anber.es\/web\/producto\/desconector-roscado-m-m-pn10-en-laton\/\",\"name\":\"Desconector roscado M-M PN10 en lat\u00f3n - Anber\",\"isPartOf\":{\"@id\":\"https:\/\/anber.es\/web\/#website\"},\"datePublished\":\"2023-06-26T09:51:20+00:00\",\"dateModified\":\"2024-05-02T07:39:23+00:00\",\"description\":\"El desconector roscado BA BM con zona de presi\u00f3n reducida controlable protege los sistemas de agua potable contra la contaminaci\u00f3n...\",\"breadcrumb\":{\"@id\":\"https:\/\/anber.es\/web\/producto\/desconector-roscado-m-m-pn10-en-laton\/#breadcrumb\"},\"inLanguage\":\"es\",\"potentialAction\":[{\"@type\":\"ReadAction\",\"target\":[\"https:\/\/anber.es\/web\/producto\/desconector-roscado-m-m-pn10-en-laton\/\"]}]},{\"@type\":\"BreadcrumbList\",\"@id\":\"https:\/\/anber.es\/web\/producto\/desconector-roscado-m-m-pn10-en-laton\/#breadcrumb\",\"itemListElement\":[{\"@type\":\"ListItem\",\"position\":1,\"name\":\"Portada\",\"item\":\"https:\/\/anber.es\/web\/\"},{\"@type\":\"ListItem\",\"position\":2,\"name\":\"Productos\",\"item\":\"https:\/\/anber.es\/web\/productos\/\"},{\"@type\":\"ListItem\",\"position\":3,\"name\":\"Desconector roscado M-M PN10 en lat\u00f3n\"}]},{\"@type\":\"WebSite\",\"@id\":\"https:\/\/anber.es\/web\/#website\",\"url\":\"https:\/\/anber.es\/web\/\",\"name\":\"Anber\",\"description\":\"Sistemas de protecci\u00f3n contra incendios\",\"publisher\":{\"@id\":\"https:\/\/anber.es\/web\/#organization\"},\"potentialAction\":[{\"@type\":\"SearchAction\",\"target\":{\"@type\":\"EntryPoint\",\"urlTemplate\":\"https:\/\/anber.es\/web\/?s={search_term_string}\"},\"query-input\":\"required name=search_term_string\"}],\"inLanguage\":\"es\"},{\"@type\":\"Organization\",\"@id\":\"https:\/\/anber.es\/web\/#organization\",\"name\":\"Anber\",\"url\":\"https:\/\/anber.es\/web\/\",\"logo\":{\"@type\":\"ImageObject\",\"inLanguage\":\"es\",\"@id\":\"https:\/\/anber.es\/web\/#\/schema\/logo\/image\/\",\"url\":\"https:\/\/anber.es\/web\/wp-content\/uploads\/2021\/03\/logo-anber.png\",\"contentUrl\":\"https:\/\/anber.es\/web\/wp-content\/uploads\/2021\/03\/logo-anber.png\",\"width\":2208,\"height\":500,\"caption\":\"Anber\"},\"image\":{\"@id\":\"https:\/\/anber.es\/web\/#\/schema\/logo\/image\/\"}}]}<\/script>\n<!-- \/ Yoast SEO plugin. -->","yoast_head_json":{"title":"Desconector roscado M-M PN10 en lat\u00f3n - Anber","description":"El desconector roscado BA BM con zona de presi\u00f3n reducida controlable protege los sistemas de agua potable contra la contaminaci\u00f3n...","robots":{"index":"index","follow":"follow","max-snippet":"max-snippet:-1","max-image-preview":"max-image-preview:large","max-video-preview":"max-video-preview:-1"},"canonical":"https:\/\/anber.es\/web\/producto\/desconector-roscado-m-m-pn10-en-laton\/","og_locale":"es_ES","og_type":"article","og_title":"Desconector roscado M-M PN10 en lat\u00f3n - Anber","og_description":"El desconector roscado BA BM con zona de presi\u00f3n reducida controlable protege los sistemas de agua potable contra la contaminaci\u00f3n...","og_url":"https:\/\/anber.es\/web\/producto\/desconector-roscado-m-m-pn10-en-laton\/","og_site_name":"Anber","article_modified_time":"2024-05-02T07:39:23+00:00","og_image":[{"width":1000,"height":1000,"url":"https:\/\/anber.es\/web\/wp-content\/uploads\/2021\/06\/desconector_roscado_M-M_PN10_en_laton.webp","type":"image\/webp"}],"twitter_card":"summary_large_image","twitter_misc":{"Tiempo de lectura":"1 minuto"},"schema":{"@context":"https:\/\/schema.org","@graph":[{"@type":"WebPage","@id":"https:\/\/anber.es\/web\/producto\/desconector-roscado-m-m-pn10-en-laton\/","url":"https:\/\/anber.es\/web\/producto\/desconector-roscado-m-m-pn10-en-laton\/","name":"Desconector roscado M-M PN10 en lat\u00f3n - Anber","isPartOf":{"@id":"https:\/\/anber.es\/web\/#website"},"datePublished":"2023-06-26T09:51:20+00:00","dateModified":"2024-05-02T07:39:23+00:00","description":"El desconector roscado BA BM con zona de presi\u00f3n reducida controlable protege los sistemas de agua potable contra la contaminaci\u00f3n...","breadcrumb":{"@id":"https:\/\/anber.es\/web\/producto\/desconector-roscado-m-m-pn10-en-laton\/#breadcrumb"},"inLanguage":"es","potentialAction":[{"@type":"ReadAction","target":["https:\/\/anber.es\/web\/producto\/desconector-roscado-m-m-pn10-en-laton\/"]}]},{"@type":"BreadcrumbList","@id":"https:\/\/anber.es\/web\/producto\/desconector-roscado-m-m-pn10-en-laton\/#breadcrumb","itemListElement":[{"@type":"ListItem","position":1,"name":"Portada","item":"https:\/\/anber.es\/web\/"},{"@type":"ListItem","position":2,"name":"Productos","item":"https:\/\/anber.es\/web\/productos\/"},{"@type":"ListItem","position":3,"name":"Desconector roscado M-M PN10 en lat\u00f3n"}]},{"@type":"WebSite","@id":"https:\/\/anber.es\/web\/#website","url":"https:\/\/anber.es\/web\/","name":"Anber","description":"Sistemas de protecci\u00f3n contra incendios","publisher":{"@id":"https:\/\/anber.es\/web\/#organization"},"potentialAction":[{"@type":"SearchAction","target":{"@type":"EntryPoint","urlTemplate":"https:\/\/anber.es\/web\/?s={search_term_string}"},"query-input":"required name=search_term_string"}],"inLanguage":"es"},{"@type":"Organization","@id":"https:\/\/anber.es\/web\/#organization","name":"Anber","url":"https:\/\/anber.es\/web\/","logo":{"@type":"ImageObject","inLanguage":"es","@id":"https:\/\/anber.es\/web\/#\/schema\/logo\/image\/","url":"https:\/\/anber.es\/web\/wp-content\/uploads\/2021\/03\/logo-anber.png","contentUrl":"https:\/\/anber.es\/web\/wp-content\/uploads\/2021\/03\/logo-anber.png","width":2208,"height":500,"caption":"Anber"},"image":{"@id":"https:\/\/anber.es\/web\/#\/schema\/logo\/image\/"}}]}},"_links":{"self":[{"href":"https:\/\/anber.es\/web\/wp-json\/wp\/v2\/product\/8593"}],"collection":[{"href":"https:\/\/anber.es\/web\/wp-json\/wp\/v2\/product"}],"about":[{"href":"https:\/\/anber.es\/web\/wp-json\/wp\/v2\/types\/product"}],"wp:featuredmedia":[{"embeddable":true,"href":"https:\/\/anber.es\/web\/wp-json\/wp\/v2\/media\/8576"}],"wp:attachment":[{"href":"https:\/\/anber.es\/web\/wp-json\/wp\/v2\/media?parent=8593"}],"wp:term":[{"taxonomy":"product_cat","embeddable":true,"href":"https:\/\/anber.es\/web\/wp-json\/wp\/v2\/product_cat?post=8593"},{"taxonomy":"product_tag","embeddable":true,"href":"https:\/\/anber.es\/web\/wp-json\/wp\/v2\/product_tag?post=8593"}],"curies":[{"name":"wp","href":"https:\/\/api.w.org\/{rel}","templated":true}]}}