{"id":8596,"date":"2023-06-26T11:55:46","date_gmt":"2023-06-26T09:55:46","guid":{"rendered":"https:\/\/anber.es\/?post_type=product&#038;p=8596"},"modified":"2024-05-02T09:03:15","modified_gmt":"2024-05-02T07:03:15","slug":"valvula-de-retencion-a-disco-con-bridas-pn16","status":"publish","type":"product","link":"https:\/\/anber.es\/web\/producto\/valvula-de-retencion-a-disco-con-bridas-pn16\/","title":{"rendered":"V\u00e1lvula de retenci\u00f3n a disco con bridas PN16"},"content":{"rendered":"<p>La <strong>v\u00e1lvula de retenci\u00f3n a disco con bridas<\/strong> sirve para sistemas de aguas generales, plantas de abastecimiento, bombeo y acometidas de aguas; depuraci\u00f3n y bombeo de aguas residuales urbanas o industriales; conducciones de agua para riego; obra hidr\u00e1ulica y civil y climatizaci\u00f3n.<\/p>\n<p><b>Presi\u00f3n de trabajo<\/b>: PN 16.<br \/>\n<b>Temperatura de trabajo<\/b>: 0\u00b0 C a 80\u00b0 C.<br \/>\nBridas seg\u00fan: DIN 2501  (EN 1092-2 PN 16).<br \/>\nRecubrimiento interior y exterior \u201cEPOXY\u201d, 250 \u00b5m.<br \/>\nPruebas unitarias de presi\u00f3n seg\u00fan: EN 12266-1.<br \/>\n<b>Estanqueidad absoluta<\/b>.<br \/>\nFuncionamiento silencioso.<br \/>\n<b>Unidireccional<\/b>.<br \/>\nFuncionamiento en todas las posiciones.<br \/>\nUso como v\u00e1lvula de aspiraci\u00f3n, a\u00f1adiendo el filtro.<\/p>\n<p>Referencia: VRPFA.<\/p>\n<p><a href=\"\/web\/wp-content\/uploads\/2024\/05\/Ficha_tecnica-valvula_retencion_a_disco_con_bridas_PN16.pdf\" target=\"_blank\" rel=\"noopener noreferrer\"><button>Descarga ficha<\/button><\/a><br \/>\n<a class=\"insta-link\" href=\"https:\/\/www.instagram.com\/aqlproteccion\/?hl=es\" target=\"_blank\" rel=\"noopener noreferrer\">Instagram<\/a><\/p>\n","protected":false},"excerpt":{"rendered":"<p>La v\u00e1lvula de retenci\u00f3n a disco con bridas sirve para sistemas de aguas generales, plantas de abastecimiento, bombeo, etc.<\/p>\n","protected":false},"featured_media":8581,"template":"","meta":[],"product_cat":[79,45],"product_tag":[215],"yoast_head":"<!-- This site is optimized with the Yoast SEO plugin v22.1 - https:\/\/yoast.com\/wordpress\/plugins\/seo\/ -->\n<title>V\u00e1lvula de retenci\u00f3n a disco con bridas PN16 - Anber<\/title>\n<meta name=\"description\" content=\"La v\u00e1lvula de retenci\u00f3n a disco con bridas sirve para sistemas de aguas generales, plantas de abastecimiento, bombeo, etc.\" \/>\n<meta name=\"robots\" content=\"index, follow, max-snippet:-1, max-image-preview:large, max-video-preview:-1\" \/>\n<link rel=\"canonical\" href=\"https:\/\/anber.es\/web\/producto\/valvula-de-retencion-a-disco-con-bridas-pn16\/\" \/>\n<meta property=\"og:locale\" content=\"es_ES\" \/>\n<meta property=\"og:type\" content=\"article\" \/>\n<meta property=\"og:title\" content=\"V\u00e1lvula de retenci\u00f3n a disco con bridas PN16 - Anber\" \/>\n<meta property=\"og:description\" content=\"La v\u00e1lvula de retenci\u00f3n a disco con bridas sirve para sistemas de aguas generales, plantas de abastecimiento, bombeo, etc.\" \/>\n<meta property=\"og:url\" content=\"https:\/\/anber.es\/web\/producto\/valvula-de-retencion-a-disco-con-bridas-pn16\/\" \/>\n<meta property=\"og:site_name\" content=\"Anber\" \/>\n<meta property=\"article:modified_time\" content=\"2024-05-02T07:03:15+00:00\" \/>\n<meta property=\"og:image\" content=\"https:\/\/anber.es\/web\/wp-content\/uploads\/2021\/05\/valvula_retencion_a_disco_con_bridas_PN16.webp\" \/>\n\t<meta property=\"og:image:width\" content=\"1000\" \/>\n\t<meta property=\"og:image:height\" content=\"1000\" \/>\n\t<meta property=\"og:image:type\" content=\"image\/webp\" \/>\n<meta name=\"twitter:card\" content=\"summary_large_image\" \/>\n<meta name=\"twitter:label1\" content=\"Tiempo de lectura\" \/>\n\t<meta name=\"twitter:data1\" content=\"1 minuto\" \/>\n<script type=\"application\/ld+json\" class=\"yoast-schema-graph\">{\"@context\":\"https:\/\/schema.org\",\"@graph\":[{\"@type\":\"WebPage\",\"@id\":\"https:\/\/anber.es\/web\/producto\/valvula-de-retencion-a-disco-con-bridas-pn16\/\",\"url\":\"https:\/\/anber.es\/web\/producto\/valvula-de-retencion-a-disco-con-bridas-pn16\/\",\"name\":\"V\u00e1lvula de retenci\u00f3n a disco con bridas PN16 - Anber\",\"isPartOf\":{\"@id\":\"https:\/\/anber.es\/web\/#website\"},\"datePublished\":\"2023-06-26T09:55:46+00:00\",\"dateModified\":\"2024-05-02T07:03:15+00:00\",\"description\":\"La v\u00e1lvula de retenci\u00f3n a disco con bridas sirve para sistemas de aguas generales, plantas de abastecimiento, bombeo, etc.\",\"breadcrumb\":{\"@id\":\"https:\/\/anber.es\/web\/producto\/valvula-de-retencion-a-disco-con-bridas-pn16\/#breadcrumb\"},\"inLanguage\":\"es\",\"potentialAction\":[{\"@type\":\"ReadAction\",\"target\":[\"https:\/\/anber.es\/web\/producto\/valvula-de-retencion-a-disco-con-bridas-pn16\/\"]}]},{\"@type\":\"BreadcrumbList\",\"@id\":\"https:\/\/anber.es\/web\/producto\/valvula-de-retencion-a-disco-con-bridas-pn16\/#breadcrumb\",\"itemListElement\":[{\"@type\":\"ListItem\",\"position\":1,\"name\":\"Portada\",\"item\":\"https:\/\/anber.es\/web\/\"},{\"@type\":\"ListItem\",\"position\":2,\"name\":\"Productos\",\"item\":\"https:\/\/anber.es\/web\/productos\/\"},{\"@type\":\"ListItem\",\"position\":3,\"name\":\"V\u00e1lvula de retenci\u00f3n a disco con bridas PN16\"}]},{\"@type\":\"WebSite\",\"@id\":\"https:\/\/anber.es\/web\/#website\",\"url\":\"https:\/\/anber.es\/web\/\",\"name\":\"Anber\",\"description\":\"Sistemas de protecci\u00f3n contra incendios\",\"publisher\":{\"@id\":\"https:\/\/anber.es\/web\/#organization\"},\"potentialAction\":[{\"@type\":\"SearchAction\",\"target\":{\"@type\":\"EntryPoint\",\"urlTemplate\":\"https:\/\/anber.es\/web\/?s={search_term_string}\"},\"query-input\":\"required name=search_term_string\"}],\"inLanguage\":\"es\"},{\"@type\":\"Organization\",\"@id\":\"https:\/\/anber.es\/web\/#organization\",\"name\":\"Anber\",\"url\":\"https:\/\/anber.es\/web\/\",\"logo\":{\"@type\":\"ImageObject\",\"inLanguage\":\"es\",\"@id\":\"https:\/\/anber.es\/web\/#\/schema\/logo\/image\/\",\"url\":\"https:\/\/anber.es\/web\/wp-content\/uploads\/2021\/03\/logo-anber.png\",\"contentUrl\":\"https:\/\/anber.es\/web\/wp-content\/uploads\/2021\/03\/logo-anber.png\",\"width\":2208,\"height\":500,\"caption\":\"Anber\"},\"image\":{\"@id\":\"https:\/\/anber.es\/web\/#\/schema\/logo\/image\/\"}}]}<\/script>\n<!-- \/ Yoast SEO plugin. -->","yoast_head_json":{"title":"V\u00e1lvula de retenci\u00f3n a disco con bridas PN16 - Anber","description":"La v\u00e1lvula de retenci\u00f3n a disco con bridas sirve para sistemas de aguas generales, plantas de abastecimiento, bombeo, etc.","robots":{"index":"index","follow":"follow","max-snippet":"max-snippet:-1","max-image-preview":"max-image-preview:large","max-video-preview":"max-video-preview:-1"},"canonical":"https:\/\/anber.es\/web\/producto\/valvula-de-retencion-a-disco-con-bridas-pn16\/","og_locale":"es_ES","og_type":"article","og_title":"V\u00e1lvula de retenci\u00f3n a disco con bridas PN16 - Anber","og_description":"La v\u00e1lvula de retenci\u00f3n a disco con bridas sirve para sistemas de aguas generales, plantas de abastecimiento, bombeo, etc.","og_url":"https:\/\/anber.es\/web\/producto\/valvula-de-retencion-a-disco-con-bridas-pn16\/","og_site_name":"Anber","article_modified_time":"2024-05-02T07:03:15+00:00","og_image":[{"width":1000,"height":1000,"url":"https:\/\/anber.es\/web\/wp-content\/uploads\/2021\/05\/valvula_retencion_a_disco_con_bridas_PN16.webp","type":"image\/webp"}],"twitter_card":"summary_large_image","twitter_misc":{"Tiempo de lectura":"1 minuto"},"schema":{"@context":"https:\/\/schema.org","@graph":[{"@type":"WebPage","@id":"https:\/\/anber.es\/web\/producto\/valvula-de-retencion-a-disco-con-bridas-pn16\/","url":"https:\/\/anber.es\/web\/producto\/valvula-de-retencion-a-disco-con-bridas-pn16\/","name":"V\u00e1lvula de retenci\u00f3n a disco con bridas PN16 - Anber","isPartOf":{"@id":"https:\/\/anber.es\/web\/#website"},"datePublished":"2023-06-26T09:55:46+00:00","dateModified":"2024-05-02T07:03:15+00:00","description":"La v\u00e1lvula de retenci\u00f3n a disco con bridas sirve para sistemas de aguas generales, plantas de abastecimiento, bombeo, etc.","breadcrumb":{"@id":"https:\/\/anber.es\/web\/producto\/valvula-de-retencion-a-disco-con-bridas-pn16\/#breadcrumb"},"inLanguage":"es","potentialAction":[{"@type":"ReadAction","target":["https:\/\/anber.es\/web\/producto\/valvula-de-retencion-a-disco-con-bridas-pn16\/"]}]},{"@type":"BreadcrumbList","@id":"https:\/\/anber.es\/web\/producto\/valvula-de-retencion-a-disco-con-bridas-pn16\/#breadcrumb","itemListElement":[{"@type":"ListItem","position":1,"name":"Portada","item":"https:\/\/anber.es\/web\/"},{"@type":"ListItem","position":2,"name":"Productos","item":"https:\/\/anber.es\/web\/productos\/"},{"@type":"ListItem","position":3,"name":"V\u00e1lvula de retenci\u00f3n a disco con bridas PN16"}]},{"@type":"WebSite","@id":"https:\/\/anber.es\/web\/#website","url":"https:\/\/anber.es\/web\/","name":"Anber","description":"Sistemas de protecci\u00f3n contra incendios","publisher":{"@id":"https:\/\/anber.es\/web\/#organization"},"potentialAction":[{"@type":"SearchAction","target":{"@type":"EntryPoint","urlTemplate":"https:\/\/anber.es\/web\/?s={search_term_string}"},"query-input":"required name=search_term_string"}],"inLanguage":"es"},{"@type":"Organization","@id":"https:\/\/anber.es\/web\/#organization","name":"Anber","url":"https:\/\/anber.es\/web\/","logo":{"@type":"ImageObject","inLanguage":"es","@id":"https:\/\/anber.es\/web\/#\/schema\/logo\/image\/","url":"https:\/\/anber.es\/web\/wp-content\/uploads\/2021\/03\/logo-anber.png","contentUrl":"https:\/\/anber.es\/web\/wp-content\/uploads\/2021\/03\/logo-anber.png","width":2208,"height":500,"caption":"Anber"},"image":{"@id":"https:\/\/anber.es\/web\/#\/schema\/logo\/image\/"}}]}},"_links":{"self":[{"href":"https:\/\/anber.es\/web\/wp-json\/wp\/v2\/product\/8596"}],"collection":[{"href":"https:\/\/anber.es\/web\/wp-json\/wp\/v2\/product"}],"about":[{"href":"https:\/\/anber.es\/web\/wp-json\/wp\/v2\/types\/product"}],"wp:featuredmedia":[{"embeddable":true,"href":"https:\/\/anber.es\/web\/wp-json\/wp\/v2\/media\/8581"}],"wp:attachment":[{"href":"https:\/\/anber.es\/web\/wp-json\/wp\/v2\/media?parent=8596"}],"wp:term":[{"taxonomy":"product_cat","embeddable":true,"href":"https:\/\/anber.es\/web\/wp-json\/wp\/v2\/product_cat?post=8596"},{"taxonomy":"product_tag","embeddable":true,"href":"https:\/\/anber.es\/web\/wp-json\/wp\/v2\/product_tag?post=8596"}],"curies":[{"name":"wp","href":"https:\/\/api.w.org\/{rel}","templated":true}]}}