{"id":8603,"date":"2023-06-26T12:19:46","date_gmt":"2023-06-26T10:19:46","guid":{"rendered":"https:\/\/anber.es\/?post_type=product&#038;p=8603"},"modified":"2025-05-22T10:32:07","modified_gmt":"2025-05-22T08:32:07","slug":"valvula-retencion-clapeta-oscilante-ranurada","status":"publish","type":"product","link":"https:\/\/anber.es\/web\/producto\/valvula-retencion-clapeta-oscilante-ranurada\/","title":{"rendered":"V\u00e1lvula retenci\u00f3n clapeta oscilante ranurada"},"content":{"rendered":"<p>La <strong>v\u00e1lvula de retenci\u00f3n de clapeta oscilante ranurada FM-UL <\/strong> se puede instalar horizontal o verticalmente con flujo ascendente. Tama\u00f1os desde <b> 2&#8243; hasta 12&#8243;<\/b>.<\/p>\n<p>Presi\u00f3n m\u00e1xima de trabajo: <b>20 bar (300 psi)<\/b>.<\/p>\n<p>Temperatura de trabajo: <b>0\u00baC a 80\u00baC<\/b>.<\/p>\n<p>Cuerpo con recubrimiento adherido por fusi\u00f3n.<\/p>\n<p>Listada y aprobada <b>FM \/ UL<\/b>.<\/p>\n<p>Referencia: VRTICSG.<\/p>\n<p><a href=\"\/web\/wp-content\/uploads\/2025\/05\/Ficha_tecnica-valvula_retencion_clapeta_oscilante_ranurada.pdf\" target=\"_blank\" rel=\"noopener noreferrer\"><button>Descarga ficha <\/button><\/a><br \/>\n<a class=\"insta-link\" href=\"https:\/\/www.instagram.com\/aqlproteccion\/?hl=es\" target=\"_blank\" rel=\"noopener noreferrer\">Instagram<\/a><\/p>\n","protected":false},"excerpt":{"rendered":"<p>La v\u00e1lvula de retenci\u00f3n de clapeta oscilante ranurada  se puede instalar horizontal o verticalmente con flujo ascendente. Tama\u00f1os desde 2&#8243; hasta 12&#8243;.<\/p>\n","protected":false},"featured_media":10028,"template":"","meta":[],"product_cat":[79,45],"product_tag":[215],"yoast_head":"<!-- This site is optimized with the Yoast SEO plugin v22.1 - https:\/\/yoast.com\/wordpress\/plugins\/seo\/ -->\n<title>V\u00e1lvula retenci\u00f3n clapeta oscilante ranurada - Anber<\/title>\n<meta name=\"description\" content=\"La v\u00e1lvula de retenci\u00f3n de clapeta oscilante ranurada se puede instalar horizontal o verticalmente con flujo ascendente. Tama\u00f1os desde 2&quot; hasta 12&quot;.\" \/>\n<meta name=\"robots\" content=\"index, follow, max-snippet:-1, max-image-preview:large, max-video-preview:-1\" \/>\n<link rel=\"canonical\" href=\"https:\/\/anber.es\/web\/producto\/valvula-retencion-clapeta-oscilante-ranurada\/\" \/>\n<meta property=\"og:locale\" content=\"es_ES\" \/>\n<meta property=\"og:type\" content=\"article\" \/>\n<meta property=\"og:title\" content=\"V\u00e1lvula retenci\u00f3n clapeta oscilante ranurada - Anber\" \/>\n<meta property=\"og:description\" content=\"La v\u00e1lvula de retenci\u00f3n de clapeta oscilante ranurada se puede instalar horizontal o verticalmente con flujo ascendente. Tama\u00f1os desde 2&quot; hasta 12&quot;.\" \/>\n<meta property=\"og:url\" content=\"https:\/\/anber.es\/web\/producto\/valvula-retencion-clapeta-oscilante-ranurada\/\" \/>\n<meta property=\"og:site_name\" content=\"Anber\" \/>\n<meta property=\"article:modified_time\" content=\"2025-05-22T08:32:07+00:00\" \/>\n<meta property=\"og:image\" content=\"https:\/\/anber.es\/web\/wp-content\/uploads\/2025\/05\/valvula_retencion_clapeta_oscilante_ranurada.webp\" \/>\n\t<meta property=\"og:image:width\" content=\"1000\" \/>\n\t<meta property=\"og:image:height\" content=\"1000\" \/>\n\t<meta property=\"og:image:type\" content=\"image\/webp\" \/>\n<meta name=\"twitter:card\" content=\"summary_large_image\" \/>\n<meta name=\"twitter:label1\" content=\"Tiempo de lectura\" \/>\n\t<meta name=\"twitter:data1\" content=\"1 minuto\" \/>\n<script type=\"application\/ld+json\" class=\"yoast-schema-graph\">{\"@context\":\"https:\/\/schema.org\",\"@graph\":[{\"@type\":\"WebPage\",\"@id\":\"https:\/\/anber.es\/web\/producto\/valvula-retencion-clapeta-oscilante-ranurada\/\",\"url\":\"https:\/\/anber.es\/web\/producto\/valvula-retencion-clapeta-oscilante-ranurada\/\",\"name\":\"V\u00e1lvula retenci\u00f3n clapeta oscilante ranurada - Anber\",\"isPartOf\":{\"@id\":\"https:\/\/anber.es\/web\/#website\"},\"datePublished\":\"2023-06-26T10:19:46+00:00\",\"dateModified\":\"2025-05-22T08:32:07+00:00\",\"description\":\"La v\u00e1lvula de retenci\u00f3n de clapeta oscilante ranurada se puede instalar horizontal o verticalmente con flujo ascendente. Tama\u00f1os desde 2\\\" hasta 12\\\".\",\"breadcrumb\":{\"@id\":\"https:\/\/anber.es\/web\/producto\/valvula-retencion-clapeta-oscilante-ranurada\/#breadcrumb\"},\"inLanguage\":\"es\",\"potentialAction\":[{\"@type\":\"ReadAction\",\"target\":[\"https:\/\/anber.es\/web\/producto\/valvula-retencion-clapeta-oscilante-ranurada\/\"]}]},{\"@type\":\"BreadcrumbList\",\"@id\":\"https:\/\/anber.es\/web\/producto\/valvula-retencion-clapeta-oscilante-ranurada\/#breadcrumb\",\"itemListElement\":[{\"@type\":\"ListItem\",\"position\":1,\"name\":\"Portada\",\"item\":\"https:\/\/anber.es\/web\/\"},{\"@type\":\"ListItem\",\"position\":2,\"name\":\"Productos\",\"item\":\"https:\/\/anber.es\/web\/productos\/\"},{\"@type\":\"ListItem\",\"position\":3,\"name\":\"V\u00e1lvula retenci\u00f3n clapeta oscilante ranurada\"}]},{\"@type\":\"WebSite\",\"@id\":\"https:\/\/anber.es\/web\/#website\",\"url\":\"https:\/\/anber.es\/web\/\",\"name\":\"Anber\",\"description\":\"Sistemas de protecci\u00f3n contra incendios\",\"publisher\":{\"@id\":\"https:\/\/anber.es\/web\/#organization\"},\"potentialAction\":[{\"@type\":\"SearchAction\",\"target\":{\"@type\":\"EntryPoint\",\"urlTemplate\":\"https:\/\/anber.es\/web\/?s={search_term_string}\"},\"query-input\":\"required name=search_term_string\"}],\"inLanguage\":\"es\"},{\"@type\":\"Organization\",\"@id\":\"https:\/\/anber.es\/web\/#organization\",\"name\":\"Anber\",\"url\":\"https:\/\/anber.es\/web\/\",\"logo\":{\"@type\":\"ImageObject\",\"inLanguage\":\"es\",\"@id\":\"https:\/\/anber.es\/web\/#\/schema\/logo\/image\/\",\"url\":\"https:\/\/anber.es\/web\/wp-content\/uploads\/2021\/03\/logo-anber.png\",\"contentUrl\":\"https:\/\/anber.es\/web\/wp-content\/uploads\/2021\/03\/logo-anber.png\",\"width\":2208,\"height\":500,\"caption\":\"Anber\"},\"image\":{\"@id\":\"https:\/\/anber.es\/web\/#\/schema\/logo\/image\/\"}}]}<\/script>\n<!-- \/ Yoast SEO plugin. -->","yoast_head_json":{"title":"V\u00e1lvula retenci\u00f3n clapeta oscilante ranurada - Anber","description":"La v\u00e1lvula de retenci\u00f3n de clapeta oscilante ranurada se puede instalar horizontal o verticalmente con flujo ascendente. Tama\u00f1os desde 2\" hasta 12\".","robots":{"index":"index","follow":"follow","max-snippet":"max-snippet:-1","max-image-preview":"max-image-preview:large","max-video-preview":"max-video-preview:-1"},"canonical":"https:\/\/anber.es\/web\/producto\/valvula-retencion-clapeta-oscilante-ranurada\/","og_locale":"es_ES","og_type":"article","og_title":"V\u00e1lvula retenci\u00f3n clapeta oscilante ranurada - Anber","og_description":"La v\u00e1lvula de retenci\u00f3n de clapeta oscilante ranurada se puede instalar horizontal o verticalmente con flujo ascendente. Tama\u00f1os desde 2\" hasta 12\".","og_url":"https:\/\/anber.es\/web\/producto\/valvula-retencion-clapeta-oscilante-ranurada\/","og_site_name":"Anber","article_modified_time":"2025-05-22T08:32:07+00:00","og_image":[{"width":1000,"height":1000,"url":"https:\/\/anber.es\/web\/wp-content\/uploads\/2025\/05\/valvula_retencion_clapeta_oscilante_ranurada.webp","type":"image\/webp"}],"twitter_card":"summary_large_image","twitter_misc":{"Tiempo de lectura":"1 minuto"},"schema":{"@context":"https:\/\/schema.org","@graph":[{"@type":"WebPage","@id":"https:\/\/anber.es\/web\/producto\/valvula-retencion-clapeta-oscilante-ranurada\/","url":"https:\/\/anber.es\/web\/producto\/valvula-retencion-clapeta-oscilante-ranurada\/","name":"V\u00e1lvula retenci\u00f3n clapeta oscilante ranurada - Anber","isPartOf":{"@id":"https:\/\/anber.es\/web\/#website"},"datePublished":"2023-06-26T10:19:46+00:00","dateModified":"2025-05-22T08:32:07+00:00","description":"La v\u00e1lvula de retenci\u00f3n de clapeta oscilante ranurada se puede instalar horizontal o verticalmente con flujo ascendente. Tama\u00f1os desde 2\" hasta 12\".","breadcrumb":{"@id":"https:\/\/anber.es\/web\/producto\/valvula-retencion-clapeta-oscilante-ranurada\/#breadcrumb"},"inLanguage":"es","potentialAction":[{"@type":"ReadAction","target":["https:\/\/anber.es\/web\/producto\/valvula-retencion-clapeta-oscilante-ranurada\/"]}]},{"@type":"BreadcrumbList","@id":"https:\/\/anber.es\/web\/producto\/valvula-retencion-clapeta-oscilante-ranurada\/#breadcrumb","itemListElement":[{"@type":"ListItem","position":1,"name":"Portada","item":"https:\/\/anber.es\/web\/"},{"@type":"ListItem","position":2,"name":"Productos","item":"https:\/\/anber.es\/web\/productos\/"},{"@type":"ListItem","position":3,"name":"V\u00e1lvula retenci\u00f3n clapeta oscilante ranurada"}]},{"@type":"WebSite","@id":"https:\/\/anber.es\/web\/#website","url":"https:\/\/anber.es\/web\/","name":"Anber","description":"Sistemas de protecci\u00f3n contra incendios","publisher":{"@id":"https:\/\/anber.es\/web\/#organization"},"potentialAction":[{"@type":"SearchAction","target":{"@type":"EntryPoint","urlTemplate":"https:\/\/anber.es\/web\/?s={search_term_string}"},"query-input":"required name=search_term_string"}],"inLanguage":"es"},{"@type":"Organization","@id":"https:\/\/anber.es\/web\/#organization","name":"Anber","url":"https:\/\/anber.es\/web\/","logo":{"@type":"ImageObject","inLanguage":"es","@id":"https:\/\/anber.es\/web\/#\/schema\/logo\/image\/","url":"https:\/\/anber.es\/web\/wp-content\/uploads\/2021\/03\/logo-anber.png","contentUrl":"https:\/\/anber.es\/web\/wp-content\/uploads\/2021\/03\/logo-anber.png","width":2208,"height":500,"caption":"Anber"},"image":{"@id":"https:\/\/anber.es\/web\/#\/schema\/logo\/image\/"}}]}},"_links":{"self":[{"href":"https:\/\/anber.es\/web\/wp-json\/wp\/v2\/product\/8603"}],"collection":[{"href":"https:\/\/anber.es\/web\/wp-json\/wp\/v2\/product"}],"about":[{"href":"https:\/\/anber.es\/web\/wp-json\/wp\/v2\/types\/product"}],"wp:featuredmedia":[{"embeddable":true,"href":"https:\/\/anber.es\/web\/wp-json\/wp\/v2\/media\/10028"}],"wp:attachment":[{"href":"https:\/\/anber.es\/web\/wp-json\/wp\/v2\/media?parent=8603"}],"wp:term":[{"taxonomy":"product_cat","embeddable":true,"href":"https:\/\/anber.es\/web\/wp-json\/wp\/v2\/product_cat?post=8603"},{"taxonomy":"product_tag","embeddable":true,"href":"https:\/\/anber.es\/web\/wp-json\/wp\/v2\/product_tag?post=8603"}],"curies":[{"name":"wp","href":"https:\/\/api.w.org\/{rel}","templated":true}]}}