{"id":862,"date":"2020-11-05T16:57:37","date_gmt":"2020-11-05T14:57:37","guid":{"rendered":"http:\/\/anber.es\/web\/?post_type=product&#038;p=862"},"modified":"2025-11-14T14:57:54","modified_gmt":"2025-11-14T12:57:54","slug":"lubricante","status":"publish","type":"product","link":"https:\/\/anber.es\/web\/producto\/lubricante\/","title":{"rendered":"Lubricante para juntas"},"content":{"rendered":"<p>El <strong>lubricante para juntas\u00a0<\/strong>es un lubricante dispersable en agua, certificado para cumplir con el est\u00e1ndar NSF\/ANSI 61, lo que lo hace apto para su uso en sistemas de agua potable. <\/p>\n<p>Su consistencia cremosa permite que el instalador aplique una capa suave y uniforme de lubricante tanto en la junta como en la tuber\u00eda. Combinado con la excelente lubricidad del producto, el resultado es una operaci\u00f3n de ensamblaje de tuber\u00edas m\u00e1s f\u00e1cil, r\u00e1pida y confiable.<\/p>\n<p>Formulado para ser excepcionalmente vers\u00e1til, tiene un rango de temperatura de uso muy amplio, desde -33\u00baC hasta 65\u00baC. <\/p>\n<p>\u00b7 No t\u00f3xico<br \/>\n\u00b7 Biodegradable.<br \/>\n\u00b7 Forma: Pasta cremosa.<br \/>\n\u00b7 Color: Blanco roto.<br \/>\n\u00b7 Olor: Neutro.<br \/>\n\u00b7 Peso neto: Aproximadamente: 900 g. <\/p>\n<p>Referencia: CRLUB907.<\/p>\n<p><a href=\"\/web\/wp-content\/uploads\/2025\/11\/Ficha_tecnica-lubricante_para_juntas.pdf\" target=\"_blank\" rel=\"noopener noreferrer\"><button>Descarga ficha<\/button><\/a><br \/>\n<a class=\"insta-link\" href=\"https:\/\/www.instagram.com\/aqlproteccion\/?hl=es\" target=\"_blank\" rel=\"noopener noreferrer\">Instagram<\/a><\/p>\n","protected":false},"excerpt":{"rendered":"<p>El lubricante para juntas es un lubricante dispersable en agua, certificado para cumplir con el est\u00e1ndar NSF\/ANSI 61, lo que lo hace apto para su uso en sistemas de agua potable. <\/p>\n","protected":false},"featured_media":10441,"template":"","meta":[],"product_cat":[75,41],"product_tag":[215],"yoast_head":"<!-- This site is optimized with the Yoast SEO plugin v22.1 - https:\/\/yoast.com\/wordpress\/plugins\/seo\/ -->\n<title>Lubricante para juntas - Anber<\/title>\n<meta name=\"description\" content=\"El lubricante para juntas es un lubricante dispersable en agua, certificado para cumplir con el est\u00e1ndar NSF\/ANSI 61, apto uso en sistemas de agua potable.\" \/>\n<meta name=\"robots\" content=\"index, follow, max-snippet:-1, max-image-preview:large, max-video-preview:-1\" \/>\n<link rel=\"canonical\" href=\"https:\/\/anber.es\/web\/producto\/lubricante\/\" \/>\n<meta property=\"og:locale\" content=\"es_ES\" \/>\n<meta property=\"og:type\" content=\"article\" \/>\n<meta property=\"og:title\" content=\"Lubricante para juntas - Anber\" \/>\n<meta property=\"og:description\" content=\"El lubricante para juntas es un lubricante dispersable en agua, certificado para cumplir con el est\u00e1ndar NSF\/ANSI 61, apto uso en sistemas de agua potable.\" \/>\n<meta property=\"og:url\" content=\"https:\/\/anber.es\/web\/producto\/lubricante\/\" \/>\n<meta property=\"og:site_name\" content=\"Anber\" \/>\n<meta property=\"article:modified_time\" content=\"2025-11-14T12:57:54+00:00\" \/>\n<meta property=\"og:image\" content=\"https:\/\/anber.es\/web\/wp-content\/uploads\/2025\/11\/lubricante_para_juntas.webp\" \/>\n\t<meta property=\"og:image:width\" content=\"1000\" \/>\n\t<meta property=\"og:image:height\" content=\"1000\" \/>\n\t<meta property=\"og:image:type\" content=\"image\/webp\" \/>\n<meta name=\"twitter:card\" content=\"summary_large_image\" \/>\n<meta name=\"twitter:label1\" content=\"Tiempo de lectura\" \/>\n\t<meta name=\"twitter:data1\" content=\"1 minuto\" \/>\n<script type=\"application\/ld+json\" class=\"yoast-schema-graph\">{\"@context\":\"https:\/\/schema.org\",\"@graph\":[{\"@type\":\"WebPage\",\"@id\":\"https:\/\/anber.es\/web\/producto\/lubricante\/\",\"url\":\"https:\/\/anber.es\/web\/producto\/lubricante\/\",\"name\":\"Lubricante para juntas - Anber\",\"isPartOf\":{\"@id\":\"https:\/\/anber.es\/web\/#website\"},\"datePublished\":\"2020-11-05T14:57:37+00:00\",\"dateModified\":\"2025-11-14T12:57:54+00:00\",\"description\":\"El lubricante para juntas es un lubricante dispersable en agua, certificado para cumplir con el est\u00e1ndar NSF\/ANSI 61, apto uso en sistemas de agua potable.\",\"breadcrumb\":{\"@id\":\"https:\/\/anber.es\/web\/producto\/lubricante\/#breadcrumb\"},\"inLanguage\":\"es\",\"potentialAction\":[{\"@type\":\"ReadAction\",\"target\":[\"https:\/\/anber.es\/web\/producto\/lubricante\/\"]}]},{\"@type\":\"BreadcrumbList\",\"@id\":\"https:\/\/anber.es\/web\/producto\/lubricante\/#breadcrumb\",\"itemListElement\":[{\"@type\":\"ListItem\",\"position\":1,\"name\":\"Portada\",\"item\":\"https:\/\/anber.es\/web\/\"},{\"@type\":\"ListItem\",\"position\":2,\"name\":\"Productos\",\"item\":\"https:\/\/anber.es\/web\/productos\/\"},{\"@type\":\"ListItem\",\"position\":3,\"name\":\"Lubricante para juntas\"}]},{\"@type\":\"WebSite\",\"@id\":\"https:\/\/anber.es\/web\/#website\",\"url\":\"https:\/\/anber.es\/web\/\",\"name\":\"Anber\",\"description\":\"Sistemas de protecci\u00f3n contra incendios\",\"publisher\":{\"@id\":\"https:\/\/anber.es\/web\/#organization\"},\"potentialAction\":[{\"@type\":\"SearchAction\",\"target\":{\"@type\":\"EntryPoint\",\"urlTemplate\":\"https:\/\/anber.es\/web\/?s={search_term_string}\"},\"query-input\":\"required name=search_term_string\"}],\"inLanguage\":\"es\"},{\"@type\":\"Organization\",\"@id\":\"https:\/\/anber.es\/web\/#organization\",\"name\":\"Anber\",\"url\":\"https:\/\/anber.es\/web\/\",\"logo\":{\"@type\":\"ImageObject\",\"inLanguage\":\"es\",\"@id\":\"https:\/\/anber.es\/web\/#\/schema\/logo\/image\/\",\"url\":\"https:\/\/anber.es\/web\/wp-content\/uploads\/2021\/03\/logo-anber.png\",\"contentUrl\":\"https:\/\/anber.es\/web\/wp-content\/uploads\/2021\/03\/logo-anber.png\",\"width\":2208,\"height\":500,\"caption\":\"Anber\"},\"image\":{\"@id\":\"https:\/\/anber.es\/web\/#\/schema\/logo\/image\/\"}}]}<\/script>\n<!-- \/ Yoast SEO plugin. -->","yoast_head_json":{"title":"Lubricante para juntas - Anber","description":"El lubricante para juntas es un lubricante dispersable en agua, certificado para cumplir con el est\u00e1ndar NSF\/ANSI 61, apto uso en sistemas de agua potable.","robots":{"index":"index","follow":"follow","max-snippet":"max-snippet:-1","max-image-preview":"max-image-preview:large","max-video-preview":"max-video-preview:-1"},"canonical":"https:\/\/anber.es\/web\/producto\/lubricante\/","og_locale":"es_ES","og_type":"article","og_title":"Lubricante para juntas - Anber","og_description":"El lubricante para juntas es un lubricante dispersable en agua, certificado para cumplir con el est\u00e1ndar NSF\/ANSI 61, apto uso en sistemas de agua potable.","og_url":"https:\/\/anber.es\/web\/producto\/lubricante\/","og_site_name":"Anber","article_modified_time":"2025-11-14T12:57:54+00:00","og_image":[{"width":1000,"height":1000,"url":"https:\/\/anber.es\/web\/wp-content\/uploads\/2025\/11\/lubricante_para_juntas.webp","type":"image\/webp"}],"twitter_card":"summary_large_image","twitter_misc":{"Tiempo de lectura":"1 minuto"},"schema":{"@context":"https:\/\/schema.org","@graph":[{"@type":"WebPage","@id":"https:\/\/anber.es\/web\/producto\/lubricante\/","url":"https:\/\/anber.es\/web\/producto\/lubricante\/","name":"Lubricante para juntas - Anber","isPartOf":{"@id":"https:\/\/anber.es\/web\/#website"},"datePublished":"2020-11-05T14:57:37+00:00","dateModified":"2025-11-14T12:57:54+00:00","description":"El lubricante para juntas es un lubricante dispersable en agua, certificado para cumplir con el est\u00e1ndar NSF\/ANSI 61, apto uso en sistemas de agua potable.","breadcrumb":{"@id":"https:\/\/anber.es\/web\/producto\/lubricante\/#breadcrumb"},"inLanguage":"es","potentialAction":[{"@type":"ReadAction","target":["https:\/\/anber.es\/web\/producto\/lubricante\/"]}]},{"@type":"BreadcrumbList","@id":"https:\/\/anber.es\/web\/producto\/lubricante\/#breadcrumb","itemListElement":[{"@type":"ListItem","position":1,"name":"Portada","item":"https:\/\/anber.es\/web\/"},{"@type":"ListItem","position":2,"name":"Productos","item":"https:\/\/anber.es\/web\/productos\/"},{"@type":"ListItem","position":3,"name":"Lubricante para juntas"}]},{"@type":"WebSite","@id":"https:\/\/anber.es\/web\/#website","url":"https:\/\/anber.es\/web\/","name":"Anber","description":"Sistemas de protecci\u00f3n contra incendios","publisher":{"@id":"https:\/\/anber.es\/web\/#organization"},"potentialAction":[{"@type":"SearchAction","target":{"@type":"EntryPoint","urlTemplate":"https:\/\/anber.es\/web\/?s={search_term_string}"},"query-input":"required name=search_term_string"}],"inLanguage":"es"},{"@type":"Organization","@id":"https:\/\/anber.es\/web\/#organization","name":"Anber","url":"https:\/\/anber.es\/web\/","logo":{"@type":"ImageObject","inLanguage":"es","@id":"https:\/\/anber.es\/web\/#\/schema\/logo\/image\/","url":"https:\/\/anber.es\/web\/wp-content\/uploads\/2021\/03\/logo-anber.png","contentUrl":"https:\/\/anber.es\/web\/wp-content\/uploads\/2021\/03\/logo-anber.png","width":2208,"height":500,"caption":"Anber"},"image":{"@id":"https:\/\/anber.es\/web\/#\/schema\/logo\/image\/"}}]}},"_links":{"self":[{"href":"https:\/\/anber.es\/web\/wp-json\/wp\/v2\/product\/862"}],"collection":[{"href":"https:\/\/anber.es\/web\/wp-json\/wp\/v2\/product"}],"about":[{"href":"https:\/\/anber.es\/web\/wp-json\/wp\/v2\/types\/product"}],"wp:featuredmedia":[{"embeddable":true,"href":"https:\/\/anber.es\/web\/wp-json\/wp\/v2\/media\/10441"}],"wp:attachment":[{"href":"https:\/\/anber.es\/web\/wp-json\/wp\/v2\/media?parent=862"}],"wp:term":[{"taxonomy":"product_cat","embeddable":true,"href":"https:\/\/anber.es\/web\/wp-json\/wp\/v2\/product_cat?post=862"},{"taxonomy":"product_tag","embeddable":true,"href":"https:\/\/anber.es\/web\/wp-json\/wp\/v2\/product_tag?post=862"}],"curies":[{"name":"wp","href":"https:\/\/api.w.org\/{rel}","templated":true}]}}