{"id":8688,"date":"2023-07-24T12:40:08","date_gmt":"2023-07-24T10:40:08","guid":{"rendered":"https:\/\/anber.es\/?post_type=product&#038;p=8688"},"modified":"2026-03-26T12:14:31","modified_gmt":"2026-03-26T10:14:31","slug":"manguera-roja-con-recubrimiento","status":"publish","type":"product","link":"https:\/\/anber.es\/web\/producto\/manguera-roja-con-recubrimiento\/","title":{"rendered":"Manguera roja con recubrimiento"},"content":{"rendered":"<p>La <strong>manguera roja con recubrimiento<\/strong> est\u00e1 fabricada de hilo sint\u00e9tico de alta tenacidad recubierta por una mezcla de caucho sint\u00e9tico de nitrilo y PVC. No contiene ni pegamentos ni adhesivos. <\/p>\n<p>Fabricada de acuerdo con la <b>norma BS 6391\/Tipo 3<\/b> para los di\u00e1metros definidos por dicha norma.<\/p>\n<p>Disponible en <b>di\u00e1metros 25, 45 y 70mm<\/b> y longitudes de 15m, 20m, 30m y 60m. Otras longitudes consultar.<\/p>\n<p>Se pueden suministrar con racores Storz, Guillemin, Barcelona, etc.<\/p>\n<p>Referencia: BMROJAREC.<\/p>\n<p><a href=\"https:\/\/anber.es\/web\/wp-content\/uploads\/2024\/11\/Ficha_tecnica-manguera_roja_con_recubrimiento.pdf\" target=\"_blank\" rel=\"noopener noreferrer\"><button>Descarga ficha<\/button><\/a><br \/>\n<a class=\"insta-link\" href=\"https:\/\/www.instagram.com\/aqlproteccion\/?hl=es\" target=\"_blank\" rel=\"noopener noreferrer\">Instagram<\/a><\/p>\n","protected":false},"excerpt":{"rendered":"<p>La manguera roja con recubrimiento est\u00e1 fabricada de hilo sint\u00e9tico de alta tenacidad. Di\u00e1metros 25, 45 y 70mm.<\/p>\n","protected":false},"featured_media":8686,"template":"","meta":[],"product_cat":[252,20,110],"product_tag":[215],"yoast_head":"<!-- This site is optimized with the Yoast SEO plugin v22.1 - https:\/\/yoast.com\/wordpress\/plugins\/seo\/ -->\n<title>Manguera roja con recubrimiento - Anber<\/title>\n<meta name=\"description\" content=\"La manguera roja con recubrimiento est\u00e1 fabricada de hilo sint\u00e9tico de alta tenacidad. Di\u00e1metros 25, 45 y 70mm. Racores Storz, Guillemin, Barcelona, etc.\" \/>\n<meta name=\"robots\" content=\"index, follow, max-snippet:-1, max-image-preview:large, max-video-preview:-1\" \/>\n<link rel=\"canonical\" href=\"https:\/\/anber.es\/web\/producto\/manguera-roja-con-recubrimiento\/\" \/>\n<meta property=\"og:locale\" content=\"es_ES\" \/>\n<meta property=\"og:type\" content=\"article\" \/>\n<meta property=\"og:title\" content=\"Manguera roja con recubrimiento - Anber\" \/>\n<meta property=\"og:description\" content=\"La manguera roja con recubrimiento est\u00e1 fabricada de hilo sint\u00e9tico de alta tenacidad. Di\u00e1metros 25, 45 y 70mm. Racores Storz, Guillemin, Barcelona, etc.\" \/>\n<meta property=\"og:url\" content=\"https:\/\/anber.es\/web\/producto\/manguera-roja-con-recubrimiento\/\" \/>\n<meta property=\"og:site_name\" content=\"Anber\" \/>\n<meta property=\"article:modified_time\" content=\"2026-03-26T10:14:31+00:00\" \/>\n<meta property=\"og:image\" content=\"https:\/\/anber.es\/web\/wp-content\/uploads\/2023\/07\/manguera_roja_con_recubrimiento.webp\" \/>\n\t<meta property=\"og:image:width\" content=\"1000\" \/>\n\t<meta property=\"og:image:height\" content=\"1000\" \/>\n\t<meta property=\"og:image:type\" content=\"image\/webp\" \/>\n<meta name=\"twitter:card\" content=\"summary_large_image\" \/>\n<meta name=\"twitter:label1\" content=\"Tiempo de lectura\" \/>\n\t<meta name=\"twitter:data1\" content=\"1 minuto\" \/>\n<script type=\"application\/ld+json\" class=\"yoast-schema-graph\">{\"@context\":\"https:\/\/schema.org\",\"@graph\":[{\"@type\":\"WebPage\",\"@id\":\"https:\/\/anber.es\/web\/producto\/manguera-roja-con-recubrimiento\/\",\"url\":\"https:\/\/anber.es\/web\/producto\/manguera-roja-con-recubrimiento\/\",\"name\":\"Manguera roja con recubrimiento - Anber\",\"isPartOf\":{\"@id\":\"https:\/\/anber.es\/web\/#website\"},\"datePublished\":\"2023-07-24T10:40:08+00:00\",\"dateModified\":\"2026-03-26T10:14:31+00:00\",\"description\":\"La manguera roja con recubrimiento est\u00e1 fabricada de hilo sint\u00e9tico de alta tenacidad. Di\u00e1metros 25, 45 y 70mm. Racores Storz, Guillemin, Barcelona, etc.\",\"breadcrumb\":{\"@id\":\"https:\/\/anber.es\/web\/producto\/manguera-roja-con-recubrimiento\/#breadcrumb\"},\"inLanguage\":\"es\",\"potentialAction\":[{\"@type\":\"ReadAction\",\"target\":[\"https:\/\/anber.es\/web\/producto\/manguera-roja-con-recubrimiento\/\"]}]},{\"@type\":\"BreadcrumbList\",\"@id\":\"https:\/\/anber.es\/web\/producto\/manguera-roja-con-recubrimiento\/#breadcrumb\",\"itemListElement\":[{\"@type\":\"ListItem\",\"position\":1,\"name\":\"Portada\",\"item\":\"https:\/\/anber.es\/web\/\"},{\"@type\":\"ListItem\",\"position\":2,\"name\":\"Productos\",\"item\":\"https:\/\/anber.es\/web\/productos\/\"},{\"@type\":\"ListItem\",\"position\":3,\"name\":\"Manguera roja con recubrimiento\"}]},{\"@type\":\"WebSite\",\"@id\":\"https:\/\/anber.es\/web\/#website\",\"url\":\"https:\/\/anber.es\/web\/\",\"name\":\"Anber\",\"description\":\"Sistemas de protecci\u00f3n contra incendios\",\"publisher\":{\"@id\":\"https:\/\/anber.es\/web\/#organization\"},\"potentialAction\":[{\"@type\":\"SearchAction\",\"target\":{\"@type\":\"EntryPoint\",\"urlTemplate\":\"https:\/\/anber.es\/web\/?s={search_term_string}\"},\"query-input\":\"required name=search_term_string\"}],\"inLanguage\":\"es\"},{\"@type\":\"Organization\",\"@id\":\"https:\/\/anber.es\/web\/#organization\",\"name\":\"Anber\",\"url\":\"https:\/\/anber.es\/web\/\",\"logo\":{\"@type\":\"ImageObject\",\"inLanguage\":\"es\",\"@id\":\"https:\/\/anber.es\/web\/#\/schema\/logo\/image\/\",\"url\":\"https:\/\/anber.es\/web\/wp-content\/uploads\/2021\/03\/logo-anber.png\",\"contentUrl\":\"https:\/\/anber.es\/web\/wp-content\/uploads\/2021\/03\/logo-anber.png\",\"width\":2208,\"height\":500,\"caption\":\"Anber\"},\"image\":{\"@id\":\"https:\/\/anber.es\/web\/#\/schema\/logo\/image\/\"}}]}<\/script>\n<!-- \/ Yoast SEO plugin. -->","yoast_head_json":{"title":"Manguera roja con recubrimiento - Anber","description":"La manguera roja con recubrimiento est\u00e1 fabricada de hilo sint\u00e9tico de alta tenacidad. Di\u00e1metros 25, 45 y 70mm. Racores Storz, Guillemin, Barcelona, etc.","robots":{"index":"index","follow":"follow","max-snippet":"max-snippet:-1","max-image-preview":"max-image-preview:large","max-video-preview":"max-video-preview:-1"},"canonical":"https:\/\/anber.es\/web\/producto\/manguera-roja-con-recubrimiento\/","og_locale":"es_ES","og_type":"article","og_title":"Manguera roja con recubrimiento - Anber","og_description":"La manguera roja con recubrimiento est\u00e1 fabricada de hilo sint\u00e9tico de alta tenacidad. Di\u00e1metros 25, 45 y 70mm. Racores Storz, Guillemin, Barcelona, etc.","og_url":"https:\/\/anber.es\/web\/producto\/manguera-roja-con-recubrimiento\/","og_site_name":"Anber","article_modified_time":"2026-03-26T10:14:31+00:00","og_image":[{"width":1000,"height":1000,"url":"https:\/\/anber.es\/web\/wp-content\/uploads\/2023\/07\/manguera_roja_con_recubrimiento.webp","type":"image\/webp"}],"twitter_card":"summary_large_image","twitter_misc":{"Tiempo de lectura":"1 minuto"},"schema":{"@context":"https:\/\/schema.org","@graph":[{"@type":"WebPage","@id":"https:\/\/anber.es\/web\/producto\/manguera-roja-con-recubrimiento\/","url":"https:\/\/anber.es\/web\/producto\/manguera-roja-con-recubrimiento\/","name":"Manguera roja con recubrimiento - Anber","isPartOf":{"@id":"https:\/\/anber.es\/web\/#website"},"datePublished":"2023-07-24T10:40:08+00:00","dateModified":"2026-03-26T10:14:31+00:00","description":"La manguera roja con recubrimiento est\u00e1 fabricada de hilo sint\u00e9tico de alta tenacidad. Di\u00e1metros 25, 45 y 70mm. Racores Storz, Guillemin, Barcelona, etc.","breadcrumb":{"@id":"https:\/\/anber.es\/web\/producto\/manguera-roja-con-recubrimiento\/#breadcrumb"},"inLanguage":"es","potentialAction":[{"@type":"ReadAction","target":["https:\/\/anber.es\/web\/producto\/manguera-roja-con-recubrimiento\/"]}]},{"@type":"BreadcrumbList","@id":"https:\/\/anber.es\/web\/producto\/manguera-roja-con-recubrimiento\/#breadcrumb","itemListElement":[{"@type":"ListItem","position":1,"name":"Portada","item":"https:\/\/anber.es\/web\/"},{"@type":"ListItem","position":2,"name":"Productos","item":"https:\/\/anber.es\/web\/productos\/"},{"@type":"ListItem","position":3,"name":"Manguera roja con recubrimiento"}]},{"@type":"WebSite","@id":"https:\/\/anber.es\/web\/#website","url":"https:\/\/anber.es\/web\/","name":"Anber","description":"Sistemas de protecci\u00f3n contra incendios","publisher":{"@id":"https:\/\/anber.es\/web\/#organization"},"potentialAction":[{"@type":"SearchAction","target":{"@type":"EntryPoint","urlTemplate":"https:\/\/anber.es\/web\/?s={search_term_string}"},"query-input":"required name=search_term_string"}],"inLanguage":"es"},{"@type":"Organization","@id":"https:\/\/anber.es\/web\/#organization","name":"Anber","url":"https:\/\/anber.es\/web\/","logo":{"@type":"ImageObject","inLanguage":"es","@id":"https:\/\/anber.es\/web\/#\/schema\/logo\/image\/","url":"https:\/\/anber.es\/web\/wp-content\/uploads\/2021\/03\/logo-anber.png","contentUrl":"https:\/\/anber.es\/web\/wp-content\/uploads\/2021\/03\/logo-anber.png","width":2208,"height":500,"caption":"Anber"},"image":{"@id":"https:\/\/anber.es\/web\/#\/schema\/logo\/image\/"}}]}},"_links":{"self":[{"href":"https:\/\/anber.es\/web\/wp-json\/wp\/v2\/product\/8688"}],"collection":[{"href":"https:\/\/anber.es\/web\/wp-json\/wp\/v2\/product"}],"about":[{"href":"https:\/\/anber.es\/web\/wp-json\/wp\/v2\/types\/product"}],"wp:featuredmedia":[{"embeddable":true,"href":"https:\/\/anber.es\/web\/wp-json\/wp\/v2\/media\/8686"}],"wp:attachment":[{"href":"https:\/\/anber.es\/web\/wp-json\/wp\/v2\/media?parent=8688"}],"wp:term":[{"taxonomy":"product_cat","embeddable":true,"href":"https:\/\/anber.es\/web\/wp-json\/wp\/v2\/product_cat?post=8688"},{"taxonomy":"product_tag","embeddable":true,"href":"https:\/\/anber.es\/web\/wp-json\/wp\/v2\/product_tag?post=8688"}],"curies":[{"name":"wp","href":"https:\/\/api.w.org\/{rel}","templated":true}]}}