{"id":9129,"date":"2024-03-25T09:35:13","date_gmt":"2024-03-25T07:35:13","guid":{"rendered":"https:\/\/anber.es\/web\/?post_type=product&#038;p=9129"},"modified":"2024-03-25T09:44:48","modified_gmt":"2024-03-25T07:44:48","slug":"tuberia-schedule-40","status":"publish","type":"product","link":"https:\/\/anber.es\/web\/producto\/tuberia-schedule-40\/","title":{"rendered":"Tuber\u00eda Schedule 40"},"content":{"rendered":"<p>La <strong>tuber\u00eda Schedule 40<\/strong> es tuber\u00eda de acero al carbono, laminada en caliente sin soldadura con extremos biselados utilizados para alta presi\u00f3n.<\/p>\n<p>Se utilizan para el transporte de  agua en sistemas de refrigeraci\u00f3n y <strong>contra incendio<\/strong>, aire comprimido, gases y vapores, as\u00ed como para edificaciones en general.<br \/>\nTambi\u00e9n se usa para fluidos para la industria petrolera, petroqu\u00edmica , centrales t\u00e9rmicas, refiner\u00edas, etc.<\/p>\n<p><b>Cuanto m\u00e1s gruesa es la pared de la tuber\u00eda m\u00e1s resistente es a las fuerzas externas<\/b>. Por lo tanto Schedule 80 aguanta m\u00e1s que Schedule 40.<\/p>\n<p>Disponible en negro, cincado y galvanizado. Excepto en 3\/8&#8243; que no se suministra en galvanizado.<\/p>\n<p>Referencia: CTSCH40.<\/p>\n<p><a href=\"\/web\/wp-content\/uploads\/2024\/03\/Ficha_tecnica-tuberia_schedule.pdf\" target=\"_blank\" rel=\"noopener noreferrer\"><button>Descarga ficha<\/button><\/a><\/p>\n<p><a class=\"insta-link\" href=\"https:\/\/www.instagram.com\/aqlproteccion\/?hl=es\" target=\"_blank\" rel=\"noopener noreferrer\">Instagram<\/a><\/p>\n","protected":false},"excerpt":{"rendered":"<p>La tuber\u00eda Schedule 40 es tuber\u00eda de acero al carbono, laminada en caliente sin soldadura con extremos biselados utilizados para alta presi\u00f3n.<\/p>\n<p>Se utilizan para el transporte de  agua en sistemas de refrigeraci\u00f3n y contra incendio, aire comprimido, gases y vapores, as\u00ed como para edificaciones en general.<br \/>\nTambi\u00e9n se usa para fluidos para la industria petrolera, petroqu\u00edmica , centrales t\u00e9rmicas, refiner\u00edas, etc.<\/p>\n","protected":false},"featured_media":9128,"template":"","meta":[],"product_cat":[137,46],"product_tag":[215],"yoast_head":"<!-- This site is optimized with the Yoast SEO plugin v22.1 - https:\/\/yoast.com\/wordpress\/plugins\/seo\/ -->\n<title>Tuber\u00eda Schedule 40 - Anber<\/title>\n<meta name=\"description\" content=\"La tuber\u00eda Schedule 40 es tuber\u00eda de acero al carbono, laminada en caliente sin soldadura con extremos biselados utilizados para alta presi\u00f3n.\" \/>\n<meta name=\"robots\" content=\"index, follow, max-snippet:-1, max-image-preview:large, max-video-preview:-1\" \/>\n<link rel=\"canonical\" href=\"https:\/\/anber.es\/web\/producto\/tuberia-schedule-40\/\" \/>\n<meta property=\"og:locale\" content=\"es_ES\" \/>\n<meta property=\"og:type\" content=\"article\" \/>\n<meta property=\"og:title\" content=\"Tuber\u00eda Schedule 40 - Anber\" \/>\n<meta property=\"og:description\" content=\"La tuber\u00eda Schedule 40 es tuber\u00eda de acero al carbono, laminada en caliente sin soldadura con extremos biselados utilizados para alta presi\u00f3n.\" \/>\n<meta property=\"og:url\" content=\"https:\/\/anber.es\/web\/producto\/tuberia-schedule-40\/\" \/>\n<meta property=\"og:site_name\" content=\"Anber\" \/>\n<meta property=\"article:modified_time\" content=\"2024-03-25T07:44:48+00:00\" \/>\n<meta property=\"og:image\" content=\"https:\/\/anber.es\/web\/wp-content\/uploads\/2024\/03\/schedule40.webp\" \/>\n\t<meta property=\"og:image:width\" content=\"1000\" \/>\n\t<meta property=\"og:image:height\" content=\"1000\" \/>\n\t<meta property=\"og:image:type\" content=\"image\/webp\" \/>\n<meta name=\"twitter:card\" content=\"summary_large_image\" \/>\n<meta name=\"twitter:label1\" content=\"Tiempo de lectura\" \/>\n\t<meta name=\"twitter:data1\" content=\"1 minuto\" \/>\n<script type=\"application\/ld+json\" class=\"yoast-schema-graph\">{\"@context\":\"https:\/\/schema.org\",\"@graph\":[{\"@type\":\"WebPage\",\"@id\":\"https:\/\/anber.es\/web\/producto\/tuberia-schedule-40\/\",\"url\":\"https:\/\/anber.es\/web\/producto\/tuberia-schedule-40\/\",\"name\":\"Tuber\u00eda Schedule 40 - Anber\",\"isPartOf\":{\"@id\":\"https:\/\/anber.es\/web\/#website\"},\"datePublished\":\"2024-03-25T07:35:13+00:00\",\"dateModified\":\"2024-03-25T07:44:48+00:00\",\"description\":\"La tuber\u00eda Schedule 40 es tuber\u00eda de acero al carbono, laminada en caliente sin soldadura con extremos biselados utilizados para alta presi\u00f3n.\",\"breadcrumb\":{\"@id\":\"https:\/\/anber.es\/web\/producto\/tuberia-schedule-40\/#breadcrumb\"},\"inLanguage\":\"es\",\"potentialAction\":[{\"@type\":\"ReadAction\",\"target\":[\"https:\/\/anber.es\/web\/producto\/tuberia-schedule-40\/\"]}]},{\"@type\":\"BreadcrumbList\",\"@id\":\"https:\/\/anber.es\/web\/producto\/tuberia-schedule-40\/#breadcrumb\",\"itemListElement\":[{\"@type\":\"ListItem\",\"position\":1,\"name\":\"Portada\",\"item\":\"https:\/\/anber.es\/web\/\"},{\"@type\":\"ListItem\",\"position\":2,\"name\":\"Productos\",\"item\":\"https:\/\/anber.es\/web\/productos\/\"},{\"@type\":\"ListItem\",\"position\":3,\"name\":\"Tuber\u00eda Schedule 40\"}]},{\"@type\":\"WebSite\",\"@id\":\"https:\/\/anber.es\/web\/#website\",\"url\":\"https:\/\/anber.es\/web\/\",\"name\":\"Anber\",\"description\":\"Sistemas de protecci\u00f3n contra incendios\",\"publisher\":{\"@id\":\"https:\/\/anber.es\/web\/#organization\"},\"potentialAction\":[{\"@type\":\"SearchAction\",\"target\":{\"@type\":\"EntryPoint\",\"urlTemplate\":\"https:\/\/anber.es\/web\/?s={search_term_string}\"},\"query-input\":\"required name=search_term_string\"}],\"inLanguage\":\"es\"},{\"@type\":\"Organization\",\"@id\":\"https:\/\/anber.es\/web\/#organization\",\"name\":\"Anber\",\"url\":\"https:\/\/anber.es\/web\/\",\"logo\":{\"@type\":\"ImageObject\",\"inLanguage\":\"es\",\"@id\":\"https:\/\/anber.es\/web\/#\/schema\/logo\/image\/\",\"url\":\"https:\/\/anber.es\/web\/wp-content\/uploads\/2021\/03\/logo-anber.png\",\"contentUrl\":\"https:\/\/anber.es\/web\/wp-content\/uploads\/2021\/03\/logo-anber.png\",\"width\":2208,\"height\":500,\"caption\":\"Anber\"},\"image\":{\"@id\":\"https:\/\/anber.es\/web\/#\/schema\/logo\/image\/\"}}]}<\/script>\n<!-- \/ Yoast SEO plugin. -->","yoast_head_json":{"title":"Tuber\u00eda Schedule 40 - Anber","description":"La tuber\u00eda Schedule 40 es tuber\u00eda de acero al carbono, laminada en caliente sin soldadura con extremos biselados utilizados para alta presi\u00f3n.","robots":{"index":"index","follow":"follow","max-snippet":"max-snippet:-1","max-image-preview":"max-image-preview:large","max-video-preview":"max-video-preview:-1"},"canonical":"https:\/\/anber.es\/web\/producto\/tuberia-schedule-40\/","og_locale":"es_ES","og_type":"article","og_title":"Tuber\u00eda Schedule 40 - Anber","og_description":"La tuber\u00eda Schedule 40 es tuber\u00eda de acero al carbono, laminada en caliente sin soldadura con extremos biselados utilizados para alta presi\u00f3n.","og_url":"https:\/\/anber.es\/web\/producto\/tuberia-schedule-40\/","og_site_name":"Anber","article_modified_time":"2024-03-25T07:44:48+00:00","og_image":[{"width":1000,"height":1000,"url":"https:\/\/anber.es\/web\/wp-content\/uploads\/2024\/03\/schedule40.webp","type":"image\/webp"}],"twitter_card":"summary_large_image","twitter_misc":{"Tiempo de lectura":"1 minuto"},"schema":{"@context":"https:\/\/schema.org","@graph":[{"@type":"WebPage","@id":"https:\/\/anber.es\/web\/producto\/tuberia-schedule-40\/","url":"https:\/\/anber.es\/web\/producto\/tuberia-schedule-40\/","name":"Tuber\u00eda Schedule 40 - Anber","isPartOf":{"@id":"https:\/\/anber.es\/web\/#website"},"datePublished":"2024-03-25T07:35:13+00:00","dateModified":"2024-03-25T07:44:48+00:00","description":"La tuber\u00eda Schedule 40 es tuber\u00eda de acero al carbono, laminada en caliente sin soldadura con extremos biselados utilizados para alta presi\u00f3n.","breadcrumb":{"@id":"https:\/\/anber.es\/web\/producto\/tuberia-schedule-40\/#breadcrumb"},"inLanguage":"es","potentialAction":[{"@type":"ReadAction","target":["https:\/\/anber.es\/web\/producto\/tuberia-schedule-40\/"]}]},{"@type":"BreadcrumbList","@id":"https:\/\/anber.es\/web\/producto\/tuberia-schedule-40\/#breadcrumb","itemListElement":[{"@type":"ListItem","position":1,"name":"Portada","item":"https:\/\/anber.es\/web\/"},{"@type":"ListItem","position":2,"name":"Productos","item":"https:\/\/anber.es\/web\/productos\/"},{"@type":"ListItem","position":3,"name":"Tuber\u00eda Schedule 40"}]},{"@type":"WebSite","@id":"https:\/\/anber.es\/web\/#website","url":"https:\/\/anber.es\/web\/","name":"Anber","description":"Sistemas de protecci\u00f3n contra incendios","publisher":{"@id":"https:\/\/anber.es\/web\/#organization"},"potentialAction":[{"@type":"SearchAction","target":{"@type":"EntryPoint","urlTemplate":"https:\/\/anber.es\/web\/?s={search_term_string}"},"query-input":"required name=search_term_string"}],"inLanguage":"es"},{"@type":"Organization","@id":"https:\/\/anber.es\/web\/#organization","name":"Anber","url":"https:\/\/anber.es\/web\/","logo":{"@type":"ImageObject","inLanguage":"es","@id":"https:\/\/anber.es\/web\/#\/schema\/logo\/image\/","url":"https:\/\/anber.es\/web\/wp-content\/uploads\/2021\/03\/logo-anber.png","contentUrl":"https:\/\/anber.es\/web\/wp-content\/uploads\/2021\/03\/logo-anber.png","width":2208,"height":500,"caption":"Anber"},"image":{"@id":"https:\/\/anber.es\/web\/#\/schema\/logo\/image\/"}}]}},"_links":{"self":[{"href":"https:\/\/anber.es\/web\/wp-json\/wp\/v2\/product\/9129"}],"collection":[{"href":"https:\/\/anber.es\/web\/wp-json\/wp\/v2\/product"}],"about":[{"href":"https:\/\/anber.es\/web\/wp-json\/wp\/v2\/types\/product"}],"wp:featuredmedia":[{"embeddable":true,"href":"https:\/\/anber.es\/web\/wp-json\/wp\/v2\/media\/9128"}],"wp:attachment":[{"href":"https:\/\/anber.es\/web\/wp-json\/wp\/v2\/media?parent=9129"}],"wp:term":[{"taxonomy":"product_cat","embeddable":true,"href":"https:\/\/anber.es\/web\/wp-json\/wp\/v2\/product_cat?post=9129"},{"taxonomy":"product_tag","embeddable":true,"href":"https:\/\/anber.es\/web\/wp-json\/wp\/v2\/product_tag?post=9129"}],"curies":[{"name":"wp","href":"https:\/\/api.w.org\/{rel}","templated":true}]}}